{"id":18141,"date":"2023-06-22T21:00:13","date_gmt":"2023-06-22T20:00:13","guid":{"rendered":"https:\/\/mamaterra.lt\/parduotuve\/bez-kategorii\/doterra-beautiful-blend\/"},"modified":"2023-06-26T19:29:35","modified_gmt":"2023-06-26T18:29:35","slug":"doterra-beautiful-blend","status":"publish","type":"product","link":"https:\/\/mamaterra.lt\/pl\/parduotuve\/olejki-eteryczne\/mieszanki-olejkow-eterycznych\/doterra-beautiful-blend\/","title":{"rendered":"doTERRA Beautiful Blend"},"content":{"rendered":"<p>doTERRA Beautiful Blend, 10ml<\/p>\n<p>Beautiful &#8211; pi\u0119kna, wspania\u0142a, wyj\u0105tkowa, uwodzicielska, szanuj\u0105ca siebie i pewna siebie. Wszystko to jest wspierane przez t\u0119 mieszank\u0119, kt\u00f3ra jest najwspanialszymi i w 100% naturalnymi perfumami dla kobiety, kt\u00f3ra czuje si\u0119 przygn\u0119biona, przygn\u0119biona, samokrytyczna, u\u017calaj\u0105ca si\u0119 nad sob\u0105 i niegodna&#8230;<\/p>\n<p>Pi\u0119kny zapach otwiera serce na mi\u0142o\u015b\u0107 i samoakceptacj\u0119, zach\u0119ca do rozpoznania pi\u0119kna w sobie i docenienia tych dar\u00f3w z wdzi\u0119czno\u015bci\u0105 i wdzi\u0119czno\u015bci\u0105.<\/p>\n<p>Zawiera:<\/p>\n<p>Bergamotka &#8211; zapach samoakceptacji, kt\u00f3ry uwalnia uczucia rozpaczy, deprecjacji siebie i nieufno\u015bci. Kiedy stawiamy sobie zbyt wysokie wymagania, czujemy si\u0119 niegodni mi\u0142o\u015bci, niewystarczaj\u0105co dobrzy i boimy si\u0119 wyra\u017ca\u0107 nasze prawdziwe my\u015bli i uczucia. Bergamotka jest wyzwalaj\u0105ca, pomaga nam pokocha\u0107 siebie, zmieni\u0107 uparte przekonania, oczy\u015bci\u0107 nasze cia\u0142a i umys\u0142y oraz da\u0107 nam nadziej\u0119 i wiar\u0119.<\/p>\n<p>Osmanthus znany jest w j\u0119zyku litewskim jako oddech. Dzi\u0119ki orze\u017awiaj\u0105cemu, czaruj\u0105cemu, uwodzicielskiemu i figlarnemu aromatowi olejek ten jest bardzo popularny w perfumerii. Osmanthus \u0142agodzi niepok\u00f3j, zm\u0119czenie, stres, wyczerpanie, relaksuje i ma w\u0142a\u015bciwo\u015bci afrodyzjakalne.<\/p>\n<p>Lime &#8211; limonka to zielona cytryna lub limonka, kt\u00f3ra ma silne dzia\u0142anie oczyszczaj\u0105ce, pomagaj\u0105c ludziom porzuci\u0107 emocjonalne \u017cale i zrobi\u0107 miejsce na rado\u015b\u0107, \u015bwiat\u0142o i wiar\u0119 w sercu. Promuje sprawiedliwo\u015b\u0107 emocjonaln\u0105, przywraca ch\u0119\u0107 do \u017cycia, daje poczucie bezpiecze\u0144stwa i pomaga pozby\u0107 si\u0119 apatii i beznadziejno\u015bci.<\/p>\n<p>Kadzid\u0142owiec &#8211; Znany jako olejek prawdy i si\u0142y, kadzid\u0142owiec jest tarcz\u0105, kt\u00f3ra chroni cia\u0142o i ducha przed negatywnymi wp\u0142ywami. Daje poczucie bezpiecze\u0144stwa, poczucie boskiej mi\u0142o\u015bci i poczucie, \u017ce nie jeste\u015b sam i opuszczony.<\/p>\n","protected":false},"excerpt":{"rendered":"<p>Pi\u0119kny zapach otwiera serce na mi\u0142o\u015b\u0107 i samoakceptacj\u0119, zach\u0119ca do rozpoznania pi\u0119kna w sobie i doceniania tych dar\u00f3w z wdzi\u0119czno\u015bci\u0105 i wdzi\u0119czno\u015bci\u0105.<\/p>\n","protected":false},"featured_media":18080,"template":"","meta":{"site-sidebar-layout":"default","site-content-layout":"default","ast-site-content-layout":"default","site-content-style":"default","site-sidebar-style":"default","ast-global-header-display":"","ast-banner-title-visibility":"","ast-main-header-display":"","ast-hfb-above-header-display":"","ast-hfb-below-header-display":"","ast-hfb-mobile-header-display":"","site-post-title":"","ast-breadcrumbs-content":"","ast-featured-img":"","footer-sml-layout":"","ast-disable-related-posts":"","theme-transparent-header-meta":"default","adv-header-id-meta":"","stick-header-meta":"","header-above-stick-meta":"","header-main-stick-meta":"","header-below-stick-meta":"","astra-migrate-meta-layouts":"default","ast-page-background-enabled":"default","ast-page-background-meta":{"desktop":{"background-color":"","background-image":"","background-repeat":"repeat","background-position":"center center","background-size":"auto","background-attachment":"scroll","background-type":"","background-media":"","overlay-type":"","overlay-color":"","overlay-opacity":"","overlay-gradient":""},"tablet":{"background-color":"","background-image":"","background-repeat":"repeat","background-position":"center center","background-size":"auto","background-attachment":"scroll","background-type":"","background-media":"","overlay-type":"","overlay-color":"","overlay-opacity":"","overlay-gradient":""},"mobile":{"background-color":"","background-image":"","background-repeat":"repeat","background-position":"center center","background-size":"auto","background-attachment":"scroll","background-type":"","background-media":"","overlay-type":"","overlay-color":"","overlay-opacity":"","overlay-gradient":""}},"ast-content-background-meta":{"desktop":{"background-color":"var(--ast-global-color-5)","background-image":"","background-repeat":"repeat","background-position":"center center","background-size":"auto","background-attachment":"scroll","background-type":"","background-media":"","overlay-type":"","overlay-color":"","overlay-opacity":"","overlay-gradient":""},"tablet":{"background-color":"var(--ast-global-color-5)","background-image":"","background-repeat":"repeat","background-position":"center center","background-size":"auto","background-attachment":"scroll","background-type":"","background-media":"","overlay-type":"","overlay-color":"","overlay-opacity":"","overlay-gradient":""},"mobile":{"background-color":"var(--ast-global-color-5)","background-image":"","background-repeat":"repeat","background-position":"center center","background-size":"auto","background-attachment":"scroll","background-type":"","background-media":"","overlay-type":"","overlay-color":"","overlay-opacity":"","overlay-gradient":""}}},"product_brand":[],"product_cat":[1740,1702,1692],"product_tag":[],"class_list":{"0":"post-18141","1":"product","2":"type-product","3":"status-publish","4":"has-post-thumbnail","6":"product_cat-dla-kobiet","7":"product_cat-mieszanki-olejkow-eterycznych","8":"product_cat-prezenty-dla-kobiet","9":"desktop-align-left","10":"tablet-align-left","11":"mobile-align-left","13":"first","14":"outofstock","15":"taxable","16":"shipping-taxable","17":"purchasable","18":"product-type-simple"},"_links":{"self":[{"href":"https:\/\/mamaterra.lt\/pl\/wp-json\/wp\/v2\/product\/18141","targetHints":{"allow":["GET"]}}],"collection":[{"href":"https:\/\/mamaterra.lt\/pl\/wp-json\/wp\/v2\/product"}],"about":[{"href":"https:\/\/mamaterra.lt\/pl\/wp-json\/wp\/v2\/types\/product"}],"wp:featuredmedia":[{"embeddable":true,"href":"https:\/\/mamaterra.lt\/pl\/wp-json\/wp\/v2\/media\/18080"}],"wp:attachment":[{"href":"https:\/\/mamaterra.lt\/pl\/wp-json\/wp\/v2\/media?parent=18141"}],"wp:term":[{"taxonomy":"product_brand","embeddable":true,"href":"https:\/\/mamaterra.lt\/pl\/wp-json\/wp\/v2\/product_brand?post=18141"},{"taxonomy":"product_cat","embeddable":true,"href":"https:\/\/mamaterra.lt\/pl\/wp-json\/wp\/v2\/product_cat?post=18141"},{"taxonomy":"product_tag","embeddable":true,"href":"https:\/\/mamaterra.lt\/pl\/wp-json\/wp\/v2\/product_tag?post=18141"}],"curies":[{"name":"wp","href":"https:\/\/api.w.org\/{rel}","templated":true}]}}