{"id":18130,"date":"2023-06-03T22:31:48","date_gmt":"2023-06-03T21:31:48","guid":{"rendered":"https:\/\/mamaterra.lt\/parduotuve\/bez-kategorii\/levandu-maiseliai-4-vnt\/"},"modified":"2023-06-26T19:12:10","modified_gmt":"2023-06-26T18:12:10","slug":"woreczki-z-lawenda-4-sztuki","status":"publish","type":"product","link":"https:\/\/mamaterra.lt\/pl\/parduotuve\/produkty-z-prowencji\/woreczki-z-lawenda-4-sztuki\/","title":{"rendered":"Woreczki z lawend\u0105 4 szt."},"content":{"rendered":"<p>Saszetki zapachowe LHP Lawenda i kwiaty lawendy<\/p>\n<p><strong>Historia lawendy: S\u0142owo &#8222;lawenda&#8221; pochodzi od \u0142aci\u0144skiego s\u0142owa &#8222;lavare&#8221;, oznaczaj\u0105cego &#8222;my\u0107&#8221;.<\/strong> Ta etymologia przypomina nam, \u017ce przez bardzo d\u0142ugi czas w historii lawenda by\u0142a u\u017cywana do perfumowania \u015bwie\u017co wypranej bielizny. Egipcjanie i Grecy doceniali w\u0142a\u015bciwo\u015bci i zalety lawendy. Bli\u017cej nas, Rzymianie u\u017cywali go r\u00f3wnie\u017c do oddychania w \u0142a\u017aniach i do konserwacji prania. Ta tradycja stosowania zi\u00f3\u0142 si\u0119ga czas\u00f3w staro\u017cytnych &#8211; w Prowansji woreczki z suszonymi kwiatami s\u0105 przechowywane w szafach, aby odstrasza\u0107 mole i wdycha\u0107 pranie.<\/p>\n<p><strong>Wskaz\u00f3wki dotycz\u0105ce u\u017cytkowania: umie\u015b\u0107 torebki z kwiatami w szafie, aby naturalnie i subtelnie pachnie\u0107 ubraniami i odstrasza\u0107 mole.<\/strong><\/p>\n<p>Woreczki mo\u017cna r\u00f3wnie\u017c przechowywa\u0107 w samochodzie lub w dowolnym pomieszczeniu w domu. Od czasu do czasu \u015bci\u015bnij torebki, aby rozprowadzi\u0107 aromat. Aby uzyska\u0107 najlepsze wyniki, nale\u017cy wymienia\u0107 lub uzupe\u0142nia\u0107 zawarto\u015b\u0107 work\u00f3w raz w roku, po ka\u017cdych zbiorach. Kiedy gar\u015b\u0107 kwiat\u00f3w lawendy jest rzucana parze na weselu, symbolizuje to \u017cyczenie szcz\u0119\u015bcia.<\/p>\n<p>Wyprodukowano we Francji<\/p>\n<p>18 g<\/p>\n","protected":false},"excerpt":{"rendered":"<p><strong>Wskaz\u00f3wki dotycz\u0105ce u\u017cytkowania: umie\u015b\u0107 torebki z kwiatami w szafie, aby naturalnie i subtelnie pachnie\u0107 ubraniami i odstrasza\u0107 mole.<\/strong><\/p>\n","protected":false},"featured_media":17772,"template":"","meta":{"site-sidebar-layout":"default","site-content-layout":"default","ast-site-content-layout":"default","site-content-style":"default","site-sidebar-style":"default","ast-global-header-display":"","ast-banner-title-visibility":"","ast-main-header-display":"","ast-hfb-above-header-display":"","ast-hfb-below-header-display":"","ast-hfb-mobile-header-display":"","site-post-title":"","ast-breadcrumbs-content":"","ast-featured-img":"","footer-sml-layout":"","ast-disable-related-posts":"","theme-transparent-header-meta":"default","adv-header-id-meta":"","stick-header-meta":"","header-above-stick-meta":"","header-main-stick-meta":"","header-below-stick-meta":"","astra-migrate-meta-layouts":"default","ast-page-background-enabled":"default","ast-page-background-meta":{"desktop":{"background-color":"","background-image":"","background-repeat":"repeat","background-position":"center center","background-size":"auto","background-attachment":"scroll","background-type":"","background-media":"","overlay-type":"","overlay-color":"","overlay-opacity":"","overlay-gradient":""},"tablet":{"background-color":"","background-image":"","background-repeat":"repeat","background-position":"center center","background-size":"auto","background-attachment":"scroll","background-type":"","background-media":"","overlay-type":"","overlay-color":"","overlay-opacity":"","overlay-gradient":""},"mobile":{"background-color":"","background-image":"","background-repeat":"repeat","background-position":"center center","background-size":"auto","background-attachment":"scroll","background-type":"","background-media":"","overlay-type":"","overlay-color":"","overlay-opacity":"","overlay-gradient":""}},"ast-content-background-meta":{"desktop":{"background-color":"var(--ast-global-color-5)","background-image":"","background-repeat":"repeat","background-position":"center center","background-size":"auto","background-attachment":"scroll","background-type":"","background-media":"","overlay-type":"","overlay-color":"","overlay-opacity":"","overlay-gradient":""},"tablet":{"background-color":"var(--ast-global-color-5)","background-image":"","background-repeat":"repeat","background-position":"center center","background-size":"auto","background-attachment":"scroll","background-type":"","background-media":"","overlay-type":"","overlay-color":"","overlay-opacity":"","overlay-gradient":""},"mobile":{"background-color":"var(--ast-global-color-5)","background-image":"","background-repeat":"repeat","background-position":"center center","background-size":"auto","background-attachment":"scroll","background-type":"","background-media":"","overlay-type":"","overlay-color":"","overlay-opacity":"","overlay-gradient":""}}},"product_brand":[],"product_cat":[1858,1857],"product_tag":[],"class_list":{"0":"post-18130","1":"product","2":"type-product","3":"status-publish","4":"has-post-thumbnail","6":"product_cat-dodatki","7":"product_cat-produkty-z-prowencji","8":"desktop-align-left","9":"tablet-align-left","10":"mobile-align-left","12":"first","13":"instock","14":"taxable","15":"shipping-taxable","16":"purchasable","17":"product-type-simple"},"_links":{"self":[{"href":"https:\/\/mamaterra.lt\/pl\/wp-json\/wp\/v2\/product\/18130","targetHints":{"allow":["GET"]}}],"collection":[{"href":"https:\/\/mamaterra.lt\/pl\/wp-json\/wp\/v2\/product"}],"about":[{"href":"https:\/\/mamaterra.lt\/pl\/wp-json\/wp\/v2\/types\/product"}],"wp:featuredmedia":[{"embeddable":true,"href":"https:\/\/mamaterra.lt\/pl\/wp-json\/wp\/v2\/media\/17772"}],"wp:attachment":[{"href":"https:\/\/mamaterra.lt\/pl\/wp-json\/wp\/v2\/media?parent=18130"}],"wp:term":[{"taxonomy":"product_brand","embeddable":true,"href":"https:\/\/mamaterra.lt\/pl\/wp-json\/wp\/v2\/product_brand?post=18130"},{"taxonomy":"product_cat","embeddable":true,"href":"https:\/\/mamaterra.lt\/pl\/wp-json\/wp\/v2\/product_cat?post=18130"},{"taxonomy":"product_tag","embeddable":true,"href":"https:\/\/mamaterra.lt\/pl\/wp-json\/wp\/v2\/product_tag?post=18130"}],"curies":[{"name":"wp","href":"https:\/\/api.w.org\/{rel}","templated":true}]}}