{"id":18122,"date":"2023-06-22T21:16:29","date_gmt":"2023-06-22T20:16:29","guid":{"rendered":"https:\/\/mamaterra.lt\/parduotuve\/bez-kategorii\/doterra-helichrysum-touch\/"},"modified":"2024-03-10T19:20:38","modified_gmt":"2024-03-10T18:20:38","slug":"doterra-helichrysum-touch","status":"publish","type":"product","link":"https:\/\/mamaterra.lt\/pl\/parduotuve\/olejki-eteryczne\/czyste-olejki-eteryczne\/doterra-helichrysum-touch\/","title":{"rendered":"doTERRA Helichrysum Touch"},"content":{"rendered":"<h6>doTERRA Helichrysum Touch, 10 ml<\/h6>\n<p>&nbsp;<\/p>\n<p>Doskona\u0142a r\u00f3wnowaga olejku eterycznego z ostropestu plamistego i frakcjonowanego oleju kokosowego tworzy doTERRA Helichrysum Touch. Kocanka w\u0142oska (Helichrysum italicum), najbardziej znana ze swoich miejscowych w\u0142a\u015bciwo\u015bci regeneruj\u0105cych, jest stosowana w zio\u0142olecznictwie od czas\u00f3w staro\u017cytnej Grecji. Helichrysum Touch promuje promienn\u0105, m\u0142odzie\u0144cz\u0105 cer\u0119 i mo\u017ce pom\u00f3c zmniejszy\u0107 oznaki starzenia.<\/p>\n<p>Olejek eteryczny Helichrysum italicum to cud dla sk\u00f3ry. Je\u015bli szukasz naturalnego sposobu na redukcj\u0119 zmarszczek, blizn i zaczerwienie\u0144, powiniene\u015b da\u0107 szans\u0119 temu cudowi natury.<\/p>\n<p>Olejek eteryczny z rumianku ma bardzo silne dzia\u0142anie przeciwstarzeniowe i jest stosowany jako sk\u0142adnik aktywny nawet w najbardziej luksusowych liniach kosmetycznych zaprojektowanych w celu spowolnienia oznak up\u0142ywu czasu.<\/p>\n<p>Znany we Francji jako eliksir m\u0142odo\u015bci, olejek zwi\u0119ksza zawarto\u015b\u0107 naturalnego kolagenu, powoduj\u0105c znaczn\u0105 redukcj\u0119 zmarszczek, zwi\u0119kszenie j\u0119drno\u015bci i widoczn\u0105 popraw\u0119 wygl\u0105du sk\u00f3ry.<\/p>\n<p>Olejek wnika g\u0142\u0119boko w sk\u00f3r\u0119, wspomaga regeneracj\u0119 kom\u00f3rek, ma w\u0142a\u015bciwo\u015bci przeciwutleniaj\u0105ce, pomaga osobom z rozszerzonymi naczynkami i krwiakami oraz jest uwa\u017cany za wysoce skuteczny w redukcji blizn.<\/p>\n<p>Olejek jest stosowany do skutecznego \u0142agodzenia siniak\u00f3w i b\u00f3lu mi\u0119\u015bni. Jest szczeg\u00f3lnie popularny w\u015br\u00f3d masa\u017cyst\u00f3w.<\/p>\n<p>Olejek ten pomaga odzyska\u0107 wiar\u0119 w siebie, daj\u0105c si\u0142\u0119 i odwag\u0119 zranionej duszy do \u017cycia i patrzenia w przysz\u0142o\u015b\u0107, pomimo dawnych krzywd i emocjonalnych uraz\u00f3w. To pe\u0142en nadziei zapach, kt\u00f3ry pomaga &#8222;feniksowi powsta\u0107 z popio\u0142\u00f3w&#8221;.<\/p>\n<p>&nbsp;<\/p>\n","protected":false},"excerpt":{"rendered":"<p>Doskona\u0142a r\u00f3wnowaga olejku eterycznego z ostropestu plamistego i frakcjonowanego oleju kokosowego tworzy doTERRA Helichrysum Touch. Kocanka w\u0142oska (Helichrysum italicum), najbardziej znana ze swoich miejscowych w\u0142a\u015bciwo\u015bci regeneruj\u0105cych, jest stosowana w zio\u0142olecznictwie od czas\u00f3w staro\u017cytnej Grecji. Helichrysum Touch promuje promienn\u0105, m\u0142odzie\u0144cz\u0105 cer\u0119 i mo\u017ce pom\u00f3c zmniejszy\u0107 oznaki starzenia.<\/p>\n","protected":false},"featured_media":18087,"template":"","meta":{"site-sidebar-layout":"default","site-content-layout":"default","ast-site-content-layout":"default","site-content-style":"default","site-sidebar-style":"default","ast-global-header-display":"","ast-banner-title-visibility":"","ast-main-header-display":"","ast-hfb-above-header-display":"","ast-hfb-below-header-display":"","ast-hfb-mobile-header-display":"","site-post-title":"","ast-breadcrumbs-content":"","ast-featured-img":"","footer-sml-layout":"","ast-disable-related-posts":"","theme-transparent-header-meta":"default","adv-header-id-meta":"","stick-header-meta":"","header-above-stick-meta":"","header-main-stick-meta":"","header-below-stick-meta":"","astra-migrate-meta-layouts":"set","ast-page-background-enabled":"default","ast-page-background-meta":{"desktop":{"background-color":"","background-image":"","background-repeat":"repeat","background-position":"center center","background-size":"auto","background-attachment":"scroll","background-type":"","background-media":"","overlay-type":"","overlay-color":"","overlay-opacity":"","overlay-gradient":""},"tablet":{"background-color":"","background-image":"","background-repeat":"repeat","background-position":"center center","background-size":"auto","background-attachment":"scroll","background-type":"","background-media":"","overlay-type":"","overlay-color":"","overlay-opacity":"","overlay-gradient":""},"mobile":{"background-color":"","background-image":"","background-repeat":"repeat","background-position":"center center","background-size":"auto","background-attachment":"scroll","background-type":"","background-media":"","overlay-type":"","overlay-color":"","overlay-opacity":"","overlay-gradient":""}},"ast-content-background-meta":{"desktop":{"background-color":"var(--ast-global-color-5)","background-image":"","background-repeat":"repeat","background-position":"center center","background-size":"auto","background-attachment":"scroll","background-type":"","background-media":"","overlay-type":"","overlay-color":"","overlay-opacity":"","overlay-gradient":""},"tablet":{"background-color":"var(--ast-global-color-5)","background-image":"","background-repeat":"repeat","background-position":"center center","background-size":"auto","background-attachment":"scroll","background-type":"","background-media":"","overlay-type":"","overlay-color":"","overlay-opacity":"","overlay-gradient":""},"mobile":{"background-color":"var(--ast-global-color-5)","background-image":"","background-repeat":"repeat","background-position":"center center","background-size":"auto","background-attachment":"scroll","background-type":"","background-media":"","overlay-type":"","overlay-color":"","overlay-opacity":"","overlay-gradient":""}}},"product_brand":[],"product_cat":[1704],"product_tag":[],"class_list":{"0":"post-18122","1":"product","2":"type-product","3":"status-publish","4":"has-post-thumbnail","6":"product_cat-czyste-olejki-eteryczne","7":"desktop-align-left","8":"tablet-align-left","9":"mobile-align-left","11":"first","12":"instock","13":"taxable","14":"shipping-taxable","15":"purchasable","16":"product-type-simple"},"_links":{"self":[{"href":"https:\/\/mamaterra.lt\/pl\/wp-json\/wp\/v2\/product\/18122","targetHints":{"allow":["GET"]}}],"collection":[{"href":"https:\/\/mamaterra.lt\/pl\/wp-json\/wp\/v2\/product"}],"about":[{"href":"https:\/\/mamaterra.lt\/pl\/wp-json\/wp\/v2\/types\/product"}],"wp:featuredmedia":[{"embeddable":true,"href":"https:\/\/mamaterra.lt\/pl\/wp-json\/wp\/v2\/media\/18087"}],"wp:attachment":[{"href":"https:\/\/mamaterra.lt\/pl\/wp-json\/wp\/v2\/media?parent=18122"}],"wp:term":[{"taxonomy":"product_brand","embeddable":true,"href":"https:\/\/mamaterra.lt\/pl\/wp-json\/wp\/v2\/product_brand?post=18122"},{"taxonomy":"product_cat","embeddable":true,"href":"https:\/\/mamaterra.lt\/pl\/wp-json\/wp\/v2\/product_cat?post=18122"},{"taxonomy":"product_tag","embeddable":true,"href":"https:\/\/mamaterra.lt\/pl\/wp-json\/wp\/v2\/product_tag?post=18122"}],"curies":[{"name":"wp","href":"https:\/\/api.w.org\/{rel}","templated":true}]}}