{"id":18118,"date":"2023-06-25T18:05:18","date_gmt":"2023-06-25T17:05:18","guid":{"rendered":"https:\/\/mamaterra.lt\/parduotuve\/bez-kategorii\/doterra-kvepalai-majestic-lore\/"},"modified":"2025-07-03T12:48:17","modified_gmt":"2025-07-03T11:48:17","slug":"doterra-majestic-lore-personal-ether-oil-perfumes","status":"publish","type":"product","link":"https:\/\/mamaterra.lt\/pl\/parduotuve\/olejki-eteryczne\/mieszanki-olejkow-eterycznych\/doterra-majestic-lore-personal-ether-oil-perfumes\/","title":{"rendered":"doTERRA Majestic Lore Spersonalizowane perfumy z olejkami eterycznymi"},"content":{"rendered":"<h6>doTERRA Majestic Lore<\/h6>\n<h6 class=\"spotlight__head-latin-title\">Spersonalizowane perfumy z olejkami eterycznymi, 8ml<\/h6>\n<p><span style=\"font-size: 16px;\">Inspirowane lasami iglastymi i krajobrazem p\u00f3\u0142nocnej Kanady perfumy Majestic Lore Personal Essential Oil to urzekaj\u0105cy, ekskluzywny, oryginalny produkt d\u014dTERRA. Jego zapach przypomina bujne zielone lasy, o\u015bnie\u017cone szczyty g\u00f3rskie i rze\u015bkie zimowe mg\u0142y i jest r\u00f3wnie atrakcyjny zar\u00f3wno dla m\u0119\u017cczyzn, jak i kobiet. Certyfikowany, czysty CPTG\u2122 Black Spruce, Balsam Fir i inne urzekaj\u0105ce drzewne olejki eteryczne \u0142\u0105cz\u0105 si\u0119 z nieoczekiwan\u0105 \u015bwie\u017co\u015bci\u0105 bergamotki, tworz\u0105c wyrafinowany, klasyczny zapach, kt\u00f3ry jest idealny zar\u00f3wno na dzie\u0144, jak i na noc.<\/span><\/p>\n<ul class=\"spotlight__list-custom custom-list\">\n<li>Ekskluzywne zapachy osobiste s\u0105 tworzone przy u\u017cyciu olejk\u00f3w eterycznych, absolut\u00f3w i ekstrakt\u00f3w oraz alkoholu ekstrahowanego z cukru.<\/li>\n<li>Wyj\u0105tkowe perfumy z eleganckimi, egzotycznymi nutami kwiatowymi i wibruj\u0105cymi w\u0142a\u015bciwo\u015bciami \u017cywicznego drewna i li\u015bci.<\/li>\n<li>Czaruj\u0105cy zapach, kt\u00f3ry pozwala poczu\u0107 orze\u017awiaj\u0105cy zapach wielkich las\u00f3w.<\/li>\n<\/ul>\n<h6 class=\"product-uses__block-title\">Wykorzystanie<\/h6>\n<div class=\"product-uses__block-list\">\n<ul class=\"custom-list\">\n<li>Spryskanie sk\u00f3ry \u015bwie\u017cym, ziemistym aromatem poprawia nastr\u00f3j.<\/li>\n<li>Stosowa\u0107 na pulsuj\u0105ce obszary, takie jak nadgarstki, wewn\u0119trzna strona \u0142okcia, szyja lub wewn\u0119trzna strona kolana.<\/li>\n<li>Spryskaj ca\u0142e cia\u0142o po prysznicu, aby zapach utrzymywa\u0142 si\u0119 d\u0142u\u017cej.<\/li>\n<\/ul>\n<\/div>\n<h6 class=\"product-uses__block-title\">Instrukcje u\u017cytkowania<\/h6>\n<div class=\"product-uses__directions-for-use\">\n<div class=\"product-uses__directions-for-use-item\">\n<div class=\"product-uses__directions-for-use-icon\">\n<div class=\"icon--topically icon--xxl\"><\/div>\n<\/div>\n<div class=\"product-uses__directions-for-use-copy\">Przed u\u017cyciem delikatnie wstrz\u0105sn\u0105\u0107. Trzymaj butelk\u0119 pionowo i spryskaj wybrany obszar cia\u0142a.<\/div>\n<\/div>\n<\/div>\n<div class=\"product-uses__cautions\">\n<h6 class=\"product-uses__block-title\">\u015arodki ostro\u017cno\u015bci<\/h6>\n<div class=\"product-uses__cautions-body\">\n<p>Unika\u0107 bezpo\u015bredniego \u015bwiat\u0142a s\u0142onecznego i promieni UV na spryskanym obszarze przez co najmniej 12 godzin po aplikacji. Produkt jest \u0142atwopalny, je\u015bli nie zostanie wysuszony. Przechowywa\u0107 z dala od ognia i \u017ar\u00f3de\u0142 ciep\u0142a. Trzyma\u0107 z dala od kontaktu z oczami lub wra\u017cliwymi obszarami.<\/p>\n<h6>Sk\u0142adniki<\/h6>\n<p>Alkohol, Aqua, Picea Mariana Branch and Needle Oil, Abies Balsamea Bark Oil, Citrus Aurantium Bergamia Fruit Oil, Cupressus Nootkatensis Wood Oil, Chamaecyparis Obtusa Wood Oil, olejek lawendowy Lavandula Angustifolia, olejek sanda\u0142owy Santalum Album, ekstrakt z li\u015bci i \u0142odygi Cistus Ladaniferus, olejek z korzenia Vetiveria Zizanoides, ekstrakt z kwiat\u00f3w ja\u015bminu Jasminum Grandiflorum, ekstrakt z \u017cywicy Styrax Tonkinensis, olejek Pogostemon Cablin, olejek drzewny Bulnesia Sarmientoi, ekstrakt z Evernia Prunastri, olejek kwiatowy Michelia Alba, olejek kwiatowy Cananga Odorata, Ekstrakt z wosku pszczelego, ekstrakt z nasion Dipteryx Odorata, olejek z \u0142odygi Eugenia Caryophyllus (go\u017adzik), olejek z kory Cinnamomum Zeylanicum, benzoesan benzylu, aldehyd cynamonowy, eugenol, limonen, linalol.<\/p>\n<p>&nbsp;<\/p>\n<\/div>\n<\/div>\n","protected":false},"excerpt":{"rendered":"<p><span style=\"font-size: 16px;\">Jego zapach przypomina bujne zielone lasy, o\u015bnie\u017cone szczyty g\u00f3rskie i rze\u015bkie zimowe mg\u0142y i jest r\u00f3wnie atrakcyjny zar\u00f3wno dla m\u0119\u017cczyzn, jak i kobiet. Certyfikowany, czysty CPTG\u2122 Black Spruce, Balsam Fir i inne urzekaj\u0105ce drzewne olejki eteryczne \u0142\u0105cz\u0105 si\u0119 z nieoczekiwan\u0105 \u015bwie\u017co\u015bci\u0105 bergamotki, tworz\u0105c wyrafinowany, klasyczny zapach, kt\u00f3ry jest idealny zar\u00f3wno na dzie\u0144, jak i na noc.<\/span><\/p>\n","protected":false},"featured_media":18113,"template":"","meta":{"site-sidebar-layout":"default","site-content-layout":"default","ast-site-content-layout":"default","site-content-style":"default","site-sidebar-style":"default","ast-global-header-display":"","ast-banner-title-visibility":"","ast-main-header-display":"","ast-hfb-above-header-display":"","ast-hfb-below-header-display":"","ast-hfb-mobile-header-display":"","site-post-title":"","ast-breadcrumbs-content":"","ast-featured-img":"","footer-sml-layout":"","ast-disable-related-posts":"","theme-transparent-header-meta":"default","adv-header-id-meta":"","stick-header-meta":"","header-above-stick-meta":"","header-main-stick-meta":"","header-below-stick-meta":"","astra-migrate-meta-layouts":"default","ast-page-background-enabled":"default","ast-page-background-meta":{"desktop":{"background-color":"","background-image":"","background-repeat":"repeat","background-position":"center center","background-size":"auto","background-attachment":"scroll","background-type":"","background-media":"","overlay-type":"","overlay-color":"","overlay-opacity":"","overlay-gradient":""},"tablet":{"background-color":"","background-image":"","background-repeat":"repeat","background-position":"center center","background-size":"auto","background-attachment":"scroll","background-type":"","background-media":"","overlay-type":"","overlay-color":"","overlay-opacity":"","overlay-gradient":""},"mobile":{"background-color":"","background-image":"","background-repeat":"repeat","background-position":"center center","background-size":"auto","background-attachment":"scroll","background-type":"","background-media":"","overlay-type":"","overlay-color":"","overlay-opacity":"","overlay-gradient":""}},"ast-content-background-meta":{"desktop":{"background-color":"var(--ast-global-color-5)","background-image":"","background-repeat":"repeat","background-position":"center center","background-size":"auto","background-attachment":"scroll","background-type":"","background-media":"","overlay-type":"","overlay-color":"","overlay-opacity":"","overlay-gradient":""},"tablet":{"background-color":"var(--ast-global-color-5)","background-image":"","background-repeat":"repeat","background-position":"center center","background-size":"auto","background-attachment":"scroll","background-type":"","background-media":"","overlay-type":"","overlay-color":"","overlay-opacity":"","overlay-gradient":""},"mobile":{"background-color":"var(--ast-global-color-5)","background-image":"","background-repeat":"repeat","background-position":"center center","background-size":"auto","background-attachment":"scroll","background-type":"","background-media":"","overlay-type":"","overlay-color":"","overlay-opacity":"","overlay-gradient":""}}},"product_brand":[],"product_cat":[1702,1688,1692,1695],"product_tag":[3422,3414],"class_list":{"0":"post-18118","1":"product","2":"type-product","3":"status-publish","4":"has-post-thumbnail","6":"product_cat-mieszanki-olejkow-eterycznych","7":"product_cat-prezenty","8":"product_cat-prezenty-dla-kobiet","9":"product_cat-prezenty-dla-mezczyzn","10":"product_tag-perfumy-dla-mezczyzn","11":"product_tag-perfumy-unisex","12":"desktop-align-left","13":"tablet-align-left","14":"mobile-align-left","16":"first","17":"outofstock","18":"taxable","19":"shipping-taxable","20":"purchasable","21":"product-type-simple"},"_links":{"self":[{"href":"https:\/\/mamaterra.lt\/pl\/wp-json\/wp\/v2\/product\/18118","targetHints":{"allow":["GET"]}}],"collection":[{"href":"https:\/\/mamaterra.lt\/pl\/wp-json\/wp\/v2\/product"}],"about":[{"href":"https:\/\/mamaterra.lt\/pl\/wp-json\/wp\/v2\/types\/product"}],"wp:featuredmedia":[{"embeddable":true,"href":"https:\/\/mamaterra.lt\/pl\/wp-json\/wp\/v2\/media\/18113"}],"wp:attachment":[{"href":"https:\/\/mamaterra.lt\/pl\/wp-json\/wp\/v2\/media?parent=18118"}],"wp:term":[{"taxonomy":"product_brand","embeddable":true,"href":"https:\/\/mamaterra.lt\/pl\/wp-json\/wp\/v2\/product_brand?post=18118"},{"taxonomy":"product_cat","embeddable":true,"href":"https:\/\/mamaterra.lt\/pl\/wp-json\/wp\/v2\/product_cat?post=18118"},{"taxonomy":"product_tag","embeddable":true,"href":"https:\/\/mamaterra.lt\/pl\/wp-json\/wp\/v2\/product_tag?post=18118"}],"curies":[{"name":"wp","href":"https:\/\/api.w.org\/{rel}","templated":true}]}}