{"id":16618,"date":"2023-01-01T20:32:52","date_gmt":"2023-01-01T19:32:52","guid":{"rendered":"https:\/\/mamaterra.lt\/?post_type=product&#038;p=16618"},"modified":"2024-03-17T21:13:13","modified_gmt":"2024-03-17T20:13:13","slug":"mieszanka-olejkow-eterycznych-doterra-supermint-touch","status":"publish","type":"product","link":"https:\/\/mamaterra.lt\/pl\/parduotuve\/olejki-eteryczne\/mieszanki-olejkow-eterycznych\/mieszanka-olejkow-eterycznych-doterra-supermint-touch\/","title":{"rendered":"Mieszanka olejk\u00f3w eterycznych doTERRA SuperMint\u2122 Touch"},"content":{"rendered":"<p><strong>Mieszanka olejk\u00f3w eterycznych doTERRA SuperMint\u2122 Touch<\/strong><\/p>\n<p>Mieszanka olejk\u00f3w eterycznych doTERRA SuperMint Sk\u0142adniki:<\/p>\n<p>doTERRA SuperMint Touch zawiera najlepsze olejki mi\u0119towe, tworz\u0105c bardzo jasn\u0105, \u015bwie\u017c\u0105 i atrakcyjn\u0105 mieszank\u0119. Jej s\u0142odki, mi\u0119towy i zio\u0142owy aromat \u0142\u0105czy w sobie CPTG\u2122 Peppermint, Japanese Mint, Bergamot Mint i Spearmint Fractionated Coconut Oil i jest dostarczany w postaci gotowej do u\u017cycia w por\u0119cznej butelce z aplikatorem kulkowym. Stosowany na sk\u00f3r\u0119, SuperMint Touch ch\u0142odzi sk\u00f3r\u0119 i emituje orze\u017awiaj\u0105cy i energetyzuj\u0105cy aromat. Aby uzyska\u0107 zastrzyk witalno\u015bci, u\u017cywaj tej mieszanki o dowolnej porze dnia i ciesz si\u0119 jej skutecznymi w\u0142a\u015bciwo\u015bciami rewitalizuj\u0105cymi.<\/p>\n<p>&nbsp;<\/p>\n<p>Mieszanka stosowana na sk\u00f3r\u0119 mo\u017ce wywo\u0142ywa\u0107 uczucie ch\u0142odzenia ze wzgl\u0119du na wysok\u0105 zawarto\u015b\u0107 mentolu.<br \/>\nFrakcjonowany olej kokosowy stosowany do masa\u017cu stanowi koj\u0105c\u0105 baz\u0119.<br \/>\nNiezast\u0105pione narz\u0119dzie po treningu, kt\u00f3re pomaga si\u0119 od\u015bwie\u017cy\u0107.<br \/>\nZio\u0142owe po\u0142\u0105czenie mi\u0119towych olejk\u00f3w eterycznych, kt\u00f3re doda witalno\u015bci o ka\u017cdej porze dnia.<\/p>\n","protected":false},"excerpt":{"rendered":"<ul>\n<li>SuperMint Touch koi sk\u00f3r\u0119 po d\u0142ugim dniu sp\u0119dzonym na s\u0142o\u0144cu.<\/li>\n<li>Stosuj SuperMint Touch przed d\u0142ugotrwa\u0142ymi aktywno\u015bciami &#8211; ta mieszanka pomo\u017ce zapewni\u0107 jasno\u015b\u0107 umys\u0142u i wzmocni\u0107 wytrzyma\u0142o\u015b\u0107.<\/li>\n<li>U\u017cywaj do koj\u0105cego, ch\u0142odz\u0105cego masa\u017cu i ciesz si\u0119 orze\u017awiaj\u0105cym uczuciem po treningu. Zastosuj na pulsuj\u0105ce miejsca i ciesz si\u0119 orze\u017awiaj\u0105cym i energetyzuj\u0105cym aromatem.<\/li>\n<li>Nak\u0142ada\u0107 na wybrane miejsca. Rozcie\u0144czy\u0107 olejem bazowym, aby zmniejszy\u0107 wra\u017cliwo\u015b\u0107 sk\u00f3ry.<\/li>\n<\/ul>\n","protected":false},"featured_media":16643,"template":"","meta":{"site-sidebar-layout":"default","site-content-layout":"","ast-site-content-layout":"default","site-content-style":"default","site-sidebar-style":"default","ast-global-header-display":"","ast-banner-title-visibility":"","ast-main-header-display":"","ast-hfb-above-header-display":"","ast-hfb-below-header-display":"","ast-hfb-mobile-header-display":"","site-post-title":"","ast-breadcrumbs-content":"","ast-featured-img":"","footer-sml-layout":"","ast-disable-related-posts":"","theme-transparent-header-meta":"","adv-header-id-meta":"","stick-header-meta":"","header-above-stick-meta":"","header-main-stick-meta":"","header-below-stick-meta":"","astra-migrate-meta-layouts":"set","ast-page-background-enabled":"default","ast-page-background-meta":{"desktop":{"background-color":"","background-image":"","background-repeat":"repeat","background-position":"center center","background-size":"auto","background-attachment":"scroll","background-type":"","background-media":"","overlay-type":"","overlay-color":"","overlay-opacity":"","overlay-gradient":""},"tablet":{"background-color":"","background-image":"","background-repeat":"repeat","background-position":"center center","background-size":"auto","background-attachment":"scroll","background-type":"","background-media":"","overlay-type":"","overlay-color":"","overlay-opacity":"","overlay-gradient":""},"mobile":{"background-color":"","background-image":"","background-repeat":"repeat","background-position":"center center","background-size":"auto","background-attachment":"scroll","background-type":"","background-media":"","overlay-type":"","overlay-color":"","overlay-opacity":"","overlay-gradient":""}},"ast-content-background-meta":{"desktop":{"background-color":"var(--ast-global-color-5)","background-image":"","background-repeat":"repeat","background-position":"center center","background-size":"auto","background-attachment":"scroll","background-type":"","background-media":"","overlay-type":"","overlay-color":"","overlay-opacity":"","overlay-gradient":""},"tablet":{"background-color":"var(--ast-global-color-5)","background-image":"","background-repeat":"repeat","background-position":"center center","background-size":"auto","background-attachment":"scroll","background-type":"","background-media":"","overlay-type":"","overlay-color":"","overlay-opacity":"","overlay-gradient":""},"mobile":{"background-color":"var(--ast-global-color-5)","background-image":"","background-repeat":"repeat","background-position":"center center","background-size":"auto","background-attachment":"scroll","background-type":"","background-media":"","overlay-type":"","overlay-color":"","overlay-opacity":"","overlay-gradient":""}}},"product_brand":[],"product_cat":[1732,1702,1698,1758],"product_tag":[1535,1533,1436],"class_list":{"0":"post-16618","1":"product","2":"type-product","3":"status-publish","4":"has-post-thumbnail","6":"product_cat-dla-koncentracji","7":"product_cat-mieszanki-olejkow-eterycznych","8":"product_cat-olejki-eteryczne","9":"product_cat-trawienie","10":"product_tag-mieszanki-olejkow-eterycznych","11":"product_tag-olejki-eteryczne","12":"product_tag-supermint-supermint-touch-pl","13":"desktop-align-left","14":"tablet-align-left","15":"mobile-align-left","17":"first","18":"instock","19":"taxable","20":"shipping-taxable","21":"product-type-simple"},"_links":{"self":[{"href":"https:\/\/mamaterra.lt\/pl\/wp-json\/wp\/v2\/product\/16618","targetHints":{"allow":["GET"]}}],"collection":[{"href":"https:\/\/mamaterra.lt\/pl\/wp-json\/wp\/v2\/product"}],"about":[{"href":"https:\/\/mamaterra.lt\/pl\/wp-json\/wp\/v2\/types\/product"}],"wp:featuredmedia":[{"embeddable":true,"href":"https:\/\/mamaterra.lt\/pl\/wp-json\/wp\/v2\/media\/16643"}],"wp:attachment":[{"href":"https:\/\/mamaterra.lt\/pl\/wp-json\/wp\/v2\/media?parent=16618"}],"wp:term":[{"taxonomy":"product_brand","embeddable":true,"href":"https:\/\/mamaterra.lt\/pl\/wp-json\/wp\/v2\/product_brand?post=16618"},{"taxonomy":"product_cat","embeddable":true,"href":"https:\/\/mamaterra.lt\/pl\/wp-json\/wp\/v2\/product_cat?post=16618"},{"taxonomy":"product_tag","embeddable":true,"href":"https:\/\/mamaterra.lt\/pl\/wp-json\/wp\/v2\/product_tag?post=16618"}],"curies":[{"name":"wp","href":"https:\/\/api.w.org\/{rel}","templated":true}]}}