{"id":16574,"date":"2021-04-18T16:26:54","date_gmt":"2021-04-18T15:26:54","guid":{"rendered":"https:\/\/mamaterra.lt\/parduotuve\/bez-kategorii\/black-spruce-pure-doterra-olejek-eteryczny-5ml\/"},"modified":"2021-04-18T16:26:54","modified_gmt":"2021-04-18T15:26:54","slug":"czarny-swierk-czysty-doterra-olejek-5ml","status":"publish","type":"product","link":"https:\/\/mamaterra.lt\/pl\/parduotuve\/olejki-eteryczne\/czyste-olejki-eteryczne\/czarny-swierk-czysty-doterra-olejek-5ml\/","title":{"rendered":"BLACK SPRUCE Pure doTERRA Olejek Eteryczny 5ml"},"content":{"rendered":"<p><strong>BLACK SPRUCE Pure doTERRA Olejek eteryczny<\/strong><\/p>\n<p>Picea mariana | 5ml<\/p>\n<p>&nbsp;<\/p>\n<p><strong>Opis olejku eterycznego BLACK SPRUCE Pure doTERRA:<\/strong><\/p>\n<p>Ten silny olejek drzewny by\u0142 u\u017cywany przez wci\u0105\u017c miejscowych Amerykan\u00f3w. Olejek eteryczny z czarnego \u015bwierku pom\u00f3g\u0142 im piel\u0119gnowa\u0107 pi\u0119kno ich sk\u00f3ry i by\u0142 cennym produktem dla ich duchowego uzdrowienia i oczyszczenia.<\/p>\n<ul>\n<li>\u0141agodzi sk\u00f3r\u0119<\/li>\n<li>Wysoka zawarto\u015b\u0107 octanu bornitu w kompozycji sprzyja uczuciu relaksu i spokoju<\/li>\n<li>\u0141agodzi drobne podra\u017cnienia sk\u00f3ry<\/li>\n<li>Po napi\u0119tym treningu masowanie tym olejem uspokoi sk\u00f3r\u0119 i poczuje si\u0119 lepiej<\/li>\n<\/ul>\n<p>&nbsp;<\/p>\n<p>Wi\u0119cej informacji o olejku <strong>eterycznym BLACK SPRUCE <\/strong><strong>doTERRA<\/strong><strong> <\/strong>Znajdziecie w <strong>filmie<\/strong> poni\u017cej.<\/p>\n<p><iframe title=\"DoTERRA Pozyskiwanie olejk\u00f3w eterycznych z czarnego \u015bwierku\" src=\"https:\/\/www.youtube.com\/embed\/yzjLeha1epo\" width=\"853\" height=\"480\" frameborder=\"0\" allowfullscreen=\"allowfullscreen\"><\/iframe><\/p>\n","protected":false},"excerpt":{"rendered":"<ul>\n<li>\u0141agodzi sk\u00f3r\u0119<\/li>\n<li>Wysoka zawarto\u015b\u0107 octanu bornitu w kompozycji sprzyja uczuciu relaksu i spokoju<\/li>\n<li>\u0141agodzi drobne podra\u017cnienia sk\u00f3ry<\/li>\n<li>Po napi\u0119tym treningu masowanie tym olejem uspokoi sk\u00f3r\u0119 i poczuje si\u0119 lepiej<\/li>\n<\/ul>\n","protected":false},"featured_media":12630,"template":"","meta":{"site-sidebar-layout":"default","site-content-layout":"default","ast-site-content-layout":"default","site-content-style":"default","site-sidebar-style":"default","ast-global-header-display":"","ast-banner-title-visibility":"","ast-main-header-display":"","ast-hfb-above-header-display":"","ast-hfb-below-header-display":"","ast-hfb-mobile-header-display":"","site-post-title":"","ast-breadcrumbs-content":"","ast-featured-img":"","footer-sml-layout":"","ast-disable-related-posts":"","theme-transparent-header-meta":"default","adv-header-id-meta":"","stick-header-meta":"","header-above-stick-meta":"","header-main-stick-meta":"","header-below-stick-meta":"","astra-migrate-meta-layouts":"default","ast-page-background-enabled":"default","ast-page-background-meta":{"desktop":{"background-color":"","background-image":"","background-repeat":"repeat","background-position":"center center","background-size":"auto","background-attachment":"scroll","background-type":"","background-media":"","overlay-type":"","overlay-color":"","overlay-opacity":"","overlay-gradient":""},"tablet":{"background-color":"","background-image":"","background-repeat":"repeat","background-position":"center center","background-size":"auto","background-attachment":"scroll","background-type":"","background-media":"","overlay-type":"","overlay-color":"","overlay-opacity":"","overlay-gradient":""},"mobile":{"background-color":"","background-image":"","background-repeat":"repeat","background-position":"center center","background-size":"auto","background-attachment":"scroll","background-type":"","background-media":"","overlay-type":"","overlay-color":"","overlay-opacity":"","overlay-gradient":""}},"ast-content-background-meta":{"desktop":{"background-color":"var(--ast-global-color-5)","background-image":"","background-repeat":"repeat","background-position":"center center","background-size":"auto","background-attachment":"scroll","background-type":"","background-media":"","overlay-type":"","overlay-color":"","overlay-opacity":"","overlay-gradient":""},"tablet":{"background-color":"var(--ast-global-color-5)","background-image":"","background-repeat":"repeat","background-position":"center center","background-size":"auto","background-attachment":"scroll","background-type":"","background-media":"","overlay-type":"","overlay-color":"","overlay-opacity":"","overlay-gradient":""},"mobile":{"background-color":"var(--ast-global-color-5)","background-image":"","background-repeat":"repeat","background-position":"center center","background-size":"auto","background-attachment":"scroll","background-type":"","background-media":"","overlay-type":"","overlay-color":"","overlay-opacity":"","overlay-gradient":""}}},"product_brand":[],"product_cat":[1704,1735,1750,1698,1752],"product_tag":[713,1344,1533],"class_list":{"0":"post-16574","1":"product","2":"type-product","3":"status-publish","4":"has-post-thumbnail","6":"product_cat-czyste-olejki-eteryczne","7":"product_cat-masaz","8":"product_cat-oczyszczanie-powietrza","9":"product_cat-olejki-eteryczne","10":"product_cat-radzenia-sobie-ze-stresem","11":"product_tag-5-ml-pl-2","12":"product_tag-black-spruce-pl","13":"product_tag-olejki-eteryczne","14":"desktop-align-left","15":"tablet-align-left","16":"mobile-align-left","18":"first","19":"instock","20":"taxable","21":"shipping-taxable","22":"purchasable","23":"product-type-simple"},"_links":{"self":[{"href":"https:\/\/mamaterra.lt\/pl\/wp-json\/wp\/v2\/product\/16574","targetHints":{"allow":["GET"]}}],"collection":[{"href":"https:\/\/mamaterra.lt\/pl\/wp-json\/wp\/v2\/product"}],"about":[{"href":"https:\/\/mamaterra.lt\/pl\/wp-json\/wp\/v2\/types\/product"}],"wp:featuredmedia":[{"embeddable":true,"href":"https:\/\/mamaterra.lt\/pl\/wp-json\/wp\/v2\/media\/12630"}],"wp:attachment":[{"href":"https:\/\/mamaterra.lt\/pl\/wp-json\/wp\/v2\/media?parent=16574"}],"wp:term":[{"taxonomy":"product_brand","embeddable":true,"href":"https:\/\/mamaterra.lt\/pl\/wp-json\/wp\/v2\/product_brand?post=16574"},{"taxonomy":"product_cat","embeddable":true,"href":"https:\/\/mamaterra.lt\/pl\/wp-json\/wp\/v2\/product_cat?post=16574"},{"taxonomy":"product_tag","embeddable":true,"href":"https:\/\/mamaterra.lt\/pl\/wp-json\/wp\/v2\/product_tag?post=16574"}],"curies":[{"name":"wp","href":"https:\/\/api.w.org\/{rel}","templated":true}]}}