{"id":16571,"date":"2021-04-18T16:29:53","date_gmt":"2021-04-18T15:29:53","guid":{"rendered":"https:\/\/mamaterra.lt\/parduotuve\/bez-kategorii\/olejek-eteryczny-z-selera-seed-pure-doterra-15ml\/"},"modified":"2021-04-18T16:29:53","modified_gmt":"2021-04-18T15:29:53","slug":"seler-nasiona-pure-doterra-olejek-15ml","status":"publish","type":"product","link":"https:\/\/mamaterra.lt\/pl\/parduotuve\/olejki-eteryczne\/czyste-olejki-eteryczne\/seler-nasiona-pure-doterra-olejek-15ml\/","title":{"rendered":"OLEJEK ETERYCZNY Z SELERA SEED PURE DOTERRA 15ml"},"content":{"rendered":"<p><strong>SELERY SEED Pure doTERRA Olejek eteryczny<\/strong><\/p>\n<p>Apium graveolens | 15ml<\/p>\n<p>&nbsp;<\/p>\n<p><strong>SELERY SEED Pure doTERRA Essential Oil Opis i og\u00f3lne cechy:<\/strong><\/p>\n<p>Ju\u017c w V wieku. Seler stosowany w Chinach jest znanym dodatkiem do r\u00f3\u017cnych potraw. \u015awie\u017cy seler zebrany w sezonie, kt\u00f3ry mo\u017cna znale\u017a\u0107 na lokalnym rynku rolnik\u00f3w, dorasta do trzech st\u00f3p (90 cm) wysoko\u015bci, ma jasnozielony kolor i \u015bwieci \u017cyciem. Seler jest dobrze znany ze swojego silnego, z\u0142o\u017conego, s\u0142odkawo-korzennego aromatu. Ro\u015bliny te dojrzewaj\u0105 w pe\u0142ni i zaczynaj\u0105 przynosi\u0107 ma\u0142e owoce, kt\u00f3rych kolor mo\u017ce by\u0107 od br\u0105zowawego do br\u0105zowego. Olejek eteryczny jest ekstrahowany z nasion tych ro\u015blin poprzez destylacj\u0119 z par\u0105 wodn\u0105.  <span style=\"font-size: 16px;\">Znany z silnego, z\u0142o\u017conego, s\u0142odko-korzennego aromatu<\/span><\/p>\n<ul>\n<li>Znany z silnego, z\u0142o\u017conego, s\u0142odko-korzennego aromatu<\/li>\n<li>Pyszny dodatek do r\u00f3\u017cnych potraw<\/li>\n<li>Znany ze swoich w\u0142a\u015bciwo\u015bci oczyszczaj\u0105cych<\/li>\n<\/ul>\n<p><strong>SELERY SEED Pure doTERRA Essential Oil wykorzystuje:<\/strong><\/p>\n<p>Stosuj\u0105c w produkcji \u017cywno\u015bci, pami\u0119taj, \u017ce s\u0105 to koncentraty i u\u017cywaj tylko 1 &#8211; 2 kropli do przyprawiania da\u0144 mi\u0119snych i rybnych, r\u00f3\u017cnych sos\u00f3w.<\/p>\n<ul>\n<li>U\u017cyj zamiast soku z selera &#8211; 4 krople tego oleju z 250 ml wody, pomog\u0105 usun\u0105\u0107 p\u0142yny z organizmu<\/li>\n<li>Oczyszczanie organizmu &#8211; na\u0142o\u017cy\u0107 na stopy, okolice w\u0105troby, wypi\u0107 1 &#8211; 2 krople wod\u0105, sokiem lub kapa\u0107 do kapsu\u0142ki<\/li>\n<li>S\u0142abe i nieelastyczne stawy &#8211; nak\u0142adaj na stopy, obszar problemowy, 2 &#8211; 4 razy dziennie<\/li>\n<li>W celu uwolnienia napi\u0119\u0107 &#8211; zastosuj do linii kr\u0119gos\u0142upa, czo\u0142a i szyi.<\/li>\n<li>Odstraszaj\u0105cy wp\u0142yw na owady &#8211; para z dyfuzorem, po rozcie\u0144czeniu olejem ro\u015blinnym, na\u0142\u00f3\u017c na otwarte obszary cia\u0142a, zr\u00f3b dysz\u0119.<\/li>\n<\/ul>\n<p>W synergii z 1 kropl\u0105 kadzid\u0142a, \u015awierk Czarny, Cyprys tworz\u0105 wspania\u0142y aromat i pomagaj\u0105 uwolni\u0107 si\u0119 od negatywnych emocji, kt\u00f3re komplikuj\u0105 nasze \u017cycie.<\/p>\n<p>&nbsp;<\/p>\n<p>Wi\u0119cej informacji o <strong>olejku eterycznym z nasion selera<\/strong><strong>doTERRA<\/strong><strong> <\/strong>Znajdziecie w <strong>filmie<\/strong> poni\u017cej.<\/p>\n<p><iframe title=\"Jak stosowa\u0107 olej z nasion selera doTERRA - Szybkie wskaz\u00f3wki\" src=\"https:\/\/www.youtube.com\/embed\/cQJJN54oBt0\" width=\"853\" height=\"480\" frameborder=\"0\" allowfullscreen=\"allowfullscreen\"><\/iframe><\/p>\n","protected":false},"excerpt":{"rendered":"<ul>\n<li>Znany z silnego, z\u0142o\u017conego, s\u0142odko-korzennego aromatu<\/li>\n<li>Pyszny dodatek do r\u00f3\u017cnych potraw<\/li>\n<li>Znany ze swoich w\u0142a\u015bciwo\u015bci oczyszczaj\u0105cych<\/li>\n<\/ul>\n","protected":false},"featured_media":12891,"template":"","meta":{"site-sidebar-layout":"default","site-content-layout":"default","ast-site-content-layout":"default","site-content-style":"default","site-sidebar-style":"default","ast-global-header-display":"","ast-banner-title-visibility":"","ast-main-header-display":"","ast-hfb-above-header-display":"","ast-hfb-below-header-display":"","ast-hfb-mobile-header-display":"","site-post-title":"","ast-breadcrumbs-content":"","ast-featured-img":"","footer-sml-layout":"","ast-disable-related-posts":"","theme-transparent-header-meta":"default","adv-header-id-meta":"","stick-header-meta":"","header-above-stick-meta":"","header-main-stick-meta":"","header-below-stick-meta":"","astra-migrate-meta-layouts":"default","ast-page-background-enabled":"default","ast-page-background-meta":{"desktop":{"background-color":"","background-image":"","background-repeat":"repeat","background-position":"center center","background-size":"auto","background-attachment":"scroll","background-type":"","background-media":"","overlay-type":"","overlay-color":"","overlay-opacity":"","overlay-gradient":""},"tablet":{"background-color":"","background-image":"","background-repeat":"repeat","background-position":"center center","background-size":"auto","background-attachment":"scroll","background-type":"","background-media":"","overlay-type":"","overlay-color":"","overlay-opacity":"","overlay-gradient":""},"mobile":{"background-color":"","background-image":"","background-repeat":"repeat","background-position":"center center","background-size":"auto","background-attachment":"scroll","background-type":"","background-media":"","overlay-type":"","overlay-color":"","overlay-opacity":"","overlay-gradient":""}},"ast-content-background-meta":{"desktop":{"background-color":"var(--ast-global-color-5)","background-image":"","background-repeat":"repeat","background-position":"center center","background-size":"auto","background-attachment":"scroll","background-type":"","background-media":"","overlay-type":"","overlay-color":"","overlay-opacity":"","overlay-gradient":""},"tablet":{"background-color":"var(--ast-global-color-5)","background-image":"","background-repeat":"repeat","background-position":"center center","background-size":"auto","background-attachment":"scroll","background-type":"","background-media":"","overlay-type":"","overlay-color":"","overlay-opacity":"","overlay-gradient":""},"mobile":{"background-color":"var(--ast-global-color-5)","background-image":"","background-repeat":"repeat","background-position":"center center","background-size":"auto","background-attachment":"scroll","background-type":"","background-media":"","overlay-type":"","overlay-color":"","overlay-opacity":"","overlay-gradient":""}}},"product_brand":[],"product_cat":[1704,1698],"product_tag":[726,1272,1533],"class_list":{"0":"post-16571","1":"product","2":"type-product","3":"status-publish","4":"has-post-thumbnail","6":"product_cat-czyste-olejki-eteryczne","7":"product_cat-olejki-eteryczne","8":"product_tag-15-ml-pl-2","9":"product_tag-celery-seed-pl","10":"product_tag-olejki-eteryczne","11":"desktop-align-left","12":"tablet-align-left","13":"mobile-align-left","15":"first","16":"instock","17":"taxable","18":"shipping-taxable","19":"purchasable","20":"product-type-simple"},"_links":{"self":[{"href":"https:\/\/mamaterra.lt\/pl\/wp-json\/wp\/v2\/product\/16571","targetHints":{"allow":["GET"]}}],"collection":[{"href":"https:\/\/mamaterra.lt\/pl\/wp-json\/wp\/v2\/product"}],"about":[{"href":"https:\/\/mamaterra.lt\/pl\/wp-json\/wp\/v2\/types\/product"}],"wp:featuredmedia":[{"embeddable":true,"href":"https:\/\/mamaterra.lt\/pl\/wp-json\/wp\/v2\/media\/12891"}],"wp:attachment":[{"href":"https:\/\/mamaterra.lt\/pl\/wp-json\/wp\/v2\/media?parent=16571"}],"wp:term":[{"taxonomy":"product_brand","embeddable":true,"href":"https:\/\/mamaterra.lt\/pl\/wp-json\/wp\/v2\/product_brand?post=16571"},{"taxonomy":"product_cat","embeddable":true,"href":"https:\/\/mamaterra.lt\/pl\/wp-json\/wp\/v2\/product_cat?post=16571"},{"taxonomy":"product_tag","embeddable":true,"href":"https:\/\/mamaterra.lt\/pl\/wp-json\/wp\/v2\/product_tag?post=16571"}],"curies":[{"name":"wp","href":"https:\/\/api.w.org\/{rel}","templated":true}]}}