{"id":16568,"date":"2021-04-18T16:30:53","date_gmt":"2021-04-18T15:30:53","guid":{"rendered":"https:\/\/mamaterra.lt\/parduotuve\/bez-kategorii\/cinnamon-pure-doterra-olejek-eteryczny-5ml\/"},"modified":"2021-04-18T16:30:53","modified_gmt":"2021-04-18T15:30:53","slug":"cynamon-pure-doterra-olejek-5ml","status":"publish","type":"product","link":"https:\/\/mamaterra.lt\/pl\/parduotuve\/olejki-eteryczne\/czyste-olejki-eteryczne\/cynamon-pure-doterra-olejek-5ml\/","title":{"rendered":"CINNAMON Pure doTERRA Olejek Eteryczny 5ml"},"content":{"rendered":"<p><strong>Olejek eteryczny CINNAMON Pure doTERRA<\/strong><\/p>\n<p>Cinnamomum zeylanicum | 5ml<\/p>\n<p>&nbsp;<\/p>\n<p><strong>CINNAMON Pure doTERRA Essential Oil Opis:<\/strong><\/p>\n<p>Olejek eteryczny z kory cynamonu jest ciep\u0142y, pikantny i charakteryzuje si\u0119 szeregiem korzy\u015bci zdrowotnych.<\/p>\n<ul>\n<li>Dodaj wod\u0119 lub herbat\u0119 do kosztu<\/li>\n<li>Mo\u017ce zast\u0105pi\u0107 mielony cynamon w ulubionych przepisach<\/li>\n<li>Pomaga utrzyma\u0107 zdrowie jamy ustnej<\/li>\n<\/ul>\n<p>&nbsp;<\/p>\n<p>Wi\u0119cej informacji o <strong>CINNAMON) <\/strong><strong>olejek eteryczny doTERRA<\/strong><strong> <\/strong>Znajdziecie w <strong>filmie<\/strong> poni\u017cej.<\/p>\n<p><iframe title=\"Do czego s\u0142u\u017cy olejek cynamonowy?\" src=\"https:\/\/www.youtube.com\/embed\/La5-vUkm34Y\" width=\"853\" height=\"480\" frameborder=\"0\" allowfullscreen=\"allowfullscreen\"><\/iframe><\/p>\n","protected":false},"excerpt":{"rendered":"<ul>\n<li>Dodane do koszt\u00f3w woda lub herbata \u0142agodzi b\u00f3l gard\u0142a<\/li>\n<li>Mo\u017ce zast\u0105pi\u0107 mielony cynamon w ulubionych przepisach<\/li>\n<li>Pomaga utrzyma\u0107 zdrowie jamy ustnej<\/li>\n<\/ul>\n","protected":false},"featured_media":12780,"template":"","meta":{"site-sidebar-layout":"default","site-content-layout":"default","ast-site-content-layout":"default","site-content-style":"default","site-sidebar-style":"default","ast-global-header-display":"","ast-banner-title-visibility":"","ast-main-header-display":"","ast-hfb-above-header-display":"","ast-hfb-below-header-display":"","ast-hfb-mobile-header-display":"","site-post-title":"","ast-breadcrumbs-content":"","ast-featured-img":"","footer-sml-layout":"","ast-disable-related-posts":"","theme-transparent-header-meta":"default","adv-header-id-meta":"","stick-header-meta":"","header-above-stick-meta":"","header-main-stick-meta":"","header-below-stick-meta":"","astra-migrate-meta-layouts":"default","ast-page-background-enabled":"default","ast-page-background-meta":{"desktop":{"background-color":"","background-image":"","background-repeat":"repeat","background-position":"center center","background-size":"auto","background-attachment":"scroll","background-type":"","background-media":"","overlay-type":"","overlay-color":"","overlay-opacity":"","overlay-gradient":""},"tablet":{"background-color":"","background-image":"","background-repeat":"repeat","background-position":"center center","background-size":"auto","background-attachment":"scroll","background-type":"","background-media":"","overlay-type":"","overlay-color":"","overlay-opacity":"","overlay-gradient":""},"mobile":{"background-color":"","background-image":"","background-repeat":"repeat","background-position":"center center","background-size":"auto","background-attachment":"scroll","background-type":"","background-media":"","overlay-type":"","overlay-color":"","overlay-opacity":"","overlay-gradient":""}},"ast-content-background-meta":{"desktop":{"background-color":"var(--ast-global-color-5)","background-image":"","background-repeat":"repeat","background-position":"center center","background-size":"auto","background-attachment":"scroll","background-type":"","background-media":"","overlay-type":"","overlay-color":"","overlay-opacity":"","overlay-gradient":""},"tablet":{"background-color":"var(--ast-global-color-5)","background-image":"","background-repeat":"repeat","background-position":"center center","background-size":"auto","background-attachment":"scroll","background-type":"","background-media":"","overlay-type":"","overlay-color":"","overlay-opacity":"","overlay-gradient":""},"mobile":{"background-color":"var(--ast-global-color-5)","background-image":"","background-repeat":"repeat","background-position":"center center","background-size":"auto","background-attachment":"scroll","background-type":"","background-media":"","overlay-type":"","overlay-color":"","overlay-opacity":"","overlay-gradient":""}}},"product_brand":[],"product_cat":[1704,1750,1743,1698,1758],"product_tag":[713,1287,1533],"class_list":{"0":"post-16568","1":"product","2":"type-product","3":"status-publish","4":"has-post-thumbnail","6":"product_cat-czyste-olejki-eteryczne","7":"product_cat-oczyszczanie-powietrza","8":"product_cat-od-komarow-i-kleszczy","9":"product_cat-olejki-eteryczne","10":"product_cat-trawienie","11":"product_tag-5-ml-pl-2","12":"product_tag-cinnamon-pl","13":"product_tag-olejki-eteryczne","14":"desktop-align-left","15":"tablet-align-left","16":"mobile-align-left","18":"first","19":"instock","20":"sale","21":"taxable","22":"shipping-taxable","23":"purchasable","24":"product-type-simple"},"_links":{"self":[{"href":"https:\/\/mamaterra.lt\/pl\/wp-json\/wp\/v2\/product\/16568","targetHints":{"allow":["GET"]}}],"collection":[{"href":"https:\/\/mamaterra.lt\/pl\/wp-json\/wp\/v2\/product"}],"about":[{"href":"https:\/\/mamaterra.lt\/pl\/wp-json\/wp\/v2\/types\/product"}],"wp:featuredmedia":[{"embeddable":true,"href":"https:\/\/mamaterra.lt\/pl\/wp-json\/wp\/v2\/media\/12780"}],"wp:attachment":[{"href":"https:\/\/mamaterra.lt\/pl\/wp-json\/wp\/v2\/media?parent=16568"}],"wp:term":[{"taxonomy":"product_brand","embeddable":true,"href":"https:\/\/mamaterra.lt\/pl\/wp-json\/wp\/v2\/product_brand?post=16568"},{"taxonomy":"product_cat","embeddable":true,"href":"https:\/\/mamaterra.lt\/pl\/wp-json\/wp\/v2\/product_cat?post=16568"},{"taxonomy":"product_tag","embeddable":true,"href":"https:\/\/mamaterra.lt\/pl\/wp-json\/wp\/v2\/product_tag?post=16568"}],"curies":[{"name":"wp","href":"https:\/\/api.w.org\/{rel}","templated":true}]}}