{"id":16567,"date":"2021-04-18T16:22:55","date_gmt":"2021-04-18T15:22:55","guid":{"rendered":"https:\/\/mamaterra.lt\/parduotuve\/bez-kategorii\/basil-pure-doterra-olejek-eteryczny-15ml\/"},"modified":"2021-04-18T16:22:55","modified_gmt":"2021-04-18T15:22:55","slug":"bazylia-pure-doterra-olejek-eteryczny-15ml","status":"publish","type":"product","link":"https:\/\/mamaterra.lt\/pl\/parduotuve\/olejki-eteryczne\/czyste-olejki-eteryczne\/bazylia-pure-doterra-olejek-eteryczny-15ml\/","title":{"rendered":"BASIL Pure doTERRA Olejek Eteryczny 15ml"},"content":{"rendered":"<p><strong>Olejek eteryczny BASIL Pure doTERRA<\/strong><\/p>\n<p>Ocimum basilicum | 15ml<\/p>\n<p>&nbsp;<\/p>\n<p><strong>BASIL Pure doTERRA Essential Oil Opis:<\/strong><\/p>\n<p>Olejek eteryczny z bazylii, ceniony ze wzgl\u0119du na swoje w\u0142a\u015bciwo\u015bci regeneruj\u0105ce, jest r\u00f3wnie\u017c cz\u0119sto stosowany ze wzgl\u0119du na jego dzia\u0142anie koj\u0105ce.<\/p>\n<ul>\n<li>Pomaga utrzyma\u0107 sk\u00f3r\u0119 jasn\u0105, czyst\u0105 i zdrow\u0105 w wygl\u0105dzie<\/li>\n<li>Pomaga poczu\u0107 spok\u00f3j i r\u00f3wnowag\u0119<\/li>\n<li>Ekspresyjna przyprawa do \u017cywno\u015bci<\/li>\n<\/ul>\n<p>&nbsp;<\/p>\n<p>Wi\u0119cej informacji o olejku <strong>eterycznym BASIL <\/strong><strong>doTERRA<\/strong><strong> <\/strong>Znajdziecie w <strong>filmie<\/strong> poni\u017cej.<\/p>\n<p><iframe title=\"Olej bazylii: s\u0142odkie korzy\u015bci i zastosowania\" src=\"https:\/\/www.youtube.com\/embed\/szSY3kmtfa8\" width=\"853\" height=\"480\" frameborder=\"0\" allowfullscreen=\"allowfullscreen\"><\/iframe><\/p>\n","protected":false},"excerpt":{"rendered":"<ul>\n<li>Pomaga utrzyma\u0107 sk\u00f3r\u0119 jasn\u0105, czyst\u0105 i zdrow\u0105 w wygl\u0105dzie<\/li>\n<li>Pomaga poczu\u0107 spok\u00f3j i r\u00f3wnowag\u0119<\/li>\n<li>Ekspresyjna przyprawa do \u017cywno\u015bci<\/li>\n<\/ul>\n","protected":false},"featured_media":12777,"template":"","meta":{"site-sidebar-layout":"default","site-content-layout":"default","ast-site-content-layout":"default","site-content-style":"default","site-sidebar-style":"default","ast-global-header-display":"","ast-banner-title-visibility":"","ast-main-header-display":"","ast-hfb-above-header-display":"","ast-hfb-below-header-display":"","ast-hfb-mobile-header-display":"","site-post-title":"","ast-breadcrumbs-content":"","ast-featured-img":"","footer-sml-layout":"","ast-disable-related-posts":"","theme-transparent-header-meta":"default","adv-header-id-meta":"","stick-header-meta":"","header-above-stick-meta":"","header-main-stick-meta":"","header-below-stick-meta":"","astra-migrate-meta-layouts":"default","ast-page-background-enabled":"default","ast-page-background-meta":{"desktop":{"background-color":"","background-image":"","background-repeat":"repeat","background-position":"center center","background-size":"auto","background-attachment":"scroll","background-type":"","background-media":"","overlay-type":"","overlay-color":"","overlay-opacity":"","overlay-gradient":""},"tablet":{"background-color":"","background-image":"","background-repeat":"repeat","background-position":"center center","background-size":"auto","background-attachment":"scroll","background-type":"","background-media":"","overlay-type":"","overlay-color":"","overlay-opacity":"","overlay-gradient":""},"mobile":{"background-color":"","background-image":"","background-repeat":"repeat","background-position":"center center","background-size":"auto","background-attachment":"scroll","background-type":"","background-media":"","overlay-type":"","overlay-color":"","overlay-opacity":"","overlay-gradient":""}},"ast-content-background-meta":{"desktop":{"background-color":"var(--ast-global-color-5)","background-image":"","background-repeat":"repeat","background-position":"center center","background-size":"auto","background-attachment":"scroll","background-type":"","background-media":"","overlay-type":"","overlay-color":"","overlay-opacity":"","overlay-gradient":""},"tablet":{"background-color":"var(--ast-global-color-5)","background-image":"","background-repeat":"repeat","background-position":"center center","background-size":"auto","background-attachment":"scroll","background-type":"","background-media":"","overlay-type":"","overlay-color":"","overlay-opacity":"","overlay-gradient":""},"mobile":{"background-color":"var(--ast-global-color-5)","background-image":"","background-repeat":"repeat","background-position":"center center","background-size":"auto","background-attachment":"scroll","background-type":"","background-media":"","overlay-type":"","overlay-color":"","overlay-opacity":"","overlay-gradient":""}}},"product_brand":[],"product_cat":[1704,1735,1743,1698,1752],"product_tag":[726,1385,1533],"class_list":{"0":"post-16567","1":"product","2":"type-product","3":"status-publish","4":"has-post-thumbnail","6":"product_cat-czyste-olejki-eteryczne","7":"product_cat-masaz","8":"product_cat-od-komarow-i-kleszczy","9":"product_cat-olejki-eteryczne","10":"product_cat-radzenia-sobie-ze-stresem","11":"product_tag-15-ml-pl-2","12":"product_tag-basil-pl","13":"product_tag-olejki-eteryczne","14":"desktop-align-left","15":"tablet-align-left","16":"mobile-align-left","18":"first","19":"instock","20":"sale","21":"taxable","22":"shipping-taxable","23":"purchasable","24":"product-type-simple"},"_links":{"self":[{"href":"https:\/\/mamaterra.lt\/pl\/wp-json\/wp\/v2\/product\/16567","targetHints":{"allow":["GET"]}}],"collection":[{"href":"https:\/\/mamaterra.lt\/pl\/wp-json\/wp\/v2\/product"}],"about":[{"href":"https:\/\/mamaterra.lt\/pl\/wp-json\/wp\/v2\/types\/product"}],"wp:featuredmedia":[{"embeddable":true,"href":"https:\/\/mamaterra.lt\/pl\/wp-json\/wp\/v2\/media\/12777"}],"wp:attachment":[{"href":"https:\/\/mamaterra.lt\/pl\/wp-json\/wp\/v2\/media?parent=16567"}],"wp:term":[{"taxonomy":"product_brand","embeddable":true,"href":"https:\/\/mamaterra.lt\/pl\/wp-json\/wp\/v2\/product_brand?post=16567"},{"taxonomy":"product_cat","embeddable":true,"href":"https:\/\/mamaterra.lt\/pl\/wp-json\/wp\/v2\/product_cat?post=16567"},{"taxonomy":"product_tag","embeddable":true,"href":"https:\/\/mamaterra.lt\/pl\/wp-json\/wp\/v2\/product_tag?post=16567"}],"curies":[{"name":"wp","href":"https:\/\/api.w.org\/{rel}","templated":true}]}}