{"id":16561,"date":"2021-04-18T16:28:17","date_gmt":"2021-04-18T15:28:17","guid":{"rendered":"https:\/\/mamaterra.lt\/parduotuve\/bez-kategorii\/cardamon-pure-doterra-olejek-eteryczny-5ml\/"},"modified":"2021-04-18T16:28:17","modified_gmt":"2021-04-18T15:28:17","slug":"cardamon-pure-doterra-olejek-5ml","status":"publish","type":"product","link":"https:\/\/mamaterra.lt\/pl\/parduotuve\/olejki-eteryczne\/czyste-olejki-eteryczne\/cardamon-pure-doterra-olejek-5ml\/","title":{"rendered":"CARDAMON Pure doTERRA Olejek Eteryczny 5ml"},"content":{"rendered":"<p><strong>CARDAMON Pure doTERRA Olejek eteryczny<\/strong><\/p>\n<p>Elettaria cardamomum | 5ml<\/p>\n<p>&nbsp;<\/p>\n<p><strong>CARDAMON Pure doTERRA Essential Oil Opis:<\/strong><\/p>\n<p>Bliski krewny imbiru, kardamon jest znany jako droga przyprawa spo\u017cywcza i wyr\u00f3\u017cnia si\u0119 szeregiem u\u017cytecznych w\u0142a\u015bciwo\u015bci.<\/p>\n<ul>\n<li>Pyszne przyprawy do jedzenia i wypiek\u00f3w<\/li>\n<li>Pomaga \u0142atwiej oddycha\u0107<\/li>\n<li>Pomaga pozby\u0107 si\u0119 nieprzyjemnego uczucia w \u017co\u0142\u0105dku<\/li>\n<\/ul>\n<p>&nbsp;<\/p>\n<p>Wi\u0119cej informacji o <strong>olejku CARDAMON <\/strong><strong>doTERRA essentia<\/strong><strong> <\/strong>Znajdziecie w <strong>filmie<\/strong> poni\u017cej.<\/p>\n<p><iframe title=\"C: Kardamon - doTERRA Essential Oil Zastosowania i korzy\u015bci\" src=\"https:\/\/www.youtube.com\/embed\/1f6EQnRbr7I\" width=\"853\" height=\"480\" frameborder=\"0\" allowfullscreen=\"allowfullscreen\"><\/iframe><\/p>\n","protected":false},"excerpt":{"rendered":"<ul>\n<li>Pyszne przyprawy do jedzenia i wypiek\u00f3w<\/li>\n<li>Pomaga \u0142atwiej oddycha\u0107<\/li>\n<li>Pomaga pozby\u0107 si\u0119 nieprzyjemnego uczucia w \u017co\u0142\u0105dku<\/li>\n<\/ul>\n","protected":false},"featured_media":12789,"template":"","meta":{"site-sidebar-layout":"default","site-content-layout":"default","ast-site-content-layout":"default","site-content-style":"default","site-sidebar-style":"default","ast-global-header-display":"","ast-banner-title-visibility":"","ast-main-header-display":"","ast-hfb-above-header-display":"","ast-hfb-below-header-display":"","ast-hfb-mobile-header-display":"","site-post-title":"","ast-breadcrumbs-content":"","ast-featured-img":"","footer-sml-layout":"","ast-disable-related-posts":"","theme-transparent-header-meta":"default","adv-header-id-meta":"","stick-header-meta":"","header-above-stick-meta":"","header-main-stick-meta":"","header-below-stick-meta":"","astra-migrate-meta-layouts":"default","ast-page-background-enabled":"default","ast-page-background-meta":{"desktop":{"background-color":"","background-image":"","background-repeat":"repeat","background-position":"center center","background-size":"auto","background-attachment":"scroll","background-type":"","background-media":"","overlay-type":"","overlay-color":"","overlay-opacity":"","overlay-gradient":""},"tablet":{"background-color":"","background-image":"","background-repeat":"repeat","background-position":"center center","background-size":"auto","background-attachment":"scroll","background-type":"","background-media":"","overlay-type":"","overlay-color":"","overlay-opacity":"","overlay-gradient":""},"mobile":{"background-color":"","background-image":"","background-repeat":"repeat","background-position":"center center","background-size":"auto","background-attachment":"scroll","background-type":"","background-media":"","overlay-type":"","overlay-color":"","overlay-opacity":"","overlay-gradient":""}},"ast-content-background-meta":{"desktop":{"background-color":"var(--ast-global-color-5)","background-image":"","background-repeat":"repeat","background-position":"center center","background-size":"auto","background-attachment":"scroll","background-type":"","background-media":"","overlay-type":"","overlay-color":"","overlay-opacity":"","overlay-gradient":""},"tablet":{"background-color":"var(--ast-global-color-5)","background-image":"","background-repeat":"repeat","background-position":"center center","background-size":"auto","background-attachment":"scroll","background-type":"","background-media":"","overlay-type":"","overlay-color":"","overlay-opacity":"","overlay-gradient":""},"mobile":{"background-color":"var(--ast-global-color-5)","background-image":"","background-repeat":"repeat","background-position":"center center","background-size":"auto","background-attachment":"scroll","background-type":"","background-media":"","overlay-type":"","overlay-color":"","overlay-opacity":"","overlay-gradient":""}}},"product_brand":[],"product_cat":[1704,1698,1758],"product_tag":[713,1321,1533],"class_list":{"0":"post-16561","1":"product","2":"type-product","3":"status-publish","4":"has-post-thumbnail","6":"product_cat-czyste-olejki-eteryczne","7":"product_cat-olejki-eteryczne","8":"product_cat-trawienie","9":"product_tag-5-ml-pl-2","10":"product_tag-cardamon-pl","11":"product_tag-olejki-eteryczne","12":"desktop-align-left","13":"tablet-align-left","14":"mobile-align-left","16":"first","17":"instock","18":"taxable","19":"shipping-taxable","20":"purchasable","21":"product-type-simple"},"_links":{"self":[{"href":"https:\/\/mamaterra.lt\/pl\/wp-json\/wp\/v2\/product\/16561","targetHints":{"allow":["GET"]}}],"collection":[{"href":"https:\/\/mamaterra.lt\/pl\/wp-json\/wp\/v2\/product"}],"about":[{"href":"https:\/\/mamaterra.lt\/pl\/wp-json\/wp\/v2\/types\/product"}],"wp:featuredmedia":[{"embeddable":true,"href":"https:\/\/mamaterra.lt\/pl\/wp-json\/wp\/v2\/media\/12789"}],"wp:attachment":[{"href":"https:\/\/mamaterra.lt\/pl\/wp-json\/wp\/v2\/media?parent=16561"}],"wp:term":[{"taxonomy":"product_brand","embeddable":true,"href":"https:\/\/mamaterra.lt\/pl\/wp-json\/wp\/v2\/product_brand?post=16561"},{"taxonomy":"product_cat","embeddable":true,"href":"https:\/\/mamaterra.lt\/pl\/wp-json\/wp\/v2\/product_cat?post=16561"},{"taxonomy":"product_tag","embeddable":true,"href":"https:\/\/mamaterra.lt\/pl\/wp-json\/wp\/v2\/product_tag?post=16561"}],"curies":[{"name":"wp","href":"https:\/\/api.w.org\/{rel}","templated":true}]}}