{"id":16555,"date":"2021-04-18T16:32:31","date_gmt":"2021-04-18T15:32:31","guid":{"rendered":"https:\/\/mamaterra.lt\/parduotuve\/bez-kategorii\/clary-sage-pure-doterra-olejek-eteryczny-15ml\/"},"modified":"2021-04-18T16:32:31","modified_gmt":"2021-04-18T15:32:31","slug":"clary-szalwia-pure-doterra-olejek-15ml","status":"publish","type":"product","link":"https:\/\/mamaterra.lt\/pl\/parduotuve\/olejki-eteryczne\/czyste-olejki-eteryczne\/clary-szalwia-pure-doterra-olejek-15ml\/","title":{"rendered":"CLARY SAGE Pure doTERRA Olejek Eteryczny 15ml"},"content":{"rendered":"<p><strong>CLARY SAGE Pure olejek eteryczny doTERRA<\/strong><\/p>\n<p>Sza\u0142wia sclarea | 15ml<\/p>\n<p>&nbsp;<\/p>\n<p><strong>CLARY SAGE Pure doTERRA Essential Oil Og\u00f3lne w\u0142a\u015bciwo\u015bci i opis:<\/strong><\/p>\n<p>Sza\u0142wia muszkato\u0142owa, pachn\u0105cy olejek eteryczny z sza\u0142wii nazywany jest olejem m\u0142odo\u015bci i pi\u0119kna, poniewa\u017c ma naturalne fitoestrogeny zdolne do naturalnej regulacji poziomu estrogenu w organizmie i pomagaj\u0105 utrzyma\u0107 zdrowie narz\u0105d\u00f3w kobiecych.<\/p>\n<p>Olej ten ma pozytywny wp\u0142yw na zdrowie nie tylko kobiet, ale tak\u017ce m\u0119\u017cczyzn, a tak\u017ce ma inne korzystne w\u0142a\u015bciwo\u015bci.<\/p>\n<ul>\n<li>\u0141agodzi nieprzyjemne objawy PMS (obrz\u0119ki, nastroje), ma pozytywny wp\u0142yw na aktywno\u015b\u0107 hormonaln\u0105, promuje prawid\u0142owy cykl menstruacyjny, \u0142agodzi objawy menopauzy, \u0142agodzi uderzenia gor\u0105ca, reguluje nastroje.<\/li>\n<li>Pomaga w bezsenno\u015bci, kt\u00f3rej przyczyn\u0105 jest stres lub zmiany hormonalne.<\/li>\n<li>Daje jasno\u015b\u0107, motywacj\u0119 i pewno\u015b\u0107 siebie.<\/li>\n<li>Eliminuje obce my\u015bli, otwiera dusz\u0119 na nowe mo\u017cliwo\u015bci i do\u015bwiadczenia, stymuluje kreatywno\u015b\u0107.<\/li>\n<li>Sk\u0142adniki zawarte w Clary Sage wp\u0142ywaj\u0105 na gard\u0142o i o\u015brodek mowy w m\u00f3zgu. Pomaga ludziom nie tylko uwolni\u0107 sw\u00f3j g\u0142os, ale tak\u017ce ludziom, kt\u00f3rzy pr\u00f3buj\u0105 co\u015b powiedzie\u0107, ale nie mog\u0105 znale\u017a\u0107 w\u0142a\u015bciwych s\u0142\u00f3w.<\/li>\n<li>Zatrzymuje wypadanie w\u0142os\u00f3w, nadaje im si\u0142\u0119, ton, elastyczno\u015b\u0107, stymuluje wzrost w\u0142os\u00f3w.<\/li>\n<li>Przydatny do szybko przet\u0142uszczaj\u0105cych si\u0119 w\u0142os\u00f3w i \u0142uszcz\u0105cej si\u0119 sk\u00f3ry g\u0142owy.<\/li>\n<li>Przydatny dla sk\u00f3ry tr\u0105dzikowej z ma\u0142ymi ranami.<\/li>\n<li>Wyg\u0142adza, tonizuje sk\u00f3r\u0119, nadaje si\u0119 do suchej sk\u00f3ry.<\/li>\n<\/ul>\n<p>&nbsp;<\/p>\n<p>Wi\u0119cej informacji o<strong> olejku eterycznym doTERRA CLARY SAGE<\/strong><strong><\/strong><strong> <\/strong>Znajdziecie w <strong>filmie<\/strong> poni\u017cej.<\/p>\n<p><iframe title=\"Uspokajaj\u0105ca sza\u0142wia muszkato\u0142owa - Jak u\u017cywa\u0107 olejku eterycznego z sza\u0142wii muszkato\u0142owej\" src=\"https:\/\/www.youtube.com\/embed\/OJAtkgzjToU\" width=\"853\" height=\"480\" frameborder=\"0\" allowfullscreen=\"allowfullscreen\"><\/iframe><\/p>\n","protected":false},"excerpt":{"rendered":"<ul>\n<li>Olejek eteryczny z sza\u0142wii jest g\u0142\u00f3wnym sk\u0142adnikiem Clary Calm, mieszanki oczyszczaj\u0105cej doTERRA<\/li>\n<li>Pomaga si\u0119 zrelaksowa\u0107 i przygotowa\u0107 do spokojnego nocnego odpoczynku<\/li>\n<li>Wspiera zdrowy wygl\u0105d w\u0142os\u00f3w i sk\u00f3ry g\u0142owy<\/li>\n<\/ul>\n","protected":false},"featured_media":12600,"template":"","meta":{"site-sidebar-layout":"default","site-content-layout":"default","ast-site-content-layout":"default","site-content-style":"default","site-sidebar-style":"default","ast-global-header-display":"","ast-banner-title-visibility":"","ast-main-header-display":"","ast-hfb-above-header-display":"","ast-hfb-below-header-display":"","ast-hfb-mobile-header-display":"","site-post-title":"","ast-breadcrumbs-content":"","ast-featured-img":"","footer-sml-layout":"","ast-disable-related-posts":"","theme-transparent-header-meta":"default","adv-header-id-meta":"","stick-header-meta":"","header-above-stick-meta":"","header-main-stick-meta":"","header-below-stick-meta":"","astra-migrate-meta-layouts":"default","ast-page-background-enabled":"default","ast-page-background-meta":{"desktop":{"background-color":"","background-image":"","background-repeat":"repeat","background-position":"center center","background-size":"auto","background-attachment":"scroll","background-type":"","background-media":"","overlay-type":"","overlay-color":"","overlay-opacity":"","overlay-gradient":""},"tablet":{"background-color":"","background-image":"","background-repeat":"repeat","background-position":"center center","background-size":"auto","background-attachment":"scroll","background-type":"","background-media":"","overlay-type":"","overlay-color":"","overlay-opacity":"","overlay-gradient":""},"mobile":{"background-color":"","background-image":"","background-repeat":"repeat","background-position":"center center","background-size":"auto","background-attachment":"scroll","background-type":"","background-media":"","overlay-type":"","overlay-color":"","overlay-opacity":"","overlay-gradient":""}},"ast-content-background-meta":{"desktop":{"background-color":"var(--ast-global-color-5)","background-image":"","background-repeat":"repeat","background-position":"center center","background-size":"auto","background-attachment":"scroll","background-type":"","background-media":"","overlay-type":"","overlay-color":"","overlay-opacity":"","overlay-gradient":""},"tablet":{"background-color":"var(--ast-global-color-5)","background-image":"","background-repeat":"repeat","background-position":"center center","background-size":"auto","background-attachment":"scroll","background-type":"","background-media":"","overlay-type":"","overlay-color":"","overlay-opacity":"","overlay-gradient":""},"mobile":{"background-color":"var(--ast-global-color-5)","background-image":"","background-repeat":"repeat","background-position":"center center","background-size":"auto","background-attachment":"scroll","background-type":"","background-media":"","overlay-type":"","overlay-color":"","overlay-opacity":"","overlay-gradient":""}}},"product_brand":[],"product_cat":[1704,1740,1738,1698,1752],"product_tag":[726,1309,1533],"class_list":{"0":"post-16555","1":"product","2":"type-product","3":"status-publish","4":"has-post-thumbnail","6":"product_cat-czyste-olejki-eteryczne","7":"product_cat-dla-kobiet","8":"product_cat-do-spania","9":"product_cat-olejki-eteryczne","10":"product_cat-radzenia-sobie-ze-stresem","11":"product_tag-15-ml-pl-2","12":"product_tag-clary-sage-pl","13":"product_tag-olejki-eteryczne","14":"desktop-align-left","15":"tablet-align-left","16":"mobile-align-left","18":"first","19":"instock","20":"taxable","21":"shipping-taxable","22":"purchasable","23":"product-type-simple"},"_links":{"self":[{"href":"https:\/\/mamaterra.lt\/pl\/wp-json\/wp\/v2\/product\/16555","targetHints":{"allow":["GET"]}}],"collection":[{"href":"https:\/\/mamaterra.lt\/pl\/wp-json\/wp\/v2\/product"}],"about":[{"href":"https:\/\/mamaterra.lt\/pl\/wp-json\/wp\/v2\/types\/product"}],"wp:featuredmedia":[{"embeddable":true,"href":"https:\/\/mamaterra.lt\/pl\/wp-json\/wp\/v2\/media\/12600"}],"wp:attachment":[{"href":"https:\/\/mamaterra.lt\/pl\/wp-json\/wp\/v2\/media?parent=16555"}],"wp:term":[{"taxonomy":"product_brand","embeddable":true,"href":"https:\/\/mamaterra.lt\/pl\/wp-json\/wp\/v2\/product_brand?post=16555"},{"taxonomy":"product_cat","embeddable":true,"href":"https:\/\/mamaterra.lt\/pl\/wp-json\/wp\/v2\/product_cat?post=16555"},{"taxonomy":"product_tag","embeddable":true,"href":"https:\/\/mamaterra.lt\/pl\/wp-json\/wp\/v2\/product_tag?post=16555"}],"curies":[{"name":"wp","href":"https:\/\/api.w.org\/{rel}","templated":true}]}}