{"id":16547,"date":"2021-04-18T16:33:36","date_gmt":"2021-04-18T15:33:36","guid":{"rendered":"https:\/\/mamaterra.lt\/parduotuve\/bez-kategorii\/copaiba-pure-doterra-olejek-eteryczny-15ml\/"},"modified":"2021-04-18T16:33:36","modified_gmt":"2021-04-18T15:33:36","slug":"copaiba-pure-doterra-olejek-eteryczny-15ml","status":"publish","type":"product","link":"https:\/\/mamaterra.lt\/pl\/parduotuve\/olejki-eteryczne\/czyste-olejki-eteryczne\/copaiba-pure-doterra-olejek-eteryczny-15ml\/","title":{"rendered":"COPAIBA Pure doTERRA Olejek Eteryczny 15ml"},"content":{"rendered":"<p><strong>Olejek eteryczny COPAIBA Pure doTERRA<\/strong><\/p>\n<p>Copaifera reticulata, officinalis, coriacea, langsdorffii | 15ml<\/p>\n<p>&nbsp;<\/p>\n<p><strong>Opis olejku eterycznego COPAIBA Pure doTERRA:<\/strong><\/p>\n<p>Kopali przypominaj\u0105 czarny i by\u0142 u\u017cywany w tradycyjnych praktykach zdrowotnych rdzennych mieszka\u0144c\u00f3w Brazylii. Olej Kopali jest szeroko stosowany w kosmetykach i perfumach.<\/p>\n<ul>\n<li>Pomaga uspokoi\u0107 emocje<\/li>\n<li>Nadaje sk\u00f3rze zdrowy i g\u0142adki wygl\u0105d<\/li>\n<li>Zmniejsza zaczerwienienie sk\u00f3ry<\/li>\n<\/ul>\n<p>&nbsp;<\/p>\n<p>Wi\u0119cej informacji o<strong> COPAIBA<\/strong><strong> <\/strong><strong>olejek eteryczny doTERRA<\/strong><strong> <\/strong>Znajdziecie w <strong>filmie<\/strong> poni\u017cej.<\/p>\n<p><iframe title=\"Odkrywanie oleju Copaiba: Dowiedz si\u0119 wi\u0119cej o zaletach olejku eterycznego doTERRA Copaiba\" src=\"https:\/\/www.youtube.com\/embed\/VtQtsM4qs-0\" width=\"853\" height=\"480\" frameborder=\"0\" allowfullscreen=\"allowfullscreen\"><\/iframe><\/p>\n","protected":false},"excerpt":{"rendered":"<ul>\n<li>Pomaga uspokoi\u0107 emocje<\/li>\n<li>Nadaje sk\u00f3rze zdrowy i g\u0142adki wygl\u0105d<\/li>\n<li>Zmniejsza zaczerwienienie sk\u00f3ry<\/li>\n<\/ul>\n","protected":false},"featured_media":12606,"template":"","meta":{"site-sidebar-layout":"default","site-content-layout":"default","ast-site-content-layout":"default","site-content-style":"default","site-sidebar-style":"default","ast-global-header-display":"","ast-banner-title-visibility":"","ast-main-header-display":"","ast-hfb-above-header-display":"","ast-hfb-below-header-display":"","ast-hfb-mobile-header-display":"","site-post-title":"","ast-breadcrumbs-content":"","ast-featured-img":"","footer-sml-layout":"","ast-disable-related-posts":"","theme-transparent-header-meta":"default","adv-header-id-meta":"","stick-header-meta":"","header-above-stick-meta":"","header-main-stick-meta":"","header-below-stick-meta":"","astra-migrate-meta-layouts":"default","ast-page-background-enabled":"default","ast-page-background-meta":{"desktop":{"background-color":"","background-image":"","background-repeat":"repeat","background-position":"center center","background-size":"auto","background-attachment":"scroll","background-type":"","background-media":"","overlay-type":"","overlay-color":"","overlay-opacity":"","overlay-gradient":""},"tablet":{"background-color":"","background-image":"","background-repeat":"repeat","background-position":"center center","background-size":"auto","background-attachment":"scroll","background-type":"","background-media":"","overlay-type":"","overlay-color":"","overlay-opacity":"","overlay-gradient":""},"mobile":{"background-color":"","background-image":"","background-repeat":"repeat","background-position":"center center","background-size":"auto","background-attachment":"scroll","background-type":"","background-media":"","overlay-type":"","overlay-color":"","overlay-opacity":"","overlay-gradient":""}},"ast-content-background-meta":{"desktop":{"background-color":"var(--ast-global-color-5)","background-image":"","background-repeat":"repeat","background-position":"center center","background-size":"auto","background-attachment":"scroll","background-type":"","background-media":"","overlay-type":"","overlay-color":"","overlay-opacity":"","overlay-gradient":""},"tablet":{"background-color":"var(--ast-global-color-5)","background-image":"","background-repeat":"repeat","background-position":"center center","background-size":"auto","background-attachment":"scroll","background-type":"","background-media":"","overlay-type":"","overlay-color":"","overlay-opacity":"","overlay-gradient":""},"mobile":{"background-color":"var(--ast-global-color-5)","background-image":"","background-repeat":"repeat","background-position":"center center","background-size":"auto","background-attachment":"scroll","background-type":"","background-media":"","overlay-type":"","overlay-color":"","overlay-opacity":"","overlay-gradient":""}}},"product_brand":[],"product_cat":[1704,1738,1735,1698,1752,1758],"product_tag":[726,1246,1533,1578],"class_list":{"0":"post-16547","1":"product","2":"type-product","3":"status-publish","4":"has-post-thumbnail","6":"product_cat-czyste-olejki-eteryczne","7":"product_cat-do-spania","8":"product_cat-masaz","9":"product_cat-olejki-eteryczne","10":"product_cat-radzenia-sobie-ze-stresem","11":"product_cat-trawienie","12":"product_tag-15-ml-pl-2","13":"product_tag-copaiba-pl","14":"product_tag-olejki-eteryczne","15":"product_tag-popularny","16":"desktop-align-left","17":"tablet-align-left","18":"mobile-align-left","20":"first","21":"instock","22":"featured","23":"taxable","24":"shipping-taxable","25":"purchasable","26":"product-type-simple"},"_links":{"self":[{"href":"https:\/\/mamaterra.lt\/pl\/wp-json\/wp\/v2\/product\/16547","targetHints":{"allow":["GET"]}}],"collection":[{"href":"https:\/\/mamaterra.lt\/pl\/wp-json\/wp\/v2\/product"}],"about":[{"href":"https:\/\/mamaterra.lt\/pl\/wp-json\/wp\/v2\/types\/product"}],"wp:featuredmedia":[{"embeddable":true,"href":"https:\/\/mamaterra.lt\/pl\/wp-json\/wp\/v2\/media\/12606"}],"wp:attachment":[{"href":"https:\/\/mamaterra.lt\/pl\/wp-json\/wp\/v2\/media?parent=16547"}],"wp:term":[{"taxonomy":"product_brand","embeddable":true,"href":"https:\/\/mamaterra.lt\/pl\/wp-json\/wp\/v2\/product_brand?post=16547"},{"taxonomy":"product_cat","embeddable":true,"href":"https:\/\/mamaterra.lt\/pl\/wp-json\/wp\/v2\/product_cat?post=16547"},{"taxonomy":"product_tag","embeddable":true,"href":"https:\/\/mamaterra.lt\/pl\/wp-json\/wp\/v2\/product_tag?post=16547"}],"curies":[{"name":"wp","href":"https:\/\/api.w.org\/{rel}","templated":true}]}}