{"id":16536,"date":"2021-04-18T16:28:48","date_gmt":"2021-04-18T15:28:48","guid":{"rendered":"https:\/\/mamaterra.lt\/parduotuve\/bez-kategorii\/cynamon-chinski-cassia-pure-doterra-olejek-eteryczny-15ml\/"},"modified":"2021-04-18T16:28:48","modified_gmt":"2021-04-18T15:28:48","slug":"chinski-cynamon-cassia-pure-doterra-olejek-15ml","status":"publish","type":"product","link":"https:\/\/mamaterra.lt\/pl\/parduotuve\/olejki-eteryczne\/czyste-olejki-eteryczne\/chinski-cynamon-cassia-pure-doterra-olejek-15ml\/","title":{"rendered":"Cynamon chi\u0144ski (CASSIA) Pure doTERRA Olejek Eteryczny 15ml"},"content":{"rendered":"<p><strong>Chi\u0144ski cynamon (CASSIA) Czysty olejek eteryczny doTERRA<\/strong><\/p>\n<p>Cinnamomum cassia | 15ml<\/p>\n<p>&nbsp;<\/p>\n<p><strong>Opis chi\u0144skiego olejku cynamonowego (CASSIA) Pure doTERRA:<\/strong><\/p>\n<p>Bliski krewny cynamonu, chi\u0144ski cynamon ma wspania\u0142y aromat i by\u0142 u\u017cywany od tysi\u0119cy lat.<\/p>\n<ul>\n<li>Ma ciep\u0142y, podnosz\u0105cy na duchu aromat<\/li>\n<li>U\u017cywany w kuchni jako substytut cynamonu<\/li>\n<li>Stosowany na sk\u00f3r\u0119 koi cia\u0142o<\/li>\n<\/ul>\n<p><strong>Chi\u0144ski cynamon (CASSIA) Pureo doTERRA Olejek eteryczny Zastosowania:<\/strong><\/p>\n<p>Olejek eteryczny Cassia (chi\u0144ski cynamon) ma silny korzenny aromat, kt\u00f3rego niewielkie ilo\u015bci mog\u0105 zasadniczo zast\u0105pi\u0107 dowoln\u0105 mieszank\u0119 olejk\u00f3w eterycznych lub deser bogaty w przyprawy.<\/p>\n<p><strong>Olejek eteryczny Cassia (chi\u0144ski cynamon) mo\u017ce by\u0107 stosowany do gotowania:<\/strong> podczas pieczenia ciast lub chleba zast\u0105p nim cynamon lub u\u017cyj go jako doskona\u0142ej przyprawy do r\u00f3\u017cnych przek\u0105sek i deser\u00f3w.<\/p>\n<p>Dodaj jedn\u0105 kropl\u0119 olejk\u00f3w eterycznych Cassia (chi\u0144ski cynamon) i jedn\u0105 kropl\u0119 olejk\u00f3w eterycznych Lemon (Lemon) do wody &#8211; zrobisz orze\u017awiaj\u0105cy pikantny nap\u00f3j cytrusowy!<\/p>\n<p>&nbsp;<\/p>\n<p>Aby uzyska\u0107 wi\u0119cej informacji <strong>na temat olejku eterycznego z chi\u0144skiego cynamonu (CASSIA) doTERRA,<\/strong> zobacz film poni\u017cej.<\/p>\n<p><iframe title=\"Olej kasji: korzy\u015bci i zastosowania, kt\u00f3re sprawi\u0105, \u017ce cynamon b\u0119dzie zazdrosny\" src=\"https:\/\/www.youtube.com\/embed\/aWFV_i7Qij4\" width=\"853\" height=\"480\" frameborder=\"0\" allowfullscreen=\"allowfullscreen\"><\/iframe><\/p>\n","protected":false},"excerpt":{"rendered":"<ul>\n<li>Ma ciep\u0142y, podnosz\u0105cy na duchu aromat<\/li>\n<li>U\u017cywany w kuchni jako substytut cynamonu<\/li>\n<li>Stosowany na sk\u00f3r\u0119 koi cia\u0142o<\/li>\n<\/ul>\n","protected":false},"featured_media":12612,"template":"","meta":{"site-sidebar-layout":"default","site-content-layout":"default","ast-site-content-layout":"default","site-content-style":"default","site-sidebar-style":"default","ast-global-header-display":"","ast-banner-title-visibility":"","ast-main-header-display":"","ast-hfb-above-header-display":"","ast-hfb-below-header-display":"","ast-hfb-mobile-header-display":"","site-post-title":"","ast-breadcrumbs-content":"","ast-featured-img":"","footer-sml-layout":"","ast-disable-related-posts":"","theme-transparent-header-meta":"default","adv-header-id-meta":"","stick-header-meta":"","header-above-stick-meta":"","header-main-stick-meta":"","header-below-stick-meta":"","astra-migrate-meta-layouts":"default","ast-page-background-enabled":"default","ast-page-background-meta":{"desktop":{"background-color":"","background-image":"","background-repeat":"repeat","background-position":"center center","background-size":"auto","background-attachment":"scroll","background-type":"","background-media":"","overlay-type":"","overlay-color":"","overlay-opacity":"","overlay-gradient":""},"tablet":{"background-color":"","background-image":"","background-repeat":"repeat","background-position":"center center","background-size":"auto","background-attachment":"scroll","background-type":"","background-media":"","overlay-type":"","overlay-color":"","overlay-opacity":"","overlay-gradient":""},"mobile":{"background-color":"","background-image":"","background-repeat":"repeat","background-position":"center center","background-size":"auto","background-attachment":"scroll","background-type":"","background-media":"","overlay-type":"","overlay-color":"","overlay-opacity":"","overlay-gradient":""}},"ast-content-background-meta":{"desktop":{"background-color":"var(--ast-global-color-5)","background-image":"","background-repeat":"repeat","background-position":"center center","background-size":"auto","background-attachment":"scroll","background-type":"","background-media":"","overlay-type":"","overlay-color":"","overlay-opacity":"","overlay-gradient":""},"tablet":{"background-color":"var(--ast-global-color-5)","background-image":"","background-repeat":"repeat","background-position":"center center","background-size":"auto","background-attachment":"scroll","background-type":"","background-media":"","overlay-type":"","overlay-color":"","overlay-opacity":"","overlay-gradient":""},"mobile":{"background-color":"var(--ast-global-color-5)","background-image":"","background-repeat":"repeat","background-position":"center center","background-size":"auto","background-attachment":"scroll","background-type":"","background-media":"","overlay-type":"","overlay-color":"","overlay-opacity":"","overlay-gradient":""}}},"product_brand":[],"product_cat":[1704,1698],"product_tag":[726,1317,1533],"class_list":{"0":"post-16536","1":"product","2":"type-product","3":"status-publish","4":"has-post-thumbnail","6":"product_cat-czyste-olejki-eteryczne","7":"product_cat-olejki-eteryczne","8":"product_tag-15-ml-pl-2","9":"product_tag-cassia-pl","10":"product_tag-olejki-eteryczne","11":"desktop-align-left","12":"tablet-align-left","13":"mobile-align-left","15":"first","16":"instock","17":"taxable","18":"shipping-taxable","19":"purchasable","20":"product-type-simple"},"_links":{"self":[{"href":"https:\/\/mamaterra.lt\/pl\/wp-json\/wp\/v2\/product\/16536","targetHints":{"allow":["GET"]}}],"collection":[{"href":"https:\/\/mamaterra.lt\/pl\/wp-json\/wp\/v2\/product"}],"about":[{"href":"https:\/\/mamaterra.lt\/pl\/wp-json\/wp\/v2\/types\/product"}],"wp:featuredmedia":[{"embeddable":true,"href":"https:\/\/mamaterra.lt\/pl\/wp-json\/wp\/v2\/media\/12612"}],"wp:attachment":[{"href":"https:\/\/mamaterra.lt\/pl\/wp-json\/wp\/v2\/media?parent=16536"}],"wp:term":[{"taxonomy":"product_brand","embeddable":true,"href":"https:\/\/mamaterra.lt\/pl\/wp-json\/wp\/v2\/product_brand?post=16536"},{"taxonomy":"product_cat","embeddable":true,"href":"https:\/\/mamaterra.lt\/pl\/wp-json\/wp\/v2\/product_cat?post=16536"},{"taxonomy":"product_tag","embeddable":true,"href":"https:\/\/mamaterra.lt\/pl\/wp-json\/wp\/v2\/product_tag?post=16536"}],"curies":[{"name":"wp","href":"https:\/\/api.w.org\/{rel}","templated":true}]}}