{"id":16533,"date":"2021-04-18T16:31:35","date_gmt":"2021-04-18T15:31:35","guid":{"rendered":"https:\/\/mamaterra.lt\/parduotuve\/bez-kategorii\/citronella-pure-doterra-olejek-eteryczny-15ml\/"},"modified":"2021-04-18T16:31:35","modified_gmt":"2021-04-18T15:31:35","slug":"cytronella-pure-doterra-olejek-15ml","status":"publish","type":"product","link":"https:\/\/mamaterra.lt\/pl\/parduotuve\/olejki-eteryczne\/czyste-olejki-eteryczne\/cytronella-pure-doterra-olejek-15ml\/","title":{"rendered":"CITRONELLA Pure doTERRA Olejek Eteryczny 15ml"},"content":{"rendered":"<p><strong>Olejek eteryczny CITRONELLA Pure doTERRA<\/strong><\/p>\n<p>Cymbopogon winterianus | 15ml<\/p>\n<p>&nbsp;<\/p>\n<p><strong>Opis olejku eterycznego CITRONELLA Pure doTERRA:<\/strong><\/p>\n<p>Olejek eteryczny z odurzaj\u0105cej trawy cytrynowej ekstrahowanej z li\u015bci wysokiej trawy rosn\u0105cej w Azji ma wyra\u017any orze\u017awiaj\u0105cy aromat. Jest to \u015bwietne narz\u0119dzie do biwakowania, w\u0119dr\u00f3wek lub anga\u017cowania si\u0119 w inne zaj\u0119cia, podczas kt\u00f3rych cieszysz si\u0119 pi\u0119knem natury.<\/p>\n<ul>\n<li>Znany z wywo\u0142ywania radosnych i pozytywnych uczu\u0107<\/li>\n<li>Mo\u017ce pom\u00f3c w utrzymaniu czysto\u015bci sk\u00f3ry<\/li>\n<li>\u0141agodzi cia\u0142o i sk\u00f3r\u0119 g\u0142owy<\/li>\n<li>Ma w\u0142a\u015bciwo\u015bci oczyszczaj\u0105ce<\/li>\n<\/ul>\n<p>&nbsp;<\/p>\n<p>Wi\u0119cej informacji o<strong> olejku eterycznym doTERRA CITRONELLA<\/strong><strong><\/strong><strong> <\/strong>Znajdziecie w <strong>filmie<\/strong> poni\u017cej.<\/p>\n<p><iframe title=\"doTERRA Citronella\" src=\"https:\/\/www.youtube.com\/embed\/SGO0QIgErsw\" width=\"853\" height=\"480\" frameborder=\"0\" allowfullscreen=\"allowfullscreen\"><\/iframe><\/p>\n","protected":false},"excerpt":{"rendered":"<ul>\n<li>Znany z wywo\u0142ywania radosnych i pozytywnych uczu\u0107<\/li>\n<li>Mo\u017ce pom\u00f3c w utrzymaniu czysto\u015bci sk\u00f3ry<\/li>\n<li>\u0141agodzi cia\u0142o i sk\u00f3r\u0119 g\u0142owy<\/li>\n<li>Ma w\u0142a\u015bciwo\u015bci oczyszczaj\u0105ce<\/li>\n<\/ul>\n","protected":false},"featured_media":12858,"template":"","meta":{"site-sidebar-layout":"default","site-content-layout":"default","ast-site-content-layout":"default","site-content-style":"default","site-sidebar-style":"default","ast-global-header-display":"","ast-banner-title-visibility":"","ast-main-header-display":"","ast-hfb-above-header-display":"","ast-hfb-below-header-display":"","ast-hfb-mobile-header-display":"","site-post-title":"","ast-breadcrumbs-content":"","ast-featured-img":"","footer-sml-layout":"","ast-disable-related-posts":"","theme-transparent-header-meta":"default","adv-header-id-meta":"","stick-header-meta":"","header-above-stick-meta":"","header-main-stick-meta":"","header-below-stick-meta":"","astra-migrate-meta-layouts":"default","ast-page-background-enabled":"default","ast-page-background-meta":{"desktop":{"background-color":"","background-image":"","background-repeat":"repeat","background-position":"center center","background-size":"auto","background-attachment":"scroll","background-type":"","background-media":"","overlay-type":"","overlay-color":"","overlay-opacity":"","overlay-gradient":""},"tablet":{"background-color":"","background-image":"","background-repeat":"repeat","background-position":"center center","background-size":"auto","background-attachment":"scroll","background-type":"","background-media":"","overlay-type":"","overlay-color":"","overlay-opacity":"","overlay-gradient":""},"mobile":{"background-color":"","background-image":"","background-repeat":"repeat","background-position":"center center","background-size":"auto","background-attachment":"scroll","background-type":"","background-media":"","overlay-type":"","overlay-color":"","overlay-opacity":"","overlay-gradient":""}},"ast-content-background-meta":{"desktop":{"background-color":"var(--ast-global-color-5)","background-image":"","background-repeat":"repeat","background-position":"center center","background-size":"auto","background-attachment":"scroll","background-type":"","background-media":"","overlay-type":"","overlay-color":"","overlay-opacity":"","overlay-gradient":""},"tablet":{"background-color":"var(--ast-global-color-5)","background-image":"","background-repeat":"repeat","background-position":"center center","background-size":"auto","background-attachment":"scroll","background-type":"","background-media":"","overlay-type":"","overlay-color":"","overlay-opacity":"","overlay-gradient":""},"mobile":{"background-color":"var(--ast-global-color-5)","background-image":"","background-repeat":"repeat","background-position":"center center","background-size":"auto","background-attachment":"scroll","background-type":"","background-media":"","overlay-type":"","overlay-color":"","overlay-opacity":"","overlay-gradient":""}}},"product_brand":[],"product_cat":[1704,1750,1743,1698],"product_tag":[726,1290,1533],"class_list":{"0":"post-16533","1":"product","2":"type-product","3":"status-publish","4":"has-post-thumbnail","6":"product_cat-czyste-olejki-eteryczne","7":"product_cat-oczyszczanie-powietrza","8":"product_cat-od-komarow-i-kleszczy","9":"product_cat-olejki-eteryczne","10":"product_tag-15-ml-pl-2","11":"product_tag-citronella-pl","12":"product_tag-olejki-eteryczne","13":"desktop-align-left","14":"tablet-align-left","15":"mobile-align-left","17":"first","18":"instock","19":"taxable","20":"shipping-taxable","21":"purchasable","22":"product-type-simple"},"_links":{"self":[{"href":"https:\/\/mamaterra.lt\/pl\/wp-json\/wp\/v2\/product\/16533","targetHints":{"allow":["GET"]}}],"collection":[{"href":"https:\/\/mamaterra.lt\/pl\/wp-json\/wp\/v2\/product"}],"about":[{"href":"https:\/\/mamaterra.lt\/pl\/wp-json\/wp\/v2\/types\/product"}],"wp:featuredmedia":[{"embeddable":true,"href":"https:\/\/mamaterra.lt\/pl\/wp-json\/wp\/v2\/media\/12858"}],"wp:attachment":[{"href":"https:\/\/mamaterra.lt\/pl\/wp-json\/wp\/v2\/media?parent=16533"}],"wp:term":[{"taxonomy":"product_brand","embeddable":true,"href":"https:\/\/mamaterra.lt\/pl\/wp-json\/wp\/v2\/product_brand?post=16533"},{"taxonomy":"product_cat","embeddable":true,"href":"https:\/\/mamaterra.lt\/pl\/wp-json\/wp\/v2\/product_cat?post=16533"},{"taxonomy":"product_tag","embeddable":true,"href":"https:\/\/mamaterra.lt\/pl\/wp-json\/wp\/v2\/product_tag?post=16533"}],"curies":[{"name":"wp","href":"https:\/\/api.w.org\/{rel}","templated":true}]}}