{"id":16520,"date":"2021-04-18T16:37:09","date_gmt":"2021-04-18T15:37:09","guid":{"rendered":"https:\/\/mamaterra.lt\/parduotuve\/bez-kategorii\/boswellia-frankincense-pure-doterra-olejek-eteryczny-15ml\/"},"modified":"2021-04-18T16:37:09","modified_gmt":"2021-04-18T15:37:09","slug":"boswelliju-kadzidlo-czyste-doterra-olejek-eteryczny-15ml","status":"publish","type":"product","link":"https:\/\/mamaterra.lt\/pl\/parduotuve\/olejki-eteryczne\/czyste-olejki-eteryczne\/boswelliju-kadzidlo-czyste-doterra-olejek-eteryczny-15ml\/","title":{"rendered":"Boswellia (FRANKINCENSE) Pure doTERRA Olejek Eteryczny 15ml"},"content":{"rendered":"<p><strong>Boswellia (FRANKINCENSE) Olejek eteryczny Pure doTERRA<\/strong><\/p>\n<p>Boswellia carterii, frereana, sacra | 15ml<\/p>\n<p>&nbsp;<\/p>\n<p><strong>Boswellia (FRANKINCENSE) Pure doTERRA Essential Oil Opis, zastosowania i og\u00f3lne w\u0142a\u015bciwo\u015bci:<\/strong><\/p>\n<ul>\n<li><strong>Popularny i specjalny olejek eteryczny<\/strong><\/li>\n<\/ul>\n<p>Olejek eteryczny Frankincense boswellia jest ekstrahowany z drzewa boswellia i jest stosowany w aromaterapii. W korze tego drzewa wykonuje si\u0119 naci\u0119cia, z kt\u00f3rymi p\u0142ynie sok bia\u0142awej ro\u015bliny, kt\u00f3ry reaguj\u0105c z powietrzem, zamienia si\u0119 w tward\u0105 \u017cywic\u0119 w ci\u0105gu kilku tygodni.<\/p>\n<p>Ta \u017cywica drzewna, lub innymi s\u0142owy \u017cywica, jest destylowana, ekstrahuj\u0105c w ten spos\u00f3b olejek eteryczny z kadzid\u0142a. Jego zapach jest jasny, nieco podobny do znanego nam \u017cywiczego aromatu i jest uwa\u017cany za jeden z najbardziej luksusowych zapach\u00f3w na \u015bwiecie. Bo w staro\u017cytno\u015bci boswelijskie \u017cywice by\u0142y spalane na o\u0142tarzach i w \u015bwi\u0105tyniach, poniewa\u017c spowalniaj\u0105 i pog\u0142\u0119biaj\u0105 oddychanie, co uspokaja i stwarza warunki do modlitwy i medytacji.<\/p>\n<ul>\n<li><strong>Zwalcza negatywne emocje i podnosi nastr\u00f3j<\/strong><\/li>\n<\/ul>\n<p>Nazwa Frankincense pochodzi od francuskiego terminu &#8222;encens&#8221;, co oznacza &#8222;wysokiej jako\u015bci kadzid\u0142o&#8221;, wi\u0119c mo\u017cemy za\u0142o\u017cy\u0107, \u017ce ten ziemski zapach zwalcza negatywne emocje i pomaga si\u0119 uspokoi\u0107.<\/p>\n<p>Na pocz\u0105tku wspomnieli\u015bmy, \u017ce ten zapach by\u0142 u\u017cywany w czasach staro\u017cytnych, w \u015bwi\u0105tyniach, jako pomocnik do uspokojenia si\u0119 i zanurzenia w g\u0142\u0119bokiej medytacji. Wystarczy kilka kropelek w dyfuzorze, otoczenie zostanie otoczone spokojem i zmyje wszystkie negatywne energie, kt\u00f3re pozostaj\u0105 w pomieszczeniu. Kropla w wannie rozlu\u017ani mi\u0119\u015bnie, a tak\u017ce dusz\u0119. Poczujesz si\u0119 spokojny i wypocz\u0119ty.<\/p>\n<ul>\n<li><strong>Cz\u0119\u015b\u0107 piel\u0119gnacji sk\u00f3ry<\/strong><\/li>\n<\/ul>\n<p>By\u0107 mo\u017ce najcenniejszy ze wszystkich staro\u017cytnych olejk\u00f3w, olejek eteryczny boswellia jest bardzo wszechstronny i ma wiele przydatnych w\u0142a\u015bciwo\u015bci.<\/p>\n<p>Mieszaj\u0105c olejek eteryczny z olejami bazowymi, takimi jak kokos lub oliwka, b\u0119dziesz mia\u0142 \u015bwietne lekarstwo na zmarszczki i starzenie si\u0119 sk\u00f3ry. Olejek eteryczny Frankincense dobrze komponuje si\u0119 z cytrusowymi olejkami eterycznymi, takimi jak bergamotka, cytryna i pomara\u0144cza. Je\u015bli wolisz bogatsze zapachy, wymieszaj z olejkami eterycznymi z cedru, drzewa sanda\u0142owego i mirry. I uzyska\u0107 delikatne, kobiece zapachy: ylang ylang, r\u00f3\u017cane i lawendowe olejki eteryczne.<\/p>\n<p>Ten olej, kt\u00f3ry pachnie staro\u017cytnym drewnem, \u017cywic\u0105, natur\u0105 i religi\u0105, jest nadal aktualny. We wsp\u00f3\u0142czesnym \u015bwiecie z tak wieloma syntetycznymi produktami, towarami o niepewnym sk\u0142adzie i niezbadan\u0105 chemi\u0105, zwr\u00f3\u0107 si\u0119 do natury, polegaj na dobrodziejstwach, kt\u00f3re oferuje. Jeste\u015b dzieckiem natury.<\/p>\n<p>National Geographic opublikowa\u0142 artyku\u0142, kt\u00f3ry m\u00f3wi\u0142 o tym, dlaczego drzewa Boswellia s\u0105 w niebezpiecze\u0144stwie, kt\u00f3ry wspomina r\u00f3wnie\u017c o doTERRA, kt\u00f3ra wydobywa olej Francincence w etyczny spos\u00f3b, aby zachowa\u0107 to bogactwo.<\/p>\n<p>&nbsp;<\/p>\n<p>Wi\u0119cej informacji o <strong>olejku eterycznym boswellia (FRANKINCENSE) <\/strong><strong>doTERRA<\/strong><strong> <\/strong><strong>Znajdziecie<\/strong> w filmie poni\u017cej.<\/p>\n<p><iframe title=\"Jak korzysta\u0107 z doTERRA Frankincense\" src=\"https:\/\/www.youtube.com\/embed\/L4fIcGq0QO8\" width=\"853\" height=\"480\" frameborder=\"0\" allowfullscreen=\"allowfullscreen\"><\/iframe><\/p>\n","protected":false},"excerpt":{"rendered":"<ul>\n<li>Redukuje niedoskona\u0142o\u015bci sk\u00f3ry i odm\u0142adza sk\u00f3r\u0119<\/li>\n<li>Pomaga si\u0119 zrelaksowa\u0107 i daje r\u00f3wnowag\u0119 emocjonaln\u0105<\/li>\n<li>\u0141agodzi sk\u00f3r\u0119<\/li>\n<\/ul>\n","protected":false},"featured_media":13377,"template":"","meta":{"site-sidebar-layout":"default","site-content-layout":"default","ast-site-content-layout":"default","site-content-style":"default","site-sidebar-style":"default","ast-global-header-display":"","ast-banner-title-visibility":"","ast-main-header-display":"","ast-hfb-above-header-display":"","ast-hfb-below-header-display":"","ast-hfb-mobile-header-display":"","site-post-title":"","ast-breadcrumbs-content":"","ast-featured-img":"","footer-sml-layout":"","ast-disable-related-posts":"","theme-transparent-header-meta":"default","adv-header-id-meta":"","stick-header-meta":"","header-above-stick-meta":"","header-main-stick-meta":"","header-below-stick-meta":"","astra-migrate-meta-layouts":"default","ast-page-background-enabled":"default","ast-page-background-meta":{"desktop":{"background-color":"","background-image":"","background-repeat":"repeat","background-position":"center center","background-size":"auto","background-attachment":"scroll","background-type":"","background-media":"","overlay-type":"","overlay-color":"","overlay-opacity":"","overlay-gradient":""},"tablet":{"background-color":"","background-image":"","background-repeat":"repeat","background-position":"center center","background-size":"auto","background-attachment":"scroll","background-type":"","background-media":"","overlay-type":"","overlay-color":"","overlay-opacity":"","overlay-gradient":""},"mobile":{"background-color":"","background-image":"","background-repeat":"repeat","background-position":"center center","background-size":"auto","background-attachment":"scroll","background-type":"","background-media":"","overlay-type":"","overlay-color":"","overlay-opacity":"","overlay-gradient":""}},"ast-content-background-meta":{"desktop":{"background-color":"var(--ast-global-color-5)","background-image":"","background-repeat":"repeat","background-position":"center center","background-size":"auto","background-attachment":"scroll","background-type":"","background-media":"","overlay-type":"","overlay-color":"","overlay-opacity":"","overlay-gradient":""},"tablet":{"background-color":"var(--ast-global-color-5)","background-image":"","background-repeat":"repeat","background-position":"center center","background-size":"auto","background-attachment":"scroll","background-type":"","background-media":"","overlay-type":"","overlay-color":"","overlay-opacity":"","overlay-gradient":""},"mobile":{"background-color":"var(--ast-global-color-5)","background-image":"","background-repeat":"repeat","background-position":"center center","background-size":"auto","background-attachment":"scroll","background-type":"","background-media":"","overlay-type":"","overlay-color":"","overlay-opacity":"","overlay-gradient":""}}},"product_brand":[],"product_cat":[1704,1732,1728,1711,1735,1698,1752],"product_tag":[726,1203,1533],"class_list":{"0":"post-16520","1":"product","2":"type-product","3":"status-publish","4":"has-post-thumbnail","6":"product_cat-czyste-olejki-eteryczne","7":"product_cat-dla-koncentracji","8":"product_cat-dla-wzmocnienia-odpornosci","9":"product_cat-higiena-i-pielegnacja-skory","10":"product_cat-masaz","11":"product_cat-olejki-eteryczne","12":"product_cat-radzenia-sobie-ze-stresem","13":"product_tag-15-ml-pl-2","14":"product_tag-geranium-pl","15":"product_tag-olejki-eteryczne","16":"desktop-align-left","17":"tablet-align-left","18":"mobile-align-left","20":"first","21":"instock","22":"taxable","23":"shipping-taxable","24":"purchasable","25":"product-type-simple"},"_links":{"self":[{"href":"https:\/\/mamaterra.lt\/pl\/wp-json\/wp\/v2\/product\/16520","targetHints":{"allow":["GET"]}}],"collection":[{"href":"https:\/\/mamaterra.lt\/pl\/wp-json\/wp\/v2\/product"}],"about":[{"href":"https:\/\/mamaterra.lt\/pl\/wp-json\/wp\/v2\/types\/product"}],"wp:featuredmedia":[{"embeddable":true,"href":"https:\/\/mamaterra.lt\/pl\/wp-json\/wp\/v2\/media\/13377"}],"wp:attachment":[{"href":"https:\/\/mamaterra.lt\/pl\/wp-json\/wp\/v2\/media?parent=16520"}],"wp:term":[{"taxonomy":"product_brand","embeddable":true,"href":"https:\/\/mamaterra.lt\/pl\/wp-json\/wp\/v2\/product_brand?post=16520"},{"taxonomy":"product_cat","embeddable":true,"href":"https:\/\/mamaterra.lt\/pl\/wp-json\/wp\/v2\/product_cat?post=16520"},{"taxonomy":"product_tag","embeddable":true,"href":"https:\/\/mamaterra.lt\/pl\/wp-json\/wp\/v2\/product_tag?post=16520"}],"curies":[{"name":"wp","href":"https:\/\/api.w.org\/{rel}","templated":true}]}}