{"id":16517,"date":"2021-04-18T16:41:45","date_gmt":"2021-04-18T15:41:45","guid":{"rendered":"https:\/\/mamaterra.lt\/parduotuve\/bez-kategorii\/lemongrass-pure-doterra-olejek-eteryczny-15ml\/"},"modified":"2021-04-18T16:41:45","modified_gmt":"2021-04-18T15:41:45","slug":"trawa-cytrynowa-pure-doterra-olejek-15ml","status":"publish","type":"product","link":"https:\/\/mamaterra.lt\/pl\/parduotuve\/olejki-eteryczne\/czyste-olejki-eteryczne\/trawa-cytrynowa-pure-doterra-olejek-15ml\/","title":{"rendered":"LEMONGRASS Pure doTERRA Olejek Eteryczny 15ml"},"content":{"rendered":"<p><strong>Olejek eteryczny LEMONGRASS Pure doTERRA<\/strong><\/p>\n<p>Cymbopogon flexuosus | 15ml<\/p>\n<p>&nbsp;<\/p>\n<p><strong>LEMONGRASS Pure doTERRA Essential Oil Opis:<\/strong><\/p>\n<p>Olejek eteryczny z trawy cytrynowej, kt\u00f3ry ma delikatny smak i aromat trawy cytrynowej, kt\u00f3ry by\u0142 stosowany w kulturach azjatyckich i karaibskich do produkcji \u017cywno\u015bci od czas\u00f3w staro\u017cytnych, ma wiele korzystnych dla zdrowia w\u0142a\u015bciwo\u015bci.<\/p>\n<ul>\n<li>Wymieszaj z olejem bazowym do masa\u017cu przeciwb\u00f3lowego<\/li>\n<li>Podnosi \u015bwiadomo\u015b\u0107 i jest pozytywny<\/li>\n<li>W\u0119dzarnicza, zielna przyprawa do \u017cywno\u015bci<\/li>\n<\/ul>\n<p>&nbsp;<\/p>\n<p>Wi\u0119cej informacji o <strong>LEMONGRASS<\/strong><strong>doTERRA<\/strong><strong> <\/strong><strong>Olejek eteryczny <\/strong>znajdziesz w poni\u017cszym filmie.<\/p>\n<p><iframe title=\"doTERRA Olejek z trawy cytrynowej\" src=\"https:\/\/www.youtube.com\/embed\/9aMDLdYoXaM\" width=\"853\" height=\"480\" frameborder=\"0\" allowfullscreen=\"allowfullscreen\"><\/iframe><\/p>\n","protected":false},"excerpt":{"rendered":"<ul>\n<li>Wymieszaj z olejem bazowym do masa\u017cu przeciwb\u00f3lowego<\/li>\n<li>Podnosi \u015bwiadomo\u015b\u0107 i jest pozytywny<\/li>\n<li>W\u0119dzarnicza, zielna przyprawa do \u017cywno\u015bci<\/li>\n<\/ul>\n","protected":false},"featured_media":12450,"template":"","meta":{"site-sidebar-layout":"default","site-content-layout":"default","ast-site-content-layout":"default","site-content-style":"default","site-sidebar-style":"default","ast-global-header-display":"","ast-banner-title-visibility":"","ast-main-header-display":"","ast-hfb-above-header-display":"","ast-hfb-below-header-display":"","ast-hfb-mobile-header-display":"","site-post-title":"","ast-breadcrumbs-content":"","ast-featured-img":"","footer-sml-layout":"","ast-disable-related-posts":"","theme-transparent-header-meta":"default","adv-header-id-meta":"","stick-header-meta":"","header-above-stick-meta":"","header-main-stick-meta":"","header-below-stick-meta":"","astra-migrate-meta-layouts":"default","ast-page-background-enabled":"default","ast-page-background-meta":{"desktop":{"background-color":"","background-image":"","background-repeat":"repeat","background-position":"center center","background-size":"auto","background-attachment":"scroll","background-type":"","background-media":"","overlay-type":"","overlay-color":"","overlay-opacity":"","overlay-gradient":""},"tablet":{"background-color":"","background-image":"","background-repeat":"repeat","background-position":"center center","background-size":"auto","background-attachment":"scroll","background-type":"","background-media":"","overlay-type":"","overlay-color":"","overlay-opacity":"","overlay-gradient":""},"mobile":{"background-color":"","background-image":"","background-repeat":"repeat","background-position":"center center","background-size":"auto","background-attachment":"scroll","background-type":"","background-media":"","overlay-type":"","overlay-color":"","overlay-opacity":"","overlay-gradient":""}},"ast-content-background-meta":{"desktop":{"background-color":"var(--ast-global-color-5)","background-image":"","background-repeat":"repeat","background-position":"center center","background-size":"auto","background-attachment":"scroll","background-type":"","background-media":"","overlay-type":"","overlay-color":"","overlay-opacity":"","overlay-gradient":""},"tablet":{"background-color":"var(--ast-global-color-5)","background-image":"","background-repeat":"repeat","background-position":"center center","background-size":"auto","background-attachment":"scroll","background-type":"","background-media":"","overlay-type":"","overlay-color":"","overlay-opacity":"","overlay-gradient":""},"mobile":{"background-color":"var(--ast-global-color-5)","background-image":"","background-repeat":"repeat","background-position":"center center","background-size":"auto","background-attachment":"scroll","background-type":"","background-media":"","overlay-type":"","overlay-color":"","overlay-opacity":"","overlay-gradient":""}}},"product_brand":[],"product_cat":[1704,1735,1750,1743,1698],"product_tag":[726,1463,1533],"class_list":{"0":"post-16517","1":"product","2":"type-product","3":"status-publish","4":"has-post-thumbnail","6":"product_cat-czyste-olejki-eteryczne","7":"product_cat-masaz","8":"product_cat-oczyszczanie-powietrza","9":"product_cat-od-komarow-i-kleszczy","10":"product_cat-olejki-eteryczne","11":"product_tag-15-ml-pl-2","12":"product_tag-lemongrass-pl","13":"product_tag-olejki-eteryczne","14":"desktop-align-left","15":"tablet-align-left","16":"mobile-align-left","18":"first","19":"instock","20":"taxable","21":"shipping-taxable","22":"purchasable","23":"product-type-simple"},"_links":{"self":[{"href":"https:\/\/mamaterra.lt\/pl\/wp-json\/wp\/v2\/product\/16517","targetHints":{"allow":["GET"]}}],"collection":[{"href":"https:\/\/mamaterra.lt\/pl\/wp-json\/wp\/v2\/product"}],"about":[{"href":"https:\/\/mamaterra.lt\/pl\/wp-json\/wp\/v2\/types\/product"}],"wp:featuredmedia":[{"embeddable":true,"href":"https:\/\/mamaterra.lt\/pl\/wp-json\/wp\/v2\/media\/12450"}],"wp:attachment":[{"href":"https:\/\/mamaterra.lt\/pl\/wp-json\/wp\/v2\/media?parent=16517"}],"wp:term":[{"taxonomy":"product_brand","embeddable":true,"href":"https:\/\/mamaterra.lt\/pl\/wp-json\/wp\/v2\/product_brand?post=16517"},{"taxonomy":"product_cat","embeddable":true,"href":"https:\/\/mamaterra.lt\/pl\/wp-json\/wp\/v2\/product_cat?post=16517"},{"taxonomy":"product_tag","embeddable":true,"href":"https:\/\/mamaterra.lt\/pl\/wp-json\/wp\/v2\/product_tag?post=16517"}],"curies":[{"name":"wp","href":"https:\/\/api.w.org\/{rel}","templated":true}]}}