{"id":16502,"date":"2021-04-18T16:35:30","date_gmt":"2021-04-18T15:35:30","guid":{"rendered":"https:\/\/mamaterra.lt\/parduotuve\/bez-kategorii\/douglas-fir-pure-doterra-olejek-eteryczny-5ml\/"},"modified":"2021-04-18T16:35:30","modified_gmt":"2021-04-18T15:35:30","slug":"daglezja-jodla-pure-doterra-olejek-5ml","status":"publish","type":"product","link":"https:\/\/mamaterra.lt\/pl\/parduotuve\/olejki-eteryczne\/czyste-olejki-eteryczne\/daglezja-jodla-pure-doterra-olejek-5ml\/","title":{"rendered":"DOUGLAS FIR Pure doTERRA Olejek Eteryczny 5ml"},"content":{"rendered":"<p><strong>Olejek eteryczny DOUGLAS FIR Pure doTERRA<\/strong><\/p>\n<p>Pseudotsuga menziesii | 5ml<\/p>\n<p>&nbsp;<\/p>\n<p><strong>Opis DOUGLAS FIR Pure doTERRA Essential Oil:<\/strong><\/p>\n<p>Pozyskiwany z m\u0142odych drzew rosn\u0105cych w Nowej Zelandii, olejek eteryczny z du\u017cych zaro\u015bli mo\u017ce u\u0142atwi\u0107 oddychanie, oczy\u015bci\u0107 sk\u00f3r\u0119 i stworzy\u0107 \u015brodowisko, kt\u00f3re daje wigor.<\/p>\n<ul>\n<li>Zapewnia uczucie czysto\u015bci dr\u00f3g oddechowych i lekkiego oddychania<\/li>\n<li>Ma w\u0142a\u015bciwo\u015bci oczyszczaj\u0105ce sk\u00f3r\u0119<\/li>\n<li>Tworzy pozytywny nastr\u00f3j<\/li>\n<\/ul>\n<p>&nbsp;<\/p>\n<p>Wi\u0119cej informacji o <strong>olejku eterycznym DOUGLAS FIR<\/strong><strong> <\/strong><strong>doTERRA<\/strong><strong> <\/strong>Znajdziecie w <strong>filmie<\/strong> poni\u017cej.<\/p>\n<p><iframe title=\"Pozyskiwanie olejku eterycznego doTERRA Douglas Fir\" src=\"https:\/\/www.youtube.com\/embed\/Qm4nXDJDX7Q\" width=\"853\" height=\"480\" frameborder=\"0\" allowfullscreen=\"allowfullscreen\"><\/iframe><\/p>\n","protected":false},"excerpt":{"rendered":"<ul>\n<li>Zapewnia uczucie czysto\u015bci dr\u00f3g oddechowych i lekkiego oddychania<\/li>\n<li>Ma w\u0142a\u015bciwo\u015bci oczyszczaj\u0105ce sk\u00f3r\u0119<\/li>\n<li>Tworzy pozytywny nastr\u00f3j<\/li>\n<\/ul>\n","protected":false},"featured_media":12309,"template":"","meta":{"site-sidebar-layout":"default","site-content-layout":"default","ast-site-content-layout":"default","site-content-style":"default","site-sidebar-style":"default","ast-global-header-display":"","ast-banner-title-visibility":"","ast-main-header-display":"","ast-hfb-above-header-display":"","ast-hfb-below-header-display":"","ast-hfb-mobile-header-display":"","site-post-title":"","ast-breadcrumbs-content":"","ast-featured-img":"","footer-sml-layout":"","ast-disable-related-posts":"","theme-transparent-header-meta":"default","adv-header-id-meta":"","stick-header-meta":"","header-above-stick-meta":"","header-main-stick-meta":"","header-below-stick-meta":"","astra-migrate-meta-layouts":"default","ast-page-background-enabled":"default","ast-page-background-meta":{"desktop":{"background-color":"","background-image":"","background-repeat":"repeat","background-position":"center center","background-size":"auto","background-attachment":"scroll","background-type":"","background-media":"","overlay-type":"","overlay-color":"","overlay-opacity":"","overlay-gradient":""},"tablet":{"background-color":"","background-image":"","background-repeat":"repeat","background-position":"center center","background-size":"auto","background-attachment":"scroll","background-type":"","background-media":"","overlay-type":"","overlay-color":"","overlay-opacity":"","overlay-gradient":""},"mobile":{"background-color":"","background-image":"","background-repeat":"repeat","background-position":"center center","background-size":"auto","background-attachment":"scroll","background-type":"","background-media":"","overlay-type":"","overlay-color":"","overlay-opacity":"","overlay-gradient":""}},"ast-content-background-meta":{"desktop":{"background-color":"var(--ast-global-color-5)","background-image":"","background-repeat":"repeat","background-position":"center center","background-size":"auto","background-attachment":"scroll","background-type":"","background-media":"","overlay-type":"","overlay-color":"","overlay-opacity":"","overlay-gradient":""},"tablet":{"background-color":"var(--ast-global-color-5)","background-image":"","background-repeat":"repeat","background-position":"center center","background-size":"auto","background-attachment":"scroll","background-type":"","background-media":"","overlay-type":"","overlay-color":"","overlay-opacity":"","overlay-gradient":""},"mobile":{"background-color":"var(--ast-global-color-5)","background-image":"","background-repeat":"repeat","background-position":"center center","background-size":"auto","background-attachment":"scroll","background-type":"","background-media":"","overlay-type":"","overlay-color":"","overlay-opacity":"","overlay-gradient":""}}},"product_brand":[],"product_cat":[1704,1698,1752],"product_tag":[713,1224,1533],"class_list":{"0":"post-16502","1":"product","2":"type-product","3":"status-publish","4":"has-post-thumbnail","6":"product_cat-czyste-olejki-eteryczne","7":"product_cat-olejki-eteryczne","8":"product_cat-radzenia-sobie-ze-stresem","9":"product_tag-5-ml-pl-2","10":"product_tag-douglas-fir-pl","11":"product_tag-olejki-eteryczne","12":"desktop-align-left","13":"tablet-align-left","14":"mobile-align-left","16":"first","17":"instock","18":"taxable","19":"shipping-taxable","20":"purchasable","21":"product-type-simple"},"_links":{"self":[{"href":"https:\/\/mamaterra.lt\/pl\/wp-json\/wp\/v2\/product\/16502","targetHints":{"allow":["GET"]}}],"collection":[{"href":"https:\/\/mamaterra.lt\/pl\/wp-json\/wp\/v2\/product"}],"about":[{"href":"https:\/\/mamaterra.lt\/pl\/wp-json\/wp\/v2\/types\/product"}],"wp:featuredmedia":[{"embeddable":true,"href":"https:\/\/mamaterra.lt\/pl\/wp-json\/wp\/v2\/media\/12309"}],"wp:attachment":[{"href":"https:\/\/mamaterra.lt\/pl\/wp-json\/wp\/v2\/media?parent=16502"}],"wp:term":[{"taxonomy":"product_brand","embeddable":true,"href":"https:\/\/mamaterra.lt\/pl\/wp-json\/wp\/v2\/product_brand?post=16502"},{"taxonomy":"product_cat","embeddable":true,"href":"https:\/\/mamaterra.lt\/pl\/wp-json\/wp\/v2\/product_cat?post=16502"},{"taxonomy":"product_tag","embeddable":true,"href":"https:\/\/mamaterra.lt\/pl\/wp-json\/wp\/v2\/product_tag?post=16502"}],"curies":[{"name":"wp","href":"https:\/\/api.w.org\/{rel}","templated":true}]}}