{"id":16494,"date":"2021-04-18T16:36:30","date_gmt":"2021-04-18T15:36:30","guid":{"rendered":"https:\/\/mamaterra.lt\/parduotuve\/bez-kategorii\/fhopperl-pure-doterra-olejek-eteryczny-15ml\/"},"modified":"2021-04-18T16:36:30","modified_gmt":"2021-04-18T15:36:30","slug":"koper-wloski-pure-doterra-olejek-eteryczny-15ml","status":"publish","type":"product","link":"https:\/\/mamaterra.lt\/pl\/parduotuve\/olejki-eteryczne\/czyste-olejki-eteryczne\/koper-wloski-pure-doterra-olejek-eteryczny-15ml\/","title":{"rendered":"FHOPPERL Pure doTERRA Olejek Eteryczny 15ml"},"content":{"rendered":"<p><strong>FHOPPERL Pure doTERRA Olejek eteryczny<\/strong><\/p>\n<p>Foeniculum vulgare | 15ml<\/p>\n<p>&nbsp;<\/p>\n<p><strong>FENNEL Pure doTERRA Essential Oil Opis:<\/strong><\/p>\n<p>Koper w\u0142oski, kt\u00f3ry by\u0142 u\u017cywany od wiek\u00f3w, ma wiele u\u017cytecznych w\u0142a\u015bciwo\u015bci i ma wy\u015bmienity aromat lukrecji.<\/p>\n<ul>\n<li>Pyszny dodatek do zup, sos\u00f3w i sa\u0142atek<\/li>\n<li>Stosowany na sk\u00f3r\u0119 \u0142agodzi i \u0142agodzi b\u00f3l. Przed na\u0142o\u017ceniem na sk\u00f3r\u0119 rozcie\u0144czy\u0107.<\/li>\n<li>Daje pewno\u015b\u0107 siebie i energi\u0119<\/li>\n<li>Wspomaga funkcjonowanie uk\u0142adu trawiennego<\/li>\n<li>Stosowany wewn\u0119trznie poprawia metabolizm i kr\u0105\u017cenie.<\/li>\n<li>  1-3 krople (rozcie\u0144czone olejem no\u015bnikowym) do smarowania obszaru \u017co\u0142\u0105dka przed i po jedzeniu &#8211; w celu z\u0142agodzenia zaburze\u0144 od\u017cywiania<\/li>\n<li>Kropl\u00f3wka 1 -2 krople do wody lub herbaty, je\u015bli bardzo poci\u0105gaj\u0105 Ci\u0119 s\u0142odycze.<\/li>\n<li>Kropl\u00f3wka 1-2 krople do pustej kapsu\u0142ki w celu poprawy metabolizmu<\/li>\n<li>Para z dyfuzorem.<\/li>\n<\/ul>\n<p>Jednocze\u015bnie odpowiednie s\u0105 olejki eteryczne z imbiru, mandarynek, grejpfruta, paczuli, eukaliptusa, kurkumy.<\/p>\n<p>&nbsp;<\/p>\n<p>Wi\u0119cej informacji o <strong>FENNEL <\/strong><strong>doTERRA<\/strong><strong> <\/strong><strong>Olejek eteryczny <\/strong>znajdziesz w poni\u017cszym filmie.<\/p>\n<p><iframe title=\"Odkryj zalety olejku eterycznego z kopru w\u0142oskiego doTERRA\" src=\"https:\/\/www.youtube.com\/embed\/N73KBACVwn4\" width=\"853\" height=\"480\" frameborder=\"0\" allowfullscreen=\"allowfullscreen\"><\/iframe><\/p>\n","protected":false},"excerpt":{"rendered":"<ul>\n<li>Pyszny dodatek do zup, sos\u00f3w i sa\u0142atek<\/li>\n<li>Stosowany na sk\u00f3r\u0119 \u0142agodzi i \u0142agodzi b\u00f3l<\/li>\n<li>Daje pewno\u015b\u0107 siebie i energi\u0119<\/li>\n<\/ul>\n","protected":false},"featured_media":12561,"template":"","meta":{"site-sidebar-layout":"default","site-content-layout":"default","ast-site-content-layout":"default","site-content-style":"default","site-sidebar-style":"default","ast-global-header-display":"","ast-banner-title-visibility":"","ast-main-header-display":"","ast-hfb-above-header-display":"","ast-hfb-below-header-display":"","ast-hfb-mobile-header-display":"","site-post-title":"","ast-breadcrumbs-content":"","ast-featured-img":"","footer-sml-layout":"","ast-disable-related-posts":"","theme-transparent-header-meta":"default","adv-header-id-meta":"","stick-header-meta":"","header-above-stick-meta":"","header-main-stick-meta":"","header-below-stick-meta":"","astra-migrate-meta-layouts":"default","ast-page-background-enabled":"default","ast-page-background-meta":{"desktop":{"background-color":"","background-image":"","background-repeat":"repeat","background-position":"center center","background-size":"auto","background-attachment":"scroll","background-type":"","background-media":"","overlay-type":"","overlay-color":"","overlay-opacity":"","overlay-gradient":""},"tablet":{"background-color":"","background-image":"","background-repeat":"repeat","background-position":"center center","background-size":"auto","background-attachment":"scroll","background-type":"","background-media":"","overlay-type":"","overlay-color":"","overlay-opacity":"","overlay-gradient":""},"mobile":{"background-color":"","background-image":"","background-repeat":"repeat","background-position":"center center","background-size":"auto","background-attachment":"scroll","background-type":"","background-media":"","overlay-type":"","overlay-color":"","overlay-opacity":"","overlay-gradient":""}},"ast-content-background-meta":{"desktop":{"background-color":"var(--ast-global-color-5)","background-image":"","background-repeat":"repeat","background-position":"center center","background-size":"auto","background-attachment":"scroll","background-type":"","background-media":"","overlay-type":"","overlay-color":"","overlay-opacity":"","overlay-gradient":""},"tablet":{"background-color":"var(--ast-global-color-5)","background-image":"","background-repeat":"repeat","background-position":"center center","background-size":"auto","background-attachment":"scroll","background-type":"","background-media":"","overlay-type":"","overlay-color":"","overlay-opacity":"","overlay-gradient":""},"mobile":{"background-color":"var(--ast-global-color-5)","background-image":"","background-repeat":"repeat","background-position":"center center","background-size":"auto","background-attachment":"scroll","background-type":"","background-media":"","overlay-type":"","overlay-color":"","overlay-opacity":"","overlay-gradient":""}}},"product_brand":[],"product_cat":[1704,1755,1698,1758],"product_tag":[726,1233,1533],"class_list":{"0":"post-16494","1":"product","2":"type-product","3":"status-publish","4":"has-post-thumbnail","6":"product_cat-czyste-olejki-eteryczne","7":"product_cat-dla-dzieci","8":"product_cat-olejki-eteryczne","9":"product_cat-trawienie","10":"product_tag-15-ml-pl-2","11":"product_tag-fennel-pl","12":"product_tag-olejki-eteryczne","13":"desktop-align-left","14":"tablet-align-left","15":"mobile-align-left","17":"first","18":"instock","19":"taxable","20":"shipping-taxable","21":"purchasable","22":"product-type-simple"},"_links":{"self":[{"href":"https:\/\/mamaterra.lt\/pl\/wp-json\/wp\/v2\/product\/16494","targetHints":{"allow":["GET"]}}],"collection":[{"href":"https:\/\/mamaterra.lt\/pl\/wp-json\/wp\/v2\/product"}],"about":[{"href":"https:\/\/mamaterra.lt\/pl\/wp-json\/wp\/v2\/types\/product"}],"wp:featuredmedia":[{"embeddable":true,"href":"https:\/\/mamaterra.lt\/pl\/wp-json\/wp\/v2\/media\/12561"}],"wp:attachment":[{"href":"https:\/\/mamaterra.lt\/pl\/wp-json\/wp\/v2\/media?parent=16494"}],"wp:term":[{"taxonomy":"product_brand","embeddable":true,"href":"https:\/\/mamaterra.lt\/pl\/wp-json\/wp\/v2\/product_brand?post=16494"},{"taxonomy":"product_cat","embeddable":true,"href":"https:\/\/mamaterra.lt\/pl\/wp-json\/wp\/v2\/product_cat?post=16494"},{"taxonomy":"product_tag","embeddable":true,"href":"https:\/\/mamaterra.lt\/pl\/wp-json\/wp\/v2\/product_tag?post=16494"}],"curies":[{"name":"wp","href":"https:\/\/api.w.org\/{rel}","templated":true}]}}