{"id":16493,"date":"2021-04-18T16:41:23","date_gmt":"2021-04-18T15:41:23","guid":{"rendered":"https:\/\/mamaterra.lt\/parduotuve\/bez-kategorii\/lemon-eucalyptus-pure-doterra-olejek-eteryczny-15ml\/"},"modified":"2021-04-18T16:41:23","modified_gmt":"2021-04-18T15:41:23","slug":"cytryna-eukaliptus-pure-doterra-olejek-eteryczny-15ml","status":"publish","type":"product","link":"https:\/\/mamaterra.lt\/pl\/parduotuve\/olejki-eteryczne\/czyste-olejki-eteryczne\/cytryna-eukaliptus-pure-doterra-olejek-eteryczny-15ml\/","title":{"rendered":"LEMON EUCALYPTUS Pure doTERRA Olejek Eteryczny 15ml"},"content":{"rendered":"<p><strong>LEMON EUCALYPTUS Pure doTERRA Olejek eteryczny<\/strong><\/p>\n<p>Eucalyptus citriodora | 15ml<\/p>\n<p>&nbsp;<\/p>\n<p><strong>Opis olejku eterycznego LEMON EUCALYPTUS Pure doTERRA:<\/strong><\/p>\n<p>Olejek cytrynowo-chabrowy jest bardzo przydatny dla sk\u00f3ry i ma wiele w\u0142a\u015bciwo\u015bci, kt\u00f3re maj\u0105 korzystny wp\u0142yw na sk\u00f3r\u0119. Cytrynowy olejek koralowy znany jest r\u00f3wnie\u017c ze swojego orze\u017awiaj\u0105cego aromatu, kt\u00f3ry pomaga o\u017cywi\u0107 \u015brodowisko.<\/p>\n<ul>\n<li>Oczyszcza sk\u00f3r\u0119 i utrzymuje jej dobr\u0105 kondycj\u0119<\/li>\n<li>Poprawiaj\u0105cy nastr\u00f3j i orze\u017awiaj\u0105cy aromat<\/li>\n<li>Charakteryzuje si\u0119 szczeg\u00f3lnie siln\u0105 ochron\u0105 przed komarami, \u017caluzjami, kleszczami<\/li>\n<li>Oczyszcza i rozja\u015bnia powietrze<\/li>\n<li>Doskona\u0142y dodatek do koj\u0105cego masa\u017cu<\/li>\n<\/ul>\n<p>&nbsp;<\/p>\n<p>Wi\u0119cej informacji o <strong>LEMON EUCALYPTUS<\/strong><strong>doTERRA<\/strong><strong> <\/strong><strong>Olejek eteryczny <\/strong>znajdziesz w poni\u017cszym filmie.<\/p>\n<p><iframe title=\"Odkryj olejek eteryczny z eukaliptusa cytrynowego doTERRA\" src=\"https:\/\/www.youtube.com\/embed\/TNddOYjY4FU\" width=\"853\" height=\"480\" frameborder=\"0\" allowfullscreen=\"allowfullscreen\"><\/iframe><\/p>\n","protected":false},"excerpt":{"rendered":"<ul>\n<li>Oczyszcza sk\u00f3r\u0119 i utrzymuje jej dobr\u0105 kondycj\u0119<\/li>\n<li>Poprawiaj\u0105cy nastr\u00f3j i orze\u017awiaj\u0105cy aromat<\/li>\n<li>Stosowany na sk\u00f3r\u0119 ma wiele przydatnych w\u0142a\u015bciwo\u015bci<\/li>\n<li>Doskona\u0142y dodatek do koj\u0105cego masa\u017cu<\/li>\n<\/ul>\n","protected":false},"featured_media":12759,"template":"","meta":{"site-sidebar-layout":"default","site-content-layout":"default","ast-site-content-layout":"default","site-content-style":"default","site-sidebar-style":"default","ast-global-header-display":"","ast-banner-title-visibility":"","ast-main-header-display":"","ast-hfb-above-header-display":"","ast-hfb-below-header-display":"","ast-hfb-mobile-header-display":"","site-post-title":"","ast-breadcrumbs-content":"","ast-featured-img":"","footer-sml-layout":"","ast-disable-related-posts":"","theme-transparent-header-meta":"default","adv-header-id-meta":"","stick-header-meta":"","header-above-stick-meta":"","header-main-stick-meta":"","header-below-stick-meta":"","astra-migrate-meta-layouts":"default","ast-page-background-enabled":"default","ast-page-background-meta":{"desktop":{"background-color":"","background-image":"","background-repeat":"repeat","background-position":"center center","background-size":"auto","background-attachment":"scroll","background-type":"","background-media":"","overlay-type":"","overlay-color":"","overlay-opacity":"","overlay-gradient":""},"tablet":{"background-color":"","background-image":"","background-repeat":"repeat","background-position":"center center","background-size":"auto","background-attachment":"scroll","background-type":"","background-media":"","overlay-type":"","overlay-color":"","overlay-opacity":"","overlay-gradient":""},"mobile":{"background-color":"","background-image":"","background-repeat":"repeat","background-position":"center center","background-size":"auto","background-attachment":"scroll","background-type":"","background-media":"","overlay-type":"","overlay-color":"","overlay-opacity":"","overlay-gradient":""}},"ast-content-background-meta":{"desktop":{"background-color":"var(--ast-global-color-5)","background-image":"","background-repeat":"repeat","background-position":"center center","background-size":"auto","background-attachment":"scroll","background-type":"","background-media":"","overlay-type":"","overlay-color":"","overlay-opacity":"","overlay-gradient":""},"tablet":{"background-color":"var(--ast-global-color-5)","background-image":"","background-repeat":"repeat","background-position":"center center","background-size":"auto","background-attachment":"scroll","background-type":"","background-media":"","overlay-type":"","overlay-color":"","overlay-opacity":"","overlay-gradient":""},"mobile":{"background-color":"var(--ast-global-color-5)","background-image":"","background-repeat":"repeat","background-position":"center center","background-size":"auto","background-attachment":"scroll","background-type":"","background-media":"","overlay-type":"","overlay-color":"","overlay-opacity":"","overlay-gradient":""}}},"product_brand":[],"product_cat":[1704,1728,1735,1743,1698],"product_tag":[726,1125,1533],"class_list":{"0":"post-16493","1":"product","2":"type-product","3":"status-publish","4":"has-post-thumbnail","6":"product_cat-czyste-olejki-eteryczne","7":"product_cat-dla-wzmocnienia-odpornosci","8":"product_cat-masaz","9":"product_cat-od-komarow-i-kleszczy","10":"product_cat-olejki-eteryczne","11":"product_tag-15-ml-pl-2","12":"product_tag-lemon-eucalyptus-pl","13":"product_tag-olejki-eteryczne","14":"desktop-align-left","15":"tablet-align-left","16":"mobile-align-left","18":"first","19":"instock","20":"taxable","21":"shipping-taxable","22":"purchasable","23":"product-type-simple"},"_links":{"self":[{"href":"https:\/\/mamaterra.lt\/pl\/wp-json\/wp\/v2\/product\/16493","targetHints":{"allow":["GET"]}}],"collection":[{"href":"https:\/\/mamaterra.lt\/pl\/wp-json\/wp\/v2\/product"}],"about":[{"href":"https:\/\/mamaterra.lt\/pl\/wp-json\/wp\/v2\/types\/product"}],"wp:featuredmedia":[{"embeddable":true,"href":"https:\/\/mamaterra.lt\/pl\/wp-json\/wp\/v2\/media\/12759"}],"wp:attachment":[{"href":"https:\/\/mamaterra.lt\/pl\/wp-json\/wp\/v2\/media?parent=16493"}],"wp:term":[{"taxonomy":"product_brand","embeddable":true,"href":"https:\/\/mamaterra.lt\/pl\/wp-json\/wp\/v2\/product_brand?post=16493"},{"taxonomy":"product_cat","embeddable":true,"href":"https:\/\/mamaterra.lt\/pl\/wp-json\/wp\/v2\/product_cat?post=16493"},{"taxonomy":"product_tag","embeddable":true,"href":"https:\/\/mamaterra.lt\/pl\/wp-json\/wp\/v2\/product_tag?post=16493"}],"curies":[{"name":"wp","href":"https:\/\/api.w.org\/{rel}","templated":true}]}}