{"id":16491,"date":"2021-04-18T16:39:06","date_gmt":"2021-04-18T15:39:06","guid":{"rendered":"https:\/\/mamaterra.lt\/parduotuve\/bez-kategorii\/zielona-mandarynka-pure-doterra-olejek-eteryczny-15ml\/"},"modified":"2021-04-18T16:39:06","modified_gmt":"2021-04-18T15:39:06","slug":"zielona-mandarynka-pure-doterra-olejek-15ml","status":"publish","type":"product","link":"https:\/\/mamaterra.lt\/pl\/parduotuve\/olejki-eteryczne\/czyste-olejki-eteryczne\/zielona-mandarynka-pure-doterra-olejek-15ml\/","title":{"rendered":"ZIELONA MANDARYNKA Pure doTERRA Olejek Eteryczny 15ml"},"content":{"rendered":"<p><strong>ZIELONA MANDARYNKA Olejek eteryczny Pure doTERRA  <\/strong><\/p>\n<p>Citrus nobilis | 15ml<\/p>\n<p>&nbsp;<\/p>\n<p><strong>GREEN MANDARIN Pure doTERRA Essential Oil Opis:<\/strong><\/p>\n<p>Olejek eteryczny z zielonych mandarynek t\u0142oczony z niedojrza\u0142ych mandarynek, ze wzgl\u0119du na sw\u00f3j zapach i metody u\u017cycia, jest wyj\u0105tkowy w\u015br\u00f3d wszystkich olejk\u00f3w cytrusowych.<\/p>\n<p>Pomaga poczu\u0107 spok\u00f3j<br \/>\nU\u017cyj go do gotowania \u2013 szybko nada potrawom orze\u017awiaj\u0105cy smak<\/p>\n<p>Czasami czujemy si\u0119 przyt\u0142oczeni, poniewa\u017c nosimy ci\u0119\u017car, kt\u00f3ry nie nale\u017cy do nas.<\/p>\n<p>Czy to mo\u017cliwe, \u017ce brakuje ci energii emocjonalnej, poniewa\u017c bierzesz odpowiedzialno\u015b\u0107 za innych?<\/p>\n<p>Pomy\u015bl o tym, gdy pr\u00f3bujesz otworzy\u0107 swoje serce na mo\u017cliwo\u015b\u0107 g\u0142\u0119bokiej i trwa\u0142ej odnowy emocjonalnej. Zielona mandarynka pomo\u017ce w tej podr\u00f3\u017cy.<\/p>\n<p><strong>Olejek eteryczny Green Mandarin doTERRA wykorzystuje:<\/strong><\/p>\n<ul>\n<li>Olej ten jest szczeg\u00f3lnie odpowiedni dla dzieci i szczeg\u00f3lnie wra\u017cliwych os\u00f3b. W po\u0142\u0105czeniu z Lavender, Vetiver, Rose i \/ lub Nerolis, pomo\u017cesz uspokoi\u0107 negatywne emocje i zapewni\u0107 stabilno\u015b\u0107 fizyczn\u0105 i emocjonaln\u0105.<\/li>\n<li>Depresja, z\u0142o\u015b\u0107, nerwowo\u015b\u0107, budzenie wewn\u0119trznego dziecka &#8211; parowanie, jedna kropla pod j\u0119zykiem + smarowanie pulsuj\u0105cych obszar\u00f3w.<\/li>\n<li>L\u0119k sytuacyjny &#8211; zastosuj 1-2 krople pod nosem, par\u0105, wdychaj z d\u0142oni i \/ lub skanuj wod\u0119.<\/li>\n<\/ul>\n<p>&nbsp;<\/p>\n<p>Obejrzyj film o olejku eterycznym doTERRA GREEN MANDARIN.<\/p>\n<p><iframe title=\"Odtwarzacz wideo YouTube\" src=\"https:\/\/www.youtube-nocookie.com\/embed\/dhhqYLfrmgM\" width=\"560\" height=\"315\" frameborder=\"0\" allowfullscreen=\"allowfullscreen\"><\/iframe><\/p>\n","protected":false},"excerpt":{"rendered":"<ul>\n<li>Pomaga poczu\u0107 spok\u00f3j<\/li>\n<li>U\u017cyj go do gotowania \u2013 szybko nada potrawom orze\u017awiaj\u0105cy smak<\/li>\n<\/ul>\n","protected":false},"featured_media":12312,"template":"","meta":{"site-sidebar-layout":"default","site-content-layout":"default","ast-site-content-layout":"default","site-content-style":"default","site-sidebar-style":"default","ast-global-header-display":"","ast-banner-title-visibility":"","ast-main-header-display":"","ast-hfb-above-header-display":"","ast-hfb-below-header-display":"","ast-hfb-mobile-header-display":"","site-post-title":"","ast-breadcrumbs-content":"","ast-featured-img":"","footer-sml-layout":"","ast-disable-related-posts":"","theme-transparent-header-meta":"default","adv-header-id-meta":"","stick-header-meta":"","header-above-stick-meta":"","header-main-stick-meta":"","header-below-stick-meta":"","astra-migrate-meta-layouts":"default","ast-page-background-enabled":"default","ast-page-background-meta":{"desktop":{"background-color":"","background-image":"","background-repeat":"repeat","background-position":"center center","background-size":"auto","background-attachment":"scroll","background-type":"","background-media":"","overlay-type":"","overlay-color":"","overlay-opacity":"","overlay-gradient":""},"tablet":{"background-color":"","background-image":"","background-repeat":"repeat","background-position":"center center","background-size":"auto","background-attachment":"scroll","background-type":"","background-media":"","overlay-type":"","overlay-color":"","overlay-opacity":"","overlay-gradient":""},"mobile":{"background-color":"","background-image":"","background-repeat":"repeat","background-position":"center center","background-size":"auto","background-attachment":"scroll","background-type":"","background-media":"","overlay-type":"","overlay-color":"","overlay-opacity":"","overlay-gradient":""}},"ast-content-background-meta":{"desktop":{"background-color":"var(--ast-global-color-5)","background-image":"","background-repeat":"repeat","background-position":"center center","background-size":"auto","background-attachment":"scroll","background-type":"","background-media":"","overlay-type":"","overlay-color":"","overlay-opacity":"","overlay-gradient":""},"tablet":{"background-color":"var(--ast-global-color-5)","background-image":"","background-repeat":"repeat","background-position":"center center","background-size":"auto","background-attachment":"scroll","background-type":"","background-media":"","overlay-type":"","overlay-color":"","overlay-opacity":"","overlay-gradient":""},"mobile":{"background-color":"var(--ast-global-color-5)","background-image":"","background-repeat":"repeat","background-position":"center center","background-size":"auto","background-attachment":"scroll","background-type":"","background-media":"","overlay-type":"","overlay-color":"","overlay-opacity":"","overlay-gradient":""}}},"product_brand":[],"product_cat":[1704,1698],"product_tag":[726,1492,1533],"class_list":{"0":"post-16491","1":"product","2":"type-product","3":"status-publish","4":"has-post-thumbnail","6":"product_cat-czyste-olejki-eteryczne","7":"product_cat-olejki-eteryczne","8":"product_tag-15-ml-pl-2","9":"product_tag-green-mandarin-pl","10":"product_tag-olejki-eteryczne","11":"desktop-align-left","12":"tablet-align-left","13":"mobile-align-left","15":"first","16":"instock","17":"taxable","18":"shipping-taxable","19":"purchasable","20":"product-type-simple"},"_links":{"self":[{"href":"https:\/\/mamaterra.lt\/pl\/wp-json\/wp\/v2\/product\/16491","targetHints":{"allow":["GET"]}}],"collection":[{"href":"https:\/\/mamaterra.lt\/pl\/wp-json\/wp\/v2\/product"}],"about":[{"href":"https:\/\/mamaterra.lt\/pl\/wp-json\/wp\/v2\/types\/product"}],"wp:featuredmedia":[{"embeddable":true,"href":"https:\/\/mamaterra.lt\/pl\/wp-json\/wp\/v2\/media\/12312"}],"wp:attachment":[{"href":"https:\/\/mamaterra.lt\/pl\/wp-json\/wp\/v2\/media?parent=16491"}],"wp:term":[{"taxonomy":"product_brand","embeddable":true,"href":"https:\/\/mamaterra.lt\/pl\/wp-json\/wp\/v2\/product_brand?post=16491"},{"taxonomy":"product_cat","embeddable":true,"href":"https:\/\/mamaterra.lt\/pl\/wp-json\/wp\/v2\/product_cat?post=16491"},{"taxonomy":"product_tag","embeddable":true,"href":"https:\/\/mamaterra.lt\/pl\/wp-json\/wp\/v2\/product_tag?post=16491"}],"curies":[{"name":"wp","href":"https:\/\/api.w.org\/{rel}","templated":true}]}}