{"id":16489,"date":"2021-04-18T16:37:44","date_gmt":"2021-04-18T15:37:44","guid":{"rendered":"https:\/\/mamaterra.lt\/parduotuve\/bez-kategorii\/geranium-pure-doterra-olejek-eteryczny-15ml\/"},"modified":"2021-04-18T16:37:44","modified_gmt":"2021-04-18T15:37:44","slug":"pelargonia-geranium-pure-doterra-olejek-eteryczny-15ml","status":"publish","type":"product","link":"https:\/\/mamaterra.lt\/pl\/parduotuve\/olejki-eteryczne\/czyste-olejki-eteryczne\/pelargonia-geranium-pure-doterra-olejek-eteryczny-15ml\/","title":{"rendered":"GERANIUM Pure doTERRA Olejek Eteryczny 15ml"},"content":{"rendered":"<p><strong>Olejek eteryczny GERANIUM Pure doTERRA<\/strong><\/p>\n<p>Pelargonium graveolens | 15ml<\/p>\n<p>&nbsp;<\/p>\n<p><strong>GERANIUM Pure doTERRA Essential Oil Opis:<\/strong><\/p>\n<p>Geranium oczyszcza sk\u00f3r\u0119 i nadaje w\u0142osom zdrowy wygl\u0105d, dlatego idealnie nadaje si\u0119 do stosowania w produktach do piel\u0119gnacji sk\u00f3ry i w\u0142os\u00f3w.<\/p>\n<ul>\n<li>Nak\u0142adaj bezpo\u015brednio na sk\u00f3r\u0119 lub rozpieszczaj sk\u00f3r\u0119 twarzy par\u0105<\/li>\n<li>Stosowany na sk\u00f3r\u0119 po wzi\u0119ciu prysznica ma dzia\u0142anie przeciwb\u00f3lowe<\/li>\n<li>Dodaj kilka kropli do szamponu lub od\u017cywki: w\u0142osy stan\u0105 si\u0119 zdrowe i promienne<\/li>\n<\/ul>\n<p>&nbsp;<\/p>\n<p>Wi\u0119cej informacji o <strong>GERANIUM<\/strong><strong> <\/strong><strong>doTERRA<\/strong><strong> <\/strong><strong>Olejek eteryczny <\/strong>znajdziesz w poni\u017cszym filmie.<\/p>\n<p><iframe title=\"Korzy\u015bci z olejku eterycznego z geranium, zastosowania i pozyskiwanie dzi\u0119ki | doTERRA Seria Co Impact Sourcing\" src=\"https:\/\/www.youtube.com\/embed\/HjudA5KQcoY\" width=\"853\" height=\"480\" frameborder=\"0\" allowfullscreen=\"allowfullscreen\"><\/iframe><\/p>\n","protected":false},"excerpt":{"rendered":"<ul>\n<li>Nak\u0142adaj bezpo\u015brednio na sk\u00f3r\u0119 lub rozpieszczaj sk\u00f3r\u0119 twarzy par\u0105<\/li>\n<li>Stosowany na sk\u00f3r\u0119 po wzi\u0119ciu prysznica ma dzia\u0142anie przeciwb\u00f3lowe<\/li>\n<li>Dodaj kilka kropli do szamponu lub od\u017cywki: w\u0142osy stan\u0105 si\u0119 zdrowe i promienne<\/li>\n<\/ul>\n","protected":false},"featured_media":12555,"template":"","meta":{"site-sidebar-layout":"default","site-content-layout":"default","ast-site-content-layout":"default","site-content-style":"default","site-sidebar-style":"default","ast-global-header-display":"","ast-banner-title-visibility":"","ast-main-header-display":"","ast-hfb-above-header-display":"","ast-hfb-below-header-display":"","ast-hfb-mobile-header-display":"","site-post-title":"","ast-breadcrumbs-content":"","ast-featured-img":"","footer-sml-layout":"","ast-disable-related-posts":"","theme-transparent-header-meta":"default","adv-header-id-meta":"","stick-header-meta":"","header-above-stick-meta":"","header-main-stick-meta":"","header-below-stick-meta":"","astra-migrate-meta-layouts":"default","ast-page-background-enabled":"default","ast-page-background-meta":{"desktop":{"background-color":"","background-image":"","background-repeat":"repeat","background-position":"center center","background-size":"auto","background-attachment":"scroll","background-type":"","background-media":"","overlay-type":"","overlay-color":"","overlay-opacity":"","overlay-gradient":""},"tablet":{"background-color":"","background-image":"","background-repeat":"repeat","background-position":"center center","background-size":"auto","background-attachment":"scroll","background-type":"","background-media":"","overlay-type":"","overlay-color":"","overlay-opacity":"","overlay-gradient":""},"mobile":{"background-color":"","background-image":"","background-repeat":"repeat","background-position":"center center","background-size":"auto","background-attachment":"scroll","background-type":"","background-media":"","overlay-type":"","overlay-color":"","overlay-opacity":"","overlay-gradient":""}},"ast-content-background-meta":{"desktop":{"background-color":"var(--ast-global-color-5)","background-image":"","background-repeat":"repeat","background-position":"center center","background-size":"auto","background-attachment":"scroll","background-type":"","background-media":"","overlay-type":"","overlay-color":"","overlay-opacity":"","overlay-gradient":""},"tablet":{"background-color":"var(--ast-global-color-5)","background-image":"","background-repeat":"repeat","background-position":"center center","background-size":"auto","background-attachment":"scroll","background-type":"","background-media":"","overlay-type":"","overlay-color":"","overlay-opacity":"","overlay-gradient":""},"mobile":{"background-color":"var(--ast-global-color-5)","background-image":"","background-repeat":"repeat","background-position":"center center","background-size":"auto","background-attachment":"scroll","background-type":"","background-media":"","overlay-type":"","overlay-color":"","overlay-opacity":"","overlay-gradient":""}}},"product_brand":[],"product_cat":[1704,1711,1735,1750,1698,1752],"product_tag":[726,1203,1533],"class_list":{"0":"post-16489","1":"product","2":"type-product","3":"status-publish","4":"has-post-thumbnail","6":"product_cat-czyste-olejki-eteryczne","7":"product_cat-higiena-i-pielegnacja-skory","8":"product_cat-masaz","9":"product_cat-oczyszczanie-powietrza","10":"product_cat-olejki-eteryczne","11":"product_cat-radzenia-sobie-ze-stresem","12":"product_tag-15-ml-pl-2","13":"product_tag-geranium-pl","14":"product_tag-olejki-eteryczne","15":"desktop-align-left","16":"tablet-align-left","17":"mobile-align-left","19":"first","20":"instock","21":"sale","22":"taxable","23":"shipping-taxable","24":"purchasable","25":"product-type-simple"},"_links":{"self":[{"href":"https:\/\/mamaterra.lt\/pl\/wp-json\/wp\/v2\/product\/16489","targetHints":{"allow":["GET"]}}],"collection":[{"href":"https:\/\/mamaterra.lt\/pl\/wp-json\/wp\/v2\/product"}],"about":[{"href":"https:\/\/mamaterra.lt\/pl\/wp-json\/wp\/v2\/types\/product"}],"wp:featuredmedia":[{"embeddable":true,"href":"https:\/\/mamaterra.lt\/pl\/wp-json\/wp\/v2\/media\/12555"}],"wp:attachment":[{"href":"https:\/\/mamaterra.lt\/pl\/wp-json\/wp\/v2\/media?parent=16489"}],"wp:term":[{"taxonomy":"product_brand","embeddable":true,"href":"https:\/\/mamaterra.lt\/pl\/wp-json\/wp\/v2\/product_brand?post=16489"},{"taxonomy":"product_cat","embeddable":true,"href":"https:\/\/mamaterra.lt\/pl\/wp-json\/wp\/v2\/product_cat?post=16489"},{"taxonomy":"product_tag","embeddable":true,"href":"https:\/\/mamaterra.lt\/pl\/wp-json\/wp\/v2\/product_tag?post=16489"}],"curies":[{"name":"wp","href":"https:\/\/api.w.org\/{rel}","templated":true}]}}