{"id":16486,"date":"2021-04-18T16:42:07","date_gmt":"2021-04-18T15:42:07","guid":{"rendered":"https:\/\/mamaterra.lt\/parduotuve\/bez-kategorii\/lime-pure-doterra-olejek-eteryczny-15ml\/"},"modified":"2021-04-18T16:42:07","modified_gmt":"2021-04-18T15:42:07","slug":"limonka-pure-doterra-olejek-eteryczny-15ml","status":"publish","type":"product","link":"https:\/\/mamaterra.lt\/pl\/parduotuve\/olejki-eteryczne\/czyste-olejki-eteryczne\/limonka-pure-doterra-olejek-eteryczny-15ml\/","title":{"rendered":"LIME Pure doTERRA Olejek Eteryczny 15ml"},"content":{"rendered":"<p><strong>LIME Pure doTERRA Olejek eteryczny<\/strong><\/p>\n<p>Citrus aurantifolia | 15ml<\/p>\n<p>&nbsp;<\/p>\n<p><strong>Opis olejku eterycznego Green Lemon (LIME) Pure doTERRA:<\/strong><\/p>\n<p>Ze wzgl\u0119du na pikantny aromat cytrusowego olejku cytrynowego jest nieodzown\u0105 cz\u0119\u015bci\u0105 kolekcji olejk\u00f3w eterycznych.<\/p>\n<ul>\n<li>Korzystnie wp\u0142ywa na nastr\u00f3j, pobudza i od\u015bwie\u017ca<\/li>\n<li>Wzmacnia r\u00f3wnowag\u0119 emocjonaln\u0105 i dobre samopoczucie<\/li>\n<li>S\u0142odko-kwa\u015bna przyprawa do jedzenia<\/li>\n<\/ul>\n<p>&nbsp;<\/p>\n<p>Wi\u0119cej informacji o <strong>doterra green lemon (LIME) <\/strong><strong><\/strong><strong> <\/strong><strong>Olejek eteryczny <\/strong>znajdziesz w poni\u017cszym filmie.<\/p>\n<p><iframe title=\"Olejek eteryczny doTERRA Lime\" src=\"https:\/\/www.youtube.com\/embed\/zOj3bXr47HE\" width=\"853\" height=\"480\" frameborder=\"0\" allowfullscreen=\"allowfullscreen\"><\/iframe><\/p>\n","protected":false},"excerpt":{"rendered":"<ul>\n<li>Korzystnie wp\u0142ywa na nastr\u00f3j, pobudza i od\u015bwie\u017ca<\/li>\n<li>Wzmacnia r\u00f3wnowag\u0119 emocjonaln\u0105 i dobre samopoczucie<\/li>\n<li>S\u0142odko-kwa\u015bna przyprawa do jedzenia<\/li>\n<\/ul>\n","protected":false},"featured_media":12447,"template":"","meta":{"site-sidebar-layout":"default","site-content-layout":"default","ast-site-content-layout":"default","site-content-style":"default","site-sidebar-style":"default","ast-global-header-display":"","ast-banner-title-visibility":"","ast-main-header-display":"","ast-hfb-above-header-display":"","ast-hfb-below-header-display":"","ast-hfb-mobile-header-display":"","site-post-title":"","ast-breadcrumbs-content":"","ast-featured-img":"","footer-sml-layout":"","ast-disable-related-posts":"","theme-transparent-header-meta":"default","adv-header-id-meta":"","stick-header-meta":"","header-above-stick-meta":"","header-main-stick-meta":"","header-below-stick-meta":"","astra-migrate-meta-layouts":"default","ast-page-background-enabled":"default","ast-page-background-meta":{"desktop":{"background-color":"","background-image":"","background-repeat":"repeat","background-position":"center center","background-size":"auto","background-attachment":"scroll","background-type":"","background-media":"","overlay-type":"","overlay-color":"","overlay-opacity":"","overlay-gradient":""},"tablet":{"background-color":"","background-image":"","background-repeat":"repeat","background-position":"center center","background-size":"auto","background-attachment":"scroll","background-type":"","background-media":"","overlay-type":"","overlay-color":"","overlay-opacity":"","overlay-gradient":""},"mobile":{"background-color":"","background-image":"","background-repeat":"repeat","background-position":"center center","background-size":"auto","background-attachment":"scroll","background-type":"","background-media":"","overlay-type":"","overlay-color":"","overlay-opacity":"","overlay-gradient":""}},"ast-content-background-meta":{"desktop":{"background-color":"var(--ast-global-color-5)","background-image":"","background-repeat":"repeat","background-position":"center center","background-size":"auto","background-attachment":"scroll","background-type":"","background-media":"","overlay-type":"","overlay-color":"","overlay-opacity":"","overlay-gradient":""},"tablet":{"background-color":"var(--ast-global-color-5)","background-image":"","background-repeat":"repeat","background-position":"center center","background-size":"auto","background-attachment":"scroll","background-type":"","background-media":"","overlay-type":"","overlay-color":"","overlay-opacity":"","overlay-gradient":""},"mobile":{"background-color":"var(--ast-global-color-5)","background-image":"","background-repeat":"repeat","background-position":"center center","background-size":"auto","background-attachment":"scroll","background-type":"","background-media":"","overlay-type":"","overlay-color":"","overlay-opacity":"","overlay-gradient":""}}},"product_brand":[],"product_cat":[1704,1698],"product_tag":[726,1131,1533],"class_list":{"0":"post-16486","1":"product","2":"type-product","3":"status-publish","4":"has-post-thumbnail","6":"product_cat-czyste-olejki-eteryczne","7":"product_cat-olejki-eteryczne","8":"product_tag-15-ml-pl-2","9":"product_tag-lime-pl","10":"product_tag-olejki-eteryczne","11":"desktop-align-left","12":"tablet-align-left","13":"mobile-align-left","15":"first","16":"instock","17":"taxable","18":"shipping-taxable","19":"purchasable","20":"product-type-simple"},"_links":{"self":[{"href":"https:\/\/mamaterra.lt\/pl\/wp-json\/wp\/v2\/product\/16486","targetHints":{"allow":["GET"]}}],"collection":[{"href":"https:\/\/mamaterra.lt\/pl\/wp-json\/wp\/v2\/product"}],"about":[{"href":"https:\/\/mamaterra.lt\/pl\/wp-json\/wp\/v2\/types\/product"}],"wp:featuredmedia":[{"embeddable":true,"href":"https:\/\/mamaterra.lt\/pl\/wp-json\/wp\/v2\/media\/12447"}],"wp:attachment":[{"href":"https:\/\/mamaterra.lt\/pl\/wp-json\/wp\/v2\/media?parent=16486"}],"wp:term":[{"taxonomy":"product_brand","embeddable":true,"href":"https:\/\/mamaterra.lt\/pl\/wp-json\/wp\/v2\/product_brand?post=16486"},{"taxonomy":"product_cat","embeddable":true,"href":"https:\/\/mamaterra.lt\/pl\/wp-json\/wp\/v2\/product_cat?post=16486"},{"taxonomy":"product_tag","embeddable":true,"href":"https:\/\/mamaterra.lt\/pl\/wp-json\/wp\/v2\/product_tag?post=16486"}],"curies":[{"name":"wp","href":"https:\/\/api.w.org\/{rel}","templated":true}]}}