{"id":16483,"date":"2021-04-18T16:39:55","date_gmt":"2021-04-18T15:39:55","guid":{"rendered":"https:\/\/mamaterra.lt\/parduotuve\/bez-kategorii\/juniper-berry-pure-doterra-olejek-eteryczny-5ml\/"},"modified":"2021-04-18T16:39:55","modified_gmt":"2021-04-18T15:39:55","slug":"jalowiec-jagoda-pure-doterra-olejek-5ml","status":"publish","type":"product","link":"https:\/\/mamaterra.lt\/pl\/parduotuve\/olejki-eteryczne\/czyste-olejki-eteryczne\/jalowiec-jagoda-pure-doterra-olejek-5ml\/","title":{"rendered":"JUNIPER BERRY Pure doTERRA Olejek Eteryczny 5ml"},"content":{"rendered":"<p><strong>JUNIPER BERRY Pure doTERRA Olejek eteryczny<\/strong><\/p>\n<p>Juniperus communis | 5ml<\/p>\n<p>&nbsp;<\/p>\n<p><strong>JUNIPER BERRY Pure doTERRA Essential Oil Opis:<\/strong><\/p>\n<p>Pikantny pachn\u0105cy drewnem, ale orze\u017awiaj\u0105cy aromat olejku eterycznego z jag\u00f3d ja\u0142owca ma d\u0142ug\u0105 histori\u0119 tradycyjnego zastosowania i ma korzystne w\u0142a\u015bciwo\u015bci zdrowotne.<\/p>\n<ul>\n<li>Dzia\u0142a jak naturalny tonik do sk\u00f3ry<\/li>\n<li>Nadaje pikantn\u0105 przypraw\u0119 gor\u0105cym napojom i deserom<\/li>\n<li>\u0141agodzi i pomaga uziemi\u0107 emocje<\/li>\n<\/ul>\n<p>&nbsp;<\/p>\n<p>Wi\u0119cej informacji o <strong>JUNIPER BERRY <\/strong><strong>doTERRA<\/strong><strong> <\/strong><strong>Olejek eteryczny <\/strong>znajdziesz w poni\u017cszym filmie.<\/p>\n<p><iframe title=\"Detoksykacja, od\u015bwie\u017canie i oczyszczanie - Dodaj jagod\u0119 ja\u0142owca do swojej rutyny treningowej\" src=\"https:\/\/www.youtube.com\/embed\/y47-1MmuaE4\" width=\"853\" height=\"480\" frameborder=\"0\" allowfullscreen=\"allowfullscreen\"><\/iframe><\/p>\n","protected":false},"excerpt":{"rendered":"<ul>\n<li>Dzia\u0142a jak naturalny tonik do sk\u00f3ry<\/li>\n<li>Nadaje pikantn\u0105 przypraw\u0119 gor\u0105cym napojom i deserom<\/li>\n<li>\u0141agodzi i pomaga uziemi\u0107 emocje<\/li>\n<\/ul>\n","protected":false},"featured_media":12624,"template":"","meta":{"site-sidebar-layout":"default","site-content-layout":"default","ast-site-content-layout":"default","site-content-style":"default","site-sidebar-style":"default","ast-global-header-display":"","ast-banner-title-visibility":"","ast-main-header-display":"","ast-hfb-above-header-display":"","ast-hfb-below-header-display":"","ast-hfb-mobile-header-display":"","site-post-title":"","ast-breadcrumbs-content":"","ast-featured-img":"","footer-sml-layout":"","ast-disable-related-posts":"","theme-transparent-header-meta":"default","adv-header-id-meta":"","stick-header-meta":"","header-above-stick-meta":"","header-main-stick-meta":"","header-below-stick-meta":"","astra-migrate-meta-layouts":"default","ast-page-background-enabled":"default","ast-page-background-meta":{"desktop":{"background-color":"","background-image":"","background-repeat":"repeat","background-position":"center center","background-size":"auto","background-attachment":"scroll","background-type":"","background-media":"","overlay-type":"","overlay-color":"","overlay-opacity":"","overlay-gradient":""},"tablet":{"background-color":"","background-image":"","background-repeat":"repeat","background-position":"center center","background-size":"auto","background-attachment":"scroll","background-type":"","background-media":"","overlay-type":"","overlay-color":"","overlay-opacity":"","overlay-gradient":""},"mobile":{"background-color":"","background-image":"","background-repeat":"repeat","background-position":"center center","background-size":"auto","background-attachment":"scroll","background-type":"","background-media":"","overlay-type":"","overlay-color":"","overlay-opacity":"","overlay-gradient":""}},"ast-content-background-meta":{"desktop":{"background-color":"var(--ast-global-color-5)","background-image":"","background-repeat":"repeat","background-position":"center center","background-size":"auto","background-attachment":"scroll","background-type":"","background-media":"","overlay-type":"","overlay-color":"","overlay-opacity":"","overlay-gradient":""},"tablet":{"background-color":"var(--ast-global-color-5)","background-image":"","background-repeat":"repeat","background-position":"center center","background-size":"auto","background-attachment":"scroll","background-type":"","background-media":"","overlay-type":"","overlay-color":"","overlay-opacity":"","overlay-gradient":""},"mobile":{"background-color":"var(--ast-global-color-5)","background-image":"","background-repeat":"repeat","background-position":"center center","background-size":"auto","background-attachment":"scroll","background-type":"","background-media":"","overlay-type":"","overlay-color":"","overlay-opacity":"","overlay-gradient":""}}},"product_brand":[],"product_cat":[1704,1738,1698],"product_tag":[713,1175,1533],"class_list":{"0":"post-16483","1":"product","2":"type-product","3":"status-publish","4":"has-post-thumbnail","6":"product_cat-czyste-olejki-eteryczne","7":"product_cat-do-spania","8":"product_cat-olejki-eteryczne","9":"product_tag-5-ml-pl-2","10":"product_tag-juniper-berry-pl","11":"product_tag-olejki-eteryczne","12":"desktop-align-left","13":"tablet-align-left","14":"mobile-align-left","16":"first","17":"instock","18":"taxable","19":"shipping-taxable","20":"purchasable","21":"product-type-simple"},"_links":{"self":[{"href":"https:\/\/mamaterra.lt\/pl\/wp-json\/wp\/v2\/product\/16483","targetHints":{"allow":["GET"]}}],"collection":[{"href":"https:\/\/mamaterra.lt\/pl\/wp-json\/wp\/v2\/product"}],"about":[{"href":"https:\/\/mamaterra.lt\/pl\/wp-json\/wp\/v2\/types\/product"}],"wp:featuredmedia":[{"embeddable":true,"href":"https:\/\/mamaterra.lt\/pl\/wp-json\/wp\/v2\/media\/12624"}],"wp:attachment":[{"href":"https:\/\/mamaterra.lt\/pl\/wp-json\/wp\/v2\/media?parent=16483"}],"wp:term":[{"taxonomy":"product_brand","embeddable":true,"href":"https:\/\/mamaterra.lt\/pl\/wp-json\/wp\/v2\/product_brand?post=16483"},{"taxonomy":"product_cat","embeddable":true,"href":"https:\/\/mamaterra.lt\/pl\/wp-json\/wp\/v2\/product_cat?post=16483"},{"taxonomy":"product_tag","embeddable":true,"href":"https:\/\/mamaterra.lt\/pl\/wp-json\/wp\/v2\/product_tag?post=16483"}],"curies":[{"name":"wp","href":"https:\/\/api.w.org\/{rel}","templated":true}]}}