{"id":16477,"date":"2021-04-18T16:45:06","date_gmt":"2021-04-18T15:45:06","guid":{"rendered":"https:\/\/mamaterra.lt\/parduotuve\/bez-kategorii\/doterra-peppermint-olejek-eteryczny-groszek-125-szt\/"},"modified":"2021-04-18T16:45:06","modified_gmt":"2021-04-18T15:45:06","slug":"doterra-mieta-pieprzowa-olejek-groszek-125-szt","status":"publish","type":"product","link":"https:\/\/mamaterra.lt\/pl\/parduotuve\/olejki-eteryczne\/czyste-olejki-eteryczne\/doterra-mieta-pieprzowa-olejek-groszek-125-szt\/","title":{"rendered":"doTERRA PEPPERMINT Olejek eteryczny Groszek (125 szt.)"},"content":{"rendered":"<p><strong>doTERRA PEPPERMINT Olejek eteryczny Groszek<\/strong><\/p>\n<p>Mentha piperita | 125 groszk\u00f3w<\/p>\n<p>&nbsp;<\/p>\n<p><strong>doTERRA PEPPERMINT Olejek grochowy Informacje o tym:<\/strong><\/p>\n<p>Ciesz si\u0119 orze\u017awiaj\u0105cym i orze\u017awiaj\u0105cym wk\u0142adem mi\u0119ty pieprzowej z wygodnym przepysznym groszkiem.<\/p>\n<ul>\n<li>Pomaga utrzyma\u0107 zdrowie jamy ustnej<\/li>\n<li>Eliminuje nieprzyjemne uczucie w \u017co\u0142\u0105dku<\/li>\n<li>Ma wszystkie zalety olejku eterycznego z mi\u0119ty pieprzowej<\/li>\n<\/ul>\n<p>&nbsp;<\/p>\n<p>Wi\u0119cej informacji o <strong>grochu olejk\u00f3w eterycznych doTERRA On Guard\u2122<\/strong><strong> <\/strong>Znajdziecie go na poni\u017cszym filmie.<\/p>\n<p><iframe title=\"doTERRA Koraliki mi\u0119towe\" src=\"https:\/\/www.youtube.com\/embed\/tO20VEF3F4k\" width=\"853\" height=\"480\" frameborder=\"0\" allowfullscreen=\"allowfullscreen\"><\/iframe><\/p>\n","protected":false},"excerpt":{"rendered":"<ul>\n<li>Pomaga utrzyma\u0107 zdrowie jamy ustnej<\/li>\n<li>Eliminuje nieprzyjemne uczucie w \u017co\u0142\u0105dku<\/li>\n<li>Ma wszystkie zalety olejku eterycznego z mi\u0119ty pieprzowej<\/li>\n<\/ul>\n","protected":false},"featured_media":12549,"template":"","meta":{"site-sidebar-layout":"default","site-content-layout":"default","ast-site-content-layout":"default","site-content-style":"default","site-sidebar-style":"default","ast-global-header-display":"","ast-banner-title-visibility":"","ast-main-header-display":"","ast-hfb-above-header-display":"","ast-hfb-below-header-display":"","ast-hfb-mobile-header-display":"","site-post-title":"","ast-breadcrumbs-content":"","ast-featured-img":"","footer-sml-layout":"","ast-disable-related-posts":"","theme-transparent-header-meta":"default","adv-header-id-meta":"","stick-header-meta":"","header-above-stick-meta":"","header-main-stick-meta":"","header-below-stick-meta":"","astra-migrate-meta-layouts":"default","ast-page-background-enabled":"default","ast-page-background-meta":{"desktop":{"background-color":"","background-image":"","background-repeat":"repeat","background-position":"center center","background-size":"auto","background-attachment":"scroll","background-type":"","background-media":"","overlay-type":"","overlay-color":"","overlay-opacity":"","overlay-gradient":""},"tablet":{"background-color":"","background-image":"","background-repeat":"repeat","background-position":"center center","background-size":"auto","background-attachment":"scroll","background-type":"","background-media":"","overlay-type":"","overlay-color":"","overlay-opacity":"","overlay-gradient":""},"mobile":{"background-color":"","background-image":"","background-repeat":"repeat","background-position":"center center","background-size":"auto","background-attachment":"scroll","background-type":"","background-media":"","overlay-type":"","overlay-color":"","overlay-opacity":"","overlay-gradient":""}},"ast-content-background-meta":{"desktop":{"background-color":"var(--ast-global-color-5)","background-image":"","background-repeat":"repeat","background-position":"center center","background-size":"auto","background-attachment":"scroll","background-type":"","background-media":"","overlay-type":"","overlay-color":"","overlay-opacity":"","overlay-gradient":""},"tablet":{"background-color":"var(--ast-global-color-5)","background-image":"","background-repeat":"repeat","background-position":"center center","background-size":"auto","background-attachment":"scroll","background-type":"","background-media":"","overlay-type":"","overlay-color":"","overlay-opacity":"","overlay-gradient":""},"mobile":{"background-color":"var(--ast-global-color-5)","background-image":"","background-repeat":"repeat","background-position":"center center","background-size":"auto","background-attachment":"scroll","background-type":"","background-media":"","overlay-type":"","overlay-color":"","overlay-opacity":"","overlay-gradient":""}}},"product_brand":[],"product_cat":[1704,1698],"product_tag":[1681,1030],"class_list":{"0":"post-16477","1":"product","2":"type-product","3":"status-publish","4":"has-post-thumbnail","6":"product_cat-czyste-olejki-eteryczne","7":"product_cat-olejki-eteryczne","8":"product_tag-groszek","9":"product_tag-peppermint-pl","10":"desktop-align-left","11":"tablet-align-left","12":"mobile-align-left","14":"first","15":"instock","16":"featured","17":"taxable","18":"shipping-taxable","19":"purchasable","20":"product-type-simple"},"_links":{"self":[{"href":"https:\/\/mamaterra.lt\/pl\/wp-json\/wp\/v2\/product\/16477","targetHints":{"allow":["GET"]}}],"collection":[{"href":"https:\/\/mamaterra.lt\/pl\/wp-json\/wp\/v2\/product"}],"about":[{"href":"https:\/\/mamaterra.lt\/pl\/wp-json\/wp\/v2\/types\/product"}],"wp:featuredmedia":[{"embeddable":true,"href":"https:\/\/mamaterra.lt\/pl\/wp-json\/wp\/v2\/media\/12549"}],"wp:attachment":[{"href":"https:\/\/mamaterra.lt\/pl\/wp-json\/wp\/v2\/media?parent=16477"}],"wp:term":[{"taxonomy":"product_brand","embeddable":true,"href":"https:\/\/mamaterra.lt\/pl\/wp-json\/wp\/v2\/product_brand?post=16477"},{"taxonomy":"product_cat","embeddable":true,"href":"https:\/\/mamaterra.lt\/pl\/wp-json\/wp\/v2\/product_cat?post=16477"},{"taxonomy":"product_tag","embeddable":true,"href":"https:\/\/mamaterra.lt\/pl\/wp-json\/wp\/v2\/product_tag?post=16477"}],"curies":[{"name":"wp","href":"https:\/\/api.w.org\/{rel}","templated":true}]}}