{"id":16476,"date":"2021-04-18T16:47:31","date_gmt":"2021-04-18T15:47:31","guid":{"rendered":"https:\/\/mamaterra.lt\/parduotuve\/bez-kategorii\/rosemary-pure-doterra-olejek-eteryczny-15ml\/"},"modified":"2021-04-18T16:47:31","modified_gmt":"2021-04-18T15:47:31","slug":"rozmaryn-pure-doterra-olejek-eteryczny-15ml","status":"publish","type":"product","link":"https:\/\/mamaterra.lt\/pl\/parduotuve\/higiena-i-pielegnacja-skory\/produkty-do-pielegnacji-wlosow-salon-essentials\/rozmaryn-pure-doterra-olejek-eteryczny-15ml\/","title":{"rendered":"ROSEMARY Pure doTERRA Olejek Eteryczny 15ml"},"content":{"rendered":"<p><strong>ROSEMARY Pure doTERRA Olejek eteryczny<\/strong><\/p>\n<p>Rosmarinus officinalis | 15ml<\/p>\n<p>&nbsp;<\/p>\n<p><strong>ROSEMARY Pure doTERRA Essential Oil Opis:<\/strong><\/p>\n<p>Rozmaryn, uwa\u017cany za \u015bwi\u0119ty w kulturze greckiej, rzymskiej, egipskiej i hebrajskiej, ma niezliczone zastosowania i w\u0142a\u015bciwo\u015bci.<\/p>\n<ul>\n<li>Nadaje pikantny zio\u0142owy smak mi\u0119su i specjalnym potrawom<\/li>\n<li>Energetyczny zapach<\/li>\n<li>Podnosi na duchu zmys\u0142y<\/li>\n<li>Poprawia aktywno\u015b\u0107 m\u00f3zgu i pami\u0119\u0107<\/li>\n<li>U\u0142atwia odkrztuszanie<\/li>\n<li>Zmniejsza wypadanie w\u0142os\u00f3w<\/li>\n<\/ul>\n<p>Jest to pachn\u0105cy zimozielony krzew, kt\u00f3rego li\u015bcie s\u0105 cz\u0119sto u\u017cywane do aromatyzowania \u017cywno\u015bci. Olejek eteryczny ROSEMARY o zio\u0142owym energetycznym aromacie jest pachn\u0105cym dodatkiem do pikantnych potraw.<\/p>\n<p>Gdy suchy rozmaryn jest wskazany w przepisie, mo\u017cesz zast\u0105pi\u0107 go olejkiem eterycznym ROSEMARY &#8211; stworzysz orze\u017awiaj\u0105ce i pachn\u0105ce danie. Odrobina olejku rozmarynowego doTERRA doprawi t\u0142uczone ziemniaki.<\/p>\n<p><strong>ROSEMARY Pure doTERRA Niezb\u0119dne efekty emocjonalne:<\/strong><\/p>\n<ul>\n<li>Rozmaryn pomaga ludziom na przyk\u0142ad w czasach transformacji i zmian. Przeprowadzka do nowego domu, zmiana szko\u0142y lub poznawanie nowych ludzi.<\/li>\n<li>Olej ten pomaga poszerzy\u0107 prawdziw\u0105 wiedz\u0119 i inteligencj\u0119, daje jasno\u015b\u0107 umys\u0142owi, u\u0142atwia proces uczenia si\u0119.<\/li>\n<\/ul>\n<p>&nbsp;<\/p>\n<p>Aby uzyska\u0107 wi\u0119cej informacji na temat<strong> olejku eterycznego ROSEMARY doTERRA<\/strong> , zobacz film poni\u017cej.<\/p>\n<p><iframe title=\"doTERRA Rozmaryn\" src=\"https:\/\/www.youtube.com\/embed\/ttHRTvikPak\" width=\"853\" height=\"480\" frameborder=\"0\" allowfullscreen=\"allowfullscreen\"><\/iframe><\/p>\n","protected":false},"excerpt":{"rendered":"<ul>\n<li>Nadaje pikantny zio\u0142owy smak mi\u0119su i specjalnym potrawom<\/li>\n<li>Energetyczny zapach<\/li>\n<li>Podnosi na duchu zmys\u0142y<\/li>\n<\/ul>\n","protected":false},"featured_media":12519,"template":"","meta":{"site-sidebar-layout":"default","site-content-layout":"default","ast-site-content-layout":"default","site-content-style":"default","site-sidebar-style":"default","ast-global-header-display":"","ast-banner-title-visibility":"","ast-main-header-display":"","ast-hfb-above-header-display":"","ast-hfb-below-header-display":"","ast-hfb-mobile-header-display":"","site-post-title":"","ast-breadcrumbs-content":"","ast-featured-img":"","footer-sml-layout":"","ast-disable-related-posts":"","theme-transparent-header-meta":"default","adv-header-id-meta":"","stick-header-meta":"","header-above-stick-meta":"","header-main-stick-meta":"","header-below-stick-meta":"","astra-migrate-meta-layouts":"default","ast-page-background-enabled":"default","ast-page-background-meta":{"desktop":{"background-color":"","background-image":"","background-repeat":"repeat","background-position":"center center","background-size":"auto","background-attachment":"scroll","background-type":"","background-media":"","overlay-type":"","overlay-color":"","overlay-opacity":"","overlay-gradient":""},"tablet":{"background-color":"","background-image":"","background-repeat":"repeat","background-position":"center center","background-size":"auto","background-attachment":"scroll","background-type":"","background-media":"","overlay-type":"","overlay-color":"","overlay-opacity":"","overlay-gradient":""},"mobile":{"background-color":"","background-image":"","background-repeat":"repeat","background-position":"center center","background-size":"auto","background-attachment":"scroll","background-type":"","background-media":"","overlay-type":"","overlay-color":"","overlay-opacity":"","overlay-gradient":""}},"ast-content-background-meta":{"desktop":{"background-color":"var(--ast-global-color-5)","background-image":"","background-repeat":"repeat","background-position":"center center","background-size":"auto","background-attachment":"scroll","background-type":"","background-media":"","overlay-type":"","overlay-color":"","overlay-opacity":"","overlay-gradient":""},"tablet":{"background-color":"var(--ast-global-color-5)","background-image":"","background-repeat":"repeat","background-position":"center center","background-size":"auto","background-attachment":"scroll","background-type":"","background-media":"","overlay-type":"","overlay-color":"","overlay-opacity":"","overlay-gradient":""},"mobile":{"background-color":"var(--ast-global-color-5)","background-image":"","background-repeat":"repeat","background-position":"center center","background-size":"auto","background-attachment":"scroll","background-type":"","background-media":"","overlay-type":"","overlay-color":"","overlay-opacity":"","overlay-gradient":""}}},"product_brand":[],"product_cat":[1704,1732,1728,1750,1743,1698,1713],"product_tag":[726,1533,977],"class_list":{"0":"post-16476","1":"product","2":"type-product","3":"status-publish","4":"has-post-thumbnail","6":"product_cat-czyste-olejki-eteryczne","7":"product_cat-dla-koncentracji","8":"product_cat-dla-wzmocnienia-odpornosci","9":"product_cat-oczyszczanie-powietrza","10":"product_cat-od-komarow-i-kleszczy","11":"product_cat-olejki-eteryczne","12":"product_cat-produkty-do-pielegnacji-wlosow-salon-essentials","13":"product_tag-15-ml-pl-2","14":"product_tag-olejki-eteryczne","15":"product_tag-rosemary-pl","16":"desktop-align-left","17":"tablet-align-left","18":"mobile-align-left","20":"first","21":"instock","22":"taxable","23":"shipping-taxable","24":"purchasable","25":"product-type-simple"},"_links":{"self":[{"href":"https:\/\/mamaterra.lt\/pl\/wp-json\/wp\/v2\/product\/16476","targetHints":{"allow":["GET"]}}],"collection":[{"href":"https:\/\/mamaterra.lt\/pl\/wp-json\/wp\/v2\/product"}],"about":[{"href":"https:\/\/mamaterra.lt\/pl\/wp-json\/wp\/v2\/types\/product"}],"wp:featuredmedia":[{"embeddable":true,"href":"https:\/\/mamaterra.lt\/pl\/wp-json\/wp\/v2\/media\/12519"}],"wp:attachment":[{"href":"https:\/\/mamaterra.lt\/pl\/wp-json\/wp\/v2\/media?parent=16476"}],"wp:term":[{"taxonomy":"product_brand","embeddable":true,"href":"https:\/\/mamaterra.lt\/pl\/wp-json\/wp\/v2\/product_brand?post=16476"},{"taxonomy":"product_cat","embeddable":true,"href":"https:\/\/mamaterra.lt\/pl\/wp-json\/wp\/v2\/product_cat?post=16476"},{"taxonomy":"product_tag","embeddable":true,"href":"https:\/\/mamaterra.lt\/pl\/wp-json\/wp\/v2\/product_tag?post=16476"}],"curies":[{"name":"wp","href":"https:\/\/api.w.org\/{rel}","templated":true}]}}