{"id":16471,"date":"2021-04-18T16:48:17","date_gmt":"2021-04-18T15:48:17","guid":{"rendered":"https:\/\/mamaterra.lt\/parduotuve\/bez-kategorii\/hawajskie-drzewo-sandalowe-pure-doterra-olejek-eteryczny-5ml\/"},"modified":"2021-04-18T16:48:17","modified_gmt":"2021-04-18T15:48:17","slug":"hawajski-drzewo-sandalowe-tyras-doterra-olejek-5ml","status":"publish","type":"product","link":"https:\/\/mamaterra.lt\/pl\/parduotuve\/olejki-eteryczne\/czyste-olejki-eteryczne\/hawajski-drzewo-sandalowe-tyras-doterra-olejek-5ml\/","title":{"rendered":"HAWAJSKIE DRZEWO SANDA\u0141OWE Pure doTERRA Olejek Eteryczny 5ml"},"content":{"rendered":"<p><strong>HAWAJSKIE DRZEWO SANDA\u0141OWE Pure doTERRA Olejek eteryczny<\/strong><\/p>\n<p>Santalum paniculatum | 5ml<\/p>\n<p>&nbsp;<\/p>\n<p><strong>HAWAIIAN SANDALWOOD Pure doTERRA Essential Oil Opis:<\/strong><\/p>\n<p>Olejek eteryczny z hawajskiego drewna santalskiego doTERRA wydobywany z odnawialnego \u017ar\u00f3d\u0142a na Hawajach ma wiele korzystnych w\u0142a\u015bciwo\u015bci.<\/p>\n<ul>\n<li>Pomaga poprawi\u0107 wygl\u0105d sk\u00f3ry i w\u0142os\u00f3w<\/li>\n<li>Efekt uziemienia i podnoszenia<\/li>\n<li>Poprawia nastr\u00f3j<\/li>\n<\/ul>\n<p>&nbsp;<\/p>\n<p>Wi\u0119cej informacji o <strong>HAWAIIAN SANDALWOOD<\/strong> <strong> <\/strong><strong>doTERRA<\/strong><strong> <\/strong><strong>Olejek eteryczny <\/strong>znajdziesz w poni\u017cszym filmie.<\/p>\n<p><iframe title=\"'Iliahi (hawajskie drzewo sanda\u0142owe) olejek eteryczny z pi\u0119knej hawajskiej | Za butelk\u0105\" src=\"https:\/\/www.youtube.com\/embed\/ku3VKtJ88nM\" width=\"853\" height=\"480\" frameborder=\"0\" allowfullscreen=\"allowfullscreen\"><\/iframe><\/p>\n","protected":false},"excerpt":{"rendered":"<ul>\n<li>Pomaga poprawi\u0107 wygl\u0105d sk\u00f3ry i w\u0142os\u00f3w<\/li>\n<li>Efekt uziemienia i podnoszenia<\/li>\n<li>Poprawia nastr\u00f3j<\/li>\n<\/ul>\n","protected":false},"featured_media":12645,"template":"","meta":{"site-sidebar-layout":"default","site-content-layout":"default","ast-site-content-layout":"default","site-content-style":"default","site-sidebar-style":"default","ast-global-header-display":"","ast-banner-title-visibility":"","ast-main-header-display":"","ast-hfb-above-header-display":"","ast-hfb-below-header-display":"","ast-hfb-mobile-header-display":"","site-post-title":"","ast-breadcrumbs-content":"","ast-featured-img":"","footer-sml-layout":"","ast-disable-related-posts":"","theme-transparent-header-meta":"default","adv-header-id-meta":"","stick-header-meta":"","header-above-stick-meta":"","header-main-stick-meta":"","header-below-stick-meta":"","astra-migrate-meta-layouts":"default","ast-page-background-enabled":"default","ast-page-background-meta":{"desktop":{"background-color":"","background-image":"","background-repeat":"repeat","background-position":"center center","background-size":"auto","background-attachment":"scroll","background-type":"","background-media":"","overlay-type":"","overlay-color":"","overlay-opacity":"","overlay-gradient":""},"tablet":{"background-color":"","background-image":"","background-repeat":"repeat","background-position":"center center","background-size":"auto","background-attachment":"scroll","background-type":"","background-media":"","overlay-type":"","overlay-color":"","overlay-opacity":"","overlay-gradient":""},"mobile":{"background-color":"","background-image":"","background-repeat":"repeat","background-position":"center center","background-size":"auto","background-attachment":"scroll","background-type":"","background-media":"","overlay-type":"","overlay-color":"","overlay-opacity":"","overlay-gradient":""}},"ast-content-background-meta":{"desktop":{"background-color":"var(--ast-global-color-5)","background-image":"","background-repeat":"repeat","background-position":"center center","background-size":"auto","background-attachment":"scroll","background-type":"","background-media":"","overlay-type":"","overlay-color":"","overlay-opacity":"","overlay-gradient":""},"tablet":{"background-color":"var(--ast-global-color-5)","background-image":"","background-repeat":"repeat","background-position":"center center","background-size":"auto","background-attachment":"scroll","background-type":"","background-media":"","overlay-type":"","overlay-color":"","overlay-opacity":"","overlay-gradient":""},"mobile":{"background-color":"var(--ast-global-color-5)","background-image":"","background-repeat":"repeat","background-position":"center center","background-size":"auto","background-attachment":"scroll","background-type":"","background-media":"","overlay-type":"","overlay-color":"","overlay-opacity":"","overlay-gradient":""}}},"product_brand":[],"product_cat":[1704,1738,1711,1698],"product_tag":[713,1182,1533],"class_list":{"0":"post-16471","1":"product","2":"type-product","3":"status-publish","4":"has-post-thumbnail","6":"product_cat-czyste-olejki-eteryczne","7":"product_cat-do-spania","8":"product_cat-higiena-i-pielegnacja-skory","9":"product_cat-olejki-eteryczne","10":"product_tag-5-ml-pl-2","11":"product_tag-hawaiian-sandalwood-pl","12":"product_tag-olejki-eteryczne","13":"desktop-align-left","14":"tablet-align-left","15":"mobile-align-left","17":"first","18":"instock","19":"sale","20":"taxable","21":"shipping-taxable","22":"purchasable","23":"product-type-simple"},"_links":{"self":[{"href":"https:\/\/mamaterra.lt\/pl\/wp-json\/wp\/v2\/product\/16471","targetHints":{"allow":["GET"]}}],"collection":[{"href":"https:\/\/mamaterra.lt\/pl\/wp-json\/wp\/v2\/product"}],"about":[{"href":"https:\/\/mamaterra.lt\/pl\/wp-json\/wp\/v2\/types\/product"}],"wp:featuredmedia":[{"embeddable":true,"href":"https:\/\/mamaterra.lt\/pl\/wp-json\/wp\/v2\/media\/12645"}],"wp:attachment":[{"href":"https:\/\/mamaterra.lt\/pl\/wp-json\/wp\/v2\/media?parent=16471"}],"wp:term":[{"taxonomy":"product_brand","embeddable":true,"href":"https:\/\/mamaterra.lt\/pl\/wp-json\/wp\/v2\/product_brand?post=16471"},{"taxonomy":"product_cat","embeddable":true,"href":"https:\/\/mamaterra.lt\/pl\/wp-json\/wp\/v2\/product_cat?post=16471"},{"taxonomy":"product_tag","embeddable":true,"href":"https:\/\/mamaterra.lt\/pl\/wp-json\/wp\/v2\/product_tag?post=16471"}],"curies":[{"name":"wp","href":"https:\/\/api.w.org\/{rel}","templated":true}]}}