{"id":16466,"date":"2021-04-18T16:46:04","date_gmt":"2021-04-18T15:46:04","guid":{"rendered":"https:\/\/mamaterra.lt\/parduotuve\/bez-kategorii\/pink-pepper-pure-doterra-olejek-eteryczny-5ml\/"},"modified":"2021-04-18T16:46:04","modified_gmt":"2021-04-18T15:46:04","slug":"rozowy-pure-doterra-olejek-5ml","status":"publish","type":"product","link":"https:\/\/mamaterra.lt\/pl\/parduotuve\/olejki-eteryczne\/czyste-olejki-eteryczne\/rozowy-pure-doterra-olejek-5ml\/","title":{"rendered":"PINK PEPPER Pure doTERRA Olejek Eteryczny 5ml"},"content":{"rendered":"<p><strong>PINK PEPPER Pure doTERRA Olejek eteryczny<\/strong><\/p>\n<p>Schinus molle | 5ml<\/p>\n<p>&nbsp;<\/p>\n<p><strong>PINK PEPPER Pure doTERRA Essential Oil Opis:<\/strong><\/p>\n<p>Olejek eteryczny z r\u00f3\u017cowego pieprzu jest destylowany z r\u00f3\u017cowego drzewa pieprzowego, kt\u00f3re Inkowie uwa\u017cali za \u015bwi\u0119te drzewo przez Ink\u00f3w.<\/p>\n<ul>\n<li>Mieszaj\u0105c jedn\u0105 lub dwie krople z frakcjonowanym olejem kokosowym doTERRA, stworzysz doskona\u0142y \u015brodek na masa\u017c przeciwb\u00f3lowy<\/li>\n<li>Zapewnia czujno\u015b\u0107<\/li>\n<li>Dzi\u0119ki olejkowi eterycznemu z r\u00f3\u017cowego pieprzu mo\u017cesz aromatyzowa\u0107 jedzenie zamiast czarnego pieprzu<\/li>\n<\/ul>\n<p>&nbsp;<\/p>\n<p>Wi\u0119cej informacji o <strong>PINK PEPPER<\/strong><strong> <\/strong><strong>doTERRA<\/strong><strong> <\/strong><strong>Olejek eteryczny <\/strong>znajdziesz w poni\u017cszym filmie.<\/p>\n<p><iframe title=\"doTERRA olejek eteryczny z r\u00f3\u017cowego pieprzu szybkie wskaz\u00f3wki\" src=\"https:\/\/www.youtube.com\/embed\/k9BfDZaNPlw\" width=\"853\" height=\"480\" frameborder=\"0\" allowfullscreen=\"allowfullscreen\"><\/iframe><\/p>\n","protected":false},"excerpt":{"rendered":"<ul>\n<li>Mieszaj\u0105c jedn\u0105 lub dwie krople z frakcjonowanym olejem kokosowym doTERRA, stworzysz doskona\u0142y \u015brodek na masa\u017c przeciwb\u00f3lowy<\/li>\n<li>Zapewnia czujno\u015b\u0107<\/li>\n<li>Dzi\u0119ki olejkowi eterycznemu z r\u00f3\u017cowego pieprzu mo\u017cesz aromatyzowa\u0107 jedzenie zamiast czarnego pieprzu<\/li>\n<\/ul>\n","protected":false},"featured_media":12315,"template":"","meta":{"site-sidebar-layout":"default","site-content-layout":"default","ast-site-content-layout":"default","site-content-style":"default","site-sidebar-style":"default","ast-global-header-display":"","ast-banner-title-visibility":"","ast-main-header-display":"","ast-hfb-above-header-display":"","ast-hfb-below-header-display":"","ast-hfb-mobile-header-display":"","site-post-title":"","ast-breadcrumbs-content":"","ast-featured-img":"","footer-sml-layout":"","ast-disable-related-posts":"","theme-transparent-header-meta":"default","adv-header-id-meta":"","stick-header-meta":"","header-above-stick-meta":"","header-main-stick-meta":"","header-below-stick-meta":"","astra-migrate-meta-layouts":"default","ast-page-background-enabled":"default","ast-page-background-meta":{"desktop":{"background-color":"","background-image":"","background-repeat":"repeat","background-position":"center center","background-size":"auto","background-attachment":"scroll","background-type":"","background-media":"","overlay-type":"","overlay-color":"","overlay-opacity":"","overlay-gradient":""},"tablet":{"background-color":"","background-image":"","background-repeat":"repeat","background-position":"center center","background-size":"auto","background-attachment":"scroll","background-type":"","background-media":"","overlay-type":"","overlay-color":"","overlay-opacity":"","overlay-gradient":""},"mobile":{"background-color":"","background-image":"","background-repeat":"repeat","background-position":"center center","background-size":"auto","background-attachment":"scroll","background-type":"","background-media":"","overlay-type":"","overlay-color":"","overlay-opacity":"","overlay-gradient":""}},"ast-content-background-meta":{"desktop":{"background-color":"var(--ast-global-color-5)","background-image":"","background-repeat":"repeat","background-position":"center center","background-size":"auto","background-attachment":"scroll","background-type":"","background-media":"","overlay-type":"","overlay-color":"","overlay-opacity":"","overlay-gradient":""},"tablet":{"background-color":"var(--ast-global-color-5)","background-image":"","background-repeat":"repeat","background-position":"center center","background-size":"auto","background-attachment":"scroll","background-type":"","background-media":"","overlay-type":"","overlay-color":"","overlay-opacity":"","overlay-gradient":""},"mobile":{"background-color":"var(--ast-global-color-5)","background-image":"","background-repeat":"repeat","background-position":"center center","background-size":"auto","background-attachment":"scroll","background-type":"","background-media":"","overlay-type":"","overlay-color":"","overlay-opacity":"","overlay-gradient":""}}},"product_brand":[],"product_cat":[1704,1698],"product_tag":[713,1533,1009],"class_list":{"0":"post-16466","1":"product","2":"type-product","3":"status-publish","4":"has-post-thumbnail","6":"product_cat-czyste-olejki-eteryczne","7":"product_cat-olejki-eteryczne","8":"product_tag-5-ml-pl-2","9":"product_tag-olejki-eteryczne","10":"product_tag-pink-pepper-pl","11":"desktop-align-left","12":"tablet-align-left","13":"mobile-align-left","15":"first","16":"instock","17":"sale","18":"taxable","19":"shipping-taxable","20":"purchasable","21":"product-type-simple"},"_links":{"self":[{"href":"https:\/\/mamaterra.lt\/pl\/wp-json\/wp\/v2\/product\/16466","targetHints":{"allow":["GET"]}}],"collection":[{"href":"https:\/\/mamaterra.lt\/pl\/wp-json\/wp\/v2\/product"}],"about":[{"href":"https:\/\/mamaterra.lt\/pl\/wp-json\/wp\/v2\/types\/product"}],"wp:featuredmedia":[{"embeddable":true,"href":"https:\/\/mamaterra.lt\/pl\/wp-json\/wp\/v2\/media\/12315"}],"wp:attachment":[{"href":"https:\/\/mamaterra.lt\/pl\/wp-json\/wp\/v2\/media?parent=16466"}],"wp:term":[{"taxonomy":"product_brand","embeddable":true,"href":"https:\/\/mamaterra.lt\/pl\/wp-json\/wp\/v2\/product_brand?post=16466"},{"taxonomy":"product_cat","embeddable":true,"href":"https:\/\/mamaterra.lt\/pl\/wp-json\/wp\/v2\/product_cat?post=16466"},{"taxonomy":"product_tag","embeddable":true,"href":"https:\/\/mamaterra.lt\/pl\/wp-json\/wp\/v2\/product_tag?post=16466"}],"curies":[{"name":"wp","href":"https:\/\/api.w.org\/{rel}","templated":true}]}}