{"id":16454,"date":"2021-04-18T16:47:02","date_gmt":"2021-04-18T15:47:02","guid":{"rendered":"https:\/\/mamaterra.lt\/parduotuve\/bez-kategorii\/rose-pure-doterra-olejek-eteryczny-5ml\/"},"modified":"2021-04-18T16:47:02","modified_gmt":"2021-04-18T15:47:02","slug":"rose-pure-doterra-olejek-5ml","status":"publish","type":"product","link":"https:\/\/mamaterra.lt\/pl\/parduotuve\/olejki-eteryczne\/czyste-olejki-eteryczne\/rose-pure-doterra-olejek-5ml\/","title":{"rendered":"ROSE Pure doTERRA Olejek Eteryczny 5ml"},"content":{"rendered":"<p><strong>Olejek eteryczny ROSE Pure doTERRA<\/strong><\/p>\n<p>Rosa damascena | 5ml<\/p>\n<p>&nbsp;<\/p>\n<p><strong>ROSE Pure doTERRA Essential Oil Opis:<\/strong><\/p>\n<p>Olejek r\u00f3\u017cany, uwa\u017cany za kr\u00f3la olejk\u00f3w, jest jednym z najbardziej niesamowitych olejk\u00f3w eterycznych na ca\u0142ym \u015bwiecie. Kwiaty r\u00f3\u017cy maj\u0105 s\u0142odki kwiatowy aromat, kt\u00f3ry jest wysoko ceniony w perfumerii i przemy\u015ble olejk\u00f3w eterycznych.<\/p>\n<ul>\n<li>R\u00f3\u017ce maj\u0105 s\u0142odki kwiatowy aromat, kt\u00f3ry podnosi nastr\u00f3j<\/li>\n<li>Redukuje niedoskona\u0142o\u015bci sk\u00f3ry<\/li>\n<li>Nadaje sk\u00f3rze r\u00f3wnomierny odcie\u0144 i zdrowy wygl\u0105d<\/li>\n<\/ul>\n<p>&nbsp;<\/p>\n<p>Wi\u0119cej informacji o <strong>ROSE<\/strong><strong>doTERRA<\/strong><strong> <\/strong><strong>Olejek eteryczny <\/strong>znajdziesz w poni\u017cszym filmie.<\/p>\n<p><iframe title=\"R\u00f3\u017ca doTERRA\" src=\"https:\/\/www.youtube.com\/embed\/O6_-6AZS9Ak\" width=\"853\" height=\"480\" frameborder=\"0\" allowfullscreen=\"allowfullscreen\"><\/iframe><\/p>\n","protected":false},"excerpt":{"rendered":"<ul>\n<li>R\u00f3\u017ce maj\u0105 s\u0142odki kwiatowy aromat, kt\u00f3ry podnosi nastr\u00f3j<\/li>\n<li>Redukuje niedoskona\u0142o\u015bci sk\u00f3ry<\/li>\n<li>Nadaje sk\u00f3rze r\u00f3wnomierny odcie\u0144 i zdrowy wygl\u0105d<\/li>\n<\/ul>\n","protected":false},"featured_media":12522,"template":"","meta":{"site-sidebar-layout":"default","site-content-layout":"default","ast-site-content-layout":"default","site-content-style":"default","site-sidebar-style":"default","ast-global-header-display":"","ast-banner-title-visibility":"","ast-main-header-display":"","ast-hfb-above-header-display":"","ast-hfb-below-header-display":"","ast-hfb-mobile-header-display":"","site-post-title":"","ast-breadcrumbs-content":"","ast-featured-img":"","footer-sml-layout":"","ast-disable-related-posts":"","theme-transparent-header-meta":"default","adv-header-id-meta":"","stick-header-meta":"","header-above-stick-meta":"","header-main-stick-meta":"","header-below-stick-meta":"","astra-migrate-meta-layouts":"default","ast-page-background-enabled":"default","ast-page-background-meta":{"desktop":{"background-color":"","background-image":"","background-repeat":"repeat","background-position":"center center","background-size":"auto","background-attachment":"scroll","background-type":"","background-media":"","overlay-type":"","overlay-color":"","overlay-opacity":"","overlay-gradient":""},"tablet":{"background-color":"","background-image":"","background-repeat":"repeat","background-position":"center center","background-size":"auto","background-attachment":"scroll","background-type":"","background-media":"","overlay-type":"","overlay-color":"","overlay-opacity":"","overlay-gradient":""},"mobile":{"background-color":"","background-image":"","background-repeat":"repeat","background-position":"center center","background-size":"auto","background-attachment":"scroll","background-type":"","background-media":"","overlay-type":"","overlay-color":"","overlay-opacity":"","overlay-gradient":""}},"ast-content-background-meta":{"desktop":{"background-color":"var(--ast-global-color-5)","background-image":"","background-repeat":"repeat","background-position":"center center","background-size":"auto","background-attachment":"scroll","background-type":"","background-media":"","overlay-type":"","overlay-color":"","overlay-opacity":"","overlay-gradient":""},"tablet":{"background-color":"var(--ast-global-color-5)","background-image":"","background-repeat":"repeat","background-position":"center center","background-size":"auto","background-attachment":"scroll","background-type":"","background-media":"","overlay-type":"","overlay-color":"","overlay-opacity":"","overlay-gradient":""},"mobile":{"background-color":"var(--ast-global-color-5)","background-image":"","background-repeat":"repeat","background-position":"center center","background-size":"auto","background-attachment":"scroll","background-type":"","background-media":"","overlay-type":"","overlay-color":"","overlay-opacity":"","overlay-gradient":""}}},"product_brand":[],"product_cat":[1704,1698],"product_tag":[713,1533,1003],"class_list":{"0":"post-16454","1":"product","2":"type-product","3":"status-publish","4":"has-post-thumbnail","6":"product_cat-czyste-olejki-eteryczne","7":"product_cat-olejki-eteryczne","8":"product_tag-5-ml-pl-2","9":"product_tag-olejki-eteryczne","10":"product_tag-rose-pl","11":"desktop-align-left","12":"tablet-align-left","13":"mobile-align-left","15":"first","16":"instock","17":"taxable","18":"shipping-taxable","19":"purchasable","20":"product-type-simple"},"_links":{"self":[{"href":"https:\/\/mamaterra.lt\/pl\/wp-json\/wp\/v2\/product\/16454","targetHints":{"allow":["GET"]}}],"collection":[{"href":"https:\/\/mamaterra.lt\/pl\/wp-json\/wp\/v2\/product"}],"about":[{"href":"https:\/\/mamaterra.lt\/pl\/wp-json\/wp\/v2\/types\/product"}],"wp:featuredmedia":[{"embeddable":true,"href":"https:\/\/mamaterra.lt\/pl\/wp-json\/wp\/v2\/media\/12522"}],"wp:attachment":[{"href":"https:\/\/mamaterra.lt\/pl\/wp-json\/wp\/v2\/media?parent=16454"}],"wp:term":[{"taxonomy":"product_brand","embeddable":true,"href":"https:\/\/mamaterra.lt\/pl\/wp-json\/wp\/v2\/product_brand?post=16454"},{"taxonomy":"product_cat","embeddable":true,"href":"https:\/\/mamaterra.lt\/pl\/wp-json\/wp\/v2\/product_cat?post=16454"},{"taxonomy":"product_tag","embeddable":true,"href":"https:\/\/mamaterra.lt\/pl\/wp-json\/wp\/v2\/product_tag?post=16454"}],"curies":[{"name":"wp","href":"https:\/\/api.w.org\/{rel}","templated":true}]}}