{"id":16451,"date":"2021-04-18T16:49:13","date_gmt":"2021-04-18T15:49:13","guid":{"rendered":"https:\/\/mamaterra.lt\/parduotuve\/bez-kategorii\/spearmint-pure-doterra-olejek-eteryczny-15ml\/"},"modified":"2023-08-16T19:30:58","modified_gmt":"2023-08-16T18:30:58","slug":"spearmint-pure-doterra-olejek-15ml","status":"publish","type":"product","link":"https:\/\/mamaterra.lt\/pl\/parduotuve\/olejki-eteryczne\/czyste-olejki-eteryczne\/spearmint-pure-doterra-olejek-15ml\/","title":{"rendered":"SPEARMINT Pure doTERRA Olejek Eteryczny 15ml"},"content":{"rendered":"<p><strong>SPEARMINT Pure doTERRA Olejek eteryczny<\/strong><\/p>\n<p>Mentha spicata | 15ml<\/p>\n<p>&nbsp;<\/p>\n<p><strong>Opis i zastosowanie SPEARMINT Pure doTERRA Essential Oil:<\/strong><\/p>\n<p>Ze wzgl\u0119du na s\u0142odki zapach mi\u0119ty, dobrze znany olejek z rokitnika jest cz\u0119sto stosowany do gotowania, ale mo\u017cna go r\u00f3wnie\u017c nak\u0142ada\u0107 na sk\u00f3r\u0119.<\/p>\n<ul>\n<li>Na\u0142\u00f3\u017c na szczoteczk\u0119 do z\u0119b\u00f3w przed umyciem z\u0119b\u00f3w: to da \u015bwie\u017cy oddech<\/li>\n<li>\u0141agodniejsza alternatywa, gdy olejek eteryczny z mi\u0119ty pieprzowej jest zbyt silny<\/li>\n<li>Nadaje dodatkowy smak deserom, napojom, sa\u0142atkom lub przek\u0105skom<\/li>\n<\/ul>\n<p>&nbsp;<\/p>\n<p>Wi\u0119cej informacji o <strong>SPEARMINT <\/strong><strong>doTERRA<\/strong> <strong>Olejek eteryczny <\/strong>znajdziesz w poni\u017cszym filmie.<\/p>\n<p><iframe title=\"doTERRA Olejek eteryczny z mi\u0119ty\" src=\"https:\/\/www.youtube.com\/embed\/nVeBT46rtkc\" width=\"853\" height=\"480\" frameborder=\"0\" allowfullscreen=\"allowfullscreen\"><\/iframe><\/p>\n","protected":false},"excerpt":{"rendered":"<ul>\n<li>Na\u0142\u00f3\u017c na szczoteczk\u0119 do z\u0119b\u00f3w przed umyciem z\u0119b\u00f3w: to da \u015bwie\u017cy oddech<\/li>\n<li>\u0141agodniejsza alternatywa, gdy olejek eteryczny z mi\u0119ty pieprzowej jest zbyt silny<\/li>\n<li>Nadaje dodatkowy smak deserom, napojom, sa\u0142atkom lub przek\u0105skom<\/li>\n<\/ul>\n","protected":false},"featured_media":12516,"template":"","meta":{"site-sidebar-layout":"default","site-content-layout":"default","ast-site-content-layout":"default","site-content-style":"default","site-sidebar-style":"default","ast-global-header-display":"","ast-banner-title-visibility":"","ast-main-header-display":"","ast-hfb-above-header-display":"","ast-hfb-below-header-display":"","ast-hfb-mobile-header-display":"","site-post-title":"","ast-breadcrumbs-content":"","ast-featured-img":"","footer-sml-layout":"","ast-disable-related-posts":"","theme-transparent-header-meta":"default","adv-header-id-meta":"","stick-header-meta":"","header-above-stick-meta":"","header-main-stick-meta":"","header-below-stick-meta":"","astra-migrate-meta-layouts":"set","ast-page-background-enabled":"default","ast-page-background-meta":{"desktop":{"background-color":"","background-image":"","background-repeat":"repeat","background-position":"center center","background-size":"auto","background-attachment":"scroll","background-type":"","background-media":"","overlay-type":"","overlay-color":"","overlay-opacity":"","overlay-gradient":""},"tablet":{"background-color":"","background-image":"","background-repeat":"repeat","background-position":"center center","background-size":"auto","background-attachment":"scroll","background-type":"","background-media":"","overlay-type":"","overlay-color":"","overlay-opacity":"","overlay-gradient":""},"mobile":{"background-color":"","background-image":"","background-repeat":"repeat","background-position":"center center","background-size":"auto","background-attachment":"scroll","background-type":"","background-media":"","overlay-type":"","overlay-color":"","overlay-opacity":"","overlay-gradient":""}},"ast-content-background-meta":{"desktop":{"background-color":"var(--ast-global-color-5)","background-image":"","background-repeat":"repeat","background-position":"center center","background-size":"auto","background-attachment":"scroll","background-type":"","background-media":"","overlay-type":"","overlay-color":"","overlay-opacity":"","overlay-gradient":""},"tablet":{"background-color":"var(--ast-global-color-5)","background-image":"","background-repeat":"repeat","background-position":"center center","background-size":"auto","background-attachment":"scroll","background-type":"","background-media":"","overlay-type":"","overlay-color":"","overlay-opacity":"","overlay-gradient":""},"mobile":{"background-color":"var(--ast-global-color-5)","background-image":"","background-repeat":"repeat","background-position":"center center","background-size":"auto","background-attachment":"scroll","background-type":"","background-media":"","overlay-type":"","overlay-color":"","overlay-opacity":"","overlay-gradient":""}}},"product_brand":[],"product_cat":[1704,1698],"product_tag":[726,1533,950],"class_list":{"0":"post-16451","1":"product","2":"type-product","3":"status-publish","4":"has-post-thumbnail","6":"product_cat-czyste-olejki-eteryczne","7":"product_cat-olejki-eteryczne","8":"product_tag-15-ml-pl-2","9":"product_tag-olejki-eteryczne","10":"product_tag-spearmint-pl","11":"desktop-align-left","12":"tablet-align-left","13":"mobile-align-left","15":"first","16":"instock","17":"sale","18":"taxable","19":"shipping-taxable","20":"purchasable","21":"product-type-simple"},"_links":{"self":[{"href":"https:\/\/mamaterra.lt\/pl\/wp-json\/wp\/v2\/product\/16451","targetHints":{"allow":["GET"]}}],"collection":[{"href":"https:\/\/mamaterra.lt\/pl\/wp-json\/wp\/v2\/product"}],"about":[{"href":"https:\/\/mamaterra.lt\/pl\/wp-json\/wp\/v2\/types\/product"}],"wp:featuredmedia":[{"embeddable":true,"href":"https:\/\/mamaterra.lt\/pl\/wp-json\/wp\/v2\/media\/12516"}],"wp:attachment":[{"href":"https:\/\/mamaterra.lt\/pl\/wp-json\/wp\/v2\/media?parent=16451"}],"wp:term":[{"taxonomy":"product_brand","embeddable":true,"href":"https:\/\/mamaterra.lt\/pl\/wp-json\/wp\/v2\/product_brand?post=16451"},{"taxonomy":"product_cat","embeddable":true,"href":"https:\/\/mamaterra.lt\/pl\/wp-json\/wp\/v2\/product_cat?post=16451"},{"taxonomy":"product_tag","embeddable":true,"href":"https:\/\/mamaterra.lt\/pl\/wp-json\/wp\/v2\/product_tag?post=16451"}],"curies":[{"name":"wp","href":"https:\/\/api.w.org\/{rel}","templated":true}]}}