{"id":16449,"date":"2021-04-18T16:50:09","date_gmt":"2021-04-18T15:50:09","guid":{"rendered":"https:\/\/mamaterra.lt\/parduotuve\/bez-kategorii\/tangerine-pure-doterra-olejek-eteryczny-15ml\/"},"modified":"2021-04-18T16:50:09","modified_gmt":"2021-04-18T15:50:09","slug":"czerwona-mandarynka-mandarynka-pure-doterra-olejek-eteryczny-15ml","status":"publish","type":"product","link":"https:\/\/mamaterra.lt\/pl\/parduotuve\/olejki-eteryczne\/czyste-olejki-eteryczne\/czerwona-mandarynka-mandarynka-pure-doterra-olejek-eteryczny-15ml\/","title":{"rendered":"TANGERINE Pure doTERRA Olejek Eteryczny 15ml"},"content":{"rendered":"<p><strong>Red Mandarin (TANGERINE) Pure doTERRA Olejek eteryczny<\/strong><\/p>\n<p>Citrus reticulata | 15ml<\/p>\n<p>&nbsp;<\/p>\n<p><strong>Red Mandarin (TANGERINE) Pure doTERRA Essential Oil Opis:<\/strong><\/p>\n<p>Olejek eteryczny z czerwonych mandarynek ma s\u0142odki silny aromat podobny do innych olejk\u00f3w cytrusowych, kt\u00f3ry podnosi na duchu. Podobnie jak wszystkie cytrusowe olejki<strong>eteryczne n tkane na wszystkie 3 sposoby &#8211; zewn\u0119trznie, aromatycznie i wewn\u0119trznie.<\/strong><\/p>\n<ul>\n<li>Efekt podnosz\u0105cy na duchu<\/li>\n<li>Nadaje ciekawy smak wypiekom<\/li>\n<li>Nak\u0142adaj na sk\u00f3r\u0119 i ciesz si\u0119 nastrojowym aromatem przez ca\u0142y dzie\u0144<\/li>\n<\/ul>\n<p>&nbsp;<\/p>\n<p>Wi\u0119cej informacji o <strong>mandarynce czerwonej (TANGERINE) <\/strong><strong>doTERRA<\/strong><strong> <\/strong><strong>Olejek eteryczny <\/strong>znajdziesz w poni\u017cszym filmie.<\/p>\n<p><iframe title=\"doTERRA Olejek mandarynkowy\" src=\"https:\/\/www.youtube.com\/embed\/kzkhK3Q4WAA\" width=\"853\" height=\"480\" frameborder=\"0\" allowfullscreen=\"allowfullscreen\"><\/iframe><\/p>\n","protected":false},"excerpt":{"rendered":"<ul>\n<li>Efekt podnosz\u0105cy na duchu<\/li>\n<li>Nadaje ciekawy smak wypiekom<\/li>\n<li>Nak\u0142adaj na sk\u00f3r\u0119 i ciesz si\u0119 nastrojowym aromatem przez ca\u0142y dzie\u0144<\/li>\n<\/ul>\n","protected":false},"featured_media":12540,"template":"","meta":{"site-sidebar-layout":"default","site-content-layout":"default","ast-site-content-layout":"default","site-content-style":"default","site-sidebar-style":"default","ast-global-header-display":"","ast-banner-title-visibility":"","ast-main-header-display":"","ast-hfb-above-header-display":"","ast-hfb-below-header-display":"","ast-hfb-mobile-header-display":"","site-post-title":"","ast-breadcrumbs-content":"","ast-featured-img":"","footer-sml-layout":"","ast-disable-related-posts":"","theme-transparent-header-meta":"default","adv-header-id-meta":"","stick-header-meta":"","header-above-stick-meta":"","header-main-stick-meta":"","header-below-stick-meta":"","astra-migrate-meta-layouts":"default","ast-page-background-enabled":"default","ast-page-background-meta":{"desktop":{"background-color":"","background-image":"","background-repeat":"repeat","background-position":"center center","background-size":"auto","background-attachment":"scroll","background-type":"","background-media":"","overlay-type":"","overlay-color":"","overlay-opacity":"","overlay-gradient":""},"tablet":{"background-color":"","background-image":"","background-repeat":"repeat","background-position":"center center","background-size":"auto","background-attachment":"scroll","background-type":"","background-media":"","overlay-type":"","overlay-color":"","overlay-opacity":"","overlay-gradient":""},"mobile":{"background-color":"","background-image":"","background-repeat":"repeat","background-position":"center center","background-size":"auto","background-attachment":"scroll","background-type":"","background-media":"","overlay-type":"","overlay-color":"","overlay-opacity":"","overlay-gradient":""}},"ast-content-background-meta":{"desktop":{"background-color":"var(--ast-global-color-5)","background-image":"","background-repeat":"repeat","background-position":"center center","background-size":"auto","background-attachment":"scroll","background-type":"","background-media":"","overlay-type":"","overlay-color":"","overlay-opacity":"","overlay-gradient":""},"tablet":{"background-color":"var(--ast-global-color-5)","background-image":"","background-repeat":"repeat","background-position":"center center","background-size":"auto","background-attachment":"scroll","background-type":"","background-media":"","overlay-type":"","overlay-color":"","overlay-opacity":"","overlay-gradient":""},"mobile":{"background-color":"var(--ast-global-color-5)","background-image":"","background-repeat":"repeat","background-position":"center center","background-size":"auto","background-attachment":"scroll","background-type":"","background-media":"","overlay-type":"","overlay-color":"","overlay-opacity":"","overlay-gradient":""}}},"product_brand":[],"product_cat":[1704,1755,1735,1750,1698,1752],"product_tag":[726,1533,968],"class_list":{"0":"post-16449","1":"product","2":"type-product","3":"status-publish","4":"has-post-thumbnail","6":"product_cat-czyste-olejki-eteryczne","7":"product_cat-dla-dzieci","8":"product_cat-masaz","9":"product_cat-oczyszczanie-powietrza","10":"product_cat-olejki-eteryczne","11":"product_cat-radzenia-sobie-ze-stresem","12":"product_tag-15-ml-pl-2","13":"product_tag-olejki-eteryczne","14":"product_tag-tangerine-pl","15":"desktop-align-left","16":"tablet-align-left","17":"mobile-align-left","19":"first","20":"instock","21":"taxable","22":"shipping-taxable","23":"purchasable","24":"product-type-simple"},"_links":{"self":[{"href":"https:\/\/mamaterra.lt\/pl\/wp-json\/wp\/v2\/product\/16449","targetHints":{"allow":["GET"]}}],"collection":[{"href":"https:\/\/mamaterra.lt\/pl\/wp-json\/wp\/v2\/product"}],"about":[{"href":"https:\/\/mamaterra.lt\/pl\/wp-json\/wp\/v2\/types\/product"}],"wp:featuredmedia":[{"embeddable":true,"href":"https:\/\/mamaterra.lt\/pl\/wp-json\/wp\/v2\/media\/12540"}],"wp:attachment":[{"href":"https:\/\/mamaterra.lt\/pl\/wp-json\/wp\/v2\/media?parent=16449"}],"wp:term":[{"taxonomy":"product_brand","embeddable":true,"href":"https:\/\/mamaterra.lt\/pl\/wp-json\/wp\/v2\/product_brand?post=16449"},{"taxonomy":"product_cat","embeddable":true,"href":"https:\/\/mamaterra.lt\/pl\/wp-json\/wp\/v2\/product_cat?post=16449"},{"taxonomy":"product_tag","embeddable":true,"href":"https:\/\/mamaterra.lt\/pl\/wp-json\/wp\/v2\/product_tag?post=16449"}],"curies":[{"name":"wp","href":"https:\/\/api.w.org\/{rel}","templated":true}]}}