{"id":16441,"date":"2021-04-18T16:43:22","date_gmt":"2021-04-18T15:43:22","guid":{"rendered":"https:\/\/mamaterra.lt\/parduotuve\/bez-kategorii\/myrrh-pure-doterra-olejek-eteryczny-15ml\/"},"modified":"2021-04-18T16:43:22","modified_gmt":"2021-04-18T15:43:22","slug":"mirra-pure-doterra-olejek-15ml","status":"publish","type":"product","link":"https:\/\/mamaterra.lt\/pl\/parduotuve\/olejki-eteryczne\/czyste-olejki-eteryczne\/mirra-pure-doterra-olejek-15ml\/","title":{"rendered":"MYRRH Pure doTERRA Olejek Eteryczny 15ml"},"content":{"rendered":"<p><strong>Olejek eteryczny MYRRH Pure doTERRA<\/strong><\/p>\n<p>Commiphora myrrha | 15ml<\/p>\n<p>&nbsp;<\/p>\n<p><strong>MYRRH Pure doTERRA Essential Oil Opis i sk\u0142adniki:<\/strong><\/p>\n<p>Olej mirry ma silne w\u0142a\u015bciwo\u015bci oczyszczaj\u0105ce, szczeg\u00f3lnie dobre dla dzi\u0105se\u0142, gard\u0142a, ust, sk\u00f3ry nadaje m\u0142odzie\u0144czy wygl\u0105d, \u0142agodzi, mo\u017ce stworzy\u0107 inspiruj\u0105c\u0105 atmosfer\u0119 swoim aromatem.<\/p>\n<p>Staro\u017cytne zapisy wskazuj\u0105, \u017ce mira by\u0142a uwa\u017cana za tak cenn\u0105, \u017ce czasami cena z\u0142ota i Miry za gram by\u0142a r\u00f3wna.<\/p>\n<p>Olejek eteryczny z mirry jest ekstrahowany z \u017cywicy ma\u0142ego k\u0142uj\u0105cego drzewa mirry i by\u0142 u\u017cywany od wiek\u00f3w ze wzgl\u0119du na wewn\u0119trzne i zewn\u0119trzne korzy\u015bci zdrowotne.<\/p>\n<p>Mira w ca\u0142ej historii by\u0142a u\u017cywana jako perfumy, kadzid\u0142o i dla zdrowia. By\u0142 r\u00f3wnie\u017c u\u017cywany do balsamowania i ceremonii religijnych. \u00b7<\/p>\n<p><strong>Zastosowanie olejku eterycznego MYRRH Pure doTERRA:<\/strong><\/p>\n<ul>\n<li>Dodaj jedn\u0105 lub dwie krople olejku mirry do pasty do z\u0119b\u00f3w, aby wzmocni\u0107 efekt oczyszczaj\u0105cy.<\/li>\n<li>Parowy olejek eteryczny z mirry, aby stworzy\u0107 zr\u00f3wnowa\u017con\u0105 atmosfer\u0119.\u00b7<\/li>\n<li>Dodaj do balsamu \/ kremu nawil\u017caj\u0105cego, aby zmniejszy\u0107 widoczno\u015b\u0107 drobnych linii i zmarszczek.\u00b7<\/li>\n<li>Dodaj jedn\u0105 lub dwie krople do wody i p\u0142ucz gard\u0142o\u00b7<\/li>\n<li>Wypij 1 kropl\u0119 wod\u0105\u00b7<\/li>\n<li>Mo\u017ce poprawi\u0107 kondycj\u0119 paznokci zr\u00f3b to sam krem. 4 proste sk\u0142adniki \u2013 mas\u0142o shea, wosk pszczeli, frakcjonowany olej kokosowy doTERRA i olej mirry \u2013 szybko nadadz\u0105 Twoim paznokciom zdrowy wygl\u0105d. Ta mieszanka mo\u017ce by\u0107 r\u00f3wnie\u017c stosowana na d\u0142onie, usta lub such\u0105 sk\u00f3r\u0119.<\/li>\n<li>Olejek eteryczny z mirry ujawnia zwi\u0105zek duszy z ziemsk\u0105 Matk\u0105, a tak\u017ce z Matk\u0105 Ziemi\u0105. Leczy traumy wczesnego dzieci\u0144stwa &#8211; mo\u017ce dorasta\u0142e\u015b bez matki, a mo\u017ce twoja matka nie kocha\u0142a ci\u0119 tak, jak chcia\u0142e\u015b (w twoich oczach jako dziecko) &#8211; olejek eteryczny z mirry tworzy poczucie bezpiecze\u0144stwa, promuje zaufanie.<\/li>\n<\/ul>\n<p>Historycznie olejek eteryczny z mirry by\u0142 u\u017cywany na wiele sposob\u00f3w, od medytacji po balsamowanie, i nadal jest cz\u0119sto zalecany.<\/p>\n<p>&nbsp;<\/p>\n<p>Wi\u0119cej informacji  <strong> <\/strong>  o <strong>mirrze<\/strong> <strong>doTERRA<\/strong><strong> <\/strong><strong>Olejek eteryczny <\/strong>znajdziesz w poni\u017cszym filmie.<\/p>\n<p><iframe title=\"d\u014dTERRA Olejek eteryczny z mirry\" src=\"https:\/\/www.youtube.com\/embed\/foVE7H7r_nk\" width=\"853\" height=\"480\" frameborder=\"0\" allowfullscreen=\"allowfullscreen\"><\/iframe><\/p>\n","protected":false},"excerpt":{"rendered":"<ul>\n<li>Pomaga poczu\u0107 r\u00f3wnowag\u0119 emocjonaln\u0105 i dobre samopoczucie<\/li>\n<li>Doskona\u0142y \u015brodek oczyszczaj\u0105cy, szczeg\u00f3lnie odpowiedni dla gard\u0142a i jamy ustnej<\/li>\n<li>\u0141agodzi sk\u00f3r\u0119, oczyszcza j\u0105 i wygl\u0105da m\u0142odzie\u0144czo<\/li>\n<\/ul>\n","protected":false},"featured_media":12582,"template":"","meta":{"site-sidebar-layout":"default","site-content-layout":"default","ast-site-content-layout":"default","site-content-style":"default","site-sidebar-style":"default","ast-global-header-display":"","ast-banner-title-visibility":"","ast-main-header-display":"","ast-hfb-above-header-display":"","ast-hfb-below-header-display":"","ast-hfb-mobile-header-display":"","site-post-title":"","ast-breadcrumbs-content":"","ast-featured-img":"","footer-sml-layout":"","ast-disable-related-posts":"","theme-transparent-header-meta":"default","adv-header-id-meta":"","stick-header-meta":"","header-above-stick-meta":"","header-main-stick-meta":"","header-below-stick-meta":"","astra-migrate-meta-layouts":"default","ast-page-background-enabled":"default","ast-page-background-meta":{"desktop":{"background-color":"","background-image":"","background-repeat":"repeat","background-position":"center center","background-size":"auto","background-attachment":"scroll","background-type":"","background-media":"","overlay-type":"","overlay-color":"","overlay-opacity":"","overlay-gradient":""},"tablet":{"background-color":"","background-image":"","background-repeat":"repeat","background-position":"center center","background-size":"auto","background-attachment":"scroll","background-type":"","background-media":"","overlay-type":"","overlay-color":"","overlay-opacity":"","overlay-gradient":""},"mobile":{"background-color":"","background-image":"","background-repeat":"repeat","background-position":"center center","background-size":"auto","background-attachment":"scroll","background-type":"","background-media":"","overlay-type":"","overlay-color":"","overlay-opacity":"","overlay-gradient":""}},"ast-content-background-meta":{"desktop":{"background-color":"var(--ast-global-color-5)","background-image":"","background-repeat":"repeat","background-position":"center center","background-size":"auto","background-attachment":"scroll","background-type":"","background-media":"","overlay-type":"","overlay-color":"","overlay-opacity":"","overlay-gradient":""},"tablet":{"background-color":"var(--ast-global-color-5)","background-image":"","background-repeat":"repeat","background-position":"center center","background-size":"auto","background-attachment":"scroll","background-type":"","background-media":"","overlay-type":"","overlay-color":"","overlay-opacity":"","overlay-gradient":""},"mobile":{"background-color":"var(--ast-global-color-5)","background-image":"","background-repeat":"repeat","background-position":"center center","background-size":"auto","background-attachment":"scroll","background-type":"","background-media":"","overlay-type":"","overlay-color":"","overlay-opacity":"","overlay-gradient":""}}},"product_brand":[],"product_cat":[1704,1711,1698,1752],"product_tag":[726,1041,1533],"class_list":{"0":"post-16441","1":"product","2":"type-product","3":"status-publish","4":"has-post-thumbnail","6":"product_cat-czyste-olejki-eteryczne","7":"product_cat-higiena-i-pielegnacja-skory","8":"product_cat-olejki-eteryczne","9":"product_cat-radzenia-sobie-ze-stresem","10":"product_tag-15-ml-pl-2","11":"product_tag-myrrh-pl","12":"product_tag-olejki-eteryczne","13":"desktop-align-left","14":"tablet-align-left","15":"mobile-align-left","17":"first","18":"instock","19":"sale","20":"taxable","21":"shipping-taxable","22":"purchasable","23":"product-type-simple"},"_links":{"self":[{"href":"https:\/\/mamaterra.lt\/pl\/wp-json\/wp\/v2\/product\/16441","targetHints":{"allow":["GET"]}}],"collection":[{"href":"https:\/\/mamaterra.lt\/pl\/wp-json\/wp\/v2\/product"}],"about":[{"href":"https:\/\/mamaterra.lt\/pl\/wp-json\/wp\/v2\/types\/product"}],"wp:featuredmedia":[{"embeddable":true,"href":"https:\/\/mamaterra.lt\/pl\/wp-json\/wp\/v2\/media\/12582"}],"wp:attachment":[{"href":"https:\/\/mamaterra.lt\/pl\/wp-json\/wp\/v2\/media?parent=16441"}],"wp:term":[{"taxonomy":"product_brand","embeddable":true,"href":"https:\/\/mamaterra.lt\/pl\/wp-json\/wp\/v2\/product_brand?post=16441"},{"taxonomy":"product_cat","embeddable":true,"href":"https:\/\/mamaterra.lt\/pl\/wp-json\/wp\/v2\/product_cat?post=16441"},{"taxonomy":"product_tag","embeddable":true,"href":"https:\/\/mamaterra.lt\/pl\/wp-json\/wp\/v2\/product_tag?post=16441"}],"curies":[{"name":"wp","href":"https:\/\/api.w.org\/{rel}","templated":true}]}}