{"id":16440,"date":"2021-04-18T16:48:46","date_gmt":"2021-04-18T15:48:46","guid":{"rendered":"https:\/\/mamaterra.lt\/parduotuve\/bez-kategorii\/olejek-syberyjski-fir-pure-doterra-15ml\/"},"modified":"2021-04-18T16:48:46","modified_gmt":"2021-04-18T15:48:46","slug":"siberian-jodla-pure-doterra-olejek-15ml","status":"publish","type":"product","link":"https:\/\/mamaterra.lt\/pl\/parduotuve\/olejki-eteryczne\/czyste-olejki-eteryczne\/siberian-jodla-pure-doterra-olejek-15ml\/","title":{"rendered":"Olejek syberyjski FIR Pure doTERRA 15ml"},"content":{"rendered":"<p style=\"text-align: left;\"><strong>Jod\u0142a syberyjska Pure doTERRA Olejek eteryczny<\/strong><\/p>\n<p style=\"text-align: left;\">Abies sibirca | 15ml<\/p>\n<p>&nbsp;<\/p>\n<p><strong>SIBERIAN FIR Pure doTERRA Essential Oil Opis:<\/strong><\/p>\n<p style=\"text-align: left;\">Olejek eteryczny z syberyjskiego zaj\u0105ca o \u015bwie\u017cym drzewnym aromacie mo\u017ce pom\u00f3c odkry\u0107 r\u00f3wnowag\u0119 emocjonaln\u0105 i da\u0107 pozytywno\u015b\u0107.<\/p>\n<ul>\n<li style=\"text-align: left;\">U\u017cywany do masa\u017cu \u0142agodzi b\u00f3l<\/li>\n<li style=\"text-align: left;\">Stosowany na sk\u00f3r\u0119 \u0142agodzi drobne podra\u017cnienia sk\u00f3ry<\/li>\n<li style=\"text-align: left;\">\u0141agodzi b\u00f3l cia\u0142a i mi\u0119\u015bni<\/li>\n<\/ul>\n<p>&nbsp;<\/p>\n<p>Wi\u0119cej informacji o <strong>SIBERIAN FIR<\/strong><strong> <\/strong><strong>doTERRA<\/strong><strong> <\/strong><strong>Olejek eteryczny <\/strong>znajdziesz w poni\u017cszym filmie.<\/p>\n<p><iframe title=\"Do czego s\u0142u\u017cy olejek eteryczny z jod\u0142y syberyjskiej?\" src=\"https:\/\/www.youtube.com\/embed\/6PLm6cX6JEU\" width=\"853\" height=\"480\" frameborder=\"0\" allowfullscreen=\"allowfullscreen\"><\/iframe><\/p>\n","protected":false},"excerpt":{"rendered":"<ul>\n<li style=\"text-align: left;\">U\u017cywany do masa\u017cu \u0142agodzi b\u00f3l<\/li>\n<li style=\"text-align: left;\">Stosowany na sk\u00f3r\u0119 \u0142agodzi drobne podra\u017cnienia sk\u00f3ry<\/li>\n<li style=\"text-align: left;\">\u0141agodzi b\u00f3l cia\u0142a i mi\u0119\u015bni<\/li>\n<\/ul>\n","protected":false},"featured_media":12507,"template":"","meta":{"site-sidebar-layout":"default","site-content-layout":"default","ast-site-content-layout":"default","site-content-style":"default","site-sidebar-style":"default","ast-global-header-display":"","ast-banner-title-visibility":"","ast-main-header-display":"","ast-hfb-above-header-display":"","ast-hfb-below-header-display":"","ast-hfb-mobile-header-display":"","site-post-title":"","ast-breadcrumbs-content":"","ast-featured-img":"","footer-sml-layout":"","ast-disable-related-posts":"","theme-transparent-header-meta":"default","adv-header-id-meta":"","stick-header-meta":"","header-above-stick-meta":"","header-main-stick-meta":"","header-below-stick-meta":"","astra-migrate-meta-layouts":"default","ast-page-background-enabled":"default","ast-page-background-meta":{"desktop":{"background-color":"","background-image":"","background-repeat":"repeat","background-position":"center center","background-size":"auto","background-attachment":"scroll","background-type":"","background-media":"","overlay-type":"","overlay-color":"","overlay-opacity":"","overlay-gradient":""},"tablet":{"background-color":"","background-image":"","background-repeat":"repeat","background-position":"center center","background-size":"auto","background-attachment":"scroll","background-type":"","background-media":"","overlay-type":"","overlay-color":"","overlay-opacity":"","overlay-gradient":""},"mobile":{"background-color":"","background-image":"","background-repeat":"repeat","background-position":"center center","background-size":"auto","background-attachment":"scroll","background-type":"","background-media":"","overlay-type":"","overlay-color":"","overlay-opacity":"","overlay-gradient":""}},"ast-content-background-meta":{"desktop":{"background-color":"var(--ast-global-color-5)","background-image":"","background-repeat":"repeat","background-position":"center center","background-size":"auto","background-attachment":"scroll","background-type":"","background-media":"","overlay-type":"","overlay-color":"","overlay-opacity":"","overlay-gradient":""},"tablet":{"background-color":"var(--ast-global-color-5)","background-image":"","background-repeat":"repeat","background-position":"center center","background-size":"auto","background-attachment":"scroll","background-type":"","background-media":"","overlay-type":"","overlay-color":"","overlay-opacity":"","overlay-gradient":""},"mobile":{"background-color":"var(--ast-global-color-5)","background-image":"","background-repeat":"repeat","background-position":"center center","background-size":"auto","background-attachment":"scroll","background-type":"","background-media":"","overlay-type":"","overlay-color":"","overlay-opacity":"","overlay-gradient":""}}},"product_brand":[],"product_cat":[1704,1755,1698],"product_tag":[726,1533,944],"class_list":{"0":"post-16440","1":"product","2":"type-product","3":"status-publish","4":"has-post-thumbnail","6":"product_cat-czyste-olejki-eteryczne","7":"product_cat-dla-dzieci","8":"product_cat-olejki-eteryczne","9":"product_tag-15-ml-pl-2","10":"product_tag-olejki-eteryczne","11":"product_tag-siberian-fir-pl","12":"desktop-align-left","13":"tablet-align-left","14":"mobile-align-left","16":"first","17":"instock","18":"taxable","19":"shipping-taxable","20":"purchasable","21":"product-type-simple"},"_links":{"self":[{"href":"https:\/\/mamaterra.lt\/pl\/wp-json\/wp\/v2\/product\/16440","targetHints":{"allow":["GET"]}}],"collection":[{"href":"https:\/\/mamaterra.lt\/pl\/wp-json\/wp\/v2\/product"}],"about":[{"href":"https:\/\/mamaterra.lt\/pl\/wp-json\/wp\/v2\/types\/product"}],"wp:featuredmedia":[{"embeddable":true,"href":"https:\/\/mamaterra.lt\/pl\/wp-json\/wp\/v2\/media\/12507"}],"wp:attachment":[{"href":"https:\/\/mamaterra.lt\/pl\/wp-json\/wp\/v2\/media?parent=16440"}],"wp:term":[{"taxonomy":"product_brand","embeddable":true,"href":"https:\/\/mamaterra.lt\/pl\/wp-json\/wp\/v2\/product_brand?post=16440"},{"taxonomy":"product_cat","embeddable":true,"href":"https:\/\/mamaterra.lt\/pl\/wp-json\/wp\/v2\/product_cat?post=16440"},{"taxonomy":"product_tag","embeddable":true,"href":"https:\/\/mamaterra.lt\/pl\/wp-json\/wp\/v2\/product_tag?post=16440"}],"curies":[{"name":"wp","href":"https:\/\/api.w.org\/{rel}","templated":true}]}}