{"id":16437,"date":"2021-04-18T16:46:34","date_gmt":"2021-04-18T15:46:34","guid":{"rendered":"https:\/\/mamaterra.lt\/parduotuve\/bez-kategorii\/rumianek-rzymski-pure-doterra-olejek-eteryczny-5ml\/"},"modified":"2024-03-11T19:32:07","modified_gmt":"2024-03-11T18:32:07","slug":"roman-rumianek-pure-doterra-olejek-5ml","status":"publish","type":"product","link":"https:\/\/mamaterra.lt\/pl\/parduotuve\/olejki-eteryczne\/czyste-olejki-eteryczne\/roman-rumianek-pure-doterra-olejek-5ml\/","title":{"rendered":"Rumianek RZYMSKI Pure doTERRA Olejek Eteryczny 5ml"},"content":{"rendered":"<p><strong>Rumianek ROMA\u0143SKI Pure doTERRA Olejek eteryczny<\/strong><\/p>\n<p>Anthemis nobilis | 5ml<\/p>\n<p>&nbsp;<\/p>\n<p><strong>Opis olejku eterycznego ROMAN CHAMOMILE Pure doTERRA:<\/strong><\/p>\n<p>Roma\u0144ski rumianek jest najbardziej wszechstronnym ze wszystkich rumiank\u00f3w. Jego olejek eteryczny jest ekstrahowany z kwiat\u00f3w przypominaj\u0105cej stokrotk\u0119 roma\u0144skiej ro\u015bliny rumianku.<\/p>\n<ul>\n<li>Zastosuj podeszwy przed snem<\/li>\n<li>Nadaje w\u0142osom zdrowy wygl\u0105d i \u015bwie\u017cy kwiatowy zapach<\/li>\n<li>Stosowany na sk\u00f3r\u0119 i ca\u0142e cia\u0142o dzia\u0142a uspokajaj\u0105co<\/li>\n<\/ul>\n<p>&nbsp;<\/p>\n<p>Wi\u0119cej informacji o <strong>rumianku rzymskim<\/strong> <strong>doTERRA<\/strong> <strong>Olejek eteryczny <\/strong>znajdziesz w poni\u017cszym filmie.<\/p>\n<p><iframe title=\"doTERRA Roman Rumianek Olejek Eteryczny-DEOWA Academy\" src=\"https:\/\/www.youtube.com\/embed\/ToU2t7Vyh2Y\" width=\"853\" height=\"480\" frameborder=\"0\" allowfullscreen=\"allowfullscreen\"><\/iframe><\/p>\n","protected":false},"excerpt":{"rendered":"<ul>\n<li>Zastosuj podeszwy przed snem<\/li>\n<li>Nadaje w\u0142osom zdrowy wygl\u0105d i \u015bwie\u017cy kwiatowy zapach<\/li>\n<li>Stosowany na sk\u00f3r\u0119 i ca\u0142e cia\u0142o dzia\u0142a uspokajaj\u0105co<\/li>\n<\/ul>\n","protected":false},"featured_media":0,"template":"","meta":{"site-sidebar-layout":"default","site-content-layout":"default","ast-site-content-layout":"default","site-content-style":"default","site-sidebar-style":"default","ast-global-header-display":"","ast-banner-title-visibility":"","ast-main-header-display":"","ast-hfb-above-header-display":"","ast-hfb-below-header-display":"","ast-hfb-mobile-header-display":"","site-post-title":"","ast-breadcrumbs-content":"","ast-featured-img":"","footer-sml-layout":"","ast-disable-related-posts":"","theme-transparent-header-meta":"default","adv-header-id-meta":"","stick-header-meta":"","header-above-stick-meta":"","header-main-stick-meta":"","header-below-stick-meta":"","astra-migrate-meta-layouts":"set","ast-page-background-enabled":"default","ast-page-background-meta":{"desktop":{"background-color":"","background-image":"","background-repeat":"repeat","background-position":"center center","background-size":"auto","background-attachment":"scroll","background-type":"","background-media":"","overlay-type":"","overlay-color":"","overlay-opacity":"","overlay-gradient":""},"tablet":{"background-color":"","background-image":"","background-repeat":"repeat","background-position":"center center","background-size":"auto","background-attachment":"scroll","background-type":"","background-media":"","overlay-type":"","overlay-color":"","overlay-opacity":"","overlay-gradient":""},"mobile":{"background-color":"","background-image":"","background-repeat":"repeat","background-position":"center center","background-size":"auto","background-attachment":"scroll","background-type":"","background-media":"","overlay-type":"","overlay-color":"","overlay-opacity":"","overlay-gradient":""}},"ast-content-background-meta":{"desktop":{"background-color":"var(--ast-global-color-5)","background-image":"","background-repeat":"repeat","background-position":"center center","background-size":"auto","background-attachment":"scroll","background-type":"","background-media":"","overlay-type":"","overlay-color":"","overlay-opacity":"","overlay-gradient":""},"tablet":{"background-color":"var(--ast-global-color-5)","background-image":"","background-repeat":"repeat","background-position":"center center","background-size":"auto","background-attachment":"scroll","background-type":"","background-media":"","overlay-type":"","overlay-color":"","overlay-opacity":"","overlay-gradient":""},"mobile":{"background-color":"var(--ast-global-color-5)","background-image":"","background-repeat":"repeat","background-position":"center center","background-size":"auto","background-attachment":"scroll","background-type":"","background-media":"","overlay-type":"","overlay-color":"","overlay-opacity":"","overlay-gradient":""}}},"product_brand":[],"product_cat":[1704,1755,1738,1698,1752],"product_tag":[713,1533,999],"class_list":{"0":"post-16437","1":"product","2":"type-product","3":"status-publish","5":"product_cat-czyste-olejki-eteryczne","6":"product_cat-dla-dzieci","7":"product_cat-do-spania","8":"product_cat-olejki-eteryczne","9":"product_cat-radzenia-sobie-ze-stresem","10":"product_tag-5-ml-pl-2","11":"product_tag-olejki-eteryczne","12":"product_tag-roman-chamomile-pl","13":"desktop-align-left","14":"tablet-align-left","15":"mobile-align-left","17":"first","18":"instock","19":"taxable","20":"shipping-taxable","21":"purchasable","22":"product-type-simple"},"_links":{"self":[{"href":"https:\/\/mamaterra.lt\/pl\/wp-json\/wp\/v2\/product\/16437","targetHints":{"allow":["GET"]}}],"collection":[{"href":"https:\/\/mamaterra.lt\/pl\/wp-json\/wp\/v2\/product"}],"about":[{"href":"https:\/\/mamaterra.lt\/pl\/wp-json\/wp\/v2\/types\/product"}],"wp:attachment":[{"href":"https:\/\/mamaterra.lt\/pl\/wp-json\/wp\/v2\/media?parent=16437"}],"wp:term":[{"taxonomy":"product_brand","embeddable":true,"href":"https:\/\/mamaterra.lt\/pl\/wp-json\/wp\/v2\/product_brand?post=16437"},{"taxonomy":"product_cat","embeddable":true,"href":"https:\/\/mamaterra.lt\/pl\/wp-json\/wp\/v2\/product_cat?post=16437"},{"taxonomy":"product_tag","embeddable":true,"href":"https:\/\/mamaterra.lt\/pl\/wp-json\/wp\/v2\/product_tag?post=16437"}],"curies":[{"name":"wp","href":"https:\/\/api.w.org\/{rel}","templated":true}]}}