{"id":16426,"date":"2021-04-18T16:51:58","date_gmt":"2021-04-18T15:51:58","guid":{"rendered":"https:\/\/mamaterra.lt\/parduotuve\/bez-kategorii\/zapach-goldenrod-vetiver-pure-doterra-olejek-eteryczny-15ml\/"},"modified":"2021-04-18T16:51:58","modified_gmt":"2021-04-18T15:51:58","slug":"zapach-nawloc-wetyweria-czysta-doterra-olejek-15ml","status":"publish","type":"product","link":"https:\/\/mamaterra.lt\/pl\/parduotuve\/olejki-eteryczne\/czyste-olejki-eteryczne\/zapach-nawloc-wetyweria-czysta-doterra-olejek-15ml\/","title":{"rendered":"Zapach GoldenRod (VETIVER) Pure doTERRA Olejek Eteryczny 15ml"},"content":{"rendered":"<p><strong>Zapach GoldenRod (VETIVER) Pure doTERRA Olejek eteryczny<\/strong><\/p>\n<p>Vetiveria zizanioides | 15ml<\/p>\n<p>&nbsp;<\/p>\n<p><strong>Opis olejku eterycznego Pure doTERRA pachn\u0105cej z\u0142otobrody (VETIVER):<\/strong><\/p>\n<p>Pachn\u0105ca naw\u0142o\u0107 jest uwielbiana ze wzgl\u0119du na bogaty, egzotyczny z\u0142o\u017cony aromat, kt\u00f3ry jest szeroko stosowany w produkcji perfum.<\/p>\n<ul>\n<li>Olejek eteryczny z pachn\u0105cej naw\u0142oci znany jest ze swoich w\u0142a\u015bciwo\u015bci uziemiaj\u0105cych<\/li>\n<li>S\u0142u\u017cy do koj\u0105cego masa\u017cu aromatycznego<\/li>\n<li>U\u017cyj w swoich ulubionych aromatycznych mieszankach jako ziemistej nuty bazowej<\/li>\n<\/ul>\n<p>&nbsp;<\/p>\n<p>Wi\u0119cej informacji o <strong>pachn\u0105cej naw\u0142oci (VETIVER)<\/strong><strong> <\/strong><strong>doTERRA<\/strong><strong> <\/strong><strong>Olejek eteryczny <\/strong>znajdziesz w poni\u017cszym filmie.<\/p>\n<p><iframe title=\"Zastosowania i korzy\u015bci z oleju wetiwerowego | olejki eteryczne doTERRA\" src=\"https:\/\/www.youtube.com\/embed\/3AY8sSF2VUA\" width=\"853\" height=\"480\" frameborder=\"0\" allowfullscreen=\"allowfullscreen\"><\/iframe><\/p>\n","protected":false},"excerpt":{"rendered":"<ul>\n<li>Olejek eteryczny z pachn\u0105cej naw\u0142oci znany jest ze swoich w\u0142a\u015bciwo\u015bci uziemiaj\u0105cych<\/li>\n<li>S\u0142u\u017cy do koj\u0105cego masa\u017cu aromatycznego<\/li>\n<li>U\u017cyj w swoich ulubionych aromatycznych mieszankach jako ziemistej nuty bazowej<\/li>\n<\/ul>\n","protected":false},"featured_media":12318,"template":"","meta":{"site-sidebar-layout":"default","site-content-layout":"default","ast-site-content-layout":"default","site-content-style":"default","site-sidebar-style":"default","ast-global-header-display":"","ast-banner-title-visibility":"","ast-main-header-display":"","ast-hfb-above-header-display":"","ast-hfb-below-header-display":"","ast-hfb-mobile-header-display":"","site-post-title":"","ast-breadcrumbs-content":"","ast-featured-img":"","footer-sml-layout":"","ast-disable-related-posts":"","theme-transparent-header-meta":"default","adv-header-id-meta":"","stick-header-meta":"","header-above-stick-meta":"","header-main-stick-meta":"","header-below-stick-meta":"","astra-migrate-meta-layouts":"default","ast-page-background-enabled":"default","ast-page-background-meta":{"desktop":{"background-color":"","background-image":"","background-repeat":"repeat","background-position":"center center","background-size":"auto","background-attachment":"scroll","background-type":"","background-media":"","overlay-type":"","overlay-color":"","overlay-opacity":"","overlay-gradient":""},"tablet":{"background-color":"","background-image":"","background-repeat":"repeat","background-position":"center center","background-size":"auto","background-attachment":"scroll","background-type":"","background-media":"","overlay-type":"","overlay-color":"","overlay-opacity":"","overlay-gradient":""},"mobile":{"background-color":"","background-image":"","background-repeat":"repeat","background-position":"center center","background-size":"auto","background-attachment":"scroll","background-type":"","background-media":"","overlay-type":"","overlay-color":"","overlay-opacity":"","overlay-gradient":""}},"ast-content-background-meta":{"desktop":{"background-color":"var(--ast-global-color-5)","background-image":"","background-repeat":"repeat","background-position":"center center","background-size":"auto","background-attachment":"scroll","background-type":"","background-media":"","overlay-type":"","overlay-color":"","overlay-opacity":"","overlay-gradient":""},"tablet":{"background-color":"var(--ast-global-color-5)","background-image":"","background-repeat":"repeat","background-position":"center center","background-size":"auto","background-attachment":"scroll","background-type":"","background-media":"","overlay-type":"","overlay-color":"","overlay-opacity":"","overlay-gradient":""},"mobile":{"background-color":"var(--ast-global-color-5)","background-image":"","background-repeat":"repeat","background-position":"center center","background-size":"auto","background-attachment":"scroll","background-type":"","background-media":"","overlay-type":"","overlay-color":"","overlay-opacity":"","overlay-gradient":""}}},"product_brand":[],"product_cat":[1704,1738,1698,1752],"product_tag":[726,1533,872],"class_list":{"0":"post-16426","1":"product","2":"type-product","3":"status-publish","4":"has-post-thumbnail","6":"product_cat-czyste-olejki-eteryczne","7":"product_cat-do-spania","8":"product_cat-olejki-eteryczne","9":"product_cat-radzenia-sobie-ze-stresem","10":"product_tag-15-ml-pl-2","11":"product_tag-olejki-eteryczne","12":"product_tag-vetiver-pl","13":"desktop-align-left","14":"tablet-align-left","15":"mobile-align-left","17":"first","18":"instock","19":"sale","20":"taxable","21":"shipping-taxable","22":"purchasable","23":"product-type-simple"},"_links":{"self":[{"href":"https:\/\/mamaterra.lt\/pl\/wp-json\/wp\/v2\/product\/16426","targetHints":{"allow":["GET"]}}],"collection":[{"href":"https:\/\/mamaterra.lt\/pl\/wp-json\/wp\/v2\/product"}],"about":[{"href":"https:\/\/mamaterra.lt\/pl\/wp-json\/wp\/v2\/types\/product"}],"wp:featuredmedia":[{"embeddable":true,"href":"https:\/\/mamaterra.lt\/pl\/wp-json\/wp\/v2\/media\/12318"}],"wp:attachment":[{"href":"https:\/\/mamaterra.lt\/pl\/wp-json\/wp\/v2\/media?parent=16426"}],"wp:term":[{"taxonomy":"product_brand","embeddable":true,"href":"https:\/\/mamaterra.lt\/pl\/wp-json\/wp\/v2\/product_brand?post=16426"},{"taxonomy":"product_cat","embeddable":true,"href":"https:\/\/mamaterra.lt\/pl\/wp-json\/wp\/v2\/product_cat?post=16426"},{"taxonomy":"product_tag","embeddable":true,"href":"https:\/\/mamaterra.lt\/pl\/wp-json\/wp\/v2\/product_tag?post=16426"}],"curies":[{"name":"wp","href":"https:\/\/api.w.org\/{rel}","templated":true}]}}