{"id":16424,"date":"2021-04-18T17:03:36","date_gmt":"2021-04-18T16:03:36","guid":{"rendered":"https:\/\/mamaterra.lt\/parduotuve\/bez-kategorii\/doterra-adaptiv-kojaca-mieszanka-olejkow-eterycznych-15ml\/"},"modified":"2021-04-18T17:03:36","modified_gmt":"2021-04-18T16:03:36","slug":"doterra-adaptiv-kojacy-mieszanka-olejkow-15ml","status":"publish","type":"product","link":"https:\/\/mamaterra.lt\/pl\/parduotuve\/olejki-eteryczne\/mieszanki-olejkow-eterycznych\/doterra-adaptiv-kojacy-mieszanka-olejkow-15ml\/","title":{"rendered":"doTERRA ADAPTIV\u2122 Koj\u0105ca Mieszanka Olejk\u00f3w Eterycznych 15ml"},"content":{"rendered":"<p><strong>doTERRA ADAPTIV\u2122 Koj\u0105ca mieszanka olejk\u00f3w eterycznych<\/strong><\/p>\n<p>15ml<\/p>\n<p>&nbsp;<\/p>\n<p><strong>DoTERRA ADAPTIV\u2122 Blend olejk\u00f3w eterycznych Opis i sk\u0142adniki:<\/strong><\/p>\n<p>Adaptiv to opatentowana mieszanka sk\u0142adaj\u0105ca si\u0119 z olejk\u00f3w eterycznych z dzikiej pomara\u0144czy, lawendy, kokonu, mi\u0119ty, czynnika ch\u0142odniczego, magnolii, rozmarynu, neroli i prawdziwej \u017cywicy. Miej Adaptiv pod r\u0119k\u0105 \u2013 ta mieszanka przyda si\u0119, gdy chcesz si\u0119 wyciszy\u0107 w nowym otoczeniu lub w nieznanej sytuacji.<\/p>\n<p>Gdy stres i napi\u0119cie wydaj\u0105 si\u0119 bezwzgl\u0119dne, Adaptiv Calming Blend jest dok\u0142adnym rozwi\u0105zaniem. U\u017cyj Adaptiv, aby dostosowa\u0107 si\u0119 do nowych \u015brodowisk lub sytuacji.<\/p>\n<ul>\n<li>Zbli\u017caj\u0105c si\u0119 do wa\u017cnego spotkania lub innych wa\u017cnych wydarze\u0144, miej Adaptiv Calming Blend na wyci\u0105gni\u0119cie r\u0119ki.<\/li>\n<li>Wst\u0119pne badania wykaza\u0142y, \u017ce zapach lawendy, g\u0142\u00f3wnego sk\u0142adnika Adaptiv, przyczynia si\u0119 do \u015brodowiska sprzyjaj\u0105cego wykonywaniu zada\u0144 wymagaj\u0105cych sta\u0142ej uwagi.<\/li>\n<li>Lawenda, magnolia, neroli i guma cukrowa \u0142agodz\u0105 stres, a dzikie pomara\u0144cze i mi\u0119ta dodaj\u0105 energii i otuchy.<\/li>\n<li>Copaiba i rozmaryn \u0142agodz\u0105 uczucie niepokoju, uzupe\u0142niaj\u0105c w ten spos\u00f3b dzia\u0142anie koj\u0105ce.<\/li>\n<\/ul>\n<p>Niezale\u017cnie od tego, czy czujesz si\u0119 zm\u0119czony, niespokojny, niezdecydowany czy rozdra\u017cniony, Adaptiv Calming Blend pomaga Twojemu cia\u0142u i umys\u0142owi utrzyma\u0107 r\u00f3wnowag\u0119. U\u017cyj Adaptiv Calming Blend w po\u0142\u0105czeniu z kapsu\u0142kami Adaptiv, aby uzyska\u0107 synergiczne rezultaty.<\/p>\n<ul>\n<li>Pomaga poprawi\u0107 nastr\u00f3j<\/li>\n<li>Wzmacnia uczucie spokoju<\/li>\n<li>\u0141agodzi i podnosi na duchu<\/li>\n<li>Pomaga pracowa\u0107 lub uczy\u0107 si\u0119 wydajniej<\/li>\n<li>Koj\u0105cy i relaksuj\u0105cy aromat<\/li>\n<\/ul>\n<p><strong>Zastosowanie mieszanki olejk\u00f3w eterycznych doTERRA ADAPTIV\u2122:<\/strong><\/p>\n<ul>\n<li>We\u017a relaksuj\u0105c\u0105 k\u0105piel z solami Epsom i trzema do czterech kroplami mieszanki adaptiv.<\/li>\n<li>Aby uzyska\u0107 koj\u0105cy masa\u017c, wymieszaj trzy krople z frakcjonowanym olejem kokosowym.<\/li>\n<li>Para w dyfuzorze &#8211; pobudzisz koncentracj\u0119 i spokojne my\u015blenie.<\/li>\n<li>Na\u0142\u00f3\u017c jedn\u0105 kropl\u0119 na d\u0142o\u0144, potrzyj d\u0142onie i wdychaj. W razie potrzeby we\u017a g\u0142\u0119boki oddech Adaptiv z d\u0142oni co kilka godzin w ci\u0105gu dnia.<\/li>\n<\/ul>\n<p>&nbsp;<\/p>\n<p>Wi\u0119cej informacji o <strong>doTERRA ADAPTIV\u2122 <\/strong>  <strong> <\/strong><strong>Mieszanin\u0119 olejk\u00f3w eterycznych <\/strong>znajdziesz w poni\u017cszym filmie.<\/p>\n<p><iframe title=\"Co wyr\u00f3\u017cnia doTERRA Adaptiv\u2122? (Przet\u0142umaczone napisy)\" src=\"https:\/\/www.youtube.com\/embed\/4OlH4bwZvC0\" width=\"853\" height=\"480\" frameborder=\"0\" allowfullscreen=\"allowfullscreen\"><\/iframe><\/p>\n","protected":false},"excerpt":{"rendered":"<ul>\n<li>Pomaga poprawi\u0107 nastr\u00f3j<\/li>\n<li>Wzmacnia uczucie spokoju<\/li>\n<li>\u0141agodzi i podnosi na duchu<\/li>\n<li>Pomaga pracowa\u0107 lub uczy\u0107 si\u0119 wydajniej<\/li>\n<\/ul>\n","protected":false},"featured_media":12732,"template":"","meta":{"site-sidebar-layout":"default","site-content-layout":"default","ast-site-content-layout":"default","site-content-style":"default","site-sidebar-style":"default","ast-global-header-display":"","ast-banner-title-visibility":"","ast-main-header-display":"","ast-hfb-above-header-display":"","ast-hfb-below-header-display":"","ast-hfb-mobile-header-display":"","site-post-title":"","ast-breadcrumbs-content":"","ast-featured-img":"","footer-sml-layout":"","ast-disable-related-posts":"","theme-transparent-header-meta":"default","adv-header-id-meta":"","stick-header-meta":"","header-above-stick-meta":"","header-main-stick-meta":"","header-below-stick-meta":"","astra-migrate-meta-layouts":"default","ast-page-background-enabled":"default","ast-page-background-meta":{"desktop":{"background-color":"","background-image":"","background-repeat":"repeat","background-position":"center center","background-size":"auto","background-attachment":"scroll","background-type":"","background-media":"","overlay-type":"","overlay-color":"","overlay-opacity":"","overlay-gradient":""},"tablet":{"background-color":"","background-image":"","background-repeat":"repeat","background-position":"center center","background-size":"auto","background-attachment":"scroll","background-type":"","background-media":"","overlay-type":"","overlay-color":"","overlay-opacity":"","overlay-gradient":""},"mobile":{"background-color":"","background-image":"","background-repeat":"repeat","background-position":"center center","background-size":"auto","background-attachment":"scroll","background-type":"","background-media":"","overlay-type":"","overlay-color":"","overlay-opacity":"","overlay-gradient":""}},"ast-content-background-meta":{"desktop":{"background-color":"var(--ast-global-color-5)","background-image":"","background-repeat":"repeat","background-position":"center center","background-size":"auto","background-attachment":"scroll","background-type":"","background-media":"","overlay-type":"","overlay-color":"","overlay-opacity":"","overlay-gradient":""},"tablet":{"background-color":"var(--ast-global-color-5)","background-image":"","background-repeat":"repeat","background-position":"center center","background-size":"auto","background-attachment":"scroll","background-type":"","background-media":"","overlay-type":"","overlay-color":"","overlay-opacity":"","overlay-gradient":""},"mobile":{"background-color":"var(--ast-global-color-5)","background-image":"","background-repeat":"repeat","background-position":"center center","background-size":"auto","background-attachment":"scroll","background-type":"","background-media":"","overlay-type":"","overlay-color":"","overlay-opacity":"","overlay-gradient":""}}},"product_brand":[],"product_cat":[1755,1738,1702,1698,1752],"product_tag":[726,859,1535],"class_list":{"0":"post-16424","1":"product","2":"type-product","3":"status-publish","4":"has-post-thumbnail","6":"product_cat-dla-dzieci","7":"product_cat-do-spania","8":"product_cat-mieszanki-olejkow-eterycznych","9":"product_cat-olejki-eteryczne","10":"product_cat-radzenia-sobie-ze-stresem","11":"product_tag-15-ml-pl-2","12":"product_tag-adaptiv-pl","13":"product_tag-mieszanki-olejkow-eterycznych","14":"desktop-align-left","15":"tablet-align-left","16":"mobile-align-left","18":"first","19":"instock","20":"featured","21":"taxable","22":"shipping-taxable","23":"purchasable","24":"product-type-simple"},"_links":{"self":[{"href":"https:\/\/mamaterra.lt\/pl\/wp-json\/wp\/v2\/product\/16424","targetHints":{"allow":["GET"]}}],"collection":[{"href":"https:\/\/mamaterra.lt\/pl\/wp-json\/wp\/v2\/product"}],"about":[{"href":"https:\/\/mamaterra.lt\/pl\/wp-json\/wp\/v2\/types\/product"}],"wp:featuredmedia":[{"embeddable":true,"href":"https:\/\/mamaterra.lt\/pl\/wp-json\/wp\/v2\/media\/12732"}],"wp:attachment":[{"href":"https:\/\/mamaterra.lt\/pl\/wp-json\/wp\/v2\/media?parent=16424"}],"wp:term":[{"taxonomy":"product_brand","embeddable":true,"href":"https:\/\/mamaterra.lt\/pl\/wp-json\/wp\/v2\/product_brand?post=16424"},{"taxonomy":"product_cat","embeddable":true,"href":"https:\/\/mamaterra.lt\/pl\/wp-json\/wp\/v2\/product_cat?post=16424"},{"taxonomy":"product_tag","embeddable":true,"href":"https:\/\/mamaterra.lt\/pl\/wp-json\/wp\/v2\/product_tag?post=16424"}],"curies":[{"name":"wp","href":"https:\/\/api.w.org\/{rel}","templated":true}]}}