{"id":16422,"date":"2021-04-18T17:13:58","date_gmt":"2021-04-18T16:13:58","guid":{"rendered":"https:\/\/mamaterra.lt\/parduotuve\/bez-kategorii\/doterra-balance-uziemienie-olejkow-eterycznych-blend-15ml\/"},"modified":"2021-04-18T17:13:58","modified_gmt":"2021-04-18T16:13:58","slug":"doterra-balance-mieszanka-olejkow-15ml","status":"publish","type":"product","link":"https:\/\/mamaterra.lt\/pl\/parduotuve\/olejki-eteryczne\/mieszanki-olejkow-eterycznych\/doterra-balance-mieszanka-olejkow-15ml\/","title":{"rendered":"doTERRA BALANCE\u2122 Uziemienie Olejk\u00f3w Eterycznych Blend 15ml"},"content":{"rendered":"<p><strong>doTERRA BALANCE\u2122 Uziemiaj\u0105ca mieszanka olejk\u00f3w eterycznych<\/strong><\/p>\n<p>15ml<\/p>\n<p>&nbsp;<\/p>\n<p><strong>DoTERRA BALANCE\u2122 Blend olejk\u00f3w eterycznych Opis i sk\u0142adniki:<\/strong><\/p>\n<p>doTERRA Balance to delikatne po\u0142\u0105czenie olejk\u00f3w eterycznych, kt\u00f3re pomagaj\u0105 poczu\u0107 harmoni\u0119, spok\u00f3j i relaks oraz maj\u0105 efekt ziemi. Przyjemny i spokojny aromat tej mieszanki pomaga utrzyma\u0107 r\u00f3wnowag\u0119 emocjonaln\u0105 i wzmacnia dobre samopoczucie.<\/p>\n<ul>\n<li>Powoduje uczucie spokoju i r\u00f3wnowagi<\/li>\n<li>Pomaga si\u0119 zrelaksowa\u0107 i do\u015bwiadczy\u0107 harmonii<\/li>\n<\/ul>\n<p>&nbsp;<\/p>\n<p>Wi\u0119cej informacji na temat <strong>mieszanki olejk\u00f3w eterycznych doTERRA BALANCE\u2122<\/strong> mo\u017cna znale\u017a\u0107 w poni\u017cszym filmie.<\/p>\n<p><iframe title=\"Jak u\u017cywa\u0107 olejku eterycznego doTERRA Balance\" src=\"https:\/\/www.youtube.com\/embed\/lUqMrJcT5B8\" width=\"853\" height=\"480\" frameborder=\"0\" allowfullscreen=\"allowfullscreen\"><\/iframe><\/p>\n","protected":false},"excerpt":{"rendered":"<ul>\n<li>Powoduje uczucie spokoju i r\u00f3wnowagi<\/li>\n<li>Pomaga si\u0119 zrelaksowa\u0107 i do\u015bwiadczy\u0107 harmonii<\/li>\n<\/ul>\n","protected":false},"featured_media":12711,"template":"","meta":{"site-sidebar-layout":"default","site-content-layout":"default","ast-site-content-layout":"default","site-content-style":"default","site-sidebar-style":"default","ast-global-header-display":"","ast-banner-title-visibility":"","ast-main-header-display":"","ast-hfb-above-header-display":"","ast-hfb-below-header-display":"","ast-hfb-mobile-header-display":"","site-post-title":"","ast-breadcrumbs-content":"","ast-featured-img":"","footer-sml-layout":"","ast-disable-related-posts":"","theme-transparent-header-meta":"default","adv-header-id-meta":"","stick-header-meta":"","header-above-stick-meta":"","header-main-stick-meta":"","header-below-stick-meta":"","astra-migrate-meta-layouts":"default","ast-page-background-enabled":"default","ast-page-background-meta":{"desktop":{"background-color":"","background-image":"","background-repeat":"repeat","background-position":"center center","background-size":"auto","background-attachment":"scroll","background-type":"","background-media":"","overlay-type":"","overlay-color":"","overlay-opacity":"","overlay-gradient":""},"tablet":{"background-color":"","background-image":"","background-repeat":"repeat","background-position":"center center","background-size":"auto","background-attachment":"scroll","background-type":"","background-media":"","overlay-type":"","overlay-color":"","overlay-opacity":"","overlay-gradient":""},"mobile":{"background-color":"","background-image":"","background-repeat":"repeat","background-position":"center center","background-size":"auto","background-attachment":"scroll","background-type":"","background-media":"","overlay-type":"","overlay-color":"","overlay-opacity":"","overlay-gradient":""}},"ast-content-background-meta":{"desktop":{"background-color":"var(--ast-global-color-5)","background-image":"","background-repeat":"repeat","background-position":"center center","background-size":"auto","background-attachment":"scroll","background-type":"","background-media":"","overlay-type":"","overlay-color":"","overlay-opacity":"","overlay-gradient":""},"tablet":{"background-color":"var(--ast-global-color-5)","background-image":"","background-repeat":"repeat","background-position":"center center","background-size":"auto","background-attachment":"scroll","background-type":"","background-media":"","overlay-type":"","overlay-color":"","overlay-opacity":"","overlay-gradient":""},"mobile":{"background-color":"var(--ast-global-color-5)","background-image":"","background-repeat":"repeat","background-position":"center center","background-size":"auto","background-attachment":"scroll","background-type":"","background-media":"","overlay-type":"","overlay-color":"","overlay-opacity":"","overlay-gradient":""}}},"product_brand":[],"product_cat":[1755,1738,1702,1698,1752],"product_tag":[726,1382,1535,1578],"class_list":{"0":"post-16422","1":"product","2":"type-product","3":"status-publish","4":"has-post-thumbnail","6":"product_cat-dla-dzieci","7":"product_cat-do-spania","8":"product_cat-mieszanki-olejkow-eterycznych","9":"product_cat-olejki-eteryczne","10":"product_cat-radzenia-sobie-ze-stresem","11":"product_tag-15-ml-pl-2","12":"product_tag-balance-pl","13":"product_tag-mieszanki-olejkow-eterycznych","14":"product_tag-popularny","15":"desktop-align-left","16":"tablet-align-left","17":"mobile-align-left","19":"first","20":"instock","21":"taxable","22":"shipping-taxable","23":"purchasable","24":"product-type-simple"},"_links":{"self":[{"href":"https:\/\/mamaterra.lt\/pl\/wp-json\/wp\/v2\/product\/16422","targetHints":{"allow":["GET"]}}],"collection":[{"href":"https:\/\/mamaterra.lt\/pl\/wp-json\/wp\/v2\/product"}],"about":[{"href":"https:\/\/mamaterra.lt\/pl\/wp-json\/wp\/v2\/types\/product"}],"wp:featuredmedia":[{"embeddable":true,"href":"https:\/\/mamaterra.lt\/pl\/wp-json\/wp\/v2\/media\/12711"}],"wp:attachment":[{"href":"https:\/\/mamaterra.lt\/pl\/wp-json\/wp\/v2\/media?parent=16422"}],"wp:term":[{"taxonomy":"product_brand","embeddable":true,"href":"https:\/\/mamaterra.lt\/pl\/wp-json\/wp\/v2\/product_brand?post=16422"},{"taxonomy":"product_cat","embeddable":true,"href":"https:\/\/mamaterra.lt\/pl\/wp-json\/wp\/v2\/product_cat?post=16422"},{"taxonomy":"product_tag","embeddable":true,"href":"https:\/\/mamaterra.lt\/pl\/wp-json\/wp\/v2\/product_tag?post=16422"}],"curies":[{"name":"wp","href":"https:\/\/api.w.org\/{rel}","templated":true}]}}