{"id":16419,"date":"2021-04-18T16:50:46","date_gmt":"2021-04-18T15:50:46","guid":{"rendered":"https:\/\/mamaterra.lt\/parduotuve\/bez-kategorii\/olejek-z-drzewa-herbacianego-melaleuca-pure-doterra-essential-oil-15ml\/"},"modified":"2021-04-18T16:50:46","modified_gmt":"2021-04-18T15:50:46","slug":"melaleuca-herbaciana-drzewo-pure-doterra-olejek-15ml","status":"publish","type":"product","link":"https:\/\/mamaterra.lt\/pl\/parduotuve\/olejki-eteryczne\/czyste-olejki-eteryczne\/melaleuca-herbaciana-drzewo-pure-doterra-olejek-15ml\/","title":{"rendered":"Olejek z drzewa herbacianego (MELALEUCA) Pure doTERRA Essential Oil 15ml"},"content":{"rendered":"<p><strong>Olejek z drzewa herbacianego (MELALEUCA) Pure doTERRA<\/strong><\/p>\n<p>Melaleuca alternifolia | 15ml<\/p>\n<p>&nbsp;<\/p>\n<p><strong>Opis olejku z drzewa herbacianego (MELALEUCA) Pure doTERRA:<\/strong><\/p>\n<p>Olejek eteryczny z mirtu prasnarialnego, zwany drzewem herbacianym, sk\u0142ada si\u0119 z ponad 90 r\u00f3\u017cnych zwi\u0105zk\u00f3w, a jego mo\u017cliwo\u015bci zastosowania s\u0105 nieograniczone.<\/p>\n<ul>\n<li>Wzmacnia i odm\u0142adza w\u0142osy, sk\u00f3r\u0119 i paznokcie<\/li>\n<li>Posiada szereg w\u0142a\u015bciwo\u015bci oczyszczaj\u0105cych<\/li>\n<li>Wspiera zdrowy wygl\u0105d sk\u00f3ry<\/li>\n<\/ul>\n<p>&nbsp;<\/p>\n<p>Wi\u0119cej informacji o<strong> Tea Tree (MELALEUCA)<\/strong><strong> <\/strong><strong>doTERRA<\/strong><strong> <\/strong><strong>Olejek eteryczny <\/strong>znajdziesz w poni\u017cszym filmie.<\/p>\n<p><iframe title=\"doTERRA Melaleuca Oil\" src=\"https:\/\/www.youtube.com\/embed\/TMDp4VtSQwc\" width=\"853\" height=\"480\" frameborder=\"0\" allowfullscreen=\"allowfullscreen\"><\/iframe><\/p>\n","protected":false},"excerpt":{"rendered":"<ul>\n<li>Wzmacnia i odm\u0142adza w\u0142osy, sk\u00f3r\u0119 i paznokcie<\/li>\n<li>Posiada szereg w\u0142a\u015bciwo\u015bci oczyszczaj\u0105cych<\/li>\n<li>Wspiera zdrowy wygl\u0105d sk\u00f3ry<\/li>\n<\/ul>\n","protected":false},"featured_media":12783,"template":"","meta":{"site-sidebar-layout":"default","site-content-layout":"default","ast-site-content-layout":"default","site-content-style":"default","site-sidebar-style":"default","ast-global-header-display":"","ast-banner-title-visibility":"","ast-main-header-display":"","ast-hfb-above-header-display":"","ast-hfb-below-header-display":"","ast-hfb-mobile-header-display":"","site-post-title":"","ast-breadcrumbs-content":"","ast-featured-img":"","footer-sml-layout":"","ast-disable-related-posts":"","theme-transparent-header-meta":"default","adv-header-id-meta":"","stick-header-meta":"","header-above-stick-meta":"","header-main-stick-meta":"","header-below-stick-meta":"","astra-migrate-meta-layouts":"default","ast-page-background-enabled":"default","ast-page-background-meta":{"desktop":{"background-color":"","background-image":"","background-repeat":"repeat","background-position":"center center","background-size":"auto","background-attachment":"scroll","background-type":"","background-media":"","overlay-type":"","overlay-color":"","overlay-opacity":"","overlay-gradient":""},"tablet":{"background-color":"","background-image":"","background-repeat":"repeat","background-position":"center center","background-size":"auto","background-attachment":"scroll","background-type":"","background-media":"","overlay-type":"","overlay-color":"","overlay-opacity":"","overlay-gradient":""},"mobile":{"background-color":"","background-image":"","background-repeat":"repeat","background-position":"center center","background-size":"auto","background-attachment":"scroll","background-type":"","background-media":"","overlay-type":"","overlay-color":"","overlay-opacity":"","overlay-gradient":""}},"ast-content-background-meta":{"desktop":{"background-color":"var(--ast-global-color-5)","background-image":"","background-repeat":"repeat","background-position":"center center","background-size":"auto","background-attachment":"scroll","background-type":"","background-media":"","overlay-type":"","overlay-color":"","overlay-opacity":"","overlay-gradient":""},"tablet":{"background-color":"var(--ast-global-color-5)","background-image":"","background-repeat":"repeat","background-position":"center center","background-size":"auto","background-attachment":"scroll","background-type":"","background-media":"","overlay-type":"","overlay-color":"","overlay-opacity":"","overlay-gradient":""},"mobile":{"background-color":"var(--ast-global-color-5)","background-image":"","background-repeat":"repeat","background-position":"center center","background-size":"auto","background-attachment":"scroll","background-type":"","background-media":"","overlay-type":"","overlay-color":"","overlay-opacity":"","overlay-gradient":""}}},"product_brand":[],"product_cat":[1704,1755,1711,1698],"product_tag":[726,1095,1533,974],"class_list":{"0":"post-16419","1":"product","2":"type-product","3":"status-publish","4":"has-post-thumbnail","6":"product_cat-czyste-olejki-eteryczne","7":"product_cat-dla-dzieci","8":"product_cat-higiena-i-pielegnacja-skory","9":"product_cat-olejki-eteryczne","10":"product_tag-15-ml-pl-2","11":"product_tag-melaleuca-pl","12":"product_tag-olejki-eteryczne","13":"product_tag-tea-tree-pl","14":"desktop-align-left","15":"tablet-align-left","16":"mobile-align-left","18":"first","19":"instock","20":"taxable","21":"shipping-taxable","22":"purchasable","23":"product-type-simple"},"_links":{"self":[{"href":"https:\/\/mamaterra.lt\/pl\/wp-json\/wp\/v2\/product\/16419","targetHints":{"allow":["GET"]}}],"collection":[{"href":"https:\/\/mamaterra.lt\/pl\/wp-json\/wp\/v2\/product"}],"about":[{"href":"https:\/\/mamaterra.lt\/pl\/wp-json\/wp\/v2\/types\/product"}],"wp:featuredmedia":[{"embeddable":true,"href":"https:\/\/mamaterra.lt\/pl\/wp-json\/wp\/v2\/media\/12783"}],"wp:attachment":[{"href":"https:\/\/mamaterra.lt\/pl\/wp-json\/wp\/v2\/media?parent=16419"}],"wp:term":[{"taxonomy":"product_brand","embeddable":true,"href":"https:\/\/mamaterra.lt\/pl\/wp-json\/wp\/v2\/product_brand?post=16419"},{"taxonomy":"product_cat","embeddable":true,"href":"https:\/\/mamaterra.lt\/pl\/wp-json\/wp\/v2\/product_cat?post=16419"},{"taxonomy":"product_tag","embeddable":true,"href":"https:\/\/mamaterra.lt\/pl\/wp-json\/wp\/v2\/product_tag?post=16419"}],"curies":[{"name":"wp","href":"https:\/\/api.w.org\/{rel}","templated":true}]}}