{"id":16411,"date":"2021-04-18T17:04:58","date_gmt":"2021-04-18T16:04:58","guid":{"rendered":"https:\/\/mamaterra.lt\/parduotuve\/bez-kategorii\/doterra-anchor-stability-giving-essential-oil-blend-doterra-anchor-steadying-blend-5ml\/"},"modified":"2021-04-18T17:04:58","modified_gmt":"2021-04-18T16:04:58","slug":"doterra-anchor-stability-giving-essential-oil-blend-doterra-anchor-steadying-blend-5ml","status":"publish","type":"product","link":"https:\/\/mamaterra.lt\/pl\/parduotuve\/olejki-eteryczne\/mieszanki-olejkow-eterycznych\/doterra-anchor-stability-giving-essential-oil-blend-doterra-anchor-steadying-blend-5ml\/","title":{"rendered":"doTERRA ANCHOR\u2122 Stability Giving Essential Oil Blend (doTERRA Anchor Steadying Blend) 5ml"},"content":{"rendered":"<p><strong>doTERRA ANCHOR\u2122 Stability Giving Essential Oil Blend (doTERRA Anchor Steadying Blend)<\/strong><\/p>\n<p>5ml<\/p>\n<p>&nbsp;<\/p>\n<p><strong>DoTERRA ANCHOR\u2122 Essential Oil Blend Opis:<\/strong><\/p>\n<p>Mieszanka doTERRA Anchor, kt\u00f3ra zapewnia stabilno\u015b\u0107, daje pewno\u015b\u0107 siebie, dzi\u0119ki czemu mo\u017cesz wej\u015b\u0107 w trening jogi i \u017cycie z uspokajaj\u0105c\u0105 si\u0142\u0105.<\/p>\n<ul>\n<li>Zapach Anchor doskonale komponuje si\u0119 z postaw\u0105 medytacji jogi podczas siedzenia, skr\u0119conego kr\u0119gos\u0142upa i pozy Bhu Mudra<\/li>\n<li>Zastosuj do kostek, podstawy i podeszew kr\u0119gos\u0142upa, aby zwi\u0119kszy\u0107 uczucie pe\u0142no\u015bci i spokoju<\/li>\n<li>Promuje uczucie syto\u015bci i dodaje odwagi<\/li>\n<\/ul>\n<p>&nbsp;<\/p>\n<p>Wi\u0119cej informacji o <strong>doTERRA ANCHOR\u2122<\/strong><strong> <\/strong><strong>Mieszanin\u0119 olejk\u00f3w eterycznych <\/strong>znajdziesz w poni\u017cszym filmie.<\/p>\n<p><iframe title=\"DoTERRA's Anchor Steadying Blend\" src=\"https:\/\/www.youtube.com\/embed\/QaaX-fDD3oE\" width=\"853\" height=\"480\" frameborder=\"0\" allowfullscreen=\"allowfullscreen\"><\/iframe><\/p>\n","protected":false},"excerpt":{"rendered":"<ul>\n<li>Zapach Anchor doskonale komponuje si\u0119 z postaw\u0105 medytacji jogi podczas siedzenia, skr\u0119conego kr\u0119gos\u0142upa i pozy Bhu Mudra<\/li>\n<li>Zastosuj do kostek, podstawy i podeszew kr\u0119gos\u0142upa, aby zwi\u0119kszy\u0107 uczucie pe\u0142no\u015bci i spokoju<\/li>\n<li>Promuje uczucie syto\u015bci i dodaje odwagi<\/li>\n<\/ul>\n","protected":false},"featured_media":12717,"template":"","meta":{"site-sidebar-layout":"default","site-content-layout":"default","ast-site-content-layout":"default","site-content-style":"default","site-sidebar-style":"default","ast-global-header-display":"","ast-banner-title-visibility":"","ast-main-header-display":"","ast-hfb-above-header-display":"","ast-hfb-below-header-display":"","ast-hfb-mobile-header-display":"","site-post-title":"","ast-breadcrumbs-content":"","ast-featured-img":"","footer-sml-layout":"","ast-disable-related-posts":"","theme-transparent-header-meta":"default","adv-header-id-meta":"","stick-header-meta":"","header-above-stick-meta":"","header-main-stick-meta":"","header-below-stick-meta":"","astra-migrate-meta-layouts":"default","ast-page-background-enabled":"default","ast-page-background-meta":{"desktop":{"background-color":"","background-image":"","background-repeat":"repeat","background-position":"center center","background-size":"auto","background-attachment":"scroll","background-type":"","background-media":"","overlay-type":"","overlay-color":"","overlay-opacity":"","overlay-gradient":""},"tablet":{"background-color":"","background-image":"","background-repeat":"repeat","background-position":"center center","background-size":"auto","background-attachment":"scroll","background-type":"","background-media":"","overlay-type":"","overlay-color":"","overlay-opacity":"","overlay-gradient":""},"mobile":{"background-color":"","background-image":"","background-repeat":"repeat","background-position":"center center","background-size":"auto","background-attachment":"scroll","background-type":"","background-media":"","overlay-type":"","overlay-color":"","overlay-opacity":"","overlay-gradient":""}},"ast-content-background-meta":{"desktop":{"background-color":"var(--ast-global-color-5)","background-image":"","background-repeat":"repeat","background-position":"center center","background-size":"auto","background-attachment":"scroll","background-type":"","background-media":"","overlay-type":"","overlay-color":"","overlay-opacity":"","overlay-gradient":""},"tablet":{"background-color":"var(--ast-global-color-5)","background-image":"","background-repeat":"repeat","background-position":"center center","background-size":"auto","background-attachment":"scroll","background-type":"","background-media":"","overlay-type":"","overlay-color":"","overlay-opacity":"","overlay-gradient":""},"mobile":{"background-color":"var(--ast-global-color-5)","background-image":"","background-repeat":"repeat","background-position":"center center","background-size":"auto","background-attachment":"scroll","background-type":"","background-media":"","overlay-type":"","overlay-color":"","overlay-opacity":"","overlay-gradient":""}}},"product_brand":[],"product_cat":[1702,1698],"product_tag":[713,1363,1535],"class_list":{"0":"post-16411","1":"product","2":"type-product","3":"status-publish","4":"has-post-thumbnail","6":"product_cat-mieszanki-olejkow-eterycznych","7":"product_cat-olejki-eteryczne","8":"product_tag-5-ml-pl-2","9":"product_tag-anchor-pl","10":"product_tag-mieszanki-olejkow-eterycznych","11":"desktop-align-left","12":"tablet-align-left","13":"mobile-align-left","15":"first","16":"instock","17":"taxable","18":"shipping-taxable","19":"purchasable","20":"product-type-simple"},"_links":{"self":[{"href":"https:\/\/mamaterra.lt\/pl\/wp-json\/wp\/v2\/product\/16411","targetHints":{"allow":["GET"]}}],"collection":[{"href":"https:\/\/mamaterra.lt\/pl\/wp-json\/wp\/v2\/product"}],"about":[{"href":"https:\/\/mamaterra.lt\/pl\/wp-json\/wp\/v2\/types\/product"}],"wp:featuredmedia":[{"embeddable":true,"href":"https:\/\/mamaterra.lt\/pl\/wp-json\/wp\/v2\/media\/12717"}],"wp:attachment":[{"href":"https:\/\/mamaterra.lt\/pl\/wp-json\/wp\/v2\/media?parent=16411"}],"wp:term":[{"taxonomy":"product_brand","embeddable":true,"href":"https:\/\/mamaterra.lt\/pl\/wp-json\/wp\/v2\/product_brand?post=16411"},{"taxonomy":"product_cat","embeddable":true,"href":"https:\/\/mamaterra.lt\/pl\/wp-json\/wp\/v2\/product_cat?post=16411"},{"taxonomy":"product_tag","embeddable":true,"href":"https:\/\/mamaterra.lt\/pl\/wp-json\/wp\/v2\/product_tag?post=16411"}],"curies":[{"name":"wp","href":"https:\/\/api.w.org\/{rel}","templated":true}]}}