{"id":16404,"date":"2021-04-18T17:05:51","date_gmt":"2021-04-18T16:05:51","guid":{"rendered":"https:\/\/mamaterra.lt\/parduotuve\/bez-kategorii\/doterra-aromatouch-blend-olejkow-eterycznych-do-masazu-15ml\/"},"modified":"2021-04-18T17:05:51","modified_gmt":"2021-04-18T16:05:51","slug":"doterra-aromatouch-eteryczna-mieszanka-olejkow-do-masazu-15ml","status":"publish","type":"product","link":"https:\/\/mamaterra.lt\/pl\/parduotuve\/olejki-eteryczne\/mieszanki-olejkow-eterycznych\/doterra-aromatouch-eteryczna-mieszanka-olejkow-do-masazu-15ml\/","title":{"rendered":"doTERRA AromaTouch\u2122 Blend olejk\u00f3w eterycznych do masa\u017cu 15ml"},"content":{"rendered":"<p><strong>doTERRA AromaTouch\u2122 Mieszanka olejk\u00f3w eterycznych do masa\u017cu<\/strong><\/p>\n<p>15ml<\/p>\n<p>&nbsp;<\/p>\n<p><strong>DoTERRA AromaTouch\u2122 Essential Oil Blend Opis i sk\u0142adniki:<\/strong><\/p>\n<p>Olejki eteryczne od dawna s\u0105 u\u017cywane do masa\u017cu \u2013 dlatego doTERRA stworzy\u0142a opatentowan\u0105 mieszank\u0119 do masa\u017cu, kt\u00f3ra zawiera koj\u0105ce i relaksuj\u0105ce olejki eteryczne, aby wzbogaci\u0107 r\u00f3\u017cne techniki masa\u017cu.<\/p>\n<ul>\n<li>Mo\u017ce pom\u00f3c z\u0142agodzi\u0107 napi\u0119cie i daje uspokajaj\u0105ce uczucie<\/li>\n<li>Dzia\u0142a uspokajaj\u0105co i relaksuj\u0105co<\/li>\n<li>Wzbogaca ka\u017cdy masa\u017c o koj\u0105cy aromat<\/li>\n<\/ul>\n<p>&nbsp;<\/p>\n<p>Wi\u0119cej informacji o <strong>doTERRA AromaTouch\u2122<\/strong><strong> <\/strong><strong>Mieszanin\u0119 olejk\u00f3w eterycznych <\/strong>znajdziesz w poni\u017cszym filmie.<\/p>\n<p><iframe title=\"Mieszanka olejk\u00f3w eterycznych doTERRA Aromatouch - zastosowania emocjonalne\" src=\"https:\/\/www.youtube.com\/embed\/YgEPkyIRU_g\" width=\"853\" height=\"480\" frameborder=\"0\" allowfullscreen=\"allowfullscreen\"><\/iframe><\/p>\n","protected":false},"excerpt":{"rendered":"<ul>\n<li>Mo\u017ce pom\u00f3c z\u0142agodzi\u0107 napi\u0119cie i daje uspokajaj\u0105ce uczucie<\/li>\n<li>Dzia\u0142a uspokajaj\u0105co i relaksuj\u0105co<\/li>\n<li>Wzbogaca ka\u017cdy masa\u017c o koj\u0105cy aromat<\/li>\n<\/ul>\n","protected":false},"featured_media":12726,"template":"","meta":{"site-sidebar-layout":"default","site-content-layout":"default","ast-site-content-layout":"default","site-content-style":"default","site-sidebar-style":"default","ast-global-header-display":"","ast-banner-title-visibility":"","ast-main-header-display":"","ast-hfb-above-header-display":"","ast-hfb-below-header-display":"","ast-hfb-mobile-header-display":"","site-post-title":"","ast-breadcrumbs-content":"","ast-featured-img":"","footer-sml-layout":"","ast-disable-related-posts":"","theme-transparent-header-meta":"default","adv-header-id-meta":"","stick-header-meta":"","header-above-stick-meta":"","header-main-stick-meta":"","header-below-stick-meta":"","astra-migrate-meta-layouts":"default","ast-page-background-enabled":"default","ast-page-background-meta":{"desktop":{"background-color":"","background-image":"","background-repeat":"repeat","background-position":"center center","background-size":"auto","background-attachment":"scroll","background-type":"","background-media":"","overlay-type":"","overlay-color":"","overlay-opacity":"","overlay-gradient":""},"tablet":{"background-color":"","background-image":"","background-repeat":"repeat","background-position":"center center","background-size":"auto","background-attachment":"scroll","background-type":"","background-media":"","overlay-type":"","overlay-color":"","overlay-opacity":"","overlay-gradient":""},"mobile":{"background-color":"","background-image":"","background-repeat":"repeat","background-position":"center center","background-size":"auto","background-attachment":"scroll","background-type":"","background-media":"","overlay-type":"","overlay-color":"","overlay-opacity":"","overlay-gradient":""}},"ast-content-background-meta":{"desktop":{"background-color":"var(--ast-global-color-5)","background-image":"","background-repeat":"repeat","background-position":"center center","background-size":"auto","background-attachment":"scroll","background-type":"","background-media":"","overlay-type":"","overlay-color":"","overlay-opacity":"","overlay-gradient":""},"tablet":{"background-color":"var(--ast-global-color-5)","background-image":"","background-repeat":"repeat","background-position":"center center","background-size":"auto","background-attachment":"scroll","background-type":"","background-media":"","overlay-type":"","overlay-color":"","overlay-opacity":"","overlay-gradient":""},"mobile":{"background-color":"var(--ast-global-color-5)","background-image":"","background-repeat":"repeat","background-position":"center center","background-size":"auto","background-attachment":"scroll","background-type":"","background-media":"","overlay-type":"","overlay-color":"","overlay-opacity":"","overlay-gradient":""}}},"product_brand":[],"product_cat":[1735,1702,1698,1752],"product_tag":[726,864,1535],"class_list":{"0":"post-16404","1":"product","2":"type-product","3":"status-publish","4":"has-post-thumbnail","6":"product_cat-masaz","7":"product_cat-mieszanki-olejkow-eterycznych","8":"product_cat-olejki-eteryczne","9":"product_cat-radzenia-sobie-ze-stresem","10":"product_tag-15-ml-pl-2","11":"product_tag-aromatouch-pl","12":"product_tag-mieszanki-olejkow-eterycznych","13":"desktop-align-left","14":"tablet-align-left","15":"mobile-align-left","17":"first","18":"instock","19":"sale","20":"featured","21":"taxable","22":"shipping-taxable","23":"purchasable","24":"product-type-simple"},"_links":{"self":[{"href":"https:\/\/mamaterra.lt\/pl\/wp-json\/wp\/v2\/product\/16404","targetHints":{"allow":["GET"]}}],"collection":[{"href":"https:\/\/mamaterra.lt\/pl\/wp-json\/wp\/v2\/product"}],"about":[{"href":"https:\/\/mamaterra.lt\/pl\/wp-json\/wp\/v2\/types\/product"}],"wp:featuredmedia":[{"embeddable":true,"href":"https:\/\/mamaterra.lt\/pl\/wp-json\/wp\/v2\/media\/12726"}],"wp:attachment":[{"href":"https:\/\/mamaterra.lt\/pl\/wp-json\/wp\/v2\/media?parent=16404"}],"wp:term":[{"taxonomy":"product_brand","embeddable":true,"href":"https:\/\/mamaterra.lt\/pl\/wp-json\/wp\/v2\/product_brand?post=16404"},{"taxonomy":"product_cat","embeddable":true,"href":"https:\/\/mamaterra.lt\/pl\/wp-json\/wp\/v2\/product_cat?post=16404"},{"taxonomy":"product_tag","embeddable":true,"href":"https:\/\/mamaterra.lt\/pl\/wp-json\/wp\/v2\/product_tag?post=16404"}],"curies":[{"name":"wp","href":"https:\/\/api.w.org\/{rel}","templated":true}]}}