{"id":16402,"date":"2021-04-18T16:53:58","date_gmt":"2021-04-18T15:53:58","guid":{"rendered":"https:\/\/mamaterra.lt\/parduotuve\/bez-kategorii\/pachnace-kanangi-ylang-ylang-olejek-eteryczny-pure-doterra-15ml\/"},"modified":"2021-04-18T16:53:58","modified_gmt":"2021-04-18T15:53:58","slug":"ylang-ylang-pure-doterra-olejek-eteryczny-15ml","status":"publish","type":"product","link":"https:\/\/mamaterra.lt\/pl\/parduotuve\/higiena-i-pielegnacja-skory\/produkty-do-pielegnacji-wlosow-salon-essentials\/ylang-ylang-pure-doterra-olejek-eteryczny-15ml\/","title":{"rendered":"Pachn\u0105ce Kanangi (YLANG YLANG) Olejek eteryczny Pure doTERRA 15ml"},"content":{"rendered":"<p><strong>Pachn\u0105ce Kanangs (YLANG YLANG) Olejek eteryczny Pure doTERRA<\/strong><\/p>\n<p>Cananga odorata | 15ml<\/p>\n<p>&nbsp;<\/p>\n<p><strong>Opis i og\u00f3lna charakterystyka pachn\u0105cego olejku eterycznego Kanangs (YLANG YLANG) Pureo doTERRA:<\/strong><\/p>\n<ul>\n<li>U\u017cywany do masa\u017cu, pomaga si\u0119 zrelaksowa\u0107<\/li>\n<li>Wspiera zdrowy wygl\u0105d sk\u00f3ry i w\u0142os\u00f3w<\/li>\n<li>Podnosi nastr\u00f3j i dzia\u0142a uspokajaj\u0105co<\/li>\n<\/ul>\n<p>W j\u0119zyku litewskim jest to pachn\u0105ca kananga &#8211; wiecznie zielone drzewo, kt\u00f3re dorasta do 20 metr\u00f3w wysoko\u015bci, z puszystymi li\u015b\u0107mi i kwiatami z pi\u0119knymi \u017c\u00f3\u0142tawymi kwiatami o czaruj\u0105cym zapachu.<br \/>\nOlej doTERRA Ylang Ylang jest uprawiany i destylowany na p\u00f3\u0142nocno-zachodnim wybrze\u017cu wyspy Madagaskar, kt\u00f3ra nazywa si\u0119 Nosy Be. Pachn\u0105ce drzewo kajakowe ro\u015bnie nawet przez trzy lub cztery lata i dopiero potem jego kwiaty nadaj\u0105 si\u0119 do uzyskania wysokiej jako\u015bci oleju.<\/p>\n<p>Zapach jest bardzo s\u0142odki, wr\u0119cz ci\u0119\u017cki, dlatego najcz\u0119\u015bciej miesza si\u0119 go z innymi olejkami eterycznymi, aby os\u0142abi\u0107 intensywno\u015b\u0107 s\u0142odkiego zapachu.<\/p>\n<p>Od czas\u00f3w staro\u017cytnych olej Ylang Ylang by\u0142 uwa\u017cany za olej zmys\u0142owo\u015bci i seksualno\u015bci, oddycha\u0142 i oddycha\u0142 w \u0142\u00f3\u017ckach nowo\u017ce\u0144c\u00f3w, a do 1900 roku olej ten nazywano &#8222;ja\u015bminem ubogich&#8221;, czego nie powiedzia\u0142by\u015b teraz, poniewa\u017c wysokiej jako\u015bci i czysty olej nie jest tani.<\/p>\n<p>Olej ten dzia\u0142a uspokajaj\u0105co na uk\u0142ad nerwowy, dzia\u0142a jak afrodyzjak, reguluje poziom adrenaliny, pomaga roz\u0142adowa\u0107 napi\u0119cie, daje rado\u015b\u0107, eliminuje negatywne emocje &#8211; gniew, strach i pomaga odzyska\u0107 si\u0142y po szoku lub ataku paniki.<\/p>\n<ul>\n<li>Ylang Ylang pomaga, gdy oddychanie staje si\u0119 szybsze lub czujesz si\u0119 zestresowany, ale bardzo wa\u017cne jest, aby go nie rozmna\u017ca\u0107 i spo\u017cywa\u0107 z umiarem, w przeciwnym razie mo\u017cna uzyska\u0107 odwrotn\u0105 reakcj\u0119.<\/li>\n<li>Olej ten ma pozytywny wp\u0142yw na uk\u0142ad rozrodczy i reguluje poziom hormon\u00f3w, korzystnie wp\u0142ywa na wszystkie rodzaje sk\u00f3ry, stymuluje sk\u00f3r\u0119 g\u0142owy i wzmacnia w\u0142osy.<\/li>\n<li>Odm\u0142adza sk\u00f3r\u0119, mo\u017ce pom\u00f3c zr\u00f3wnowa\u017cy\u0107 hormony i doskonale od\u017cywia suche w\u0142osy, wzmacnia je i stymuluje sk\u00f3r\u0119 g\u0142owy.<\/li>\n<\/ul>\n<p><strong>Pachn\u0105ce Kanangi (YLANG YLANG) Tyro doTERRA Olejek eteryczny Efekty emocjonalne:<\/strong><\/p>\n<ul>\n<li>Pomaga uwolni\u0107 si\u0119 od d\u0142ugotrwa\u0142ych traum emocjonalnych, uwalnia od gniewu i strachu, sprawia, \u017ce cz\u0142owiek czuje si\u0119 m\u0142ody i zabawny, jakby uwalnia\u0142 ma\u0142e i weso\u0142e dziecko w ka\u017cdym z nas.<\/li>\n<li>Olej ten szczeg\u00f3lnie pomaga smutnym ludziom, kt\u00f3rzy czuj\u0105 si\u0119 przygn\u0119bieni i jakby nie mieli prawa by\u0107 pogodni i cieszy\u0107 si\u0119 \u017cyciem. Proces jest d\u0142ugi, ale bardzo przydatny &#8211; Ylang Ylang jest jak pokarm dla naszego serca!<\/li>\n<li>Olej ten ma wielki wp\u0142yw na serce, nie tylko w spos\u00f3b fizyczny, ale tak\u017ce duchowy. Nazywa si\u0119 to olejem wewn\u0119trznego dziecka i pomaga uwolni\u0107 si\u0119 od emocjonalnej traumy do\u015bwiadczanej w dzieci\u0144stwie, kt\u00f3ra przygn\u0119bia, ingeruje w \u017cycie pe\u0142noprawnego doros\u0142ego i odpowiedzialnej osoby, wp\u0142ywa na relacje i blokuje uczucia rado\u015bci, zabawy, luzu, intuicyjno\u015bci i zak\u0142\u00f3ca emocjonalne po\u0142\u0105czenia z lud\u017ami wok\u00f3\u0142 niego.<\/li>\n<li>Olej ten pomaga uwolni\u0107 si\u0119 od tych negatywnych emocji &#8211; stresu, smutku, nadmiernej analizy i ch\u0119ci regulowania wszystkiego, niezdolno\u015bci do cieszenia si\u0119 \u017cyciem i postawienia si\u0119 w jakiej\u015b zawi\u0142ej ramie.<\/li>\n<\/ul>\n<p>&nbsp;<\/p>\n<p>Wi\u0119cej informacji o <strong>doTERRA pachn\u0105cych kanang\u00f3w (YLANG YLANG)<\/strong><strong> <\/strong><strong>Olejek eteryczny <\/strong>znajdziesz w poni\u017cszym filmie.<\/p>\n<p><iframe title=\"doTERRA Ylang Ylang (przet\u0142umaczone napisy)\" src=\"https:\/\/www.youtube.com\/embed\/xGNGdoS1NZk\" width=\"853\" height=\"480\" frameborder=\"0\" allowfullscreen=\"allowfullscreen\"><\/iframe><\/p>\n","protected":false},"excerpt":{"rendered":"<ul>\n<li>U\u017cywany do masa\u017cu, pomaga si\u0119 zrelaksowa\u0107<\/li>\n<li>Wspiera zdrowy wygl\u0105d sk\u00f3ry i w\u0142os\u00f3w<\/li>\n<li>Podnosi nastr\u00f3j i dzia\u0142a uspokajaj\u0105co<\/li>\n<\/ul>\n","protected":false},"featured_media":12603,"template":"","meta":{"site-sidebar-layout":"default","site-content-layout":"default","ast-site-content-layout":"default","site-content-style":"default","site-sidebar-style":"default","ast-global-header-display":"","ast-banner-title-visibility":"","ast-main-header-display":"","ast-hfb-above-header-display":"","ast-hfb-below-header-display":"","ast-hfb-mobile-header-display":"","site-post-title":"","ast-breadcrumbs-content":"","ast-featured-img":"","footer-sml-layout":"","ast-disable-related-posts":"","theme-transparent-header-meta":"default","adv-header-id-meta":"","stick-header-meta":"","header-above-stick-meta":"","header-main-stick-meta":"","header-below-stick-meta":"","astra-migrate-meta-layouts":"default","ast-page-background-enabled":"default","ast-page-background-meta":{"desktop":{"background-color":"","background-image":"","background-repeat":"repeat","background-position":"center center","background-size":"auto","background-attachment":"scroll","background-type":"","background-media":"","overlay-type":"","overlay-color":"","overlay-opacity":"","overlay-gradient":""},"tablet":{"background-color":"","background-image":"","background-repeat":"repeat","background-position":"center center","background-size":"auto","background-attachment":"scroll","background-type":"","background-media":"","overlay-type":"","overlay-color":"","overlay-opacity":"","overlay-gradient":""},"mobile":{"background-color":"","background-image":"","background-repeat":"repeat","background-position":"center center","background-size":"auto","background-attachment":"scroll","background-type":"","background-media":"","overlay-type":"","overlay-color":"","overlay-opacity":"","overlay-gradient":""}},"ast-content-background-meta":{"desktop":{"background-color":"var(--ast-global-color-5)","background-image":"","background-repeat":"repeat","background-position":"center center","background-size":"auto","background-attachment":"scroll","background-type":"","background-media":"","overlay-type":"","overlay-color":"","overlay-opacity":"","overlay-gradient":""},"tablet":{"background-color":"var(--ast-global-color-5)","background-image":"","background-repeat":"repeat","background-position":"center center","background-size":"auto","background-attachment":"scroll","background-type":"","background-media":"","overlay-type":"","overlay-color":"","overlay-opacity":"","overlay-gradient":""},"mobile":{"background-color":"var(--ast-global-color-5)","background-image":"","background-repeat":"repeat","background-position":"center center","background-size":"auto","background-attachment":"scroll","background-type":"","background-media":"","overlay-type":"","overlay-color":"","overlay-opacity":"","overlay-gradient":""}}},"product_brand":[],"product_cat":[1704,1740,1738,1698,1713,1752],"product_tag":[726,1533,893],"class_list":{"0":"post-16402","1":"product","2":"type-product","3":"status-publish","4":"has-post-thumbnail","6":"product_cat-czyste-olejki-eteryczne","7":"product_cat-dla-kobiet","8":"product_cat-do-spania","9":"product_cat-olejki-eteryczne","10":"product_cat-produkty-do-pielegnacji-wlosow-salon-essentials","11":"product_cat-radzenia-sobie-ze-stresem","12":"product_tag-15-ml-pl-2","13":"product_tag-olejki-eteryczne","14":"product_tag-ylang-ylang-pl","15":"desktop-align-left","16":"tablet-align-left","17":"mobile-align-left","19":"first","20":"instock","21":"sale","22":"taxable","23":"shipping-taxable","24":"purchasable","25":"product-type-simple"},"_links":{"self":[{"href":"https:\/\/mamaterra.lt\/pl\/wp-json\/wp\/v2\/product\/16402","targetHints":{"allow":["GET"]}}],"collection":[{"href":"https:\/\/mamaterra.lt\/pl\/wp-json\/wp\/v2\/product"}],"about":[{"href":"https:\/\/mamaterra.lt\/pl\/wp-json\/wp\/v2\/types\/product"}],"wp:featuredmedia":[{"embeddable":true,"href":"https:\/\/mamaterra.lt\/pl\/wp-json\/wp\/v2\/media\/12603"}],"wp:attachment":[{"href":"https:\/\/mamaterra.lt\/pl\/wp-json\/wp\/v2\/media?parent=16402"}],"wp:term":[{"taxonomy":"product_brand","embeddable":true,"href":"https:\/\/mamaterra.lt\/pl\/wp-json\/wp\/v2\/product_brand?post=16402"},{"taxonomy":"product_cat","embeddable":true,"href":"https:\/\/mamaterra.lt\/pl\/wp-json\/wp\/v2\/product_cat?post=16402"},{"taxonomy":"product_tag","embeddable":true,"href":"https:\/\/mamaterra.lt\/pl\/wp-json\/wp\/v2\/product_tag?post=16402"}],"curies":[{"name":"wp","href":"https:\/\/api.w.org\/{rel}","templated":true}]}}