{"id":16395,"date":"2021-04-18T16:52:21","date_gmt":"2021-04-18T15:52:21","guid":{"rendered":"https:\/\/mamaterra.lt\/parduotuve\/bez-kategorii\/wild-orange-pure-doterra-olejek-eteryczny-15ml\/"},"modified":"2021-04-18T16:52:21","modified_gmt":"2021-04-18T15:52:21","slug":"dzika-pomarancza-pure-doterra-olejek-eteryczny-15ml","status":"publish","type":"product","link":"https:\/\/mamaterra.lt\/pl\/parduotuve\/olejki-eteryczne\/czyste-olejki-eteryczne\/dzika-pomarancza-pure-doterra-olejek-eteryczny-15ml\/","title":{"rendered":"WILD ORANGE Pure doTERRA Olejek Eteryczny 15ml"},"content":{"rendered":"<p><strong>WILD ORANGE Olejek eteryczny Pure doTERRA<\/strong><\/p>\n<p>Citrus sinensis | 15ml<\/p>\n<p>&nbsp;<\/p>\n<p><strong>WILD ORANGE Pure doTERRA Essential Oil Opis:<\/strong><\/p>\n<p>Olejek eteryczny z dzikich pomara\u0144czy, wyci\u015bni\u0119ty ze sk\u00f3rek na zimno, emituje energodajny cytrusowy aromat, kt\u00f3ry nie pozostawia nikogo oboj\u0119tnym i wnosi wiar\u0119 i optymizm do naszej codziennej rutyny, \u017ce wszystko b\u0119dzie dobrze. Prosto i \u0142atwo podnosi stonowany nastr\u00f3j, \u0142agodzi stres i rozprasza l\u0119ki i napi\u0119cia.<\/p>\n<p><strong>Olejek eteryczny Wild Orange Pure doTERRA jest stosowany na wszystkie 3 sposoby.<\/strong><\/p>\n<ul>\n<li>Olejek pomara\u0144czowy mo\u017ce pom\u00f3c z\u0142agodzi\u0107 rozstr\u00f3j \u017co\u0142\u0105dka spowodowany stresem i \u015brodowiskiem nerwowym<\/li>\n<li>Mo\u017cna pi\u0107 wod\u0105, u\u017cywa\u0107 do gotowania<\/li>\n<li>Tonizuje sk\u00f3r\u0119<\/li>\n<li>Jest silny \u015brodek czyszcz\u0105cy &#8211; spray z wod\u0105 do czyszczenia powierzchni<\/li>\n<li>Uspokaja nerwy, podnosi nastr\u00f3j, rozprasza ponure my\u015bli<\/li>\n<li>Idealny dla dzieci z zaparciami lub powolnym trawieniem<\/li>\n<li>\u0141agodzi b\u00f3le mi\u0119\u015bni<\/li>\n<li>Przydatne dla pedantycznych ludzi<\/li>\n<\/ul>\n<p>&nbsp;<\/p>\n<p>Wi\u0119cej informacji o <strong>dzikiej pomara\u0144czy (WILD ORANGE)<\/strong><strong> <\/strong><strong>doTERRA<\/strong><strong> <\/strong><strong>Olejek eteryczny <\/strong>znajdziesz w poni\u017cszym filmie.<\/p>\n<p><iframe title=\"Olejek z dzikiej pomara\u0144czy \u2013 doTERRA Sourcing brazylijski olejek eteryczny z pomara\u0144czy\" src=\"https:\/\/www.youtube.com\/embed\/iBIVTFbx65E\" width=\"853\" height=\"480\" frameborder=\"0\" allowfullscreen=\"allowfullscreen\"><\/iframe><\/p>\n","protected":false},"excerpt":{"rendered":"<ul>\n<li>Doskona\u0142y \u015brodek oczyszczaj\u0105cy<\/li>\n<li>Od\u015bwie\u017ca sk\u00f3r\u0119<\/li>\n<li>\u0141agodzi b\u00f3le mi\u0119\u015bni<\/li>\n<li>S\u0142odki aromat poprawiaj\u0105cy nastr\u00f3j<\/li>\n<\/ul>\n","protected":false},"featured_media":12597,"template":"","meta":{"site-sidebar-layout":"default","site-content-layout":"default","ast-site-content-layout":"default","site-content-style":"default","site-sidebar-style":"default","ast-global-header-display":"","ast-banner-title-visibility":"","ast-main-header-display":"","ast-hfb-above-header-display":"","ast-hfb-below-header-display":"","ast-hfb-mobile-header-display":"","site-post-title":"","ast-breadcrumbs-content":"","ast-featured-img":"","footer-sml-layout":"","ast-disable-related-posts":"","theme-transparent-header-meta":"default","adv-header-id-meta":"","stick-header-meta":"","header-above-stick-meta":"","header-main-stick-meta":"","header-below-stick-meta":"","astra-migrate-meta-layouts":"default","ast-page-background-enabled":"default","ast-page-background-meta":{"desktop":{"background-color":"","background-image":"","background-repeat":"repeat","background-position":"center center","background-size":"auto","background-attachment":"scroll","background-type":"","background-media":"","overlay-type":"","overlay-color":"","overlay-opacity":"","overlay-gradient":""},"tablet":{"background-color":"","background-image":"","background-repeat":"repeat","background-position":"center center","background-size":"auto","background-attachment":"scroll","background-type":"","background-media":"","overlay-type":"","overlay-color":"","overlay-opacity":"","overlay-gradient":""},"mobile":{"background-color":"","background-image":"","background-repeat":"repeat","background-position":"center center","background-size":"auto","background-attachment":"scroll","background-type":"","background-media":"","overlay-type":"","overlay-color":"","overlay-opacity":"","overlay-gradient":""}},"ast-content-background-meta":{"desktop":{"background-color":"var(--ast-global-color-5)","background-image":"","background-repeat":"repeat","background-position":"center center","background-size":"auto","background-attachment":"scroll","background-type":"","background-media":"","overlay-type":"","overlay-color":"","overlay-opacity":"","overlay-gradient":""},"tablet":{"background-color":"var(--ast-global-color-5)","background-image":"","background-repeat":"repeat","background-position":"center center","background-size":"auto","background-attachment":"scroll","background-type":"","background-media":"","overlay-type":"","overlay-color":"","overlay-opacity":"","overlay-gradient":""},"mobile":{"background-color":"var(--ast-global-color-5)","background-image":"","background-repeat":"repeat","background-position":"center center","background-size":"auto","background-attachment":"scroll","background-type":"","background-media":"","overlay-type":"","overlay-color":"","overlay-opacity":"","overlay-gradient":""}}},"product_brand":[],"product_cat":[1704,1755,1738,1698,1752,1758],"product_tag":[726,1533,1578,887],"class_list":{"0":"post-16395","1":"product","2":"type-product","3":"status-publish","4":"has-post-thumbnail","6":"product_cat-czyste-olejki-eteryczne","7":"product_cat-dla-dzieci","8":"product_cat-do-spania","9":"product_cat-olejki-eteryczne","10":"product_cat-radzenia-sobie-ze-stresem","11":"product_cat-trawienie","12":"product_tag-15-ml-pl-2","13":"product_tag-olejki-eteryczne","14":"product_tag-popularny","15":"product_tag-wild-orange-pl","16":"desktop-align-left","17":"tablet-align-left","18":"mobile-align-left","20":"first","21":"instock","22":"taxable","23":"shipping-taxable","24":"purchasable","25":"product-type-simple"},"_links":{"self":[{"href":"https:\/\/mamaterra.lt\/pl\/wp-json\/wp\/v2\/product\/16395","targetHints":{"allow":["GET"]}}],"collection":[{"href":"https:\/\/mamaterra.lt\/pl\/wp-json\/wp\/v2\/product"}],"about":[{"href":"https:\/\/mamaterra.lt\/pl\/wp-json\/wp\/v2\/types\/product"}],"wp:featuredmedia":[{"embeddable":true,"href":"https:\/\/mamaterra.lt\/pl\/wp-json\/wp\/v2\/media\/12597"}],"wp:attachment":[{"href":"https:\/\/mamaterra.lt\/pl\/wp-json\/wp\/v2\/media?parent=16395"}],"wp:term":[{"taxonomy":"product_brand","embeddable":true,"href":"https:\/\/mamaterra.lt\/pl\/wp-json\/wp\/v2\/product_brand?post=16395"},{"taxonomy":"product_cat","embeddable":true,"href":"https:\/\/mamaterra.lt\/pl\/wp-json\/wp\/v2\/product_cat?post=16395"},{"taxonomy":"product_tag","embeddable":true,"href":"https:\/\/mamaterra.lt\/pl\/wp-json\/wp\/v2\/product_tag?post=16395"}],"curies":[{"name":"wp","href":"https:\/\/api.w.org\/{rel}","templated":true}]}}