{"id":16393,"date":"2021-04-18T17:04:34","date_gmt":"2021-04-18T16:04:34","guid":{"rendered":"https:\/\/mamaterra.lt\/parduotuve\/bez-kategorii\/doterra-align-balance-giving-blend-olejkow-eterycznych-doterra-align-centering-blend-5ml\/"},"modified":"2021-04-18T17:04:34","modified_gmt":"2021-04-18T16:04:34","slug":"doterra-align-equilibrium-giving-essential-oil-blend-doterra-align-centering-blend-5ml","status":"publish","type":"product","link":"https:\/\/mamaterra.lt\/pl\/parduotuve\/olejki-eteryczne\/mieszanki-olejkow-eterycznych\/doterra-align-equilibrium-giving-essential-oil-blend-doterra-align-centering-blend-5ml\/","title":{"rendered":"doTERRA Align\u2122 Balance Giving Blend olejk\u00f3w eterycznych (doTERRA Align Centering Blend) 5ml"},"content":{"rendered":"<p><strong>doTERRA Align Balance Giving Essential Oil Blend (doTERRA Align\u2122 Centering Blend)<\/strong><\/p>\n<p>5ml<\/p>\n<p>&nbsp;<\/p>\n<p><strong>DoTERRA Align\u2122 Essential Oil Blend Opis:<\/strong><\/p>\n<p>Mieszanka daj\u0105ca r\u00f3wnowag\u0119 doTERRA Align\u2122 pomo\u017ce Ci poczu\u0107 si\u0119 pewnie i otworzy\u0107 na wszystkie mo\u017cliwo\u015bci.<\/p>\n<ul>\n<li>Aromat mieszanki Align doskonale harmonizuje z poz\u0105 curry jogi II, poz\u0105 tr\u00f3jk\u0105tn\u0105 i pozy bramy<\/li>\n<li>Nak\u0142adaj nad sercem, na nadgarstki i szyj\u0119, aby \u0142atwiej by\u0142o zaakceptowa\u0107 siebie i poczu\u0107 p\u0142ynno\u015b\u0107<\/li>\n<li>U\u017cyj mieszania Wyr\u00f3wnaj, je\u015bli chcesz zwi\u0119kszy\u0107 koncentracj\u0119 i empati\u0119<\/li>\n<\/ul>\n<p>&nbsp;<\/p>\n<p>Wi\u0119cej informacji o <strong>doTERRA Align\u2122<\/strong><strong> <\/strong><strong>Mieszanin\u0119 olejk\u00f3w eterycznych <\/strong>znajdziesz w poni\u017cszym filmie.<\/p>\n<p><iframe title=\"Ol\u015bniewaj\u0105ca mieszanka olejk\u00f3w doTERRA Align (kolekcja jogi, cz\u0119\u015b\u0107 2)\" src=\"https:\/\/www.youtube.com\/embed\/9tm5TqygSCY\" width=\"853\" height=\"480\" frameborder=\"0\" allowfullscreen=\"allowfullscreen\"><\/iframe><\/p>\n","protected":false},"excerpt":{"rendered":"<ul>\n<li>Aromat mieszanki Align doskonale harmonizuje z poz\u0105 curry jogi II, poz\u0105 tr\u00f3jk\u0105tn\u0105 i pozy bramy<\/li>\n<li>Nak\u0142adaj nad sercem, na nadgarstki i szyj\u0119, aby \u0142atwiej by\u0142o zaakceptowa\u0107 siebie i poczu\u0107 p\u0142ynno\u015b\u0107<\/li>\n<li>U\u017cyj mieszania Wyr\u00f3wnaj, je\u015bli chcesz zwi\u0119kszy\u0107 koncentracj\u0119 i empati\u0119<\/li>\n<\/ul>\n","protected":false},"featured_media":12720,"template":"","meta":{"site-sidebar-layout":"default","site-content-layout":"default","ast-site-content-layout":"default","site-content-style":"default","site-sidebar-style":"default","ast-global-header-display":"","ast-banner-title-visibility":"","ast-main-header-display":"","ast-hfb-above-header-display":"","ast-hfb-below-header-display":"","ast-hfb-mobile-header-display":"","site-post-title":"","ast-breadcrumbs-content":"","ast-featured-img":"","footer-sml-layout":"","ast-disable-related-posts":"","theme-transparent-header-meta":"default","adv-header-id-meta":"","stick-header-meta":"","header-above-stick-meta":"","header-main-stick-meta":"","header-below-stick-meta":"","astra-migrate-meta-layouts":"default","ast-page-background-enabled":"default","ast-page-background-meta":{"desktop":{"background-color":"","background-image":"","background-repeat":"repeat","background-position":"center center","background-size":"auto","background-attachment":"scroll","background-type":"","background-media":"","overlay-type":"","overlay-color":"","overlay-opacity":"","overlay-gradient":""},"tablet":{"background-color":"","background-image":"","background-repeat":"repeat","background-position":"center center","background-size":"auto","background-attachment":"scroll","background-type":"","background-media":"","overlay-type":"","overlay-color":"","overlay-opacity":"","overlay-gradient":""},"mobile":{"background-color":"","background-image":"","background-repeat":"repeat","background-position":"center center","background-size":"auto","background-attachment":"scroll","background-type":"","background-media":"","overlay-type":"","overlay-color":"","overlay-opacity":"","overlay-gradient":""}},"ast-content-background-meta":{"desktop":{"background-color":"var(--ast-global-color-5)","background-image":"","background-repeat":"repeat","background-position":"center center","background-size":"auto","background-attachment":"scroll","background-type":"","background-media":"","overlay-type":"","overlay-color":"","overlay-opacity":"","overlay-gradient":""},"tablet":{"background-color":"var(--ast-global-color-5)","background-image":"","background-repeat":"repeat","background-position":"center center","background-size":"auto","background-attachment":"scroll","background-type":"","background-media":"","overlay-type":"","overlay-color":"","overlay-opacity":"","overlay-gradient":""},"mobile":{"background-color":"var(--ast-global-color-5)","background-image":"","background-repeat":"repeat","background-position":"center center","background-size":"auto","background-attachment":"scroll","background-type":"","background-media":"","overlay-type":"","overlay-color":"","overlay-opacity":"","overlay-gradient":""}}},"product_brand":[],"product_cat":[1702,1698],"product_tag":[713,1360,1535],"class_list":{"0":"post-16393","1":"product","2":"type-product","3":"status-publish","4":"has-post-thumbnail","6":"product_cat-mieszanki-olejkow-eterycznych","7":"product_cat-olejki-eteryczne","8":"product_tag-5-ml-pl-2","9":"product_tag-align-pl","10":"product_tag-mieszanki-olejkow-eterycznych","11":"desktop-align-left","12":"tablet-align-left","13":"mobile-align-left","15":"first","16":"instock","17":"taxable","18":"shipping-taxable","19":"purchasable","20":"product-type-simple"},"_links":{"self":[{"href":"https:\/\/mamaterra.lt\/pl\/wp-json\/wp\/v2\/product\/16393","targetHints":{"allow":["GET"]}}],"collection":[{"href":"https:\/\/mamaterra.lt\/pl\/wp-json\/wp\/v2\/product"}],"about":[{"href":"https:\/\/mamaterra.lt\/pl\/wp-json\/wp\/v2\/types\/product"}],"wp:featuredmedia":[{"embeddable":true,"href":"https:\/\/mamaterra.lt\/pl\/wp-json\/wp\/v2\/media\/12720"}],"wp:attachment":[{"href":"https:\/\/mamaterra.lt\/pl\/wp-json\/wp\/v2\/media?parent=16393"}],"wp:term":[{"taxonomy":"product_brand","embeddable":true,"href":"https:\/\/mamaterra.lt\/pl\/wp-json\/wp\/v2\/product_brand?post=16393"},{"taxonomy":"product_cat","embeddable":true,"href":"https:\/\/mamaterra.lt\/pl\/wp-json\/wp\/v2\/product_cat?post=16393"},{"taxonomy":"product_tag","embeddable":true,"href":"https:\/\/mamaterra.lt\/pl\/wp-json\/wp\/v2\/product_tag?post=16393"}],"curies":[{"name":"wp","href":"https:\/\/api.w.org\/{rel}","templated":true}]}}