{"id":16390,"date":"2021-04-18T16:53:23","date_gmt":"2021-04-18T15:53:23","guid":{"rendered":"https:\/\/mamaterra.lt\/parduotuve\/bez-kategorii\/doterra-yarrow-pom-active-vegetable-duet-mieszanka-olejkow-eterycznych-30ml\/"},"modified":"2021-04-18T16:53:23","modified_gmt":"2021-04-18T15:53:23","slug":"doterra-krwawnik-pospolity-pom-aktywny-warzywny-duet-eteryczny-olejek-mieszanka-30ml","status":"publish","type":"product","link":"https:\/\/mamaterra.lt\/pl\/parduotuve\/higiena-i-pielegnacja-skory\/yarrow-pom-produkty\/doterra-krwawnik-pospolity-pom-aktywny-warzywny-duet-eteryczny-olejek-mieszanka-30ml\/","title":{"rendered":"| doTERRA Yarrow Pom Active Vegetable Duet (mieszanka olejk\u00f3w eterycznych) 30ml"},"content":{"rendered":"<p><strong>| doTERRA Yarrow Pom Active Vegetable Duet (mieszanka olejk\u00f3w eterycznych)<\/strong><\/p>\n<p>30ml<\/p>\n<p>&nbsp;<\/p>\n<p><strong>| doTERRA Yarrow Pom Active Herbal Duet Opis i og\u00f3lne cechy:<\/strong><\/p>\n<p>Krwawnik pospolity | Pom to opatentowana mieszanka olejku krwawnikowego z t\u0142oczonego na zimno oleju z nasion granatu opracowana przez koneser\u00f3w, kt\u00f3ra ma na celu ukojenie sk\u00f3ry i zapewnia efekt uspokajaj\u0105cy emocje przez ca\u0142y dzie\u0144.<\/p>\n<ul>\n<li style=\"list-style-type: none;\">\n<ul>\n<li>Utrzymuje m\u0142od\u0105 sk\u00f3r\u0119 i ma zdrowy wygl\u0105d<\/li>\n<li>Pomaga zredukowa\u0107 niedoskona\u0142o\u015bci sk\u00f3ry<\/li>\n<li>Tworzy relaksuj\u0105cy nastr\u00f3j podczas masa\u017cu<\/li>\n<\/ul>\n<\/li>\n<\/ul>\n<p>Ze wzgl\u0119du na sk\u0142ad chemiczny oleju Yarrow| Pom jest przydatny do poprawy zdrowia kom\u00f3rek, uk\u0142adu odporno\u015bciowego i nerwowego.* Jeden z | Yarrowa Olej z pomu zawiera sk\u0142adniki chemiczne znane jako beta-kariofilen (\u03b2-kariofilen), ze znacz\u0105cymi korzy\u015bciami dla uk\u0142adu odporno\u015bciowego i kom\u00f3rkowego. Aby stymulowa\u0107 zdrow\u0105 odpowied\u017a immunologiczn\u0105, rozwa\u017c przyjmowanie jednej lub dw\u00f3ch kropli krwawnika dziennie| Pom, dodaj\u0105c olej do co najmniej 120 ml p\u0142ynu i spo\u017cywaj\u0105c.<\/p>\n<p>Do u\u017cytku wewn\u0119trznego krwawnik pospolity | Olej z pom mo\u017ce pom\u00f3c dostarczy\u0107 organizmowi przydatnych przeciwutleniaczy, stymulowa\u0107 zdrowy metabolizm i przywraca\u0107 m\u0142odzie\u0144cz\u0105 witalno\u015b\u0107. Zar\u00f3wno krwawnik, jak i nasiona granatu mog\u0105 pom\u00f3c nawil\u017cy\u0107 i przywr\u00f3ci\u0107 zdrow\u0105 sk\u00f3r\u0119, a tak\u017ce zmniejszy\u0107 niedoskona\u0142o\u015bci sk\u00f3ry.<\/p>\n<p>Krwawnik pospolity| W\u0142a\u015bciwo\u015bci oleju Pom mog\u0105 pom\u00f3c uspokoi\u0107 cia\u0142o i umys\u0142.* Je\u015bli lubisz u\u017cywa\u0107 olejk\u00f3w eterycznych do kontrolowania nastroju, spr\u00f3buj gotowa\u0107 na parze krwawnik pospolity | Olej z pompon\u00f3w zim\u0105 lub w ciemne, ponure dni. Koj\u0105ce po\u0142\u0105czenie oleju krwawnika i t\u0142oczonego na zimno oleju z nasion granatu podniesie nastr\u00f3j, aromat wype\u0142ni Tw\u00f3j dom i stworzy uspokajaj\u0105ce \u015brodowisko.<\/p>\n<p>Po w\u0142\u0105czeniu do schematu piel\u0119gnacji sk\u00f3ry krwawnik | Pom mo\u017ce poprawi\u0107 cer\u0119 &#8211; wyg\u0142adzi\u0107 i nada\u0107 m\u0142odo\u015bci. Zar\u00f3wno krwawnik, jak i nasiona granatu mog\u0105 pom\u00f3c nawil\u017cy\u0107 i przywr\u00f3ci\u0107 zdrow\u0105 sk\u00f3r\u0119, a tak\u017ce zmniejszy\u0107 niedoskona\u0142o\u015bci sk\u00f3ry. Ten olejek eteryczny, jako specjalna opatentowana mieszanka, aktywuje bia\u0142ka ochronne w sk\u00f3rze, aby chroni\u0107 cer\u0119 przed enzymami, kt\u00f3re rozk\u0142adaj\u0105 kolagen i zmniejszaj\u0105 elastyczno\u015b\u0107. Aby skorzysta\u0107 z od\u015bwie\u017caj\u0105cego i chroni\u0105cego sk\u00f3r\u0119 krwawnika pospolitego| Dzi\u0119ki zaletom oleju Pom nak\u0142adaj dwie krople na twarz, klatk\u0119 piersiow\u0105, szyj\u0119 i d\u0142onie codziennie rano i wieczorem.<\/p>\n<p>Co wi\u0119cej, <strong>ta mieszanka olejk\u00f3w eterycznych doTERRA jest odpowiednia dla wegan.<\/strong><\/p>\n<p>Na | W\u0142a\u015bciwo\u015bci oleju Pom przynosi korzy\u015bci w dostarczaniu organizmowi ukierunkowanych korzy\u015bci. Poniewa\u017c olej koi cia\u0142o i umys\u0142, mo\u017ce by\u0107 stosowany jako cz\u0119\u015b\u0107 relaksuj\u0105cego masa\u017cu po d\u0142ugim i wyczerpuj\u0105cym dniu. Aby do\u015bwiadczy\u0107 docelowego krwawnika | Po korzy\u015bciach p\u0142yn\u0105cych z oleju z pompon\u00f3w u\u017cyj go do masa\u017cu odm\u0142adzaj\u0105cego, kt\u00f3ry pomo\u017ce z\u0142agodzi\u0107 napi\u0119cie w niekt\u00f3rych obszarach.<\/p>\n<p>&nbsp;<\/p>\n<p><strong>| doTERRA Yarrow Pom Active Herbal Duet Sk\u0142adniki:<\/strong><\/p>\n<p>Chemia krwawnika i oleju z granat\u00f3w.<\/p>\n<p><strong>G\u0142\u00f3wne sk\u0142adniki chemiczne:<\/strong> Kwas punicki, \u03b2-kariofilen, chamazulen.<\/p>\n<p>W ekskluzywnym, opatentowanym | doTERRA Yarrow Mieszanina pompon\u00f3w zawiera sk\u0142adniki chemiczne, kt\u00f3re wspieraj\u0105 organizm po spo\u017cyciu do wewn\u0105trz. Ze sk\u0142adnikami chemicznymi, takimi jak kwas punicki omega 5, przeciwutleniacze, \u03b2-kariofilen i chamazulen, krwawnik pospolity | Mieszanka oleju pom wspomaga uk\u0142ad odporno\u015bciowy i nerwowy oraz funkcje kom\u00f3rek i odm\u0142adza.*<\/p>\n<p>&nbsp;<\/p>\n<p>Wi\u0119cej informacji o <strong>doTERRA Yarrow | Pom aktywny duet ro\u015blinny<\/strong><strong> <\/strong>Znajdziecie go na poni\u017cszym filmie.<\/p>\n<p><iframe title=\"Dr Hill i Emily Wright omawiaj\u0105 zalety krwawnika\u00ae Yarrow firmy doTERRA | Olejek eteryczny z pompon\u00f3w\" src=\"https:\/\/www.youtube.com\/embed\/1S5lyKUyK3s\" width=\"853\" height=\"480\" frameborder=\"0\" allowfullscreen=\"allowfullscreen\"><\/iframe><\/p>\n","protected":false},"excerpt":{"rendered":"<ul>\n<li>Utrzymuje m\u0142od\u0105 sk\u00f3r\u0119 i ma zdrowy wygl\u0105d<\/li>\n<li>Pomaga zredukowa\u0107 niedoskona\u0142o\u015bci sk\u00f3ry<\/li>\n<li>Tworzy relaksuj\u0105cy nastr\u00f3j podczas masa\u017cu<\/li>\n<\/ul>\n","protected":false},"featured_media":12495,"template":"","meta":{"site-sidebar-layout":"default","site-content-layout":"default","ast-site-content-layout":"default","site-content-style":"default","site-sidebar-style":"default","ast-global-header-display":"","ast-banner-title-visibility":"","ast-main-header-display":"","ast-hfb-above-header-display":"","ast-hfb-below-header-display":"","ast-hfb-mobile-header-display":"","site-post-title":"","ast-breadcrumbs-content":"","ast-featured-img":"","footer-sml-layout":"","ast-disable-related-posts":"","theme-transparent-header-meta":"default","adv-header-id-meta":"","stick-header-meta":"","header-above-stick-meta":"","header-main-stick-meta":"","header-below-stick-meta":"","astra-migrate-meta-layouts":"default","ast-page-background-enabled":"default","ast-page-background-meta":{"desktop":{"background-color":"","background-image":"","background-repeat":"repeat","background-position":"center center","background-size":"auto","background-attachment":"scroll","background-type":"","background-media":"","overlay-type":"","overlay-color":"","overlay-opacity":"","overlay-gradient":""},"tablet":{"background-color":"","background-image":"","background-repeat":"repeat","background-position":"center center","background-size":"auto","background-attachment":"scroll","background-type":"","background-media":"","overlay-type":"","overlay-color":"","overlay-opacity":"","overlay-gradient":""},"mobile":{"background-color":"","background-image":"","background-repeat":"repeat","background-position":"center center","background-size":"auto","background-attachment":"scroll","background-type":"","background-media":"","overlay-type":"","overlay-color":"","overlay-opacity":"","overlay-gradient":""}},"ast-content-background-meta":{"desktop":{"background-color":"var(--ast-global-color-5)","background-image":"","background-repeat":"repeat","background-position":"center center","background-size":"auto","background-attachment":"scroll","background-type":"","background-media":"","overlay-type":"","overlay-color":"","overlay-opacity":"","overlay-gradient":""},"tablet":{"background-color":"var(--ast-global-color-5)","background-image":"","background-repeat":"repeat","background-position":"center center","background-size":"auto","background-attachment":"scroll","background-type":"","background-media":"","overlay-type":"","overlay-color":"","overlay-opacity":"","overlay-gradient":""},"mobile":{"background-color":"var(--ast-global-color-5)","background-image":"","background-repeat":"repeat","background-position":"center center","background-size":"auto","background-attachment":"scroll","background-type":"","background-media":"","overlay-type":"","overlay-color":"","overlay-opacity":"","overlay-gradient":""}}},"product_brand":[],"product_cat":[1704,1698,1717],"product_tag":[757,1533,1408],"class_list":{"0":"post-16390","1":"product","2":"type-product","3":"status-publish","4":"has-post-thumbnail","6":"product_cat-czyste-olejki-eteryczne","7":"product_cat-olejki-eteryczne","8":"product_cat-yarrow-pom-produkty","9":"product_tag-30-ml-pl","10":"product_tag-olejki-eteryczne","11":"product_tag-yarrow-pom-pl","12":"desktop-align-left","13":"tablet-align-left","14":"mobile-align-left","16":"first","17":"instock","18":"sale","19":"taxable","20":"shipping-taxable","21":"purchasable","22":"product-type-simple"},"_links":{"self":[{"href":"https:\/\/mamaterra.lt\/pl\/wp-json\/wp\/v2\/product\/16390","targetHints":{"allow":["GET"]}}],"collection":[{"href":"https:\/\/mamaterra.lt\/pl\/wp-json\/wp\/v2\/product"}],"about":[{"href":"https:\/\/mamaterra.lt\/pl\/wp-json\/wp\/v2\/types\/product"}],"wp:featuredmedia":[{"embeddable":true,"href":"https:\/\/mamaterra.lt\/pl\/wp-json\/wp\/v2\/media\/12495"}],"wp:attachment":[{"href":"https:\/\/mamaterra.lt\/pl\/wp-json\/wp\/v2\/media?parent=16390"}],"wp:term":[{"taxonomy":"product_brand","embeddable":true,"href":"https:\/\/mamaterra.lt\/pl\/wp-json\/wp\/v2\/product_brand?post=16390"},{"taxonomy":"product_cat","embeddable":true,"href":"https:\/\/mamaterra.lt\/pl\/wp-json\/wp\/v2\/product_cat?post=16390"},{"taxonomy":"product_tag","embeddable":true,"href":"https:\/\/mamaterra.lt\/pl\/wp-json\/wp\/v2\/product_tag?post=16390"}],"curies":[{"name":"wp","href":"https:\/\/api.w.org\/{rel}","templated":true}]}}