{"id":16387,"date":"2021-04-18T17:17:09","date_gmt":"2021-04-18T16:17:09","guid":{"rendered":"https:\/\/mamaterra.lt\/parduotuve\/bez-kategorii\/doterra-clarycalm-blend-olejkow-eterycznych-dla-kobiet-10ml\/"},"modified":"2021-04-18T17:17:09","modified_gmt":"2021-04-18T16:17:09","slug":"doterra-clarycalm-olejek-mieszanka-dla-kobiet-10ml","status":"publish","type":"product","link":"https:\/\/mamaterra.lt\/pl\/parduotuve\/olejki-eteryczne\/mieszanki-olejkow-eterycznych\/doterra-clarycalm-olejek-mieszanka-dla-kobiet-10ml\/","title":{"rendered":"doTERRA clarycalm\u2122 Blend olejk\u00f3w eterycznych dla kobiet 10ml"},"content":{"rendered":"<p><strong>doTERRA clarycalm\u2122 Essential Oil Blend dla kobiet  <\/strong><\/p>\n<p>Butelka 10 ml z aplikatorem kulkowym<\/p>\n<p>&nbsp;<\/p>\n<p><strong>doTERRA clarycalm\u2122 Essential Oil Blend Opis:<\/strong><\/p>\n<p>Olejek Clarycalm, stworzony specjalnie dla kobiet, pomaga zr\u00f3wnowa\u017cy\u0107 nastr\u00f3j i \u0142agodzi zmienne emocje przez ca\u0142y miesi\u0105c.<\/p>\n<ul>\n<li>Pomaga utrzyma\u0107 r\u00f3wnowag\u0119 emocjonaln\u0105 przez ca\u0142y miesi\u0105c<\/li>\n<li>Pomaga uspokoi\u0107 i zr\u00f3wnowa\u017cy\u0107 szalej\u0105ce emocje<\/li>\n<li>Po na\u0142o\u017ceniu na sk\u00f3r\u0119 dzia\u0142a ch\u0142odz\u0105co<\/li>\n<li>Zmniejsza objawy PMS, wahania nastroju<\/li>\n<li>Poprawia og\u00f3lne samopoczucie<\/li>\n<li>\u0141agodzi b\u00f3le menstruacyjne<\/li>\n<li>T\u0142umi fale upa\u0142\u00f3w<\/li>\n<li>Po na\u0142o\u017ceniu na sk\u00f3r\u0119 clarycalm zapewnia efekt ch\u0142odzenia i \u0142agodzenia.<\/li>\n<\/ul>\n<p><strong>doTERRA clarycalm\u2122 Essential Oil Blend Sk\u0142adniki:<\/strong><\/p>\n<p>Olejki eteryczne z sza\u0142wii muszkato\u0142owej, lawendy, bergamotki FCF, rumianku rzymskiego, ylang ylang, drzewa cedrowego, geranium, kopru w\u0142oskiego, nasion marchwi, palmarosy i vitex.<\/p>\n<p><strong>Doterra clarycalm\u2122 Essential Oil Blend Zastosowanie:<\/strong><\/p>\n<ul>\n<li>Nasmaruj podbrzusze w przypadku bolesnej miesi\u0105czki, wzd\u0119\u0107<\/li>\n<li>Nasmaruj g\u0142ow\u0119, gdy boli<\/li>\n<li>Aby zr\u00f3wnowa\u017cy\u0107 emocje i hormony, zmniejszy\u0107 uderzenia gor\u0105ca, smarowa\u0107 szyj\u0119, nadgarstki, kostki rano i wieczorem<\/li>\n<\/ul>\n<p>&nbsp;<\/p>\n<p>Wi\u0119cej informacji o <strong>doTERRA clarycalm\u2122<\/strong><strong> <\/strong><strong>Mieszanin\u0119 olejk\u00f3w eterycznych <\/strong>znajdziesz w poni\u017cszym filmie.<\/p>\n<p><iframe title=\"R\u00f3wnowa\u017cenie emocji z doTERRA ClaryCalm\u00ae\" src=\"https:\/\/www.youtube.com\/embed\/KCIRNZM0ELo\" width=\"853\" height=\"480\" frameborder=\"0\" allowfullscreen=\"allowfullscreen\"><\/iframe><\/p>\n","protected":false},"excerpt":{"rendered":"<ul>\n<li>Pomaga utrzyma\u0107 r\u00f3wnowag\u0119 emocjonaln\u0105 przez ca\u0142y miesi\u0105c<\/li>\n<li>Pomaga uspokoi\u0107 i zr\u00f3wnowa\u017cy\u0107 szalej\u0105ce emocje<\/li>\n<li>Po na\u0142o\u017ceniu na sk\u00f3r\u0119 dzia\u0142a ch\u0142odz\u0105co<\/li>\n<li>T\u0142umi dyskomfort spowodowany menopauz\u0105<\/li>\n<\/ul>\n","protected":false},"featured_media":12750,"template":"","meta":{"site-sidebar-layout":"default","site-content-layout":"default","ast-site-content-layout":"default","site-content-style":"default","site-sidebar-style":"default","ast-global-header-display":"","ast-banner-title-visibility":"","ast-main-header-display":"","ast-hfb-above-header-display":"","ast-hfb-below-header-display":"","ast-hfb-mobile-header-display":"","site-post-title":"","ast-breadcrumbs-content":"","ast-featured-img":"","footer-sml-layout":"","ast-disable-related-posts":"","theme-transparent-header-meta":"default","adv-header-id-meta":"","stick-header-meta":"","header-above-stick-meta":"","header-main-stick-meta":"","header-below-stick-meta":"","astra-migrate-meta-layouts":"default","ast-page-background-enabled":"default","ast-page-background-meta":{"desktop":{"background-color":"","background-image":"","background-repeat":"repeat","background-position":"center center","background-size":"auto","background-attachment":"scroll","background-type":"","background-media":"","overlay-type":"","overlay-color":"","overlay-opacity":"","overlay-gradient":""},"tablet":{"background-color":"","background-image":"","background-repeat":"repeat","background-position":"center center","background-size":"auto","background-attachment":"scroll","background-type":"","background-media":"","overlay-type":"","overlay-color":"","overlay-opacity":"","overlay-gradient":""},"mobile":{"background-color":"","background-image":"","background-repeat":"repeat","background-position":"center center","background-size":"auto","background-attachment":"scroll","background-type":"","background-media":"","overlay-type":"","overlay-color":"","overlay-opacity":"","overlay-gradient":""}},"ast-content-background-meta":{"desktop":{"background-color":"var(--ast-global-color-5)","background-image":"","background-repeat":"repeat","background-position":"center center","background-size":"auto","background-attachment":"scroll","background-type":"","background-media":"","overlay-type":"","overlay-color":"","overlay-opacity":"","overlay-gradient":""},"tablet":{"background-color":"var(--ast-global-color-5)","background-image":"","background-repeat":"repeat","background-position":"center center","background-size":"auto","background-attachment":"scroll","background-type":"","background-media":"","overlay-type":"","overlay-color":"","overlay-opacity":"","overlay-gradient":""},"mobile":{"background-color":"var(--ast-global-color-5)","background-image":"","background-repeat":"repeat","background-position":"center center","background-size":"auto","background-attachment":"scroll","background-type":"","background-media":"","overlay-type":"","overlay-color":"","overlay-opacity":"","overlay-gradient":""}}},"product_brand":[],"product_cat":[1740,1702,1698,1752],"product_tag":[722,1307,1535],"class_list":{"0":"post-16387","1":"product","2":"type-product","3":"status-publish","4":"has-post-thumbnail","6":"product_cat-dla-kobiet","7":"product_cat-mieszanki-olejkow-eterycznych","8":"product_cat-olejki-eteryczne","9":"product_cat-radzenia-sobie-ze-stresem","10":"product_tag-10-ml-pl","11":"product_tag-clarycalm-pl","12":"product_tag-mieszanki-olejkow-eterycznych","13":"desktop-align-left","14":"tablet-align-left","15":"mobile-align-left","17":"first","18":"instock","19":"taxable","20":"shipping-taxable","21":"purchasable","22":"product-type-simple"},"_links":{"self":[{"href":"https:\/\/mamaterra.lt\/pl\/wp-json\/wp\/v2\/product\/16387","targetHints":{"allow":["GET"]}}],"collection":[{"href":"https:\/\/mamaterra.lt\/pl\/wp-json\/wp\/v2\/product"}],"about":[{"href":"https:\/\/mamaterra.lt\/pl\/wp-json\/wp\/v2\/types\/product"}],"wp:featuredmedia":[{"embeddable":true,"href":"https:\/\/mamaterra.lt\/pl\/wp-json\/wp\/v2\/media\/12750"}],"wp:attachment":[{"href":"https:\/\/mamaterra.lt\/pl\/wp-json\/wp\/v2\/media?parent=16387"}],"wp:term":[{"taxonomy":"product_brand","embeddable":true,"href":"https:\/\/mamaterra.lt\/pl\/wp-json\/wp\/v2\/product_brand?post=16387"},{"taxonomy":"product_cat","embeddable":true,"href":"https:\/\/mamaterra.lt\/pl\/wp-json\/wp\/v2\/product_cat?post=16387"},{"taxonomy":"product_tag","embeddable":true,"href":"https:\/\/mamaterra.lt\/pl\/wp-json\/wp\/v2\/product_tag?post=16387"}],"curies":[{"name":"wp","href":"https:\/\/api.w.org\/{rel}","templated":true}]}}