{"id":16382,"date":"2021-04-18T17:05:24","date_gmt":"2021-04-18T16:05:24","guid":{"rendered":"https:\/\/mamaterra.lt\/parduotuve\/bez-kategorii\/doterra-arise-uplifting-essential-oil-blend-doterra-arise-enlightening-blend-5ml\/"},"modified":"2021-04-18T17:05:24","modified_gmt":"2021-04-18T16:05:24","slug":"doterra-arise-uplifting-essential-oil-blend-doterra-arise-enlightening-blend-5ml","status":"publish","type":"product","link":"https:\/\/mamaterra.lt\/pl\/parduotuve\/olejki-eteryczne\/mieszanki-olejkow-eterycznych\/doterra-arise-uplifting-essential-oil-blend-doterra-arise-enlightening-blend-5ml\/","title":{"rendered":"doTERRA ARISE\u2122 Uplifting Essential Oil Blend (doTERRA Arise Enlightening Blend) 5ml"},"content":{"rendered":"<p><strong>doTERRA ARISE\u2122 Rise Essential Oil Blend (doTERRA Arise Enlightening Blend)<\/strong><\/p>\n<p>5ml<\/p>\n<p>&nbsp;<\/p>\n<p><strong>DoTERRA ARISE\u2122 Blend olejk\u00f3w eterycznych Opis:<\/strong><\/p>\n<p>Podnosz\u0105ca na duchu mieszanka doTERRA inspiruje Ci\u0119 do wznoszenia si\u0119 i osi\u0105gania najwy\u017cszych cel\u00f3w.<\/p>\n<ul>\n<li>U\u017cyj mieszaniny Arise, aby wykona\u0107 nast\u0119puj\u0105ce pozycje jogi: stoj\u0105c wysoko z podniesionymi r\u0119kami, stoj\u0105c i zginaj\u0105c si\u0119 na boki oraz pozy p\u00f3\u0142ksi\u0119\u017cyca<\/li>\n<li>Zastosuj do siekaczy, nadgarstk\u00f3w i szyi, aby poczu\u0107 rado\u015b\u0107<\/li>\n<li>Ciesz si\u0119 korzy\u015bciami p\u0142yn\u0105cymi z mieszanki Arise, gdy rzucisz sobie wyzwanie, aby osi\u0105gn\u0105\u0107 wy\u017cszy poziom<\/li>\n<\/ul>\n<p>&nbsp;<\/p>\n<p>Wi\u0119cej informacji o <strong>doTERRA ARISE\u2122<\/strong><strong> <\/strong><strong>Mieszanin\u0119 olejk\u00f3w eterycznych <\/strong>znajdziesz w poni\u017cszym filmie.<\/p>\n<p><iframe title=\"DoTERRA's Arise Enlightening Blend\" src=\"https:\/\/www.youtube.com\/embed\/dTGYRwbC-0o\" width=\"853\" height=\"480\" frameborder=\"0\" allowfullscreen=\"allowfullscreen\"><\/iframe><\/p>\n","protected":false},"excerpt":{"rendered":"<ul>\n<li>U\u017cyj mieszaniny Arise, aby wykona\u0107 nast\u0119puj\u0105ce pozycje jogi: stoj\u0105c wysoko z podniesionymi r\u0119kami, stoj\u0105c i zginaj\u0105c si\u0119 na boki oraz pozy p\u00f3\u0142ksi\u0119\u017cyca<\/li>\n<li>Zastosuj do siekaczy, nadgarstk\u00f3w i szyi, aby poczu\u0107 rado\u015b\u0107<\/li>\n<li>Ciesz si\u0119 korzy\u015bciami p\u0142yn\u0105cymi z mieszanki Arise, gdy rzucisz sobie wyzwanie, aby osi\u0105gn\u0105\u0107 wy\u017cszy poziom<\/li>\n<\/ul>\n","protected":false},"featured_media":12714,"template":"","meta":{"site-sidebar-layout":"default","site-content-layout":"default","ast-site-content-layout":"default","site-content-style":"default","site-sidebar-style":"default","ast-global-header-display":"","ast-banner-title-visibility":"","ast-main-header-display":"","ast-hfb-above-header-display":"","ast-hfb-below-header-display":"","ast-hfb-mobile-header-display":"","site-post-title":"","ast-breadcrumbs-content":"","ast-featured-img":"","footer-sml-layout":"","ast-disable-related-posts":"","theme-transparent-header-meta":"default","adv-header-id-meta":"","stick-header-meta":"","header-above-stick-meta":"","header-main-stick-meta":"","header-below-stick-meta":"","astra-migrate-meta-layouts":"default","ast-page-background-enabled":"default","ast-page-background-meta":{"desktop":{"background-color":"","background-image":"","background-repeat":"repeat","background-position":"center center","background-size":"auto","background-attachment":"scroll","background-type":"","background-media":"","overlay-type":"","overlay-color":"","overlay-opacity":"","overlay-gradient":""},"tablet":{"background-color":"","background-image":"","background-repeat":"repeat","background-position":"center center","background-size":"auto","background-attachment":"scroll","background-type":"","background-media":"","overlay-type":"","overlay-color":"","overlay-opacity":"","overlay-gradient":""},"mobile":{"background-color":"","background-image":"","background-repeat":"repeat","background-position":"center center","background-size":"auto","background-attachment":"scroll","background-type":"","background-media":"","overlay-type":"","overlay-color":"","overlay-opacity":"","overlay-gradient":""}},"ast-content-background-meta":{"desktop":{"background-color":"var(--ast-global-color-5)","background-image":"","background-repeat":"repeat","background-position":"center center","background-size":"auto","background-attachment":"scroll","background-type":"","background-media":"","overlay-type":"","overlay-color":"","overlay-opacity":"","overlay-gradient":""},"tablet":{"background-color":"var(--ast-global-color-5)","background-image":"","background-repeat":"repeat","background-position":"center center","background-size":"auto","background-attachment":"scroll","background-type":"","background-media":"","overlay-type":"","overlay-color":"","overlay-opacity":"","overlay-gradient":""},"mobile":{"background-color":"var(--ast-global-color-5)","background-image":"","background-repeat":"repeat","background-position":"center center","background-size":"auto","background-attachment":"scroll","background-type":"","background-media":"","overlay-type":"","overlay-color":"","overlay-opacity":"","overlay-gradient":""}}},"product_brand":[],"product_cat":[1702,1698],"product_tag":[713,1378,1535],"class_list":{"0":"post-16382","1":"product","2":"type-product","3":"status-publish","4":"has-post-thumbnail","6":"product_cat-mieszanki-olejkow-eterycznych","7":"product_cat-olejki-eteryczne","8":"product_tag-5-ml-pl-2","9":"product_tag-arise-pl","10":"product_tag-mieszanki-olejkow-eterycznych","11":"desktop-align-left","12":"tablet-align-left","13":"mobile-align-left","15":"first","16":"instock","17":"taxable","18":"shipping-taxable","19":"purchasable","20":"product-type-simple"},"_links":{"self":[{"href":"https:\/\/mamaterra.lt\/pl\/wp-json\/wp\/v2\/product\/16382","targetHints":{"allow":["GET"]}}],"collection":[{"href":"https:\/\/mamaterra.lt\/pl\/wp-json\/wp\/v2\/product"}],"about":[{"href":"https:\/\/mamaterra.lt\/pl\/wp-json\/wp\/v2\/types\/product"}],"wp:featuredmedia":[{"embeddable":true,"href":"https:\/\/mamaterra.lt\/pl\/wp-json\/wp\/v2\/media\/12714"}],"wp:attachment":[{"href":"https:\/\/mamaterra.lt\/pl\/wp-json\/wp\/v2\/media?parent=16382"}],"wp:term":[{"taxonomy":"product_brand","embeddable":true,"href":"https:\/\/mamaterra.lt\/pl\/wp-json\/wp\/v2\/product_brand?post=16382"},{"taxonomy":"product_cat","embeddable":true,"href":"https:\/\/mamaterra.lt\/pl\/wp-json\/wp\/v2\/product_cat?post=16382"},{"taxonomy":"product_tag","embeddable":true,"href":"https:\/\/mamaterra.lt\/pl\/wp-json\/wp\/v2\/product_tag?post=16382"}],"curies":[{"name":"wp","href":"https:\/\/api.w.org\/{rel}","templated":true}]}}