{"id":16371,"date":"2021-04-18T17:35:04","date_gmt":"2021-04-18T16:35:04","guid":{"rendered":"https:\/\/mamaterra.lt\/parduotuve\/bez-kategorii\/doterra-peace-certainty-giving-blend-olejkow-eterycznych-5ml\/"},"modified":"2021-04-18T17:35:04","modified_gmt":"2021-04-18T16:35:04","slug":"doterra-peace-uzreality-giving-essential-oil-mystic-5ml","status":"publish","type":"product","link":"https:\/\/mamaterra.lt\/pl\/parduotuve\/olejki-eteryczne\/mieszanki-olejkow-eterycznych\/doterra-peace-uzreality-giving-essential-oil-mystic-5ml\/","title":{"rendered":"doTERRA PEACE\u2122 Certainty Giving Blend Olejk\u00f3w Eterycznych 5ml"},"content":{"rendered":"<p><strong>DoTERRA PEACE\u2122 Mieszanka olejk\u00f3w eterycznych Confident<\/strong><\/p>\n<p>5 ml<\/p>\n<p>&nbsp;<\/p>\n<p><strong>DoTERRA PEACE\u2122 Pewno\u015b\u0107 daj\u0105ca mieszank\u0119 olejk\u00f3w eterycznych Opis:<\/strong><\/p>\n<p>Mieszanka olejk\u00f3w eterycznych z kwiat\u00f3w i mi\u0119ty, doterra PEACE, jest pozytywnym przypomnieniem, \u017ce nie musisz by\u0107 doskona\u0142y, aby znale\u017a\u0107 spok\u00f3j ducha. Uspok\u00f3j si\u0119, we\u017a g\u0142\u0119boki oddech i znajd\u017a po\u0142\u0105czenie ze spokojnym i rozpraszaj\u0105cym sob\u0105<\/p>\n<p>Wydarzenia \u017cyciowe mog\u0105 nape\u0142ni\u0107 nas wieloma r\u00f3\u017cnymi, a czasem niechcianymi emocjami. Niekt\u00f3re z nich s\u0105 szczeg\u00f3lnie frustruj\u0105ce, ze strachem i niepokojem. Poniewa\u017c wok\u00f3\u0142 nas kr\u0105\u017cy tak wiele przygn\u0119biaj\u0105cych sytuacji i emocji, wa\u017cne jest, aby wzi\u0105\u0107 g\u0142\u0119boki oddech i zr\u00f3wnowa\u017cy\u0107 emocje za pomoc\u0105 doTERRA PEACE. Wykonany z mieszanki olejk\u00f3w eterycznych mi\u0119ty i kwiat\u00f3w, doTERRA PEACE mo\u017ce pom\u00f3c uspokoi\u0107 negatywne emocje, kt\u00f3re pojawiaj\u0105 si\u0119 wewn\u0105trz i da\u0107 Ci mo\u017cliwo\u015b\u0107 spokojnego my\u015blenia. Kiedy czujesz, \u017ce zaczynasz by\u0107 uciskany przez zmartwienia i presj\u0119 \u017cycia, u\u017cyj doTERRA PEACE, aby pom\u00f3c sobie przywr\u00f3ci\u0107 poczucie pewno\u015bci i satysfakcji.<\/p>\n<p>Zawiera jedne z najbardziej relaksuj\u0105cych i koj\u0105cych olejk\u00f3w, takich jak olejki eteryczne z lawendy, majeranku, wetiweru i ylang ylang. R\u00f3wnowaga koj\u0105cych olejk\u00f3w eterycznych w tej mieszance tworzy po\u0142\u0105czenie, kt\u00f3re doskonale przywraca spokojne emocje.<\/p>\n<p><strong>Zastosowanie mieszanki olejk\u00f3w eterycznych DoTERRA PEACE\u2122:<\/strong><\/p>\n<p>Stosowana miejscowo lub aromatycznie mieszanka doterra PEACE mo\u017ce prowadzi\u0107 do uczucia spokoju, satysfakcji i spokoju.<br \/>\nKiedy zaczyna pojawia\u0107 si\u0119 niepok\u00f3j i strach, u\u017cyj mieszanki doTERRA Peace, aby przeciwdzia\u0142a\u0107 tym emocjom. DoTERRA PEACE zosta\u0142a zaprojektowana z wykorzystaniem specjalnych olejk\u00f3w eterycznych, kt\u00f3re pomagaj\u0105 wyeliminowa\u0107 uczucie strachu i niepokoju.<\/p>\n<p>Aby uzyska\u0107 szybki efekt, na\u0142\u00f3\u017c jedn\u0105 kropl\u0119 doTERRA PEACE na d\u0142onie i potrzyj je. Nast\u0119pnie owi\u0144 d\u0142onie wok\u00f3\u0142 nosa i we\u017a g\u0142\u0119boki oddech.<br \/>\nJe\u015bli trudno Ci zasn\u0105\u0107 w nocy, gotuj na parze olej PEACE. Blend Peace to idealna mieszanka na noc, kt\u00f3ra promuje uspokajaj\u0105ce \u015brodowisko i spokojny sen. Aby uzyska\u0107 najlepsze rezultaty, wlej jedn\u0105 lub dwie krople mieszanki doTERRA PEACE do dyfuzora i pary.<\/p>\n<p>Martwisz si\u0119 przed egzaminem lub wyst\u0105pieniem na scenie? Je\u015bli zaczniesz si\u0119 martwi\u0107, z\u0142ap lub wdychaj z d\u0142oni mieszank\u0119 olejk\u00f3w eterycznych Peace, kt\u00f3ra zapewni komfort emocjonalny.<br \/>\nNiezale\u017cnie od tego, czy jeste\u015b rodzicem, dziadkiem, bra\u0107mi lub siostrami, czy przyjacielem, ka\u017cdy widzia\u0142 lub do\u015bwiadczy\u0142 ataku gniewu dziecka. Na te chwile jest doTERRA PEACE. Nast\u0119pnym razem, gdy zobaczysz, \u017ce tw\u00f3j syn, c\u00f3rka lub dziecko bliskiej osoby jest zdenerwowane lub niespokojne, zastosuj doTERRA PEACE na stopy dziecka, aby je uspokoi\u0107. (Nale\u017cy to zrobi\u0107 za zgod\u0105 rodzic\u00f3w.)<\/p>\n<p><strong>DoTERRA PEACE\u2122 Sk\u0142ad mieszanki olejk\u00f3w eterycznych:<\/strong><\/p>\n<ul>\n<li>Korze\u0144 wetiwerii<\/li>\n<li>Kwiaty lawendy<\/li>\n<li>Ylang Ylang Pier\u015bcienie<\/li>\n<li>\u017bywica kadzid\u0142owca<\/li>\n<li>Kwiaty sza\u0142wii<\/li>\n<li>Li\u015bcie majeranku<\/li>\n<li>Labdan ga\u0142\u0105zki absolutne<\/li>\n<li>Trawa mi\u0119towa<\/li>\n<\/ul>\n<p>&nbsp;<\/p>\n<p>Aby uzyska\u0107 wi\u0119cej informacji na temat <strong>pewnej mieszanki olejk\u00f3w eterycznych doterra PEACE,<\/strong> zobacz film poni\u017cej.<\/p>\n<p><iframe title=\"Jak u\u017cywa\u0107 olejk\u00f3w eterycznych na l\u0119k i stres \/\/ doTERRA Peace Blend\" src=\"https:\/\/www.youtube.com\/embed\/gHn6a6KdUMg\" width=\"853\" height=\"480\" frameborder=\"0\" allowfullscreen=\"allowfullscreen\"><\/iframe><\/p>\n","protected":false},"excerpt":{"rendered":"<ul>\n<li>Mieszanka doTERRA PEACE sk\u0142ada si\u0119 z olejk\u00f3w eterycznych lawendy, majeranku, naw\u0142oci i zapachu Ylang Ylang (Ylang Ylang)<\/li>\n<li>Tworzy koj\u0105cy aromat<\/li>\n<li>Daje poczucie spokoju i pewno\u015bci<\/li>\n<\/ul>\n","protected":false},"featured_media":12681,"template":"","meta":{"site-sidebar-layout":"default","site-content-layout":"default","ast-site-content-layout":"default","site-content-style":"default","site-sidebar-style":"default","ast-global-header-display":"","ast-banner-title-visibility":"","ast-main-header-display":"","ast-hfb-above-header-display":"","ast-hfb-below-header-display":"","ast-hfb-mobile-header-display":"","site-post-title":"","ast-breadcrumbs-content":"","ast-featured-img":"","footer-sml-layout":"","ast-disable-related-posts":"","theme-transparent-header-meta":"default","adv-header-id-meta":"","stick-header-meta":"","header-above-stick-meta":"","header-main-stick-meta":"","header-below-stick-meta":"","astra-migrate-meta-layouts":"default","ast-page-background-enabled":"default","ast-page-background-meta":{"desktop":{"background-color":"","background-image":"","background-repeat":"repeat","background-position":"center center","background-size":"auto","background-attachment":"scroll","background-type":"","background-media":"","overlay-type":"","overlay-color":"","overlay-opacity":"","overlay-gradient":""},"tablet":{"background-color":"","background-image":"","background-repeat":"repeat","background-position":"center center","background-size":"auto","background-attachment":"scroll","background-type":"","background-media":"","overlay-type":"","overlay-color":"","overlay-opacity":"","overlay-gradient":""},"mobile":{"background-color":"","background-image":"","background-repeat":"repeat","background-position":"center center","background-size":"auto","background-attachment":"scroll","background-type":"","background-media":"","overlay-type":"","overlay-color":"","overlay-opacity":"","overlay-gradient":""}},"ast-content-background-meta":{"desktop":{"background-color":"var(--ast-global-color-5)","background-image":"","background-repeat":"repeat","background-position":"center center","background-size":"auto","background-attachment":"scroll","background-type":"","background-media":"","overlay-type":"","overlay-color":"","overlay-opacity":"","overlay-gradient":""},"tablet":{"background-color":"var(--ast-global-color-5)","background-image":"","background-repeat":"repeat","background-position":"center center","background-size":"auto","background-attachment":"scroll","background-type":"","background-media":"","overlay-type":"","overlay-color":"","overlay-opacity":"","overlay-gradient":""},"mobile":{"background-color":"var(--ast-global-color-5)","background-image":"","background-repeat":"repeat","background-position":"center center","background-size":"auto","background-attachment":"scroll","background-type":"","background-media":"","overlay-type":"","overlay-color":"","overlay-opacity":"","overlay-gradient":""}}},"product_brand":[],"product_cat":[1738,1702,1698,1752],"product_tag":[713,1535,1450],"class_list":{"0":"post-16371","1":"product","2":"type-product","3":"status-publish","4":"has-post-thumbnail","6":"product_cat-do-spania","7":"product_cat-mieszanki-olejkow-eterycznych","8":"product_cat-olejki-eteryczne","9":"product_cat-radzenia-sobie-ze-stresem","10":"product_tag-5-ml-pl-2","11":"product_tag-mieszanki-olejkow-eterycznych","12":"product_tag-peace-pl","13":"desktop-align-left","14":"tablet-align-left","15":"mobile-align-left","17":"first","18":"instock","19":"sale","20":"taxable","21":"shipping-taxable","22":"purchasable","23":"product-type-simple"},"_links":{"self":[{"href":"https:\/\/mamaterra.lt\/pl\/wp-json\/wp\/v2\/product\/16371","targetHints":{"allow":["GET"]}}],"collection":[{"href":"https:\/\/mamaterra.lt\/pl\/wp-json\/wp\/v2\/product"}],"about":[{"href":"https:\/\/mamaterra.lt\/pl\/wp-json\/wp\/v2\/types\/product"}],"wp:featuredmedia":[{"embeddable":true,"href":"https:\/\/mamaterra.lt\/pl\/wp-json\/wp\/v2\/media\/12681"}],"wp:attachment":[{"href":"https:\/\/mamaterra.lt\/pl\/wp-json\/wp\/v2\/media?parent=16371"}],"wp:term":[{"taxonomy":"product_brand","embeddable":true,"href":"https:\/\/mamaterra.lt\/pl\/wp-json\/wp\/v2\/product_brand?post=16371"},{"taxonomy":"product_cat","embeddable":true,"href":"https:\/\/mamaterra.lt\/pl\/wp-json\/wp\/v2\/product_cat?post=16371"},{"taxonomy":"product_tag","embeddable":true,"href":"https:\/\/mamaterra.lt\/pl\/wp-json\/wp\/v2\/product_tag?post=16371"}],"curies":[{"name":"wp","href":"https:\/\/api.w.org\/{rel}","templated":true}]}}