{"id":16369,"date":"2021-04-18T17:32:30","date_gmt":"2021-04-18T16:32:30","guid":{"rendered":"https:\/\/mamaterra.lt\/parduotuve\/bez-kategorii\/groszek-olejku-eterycznego-doterra-on-guard-125-szt\/"},"modified":"2021-04-18T17:32:30","modified_gmt":"2021-04-18T16:32:30","slug":"doterra-on-guard-olejek-groszek-125-szt","status":"publish","type":"product","link":"https:\/\/mamaterra.lt\/pl\/parduotuve\/olejki-eteryczne\/mieszanki-olejkow-eterycznych\/doterra-on-guard-olejek-groszek-125-szt\/","title":{"rendered":"groszek olejku eterycznego doTERRA On Guard\u2122 (125 szt.)"},"content":{"rendered":"<p><strong>doTERRA On Guard\u2122 Olejek eteryczny Groszek<\/strong><\/p>\n<p>125 szt.<\/p>\n<p>&nbsp;<\/p>\n<p><strong>DoTERRA On Guard\u2122 Olejek eteryczny Groch Wsp\u00f3lne w\u0142a\u015bciwo\u015bci:<\/strong><\/p>\n<p>Jedn\u0105 z najwi\u0119kszych zalet grochu doTERRA On Guard jest to, \u017ce podczas ich stosowania w\u0142a\u015bciwo\u015bci mieszanki ochronnej doTERRA On Guard s\u0105 proste i wygodne, zar\u00f3wno w domu, jak i podczas aktywnych dzia\u0142a\u0144.<\/p>\n<ul>\n<li>Spo\u017cywaj zim\u0105, podczas podr\u00f3\u017cy lub w du\u017cych zgromadzeniach ludzi<\/li>\n<li>\u0141atwy spos\u00f3b na pobranie mieszanki olejk\u00f3w eterycznych z doTERRA On Guard<\/li>\n<li>Daje \u015bwie\u017cy oddech<\/li>\n<\/ul>\n<p>&nbsp;<\/p>\n<p>Wi\u0119cej informacji o <strong>grochu olejk\u00f3w eterycznych doTERRA On Guard\u2122<\/strong><strong> <\/strong>Znajdziecie go na poni\u017cszym filmie.<\/p>\n<p><iframe title=\"Wyj\u0105tkowe wykorzystanie koralik\u00f3w ochronnych doTERRA\" src=\"https:\/\/www.youtube.com\/embed\/p96IwBNszrY\" width=\"853\" height=\"480\" frameborder=\"0\" allowfullscreen=\"allowfullscreen\"><\/iframe><\/p>\n","protected":false},"excerpt":{"rendered":"<ul>\n<li>Spo\u017cywaj zim\u0105, podczas podr\u00f3\u017cy lub w du\u017cych zgromadzeniach ludzi<\/li>\n<li>\u0141atwy spos\u00f3b na pobranie mieszanki olejk\u00f3w eterycznych z doTERRA On Guard<\/li>\n<li>Daje \u015bwie\u017cy oddech<\/li>\n<\/ul>\n","protected":false},"featured_media":12486,"template":"","meta":{"site-sidebar-layout":"default","site-content-layout":"default","ast-site-content-layout":"default","site-content-style":"default","site-sidebar-style":"default","ast-global-header-display":"","ast-banner-title-visibility":"","ast-main-header-display":"","ast-hfb-above-header-display":"","ast-hfb-below-header-display":"","ast-hfb-mobile-header-display":"","site-post-title":"","ast-breadcrumbs-content":"","ast-featured-img":"","footer-sml-layout":"","ast-disable-related-posts":"","theme-transparent-header-meta":"default","adv-header-id-meta":"","stick-header-meta":"","header-above-stick-meta":"","header-main-stick-meta":"","header-below-stick-meta":"","astra-migrate-meta-layouts":"default","ast-page-background-enabled":"default","ast-page-background-meta":{"desktop":{"background-color":"","background-image":"","background-repeat":"repeat","background-position":"center center","background-size":"auto","background-attachment":"scroll","background-type":"","background-media":"","overlay-type":"","overlay-color":"","overlay-opacity":"","overlay-gradient":""},"tablet":{"background-color":"","background-image":"","background-repeat":"repeat","background-position":"center center","background-size":"auto","background-attachment":"scroll","background-type":"","background-media":"","overlay-type":"","overlay-color":"","overlay-opacity":"","overlay-gradient":""},"mobile":{"background-color":"","background-image":"","background-repeat":"repeat","background-position":"center center","background-size":"auto","background-attachment":"scroll","background-type":"","background-media":"","overlay-type":"","overlay-color":"","overlay-opacity":"","overlay-gradient":""}},"ast-content-background-meta":{"desktop":{"background-color":"var(--ast-global-color-5)","background-image":"","background-repeat":"repeat","background-position":"center center","background-size":"auto","background-attachment":"scroll","background-type":"","background-media":"","overlay-type":"","overlay-color":"","overlay-opacity":"","overlay-gradient":""},"tablet":{"background-color":"var(--ast-global-color-5)","background-image":"","background-repeat":"repeat","background-position":"center center","background-size":"auto","background-attachment":"scroll","background-type":"","background-media":"","overlay-type":"","overlay-color":"","overlay-opacity":"","overlay-gradient":""},"mobile":{"background-color":"var(--ast-global-color-5)","background-image":"","background-repeat":"repeat","background-position":"center center","background-size":"auto","background-attachment":"scroll","background-type":"","background-media":"","overlay-type":"","overlay-color":"","overlay-opacity":"","overlay-gradient":""}}},"product_brand":[],"product_cat":[1702,1698,1747],"product_tag":[1681,1442],"class_list":{"0":"post-16369","1":"product","2":"type-product","3":"status-publish","4":"has-post-thumbnail","6":"product_cat-mieszanki-olejkow-eterycznych","7":"product_cat-olejki-eteryczne","8":"product_cat-on-guard-produkty","9":"product_tag-groszek","10":"product_tag-on-guard-pl","11":"desktop-align-left","12":"tablet-align-left","13":"mobile-align-left","15":"first","16":"instock","17":"featured","18":"taxable","19":"shipping-taxable","20":"purchasable","21":"product-type-simple"},"_links":{"self":[{"href":"https:\/\/mamaterra.lt\/pl\/wp-json\/wp\/v2\/product\/16369","targetHints":{"allow":["GET"]}}],"collection":[{"href":"https:\/\/mamaterra.lt\/pl\/wp-json\/wp\/v2\/product"}],"about":[{"href":"https:\/\/mamaterra.lt\/pl\/wp-json\/wp\/v2\/types\/product"}],"wp:featuredmedia":[{"embeddable":true,"href":"https:\/\/mamaterra.lt\/pl\/wp-json\/wp\/v2\/media\/12486"}],"wp:attachment":[{"href":"https:\/\/mamaterra.lt\/pl\/wp-json\/wp\/v2\/media?parent=16369"}],"wp:term":[{"taxonomy":"product_brand","embeddable":true,"href":"https:\/\/mamaterra.lt\/pl\/wp-json\/wp\/v2\/product_brand?post=16369"},{"taxonomy":"product_cat","embeddable":true,"href":"https:\/\/mamaterra.lt\/pl\/wp-json\/wp\/v2\/product_cat?post=16369"},{"taxonomy":"product_tag","embeddable":true,"href":"https:\/\/mamaterra.lt\/pl\/wp-json\/wp\/v2\/product_tag?post=16369"}],"curies":[{"name":"wp","href":"https:\/\/api.w.org\/{rel}","templated":true}]}}