{"id":16363,"date":"2021-04-18T17:36:42","date_gmt":"2021-04-18T16:36:42","guid":{"rendered":"https:\/\/mamaterra.lt\/parduotuve\/bez-kategorii\/doterra-salubelle-blend-olejkow-eterycznych-dla-urody-10ml\/"},"modified":"2021-04-18T17:36:42","modified_gmt":"2021-04-18T16:36:42","slug":"doterra-salubelle-olejek-mistyk-groziui-10ml","status":"publish","type":"product","link":"https:\/\/mamaterra.lt\/pl\/parduotuve\/olejki-eteryczne\/mieszanki-olejkow-eterycznych\/doterra-salubelle-olejek-mistyk-groziui-10ml\/","title":{"rendered":"doTERRA SALUBELLE\u2122 Blend olejk\u00f3w eterycznych dla urody 10ml"},"content":{"rendered":"<p><strong>DoTERRA SALUBELLE\u2122 Mieszanka olejk\u00f3w eterycznych dla urody<\/strong><\/p>\n<p>Butelka 10 ml z aplikatorem kulkowym<\/p>\n<p>&nbsp;<\/p>\n<p><strong>DoTERRA SALUBELLE\u2122 Blend olejk\u00f3w eterycznych do opisu urody i sk\u0142adnik\u00f3w:<\/strong><\/p>\n<p>Opatentowana mieszanka silnych i odnawiaj\u0105cych rzadkich olejk\u00f3w, kt\u00f3re by\u0142y u\u017cywane od wiek\u00f3w ze wzgl\u0119du na ich w\u0142a\u015bciwo\u015bci poprawiaj\u0105ce urod\u0119, doTERRA Salubelle zosta\u0142a zaprojektowana w celu ochrony i od\u017cywienia sk\u00f3ry oraz zmniejszenia szk\u00f3d spowodowanych czynnikami powoduj\u0105cymi starzenie si\u0119.<\/p>\n<ul>\n<li>Sk\u0142ada si\u0119 z najcenniejszych i najrzadszych olejk\u00f3w, kt\u00f3re od\u017cywiaj\u0105 sk\u00f3r\u0119 i poprawiaj\u0105 jej kondycj\u0119<\/li>\n<li>Zaprojektowany, aby zmniejszy\u0107 zaczerwienienie sk\u00f3ry, kt\u00f3re wyst\u0119puje naturalnie w czasie<\/li>\n<li>Sk\u00f3ra staje si\u0119 g\u0142adsza, promienna i wygl\u0105da m\u0142odo<\/li>\n<\/ul>\n<p>&nbsp;<\/p>\n<p>Wi\u0119cej informacji o <strong>doTERRA SALUBELLE\u2122<\/strong><strong> <\/strong><strong>Znajdziesz mieszank\u0119 olejk\u00f3w eterycznych dla urody <\/strong>w poni\u017cszym filmie.<\/p>\n<p><iframe title=\"doTERRA Salubelle info i jak u\u017cywa\u0107\" src=\"https:\/\/www.youtube.com\/embed\/1m7YersowiE\" width=\"853\" height=\"480\" frameborder=\"0\" allowfullscreen=\"allowfullscreen\"><\/iframe><\/p>\n","protected":false},"excerpt":{"rendered":"<ul>\n<li>Sk\u0142ada si\u0119 z najcenniejszych i najrzadszych olejk\u00f3w, kt\u00f3re od\u017cywiaj\u0105 sk\u00f3r\u0119 i poprawiaj\u0105 jej kondycj\u0119<\/li>\n<li>Zaprojektowany, aby zmniejszy\u0107 zaczerwienienie sk\u00f3ry, kt\u00f3re wyst\u0119puje naturalnie w czasie<\/li>\n<li>Sk\u00f3ra staje si\u0119 g\u0142adsza, promienna i wygl\u0105da m\u0142odo<\/li>\n<\/ul>\n","protected":false},"featured_media":12513,"template":"","meta":{"site-sidebar-layout":"default","site-content-layout":"default","ast-site-content-layout":"default","site-content-style":"default","site-sidebar-style":"default","ast-global-header-display":"","ast-banner-title-visibility":"","ast-main-header-display":"","ast-hfb-above-header-display":"","ast-hfb-below-header-display":"","ast-hfb-mobile-header-display":"","site-post-title":"","ast-breadcrumbs-content":"","ast-featured-img":"","footer-sml-layout":"","ast-disable-related-posts":"","theme-transparent-header-meta":"default","adv-header-id-meta":"","stick-header-meta":"","header-above-stick-meta":"","header-main-stick-meta":"","header-below-stick-meta":"","astra-migrate-meta-layouts":"default","ast-page-background-enabled":"default","ast-page-background-meta":{"desktop":{"background-color":"","background-image":"","background-repeat":"repeat","background-position":"center center","background-size":"auto","background-attachment":"scroll","background-type":"","background-media":"","overlay-type":"","overlay-color":"","overlay-opacity":"","overlay-gradient":""},"tablet":{"background-color":"","background-image":"","background-repeat":"repeat","background-position":"center center","background-size":"auto","background-attachment":"scroll","background-type":"","background-media":"","overlay-type":"","overlay-color":"","overlay-opacity":"","overlay-gradient":""},"mobile":{"background-color":"","background-image":"","background-repeat":"repeat","background-position":"center center","background-size":"auto","background-attachment":"scroll","background-type":"","background-media":"","overlay-type":"","overlay-color":"","overlay-opacity":"","overlay-gradient":""}},"ast-content-background-meta":{"desktop":{"background-color":"var(--ast-global-color-5)","background-image":"","background-repeat":"repeat","background-position":"center center","background-size":"auto","background-attachment":"scroll","background-type":"","background-media":"","overlay-type":"","overlay-color":"","overlay-opacity":"","overlay-gradient":""},"tablet":{"background-color":"var(--ast-global-color-5)","background-image":"","background-repeat":"repeat","background-position":"center center","background-size":"auto","background-attachment":"scroll","background-type":"","background-media":"","overlay-type":"","overlay-color":"","overlay-opacity":"","overlay-gradient":""},"mobile":{"background-color":"var(--ast-global-color-5)","background-image":"","background-repeat":"repeat","background-position":"center center","background-size":"auto","background-attachment":"scroll","background-type":"","background-media":"","overlay-type":"","overlay-color":"","overlay-opacity":"","overlay-gradient":""}}},"product_brand":[],"product_cat":[1740,1711,1702,1698],"product_tag":[722,1568,1535,980],"class_list":{"0":"post-16363","1":"product","2":"type-product","3":"status-publish","4":"has-post-thumbnail","6":"product_cat-dla-kobiet","7":"product_cat-higiena-i-pielegnacja-skory","8":"product_cat-mieszanki-olejkow-eterycznych","9":"product_cat-olejki-eteryczne","10":"product_tag-10-ml-pl","11":"product_tag-damskie","12":"product_tag-mieszanki-olejkow-eterycznych","13":"product_tag-salubelle-pl","14":"desktop-align-left","15":"tablet-align-left","16":"mobile-align-left","18":"first","19":"instock","20":"sale","21":"taxable","22":"shipping-taxable","23":"purchasable","24":"product-type-simple"},"_links":{"self":[{"href":"https:\/\/mamaterra.lt\/pl\/wp-json\/wp\/v2\/product\/16363","targetHints":{"allow":["GET"]}}],"collection":[{"href":"https:\/\/mamaterra.lt\/pl\/wp-json\/wp\/v2\/product"}],"about":[{"href":"https:\/\/mamaterra.lt\/pl\/wp-json\/wp\/v2\/types\/product"}],"wp:featuredmedia":[{"embeddable":true,"href":"https:\/\/mamaterra.lt\/pl\/wp-json\/wp\/v2\/media\/12513"}],"wp:attachment":[{"href":"https:\/\/mamaterra.lt\/pl\/wp-json\/wp\/v2\/media?parent=16363"}],"wp:term":[{"taxonomy":"product_brand","embeddable":true,"href":"https:\/\/mamaterra.lt\/pl\/wp-json\/wp\/v2\/product_brand?post=16363"},{"taxonomy":"product_cat","embeddable":true,"href":"https:\/\/mamaterra.lt\/pl\/wp-json\/wp\/v2\/product_cat?post=16363"},{"taxonomy":"product_tag","embeddable":true,"href":"https:\/\/mamaterra.lt\/pl\/wp-json\/wp\/v2\/product_tag?post=16363"}],"curies":[{"name":"wp","href":"https:\/\/api.w.org\/{rel}","templated":true}]}}