{"id":16356,"date":"2021-04-18T17:34:12","date_gmt":"2021-04-18T16:34:12","guid":{"rendered":"https:\/\/mamaterra.lt\/parduotuve\/bez-kategorii\/doterra-pasttense-relaksujacy-blend-olejkow-eterycznych-10ml\/"},"modified":"2024-02-09T15:25:44","modified_gmt":"2024-02-09T14:25:44","slug":"doterra-pasttense-relaxing-blend-olejek-10ml","status":"publish","type":"product","link":"https:\/\/mamaterra.lt\/pl\/parduotuve\/olejki-eteryczne\/mieszanki-olejkow-eterycznych\/doterra-pasttense-relaxing-blend-olejek-10ml\/","title":{"rendered":"doTERRA PastTense Relaksuj\u0105cy touch Blend Olejk\u00f3w Eterycznych 10ml"},"content":{"rendered":"<p><strong>doTERRA PastTense\u2122 Relaxing Helping Essential Oil Blend<\/strong><\/p>\n<p>Butelka 10 ml z aplikatorem kulkowym<\/p>\n<p>&nbsp;<\/p>\n<p><strong>doTERRA PastTense\u2122 Relax Opis mieszanki olejk\u00f3w eterycznych pomagaj\u0105cych:<\/strong><\/p>\n<p>PastTense, mieszanka koj\u0105cych i ch\u0142odz\u0105cych olejk\u00f3w eterycznych, zosta\u0142a zaprojektowana tak, aby\u015b m\u00f3g\u0142 uspokoi\u0107 swoje cia\u0142o i umys\u0142 w dowolnym momencie za pomoc\u0105 wygodnej butelki z aplikatorem kulkowym.<\/p>\n<ul>\n<li>Przechowuj w pracy, w torebce lub torbie podr\u00f3\u017cnej, aby w razie potrzeby zawsze by\u0107 w pobli\u017cu<\/li>\n<li>Promuje uczucie relaksu i spokoju<\/li>\n<li>Pomaga uziemi\u0107 i zr\u00f3wnowa\u017cy\u0107 emocje<\/li>\n<li>Poprawia aktywno\u015b\u0107 m\u00f3zgu<\/li>\n<\/ul>\n<p><strong>doTERRA PastTense\u2122 Relax Sk\u0142adniki mieszanki olejk\u00f3w eterycznych pomagaj\u0105cych:<\/strong><\/p>\n<p>Olejki eteryczne z bor\u00f3wki brusznicy, lawendy, mi\u0119ty pieprzowej, boswellii, kolendry, majeranku, rumianku rzymskiego, bazylii i rozmarynu,frakcjonowany olej z orzech\u00f3w kokosowych.<\/p>\n<p><strong>doTERRA PastTense Relaksuj\u0105ce\u2122 wykorzystanie mieszanki olejk\u00f3w eterycznych pomagaj\u0105cych:<\/strong><\/p>\n<ul>\n<li><strong>Stosowany zewn\u0119trznie:<\/strong> nak\u0142ada\u0107 na \u017c\u0105dany obszar.<\/li>\n<li>Rozcie\u0144czy\u0107 olejem no\u015bnikowym, aby zmniejszy\u0107 wra\u017cliwo\u015b\u0107 sk\u00f3ry.<\/li>\n<li>Masuj ramiona, szyj\u0119 i plecy, aby poczu\u0107 efekt ch\u0142odzenia i ukojenia.<\/li>\n<li>Przed egzaminem lub podczas prezentacji publicznej zastosuj siekacze i szyj\u0119.<\/li>\n<li>Podczas podr\u00f3\u017cy nak\u0142adaj na nadgarstki, aby uzyska\u0107 relaksuj\u0105cy aromat.<\/li>\n<\/ul>\n<p>&nbsp;<\/p>\n<p>Wi\u0119cej informacji o <strong>doTERRA PastTense\u2122<\/strong> <strong>Mieszanin\u0119 olejk\u00f3w eterycznych <\/strong>znajdziesz w poni\u017cszym filmie.<\/p>\n<p><iframe title=\"doTERRA Czas przesz\u0142y\" src=\"https:\/\/www.youtube.com\/embed\/Vxp0xRLtkug\" width=\"853\" height=\"480\" frameborder=\"0\" allowfullscreen=\"allowfullscreen\"><\/iframe><\/p>\n","protected":false},"excerpt":{"rendered":"<ul>\n<li>Przechowuj w pracy, w torebce lub torbie podr\u00f3\u017cnej, aby w razie potrzeby zawsze by\u0107 w pobli\u017cu<\/li>\n<li>Promuje uczucie relaksu i spokoju<\/li>\n<li>Pomaga uziemi\u0107 i zr\u00f3wnowa\u017cy\u0107 emocje<\/li>\n<\/ul>\n","protected":false},"featured_media":12558,"template":"","meta":{"site-sidebar-layout":"default","site-content-layout":"default","ast-site-content-layout":"default","site-content-style":"default","site-sidebar-style":"default","ast-global-header-display":"","ast-banner-title-visibility":"","ast-main-header-display":"","ast-hfb-above-header-display":"","ast-hfb-below-header-display":"","ast-hfb-mobile-header-display":"","site-post-title":"","ast-breadcrumbs-content":"","ast-featured-img":"","footer-sml-layout":"","ast-disable-related-posts":"","theme-transparent-header-meta":"default","adv-header-id-meta":"","stick-header-meta":"","header-above-stick-meta":"","header-main-stick-meta":"","header-below-stick-meta":"","astra-migrate-meta-layouts":"set","ast-page-background-enabled":"default","ast-page-background-meta":{"desktop":{"background-color":"","background-image":"","background-repeat":"repeat","background-position":"center center","background-size":"auto","background-attachment":"scroll","background-type":"","background-media":"","overlay-type":"","overlay-color":"","overlay-opacity":"","overlay-gradient":""},"tablet":{"background-color":"","background-image":"","background-repeat":"repeat","background-position":"center center","background-size":"auto","background-attachment":"scroll","background-type":"","background-media":"","overlay-type":"","overlay-color":"","overlay-opacity":"","overlay-gradient":""},"mobile":{"background-color":"","background-image":"","background-repeat":"repeat","background-position":"center center","background-size":"auto","background-attachment":"scroll","background-type":"","background-media":"","overlay-type":"","overlay-color":"","overlay-opacity":"","overlay-gradient":""}},"ast-content-background-meta":{"desktop":{"background-color":"var(--ast-global-color-5)","background-image":"","background-repeat":"repeat","background-position":"center center","background-size":"auto","background-attachment":"scroll","background-type":"","background-media":"","overlay-type":"","overlay-color":"","overlay-opacity":"","overlay-gradient":""},"tablet":{"background-color":"var(--ast-global-color-5)","background-image":"","background-repeat":"repeat","background-position":"center center","background-size":"auto","background-attachment":"scroll","background-type":"","background-media":"","overlay-type":"","overlay-color":"","overlay-opacity":"","overlay-gradient":""},"mobile":{"background-color":"var(--ast-global-color-5)","background-image":"","background-repeat":"repeat","background-position":"center center","background-size":"auto","background-attachment":"scroll","background-type":"","background-media":"","overlay-type":"","overlay-color":"","overlay-opacity":"","overlay-gradient":""}}},"product_brand":[],"product_cat":[1702,1698],"product_tag":[722,1535,1072],"class_list":{"0":"post-16356","1":"product","2":"type-product","3":"status-publish","4":"has-post-thumbnail","6":"product_cat-mieszanki-olejkow-eterycznych","7":"product_cat-olejki-eteryczne","8":"product_tag-10-ml-pl","9":"product_tag-mieszanki-olejkow-eterycznych","10":"product_tag-pasttense-pl","11":"desktop-align-left","12":"tablet-align-left","13":"mobile-align-left","15":"first","16":"instock","17":"taxable","18":"shipping-taxable","19":"purchasable","20":"product-type-simple"},"_links":{"self":[{"href":"https:\/\/mamaterra.lt\/pl\/wp-json\/wp\/v2\/product\/16356","targetHints":{"allow":["GET"]}}],"collection":[{"href":"https:\/\/mamaterra.lt\/pl\/wp-json\/wp\/v2\/product"}],"about":[{"href":"https:\/\/mamaterra.lt\/pl\/wp-json\/wp\/v2\/types\/product"}],"wp:featuredmedia":[{"embeddable":true,"href":"https:\/\/mamaterra.lt\/pl\/wp-json\/wp\/v2\/media\/12558"}],"wp:attachment":[{"href":"https:\/\/mamaterra.lt\/pl\/wp-json\/wp\/v2\/media?parent=16356"}],"wp:term":[{"taxonomy":"product_brand","embeddable":true,"href":"https:\/\/mamaterra.lt\/pl\/wp-json\/wp\/v2\/product_brand?post=16356"},{"taxonomy":"product_cat","embeddable":true,"href":"https:\/\/mamaterra.lt\/pl\/wp-json\/wp\/v2\/product_cat?post=16356"},{"taxonomy":"product_tag","embeddable":true,"href":"https:\/\/mamaterra.lt\/pl\/wp-json\/wp\/v2\/product_tag?post=16356"}],"curies":[{"name":"wp","href":"https:\/\/api.w.org\/{rel}","templated":true}]}}