{"id":16346,"date":"2021-04-18T17:19:44","date_gmt":"2021-04-18T16:19:44","guid":{"rendered":"https:\/\/mamaterra.lt\/parduotuve\/bez-kategorii\/doterra-deep-blue-odprezajaca-mieszanka-olejkow-eterycznych-5ml\/"},"modified":"2021-04-18T17:19:44","modified_gmt":"2021-04-18T16:19:44","slug":"doterra-deep-blue-pain-relief-essential-oil-blend-5ml","status":"publish","type":"product","link":"https:\/\/mamaterra.lt\/pl\/parduotuve\/olejki-eteryczne\/mieszanki-olejkow-eterycznych\/doterra-deep-blue-pain-relief-essential-oil-blend-5ml\/","title":{"rendered":"DOTERRA DEEP BLUE\u2122 Odpr\u0119\u017caj\u0105ca mieszanka olejk\u00f3w eterycznych 5ml"},"content":{"rendered":"<p><strong>DOTERRA DEEP BLUE\u2122 \u0141agodz\u0105ca mieszanka olejk\u00f3w eterycznych<\/strong><\/p>\n<p>5ml<\/p>\n<p>&nbsp;<\/p>\n<p><strong>DoTERRA DEEP BLUE\u2122 Koj\u0105ca mieszanka olejk\u00f3w eterycznych Opis i og\u00f3lne cechy:<\/strong><\/p>\n<p>Poznaj dobroczynne w\u0142a\u015bciwo\u015bci naszej opatentowanej mieszanki olejk\u00f3w eterycznych, Deep Blue, u\u017cywaj\u0105c tego produktu w wygodnym opakowaniu.<\/p>\n<p>Naukowcy z firmy doTERRA\u00ae przeprowadzili badanie oceniaj\u0105ce wp\u0142yw Deep Blue\u00ae na kom\u00f3rki sk\u00f3ry. Wyniki pokaza\u0142y, \u017ce ta niesamowita mieszanka wp\u0142ywa na przekazywanie sygna\u0142\u00f3w zwi\u0105zanych ze stanem zapalnym i gojeniem si\u0119 ran do kom\u00f3rek.<\/p>\n<ul>\n<li>Nak\u0142adaj na stopy i kolana przed i po treningu.<\/li>\n<li>Przed p\u00f3j\u015bciem spa\u0107 masuj g\u0142\u0119boki b\u0142\u0119kit kilkoma kroplami oleju no\u015bnikowego na stopy rosn\u0105cych dzieci.<\/li>\n<li>Po ca\u0142ym dniu ci\u0119\u017ckiego podnoszenia w pracy lub podczas ruchu, pocieraj ciemnoniebieskie mi\u0119\u015bnie dolnej cz\u0119\u015bci plec\u00f3w<\/li>\n<li>Dla os\u00f3b pracuj\u0105cych przy komputerze! U\u017cyj Deep Blue, aby zmniejszy\u0107 napi\u0119cie palc\u00f3w i d\u0142oni po d\u0142ugim dniu pracy przy komputerze. Ponadto aromat \u0142agodzi i \u0142agodzi stres.<\/li>\n<\/ul>\n<p><strong>DoTERRA DEEP BLUE\u2122 Sk\u0142adniki olejk\u00f3w eterycznych:<\/strong><\/p>\n<p>Wintergreen, kamfora, mi\u0119ta pieprzowa, ylang ylang, helichrysum, wrotycz niebieski, rumianek niebieski i osmantus<\/p>\n<p><strong>Instrukcja u\u017cytkowania doTERRA DEEP BLUE\u2122 GASZ\u0104CA MIESZANKA OLEJK\u00d3W ETERYCZNYCH:<\/strong><\/p>\n<p><strong>Zastosowanie lokalne:<\/strong> zastosuj do \u017c\u0105danego obszaru.<\/p>\n<p>Rozcie\u0144czy\u0107 doTERRA frakcyjnym olejem kokosowym, aby zmniejszy\u0107 wra\u017cliwo\u015b\u0107 sk\u00f3ry.<\/p>\n<p>&nbsp;<\/p>\n<p>Wi\u0119cej informacji na temat <strong>odci\u0105\u017cania\u2122 doTERRA DEEP BLUE-<\/strong><strong> <\/strong><strong>Mieszanka olejk\u00f3w eterycznych, <\/strong>zobacz film poni\u017cej.<\/p>\n<p><iframe title=\"doTERRA G\u0142\u0119boki niebieski\" src=\"https:\/\/www.youtube.com\/embed\/fFXeF732L_g\" width=\"853\" height=\"480\" frameborder=\"0\" allowfullscreen=\"allowfullscreen\"><\/iframe><\/p>\n","protected":false},"excerpt":{"rendered":"<ul>\n<li>Dzia\u0142a ch\u0142odz\u0105co i koj\u0105co na obszary docelowe<\/li>\n<li>Zamienia masa\u017c w orze\u017awiaj\u0105ce i koj\u0105ce do\u015bwiadczenie<\/li>\n<li>\u0141agodzi b\u00f3l w napi\u0119tych i zm\u0119czonych mi\u0119\u015bniach<\/li>\n<\/ul>\n","protected":false},"featured_media":12741,"template":"","meta":{"site-sidebar-layout":"default","site-content-layout":"default","ast-site-content-layout":"default","site-content-style":"default","site-sidebar-style":"default","ast-global-header-display":"","ast-banner-title-visibility":"","ast-main-header-display":"","ast-hfb-above-header-display":"","ast-hfb-below-header-display":"","ast-hfb-mobile-header-display":"","site-post-title":"","ast-breadcrumbs-content":"","ast-featured-img":"","footer-sml-layout":"","ast-disable-related-posts":"","theme-transparent-header-meta":"default","adv-header-id-meta":"","stick-header-meta":"","header-above-stick-meta":"","header-main-stick-meta":"","header-below-stick-meta":"","astra-migrate-meta-layouts":"default","ast-page-background-enabled":"default","ast-page-background-meta":{"desktop":{"background-color":"","background-image":"","background-repeat":"repeat","background-position":"center center","background-size":"auto","background-attachment":"scroll","background-type":"","background-media":"","overlay-type":"","overlay-color":"","overlay-opacity":"","overlay-gradient":""},"tablet":{"background-color":"","background-image":"","background-repeat":"repeat","background-position":"center center","background-size":"auto","background-attachment":"scroll","background-type":"","background-media":"","overlay-type":"","overlay-color":"","overlay-opacity":"","overlay-gradient":""},"mobile":{"background-color":"","background-image":"","background-repeat":"repeat","background-position":"center center","background-size":"auto","background-attachment":"scroll","background-type":"","background-media":"","overlay-type":"","overlay-color":"","overlay-opacity":"","overlay-gradient":""}},"ast-content-background-meta":{"desktop":{"background-color":"var(--ast-global-color-5)","background-image":"","background-repeat":"repeat","background-position":"center center","background-size":"auto","background-attachment":"scroll","background-type":"","background-media":"","overlay-type":"","overlay-color":"","overlay-opacity":"","overlay-gradient":""},"tablet":{"background-color":"var(--ast-global-color-5)","background-image":"","background-repeat":"repeat","background-position":"center center","background-size":"auto","background-attachment":"scroll","background-type":"","background-media":"","overlay-type":"","overlay-color":"","overlay-opacity":"","overlay-gradient":""},"mobile":{"background-color":"var(--ast-global-color-5)","background-image":"","background-repeat":"repeat","background-position":"center center","background-size":"auto","background-attachment":"scroll","background-type":"","background-media":"","overlay-type":"","overlay-color":"","overlay-opacity":"","overlay-gradient":""}}},"product_brand":[],"product_cat":[1684,1735,1702,1698,1752],"product_tag":[713,1507,1535],"class_list":{"0":"post-16346","1":"product","2":"type-product","3":"status-publish","4":"has-post-thumbnail","6":"product_cat-deep-blue-produkty","7":"product_cat-masaz","8":"product_cat-mieszanki-olejkow-eterycznych","9":"product_cat-olejki-eteryczne","10":"product_cat-radzenia-sobie-ze-stresem","11":"product_tag-5-ml-pl-2","12":"product_tag-deep-blue-pl","13":"product_tag-mieszanki-olejkow-eterycznych","14":"desktop-align-left","15":"tablet-align-left","16":"mobile-align-left","18":"first","19":"instock","20":"sale","21":"taxable","22":"shipping-taxable","23":"purchasable","24":"product-type-simple"},"_links":{"self":[{"href":"https:\/\/mamaterra.lt\/pl\/wp-json\/wp\/v2\/product\/16346","targetHints":{"allow":["GET"]}}],"collection":[{"href":"https:\/\/mamaterra.lt\/pl\/wp-json\/wp\/v2\/product"}],"about":[{"href":"https:\/\/mamaterra.lt\/pl\/wp-json\/wp\/v2\/types\/product"}],"wp:featuredmedia":[{"embeddable":true,"href":"https:\/\/mamaterra.lt\/pl\/wp-json\/wp\/v2\/media\/12741"}],"wp:attachment":[{"href":"https:\/\/mamaterra.lt\/pl\/wp-json\/wp\/v2\/media?parent=16346"}],"wp:term":[{"taxonomy":"product_brand","embeddable":true,"href":"https:\/\/mamaterra.lt\/pl\/wp-json\/wp\/v2\/product_brand?post=16346"},{"taxonomy":"product_cat","embeddable":true,"href":"https:\/\/mamaterra.lt\/pl\/wp-json\/wp\/v2\/product_cat?post=16346"},{"taxonomy":"product_tag","embeddable":true,"href":"https:\/\/mamaterra.lt\/pl\/wp-json\/wp\/v2\/product_tag?post=16346"}],"curies":[{"name":"wp","href":"https:\/\/api.w.org\/{rel}","templated":true}]}}